{"id":6376,"date":"2023-10-14T12:18:41","date_gmt":"2023-10-14T10:18:41","guid":{"rendered":"https:\/\/outdoorcells.com\/?post_type=product&#038;p=6376"},"modified":"2024-10-02T10:52:47","modified_gmt":"2024-10-02T08:52:47","slug":"lader-micro-case-12-6v-3a-weipu-connector","status":"publish","type":"product","link":"https:\/\/outdoorcells.com\/de\/product\/lader-micro-case-12-6v-3a-weipu-connector\/","title":{"rendered":"LADEGER\u00c4T MIKRO CASE 12.6V 3A WEIPU-STECKER"},"content":{"rendered":"<h2 class=\"uppercase\">LADEGER\u00c4T MICRO CASE 3A<\/h2>\n<p>Ladeger\u00e4t f\u00fcr das neue 12.6V 12AH Micro Case. Maximale Ladespannung CC~CV 12,6V. Geeignet f\u00fcr Outdoorbox Micro Case. Ausgestattet mit wasserdichtem WEIPU-Stecker. Bel\u00fcftetes Design f\u00fcr optimalen und k\u00fchlen Betrieb.<\/p>\n<ul>\n<li>CE-zertifiziert<\/li>\n<li>RoHS-zertifiziert<\/li>\n<li>AC~DC Ladeger\u00e4t 3S 12.6 Volt li-ion<\/li>\n<\/ul>\n<h3 class=\"uppercase\">WARUM BRAUCHE ICH EIN SPEZIELLES LITHIUM-LADEGER\u00c4T?<\/h3>\n<p>Ein Lithium-Ladeger\u00e4t sorgt daf\u00fcr, dass Ihre Batterie vollst\u00e4ndig und pr\u00e4zise geladen wird. Zugleich sch\u00fctzt das Ladeger\u00e4t vor \u00dcberladung. Da ein Lithium-Batterieladeger\u00e4t \u00fcber eine kontinuierliche Spannung und einen kontinuierlichen Strom verf\u00fcgt, werden die Lithiumzellen besser ausbalanciert und Ihre Batterie h\u00e4lt um ein Vielfaches l\u00e4nger. Ein Lithium-Ladeger\u00e4t startet und stoppt den Ladevorgang vollautomatisch. Wenn die Batterie voll ist, schaltet sich das Ladeger\u00e4t ab. Mit diesem Lithium-Ladeger\u00e4t k\u00f6nnen Sie Ihre Lithium-Batterie immer nachladen, auch wenn sie noch nicht leer ist.<\/p>\n<h3 class=\"uppercase\">LADEGER\u00c4T OUTDOORBOX 3A<\/h3>\n<p>Dieses Lithium-Ladeger\u00e4t ist mit einem WEIPU-Stecker ausgestattet, genau wie unser Outdoorbox Micro Case mit 12Volt. Es m\u00fcssen also keine Stecker montiert werden, da das Ladeger\u00e4t voll Plug&amp;Play ist! Die originalen WEIPU-Stecker am Ladeger\u00e4t und an der Outdoorbox Micro leisten zudem mehr als nachgemachte Stecker und halten um ein Vielfaches l\u00e4nger!<\/p>\n<h3 class=\"uppercase\">Wussten Sie schon...<\/h3>\n<p>Sie k\u00f6nnen jetzt die Batterien Ihres Futterboot oder Ihres Mini-Case am Wasser aufladen? Mit dem neuen <span style=\"color: #00ff00;\"><strong><a style=\"color: #00ff00;\" href=\"https:\/\/outdoorcells.com\/de\/product\/inverter-outdoorbox-single-12vdc-230vac-300watt\/\">Wechselrichter Outdoorbox<\/a><\/strong><\/span> k\u00f6nnen Sie alle Batterien aufladen, wo immer Sie wollen! Das Ladeger\u00e4t f\u00fcr die Outdoorbox Mini 3A wird einfach an den Wechselrichter angeschlossen und l\u00e4dt Ihre Futterboot-Batterie wie zu Hause an der Steckdose auf.<\/p>","protected":false},"excerpt":{"rendered":"<p>LADER MICRO CASE 3A Lader voor de nieuwe 12.6V 12AH Micro Case. Maximale laadspanning CC~CV 12.6V. Geschikt voor Outdoorbox Micro Case. Uitgerust met waterdichte WEIPU Stekker. Geventileerd ontwerp voor optimale en koele werking. CE Gecertificeerd RoHS Gecertifceerd AC~DC Lader 3S 12.6 Volt li-ion WAAROM HEB IK EEN SPECIALE LITHIUM LADER NODIG? Een lithium lader zorgt [&#8230;]\n","protected":false},"featured_media":6377,"template":"","meta":[],"product_cat":[217],"product_tag":[],"yoast_head":"<!-- This site is optimized with the Yoast SEO plugin v23.3 - https:\/\/yoast.com\/wordpress\/plugins\/seo\/ -->\n<title>Lader Micro Case 3A | Weipu Connector | Outdoorcells.com<\/title>\n<meta name=\"description\" content=\"Lader Micro Case 3A. Geschikt voor de Lithium outdoorbox Micro met 12AH. Voorzien van juiste stekker. Geventileerd ontwerp en volautomatische lader\" \/>\n<meta name=\"robots\" content=\"index, follow, max-snippet:-1, max-image-preview:large, max-video-preview:-1\" \/>\n<link rel=\"canonical\" href=\"https:\/\/outdoorcells.com\/de\/product\/lader-micro-case-12-6v-3a-weipu-connector\/\" \/>\n<meta property=\"og:locale\" content=\"de_DE\" \/>\n<meta property=\"og:type\" content=\"article\" \/>\n<meta property=\"og:title\" content=\"Lader Micro Case 3A | Weipu Connector | Outdoorcells.com\" \/>\n<meta property=\"og:description\" content=\"Lader Micro Case 3A. Geschikt voor de Lithium outdoorbox Micro met 12AH. Voorzien van juiste stekker. Geventileerd ontwerp en volautomatische lader\" \/>\n<meta property=\"og:url\" content=\"https:\/\/outdoorcells.com\/de\/product\/lader-micro-case-12-6v-3a-weipu-connector\/\" \/>\n<meta property=\"article:publisher\" content=\"https:\/\/www.facebook.com\/outdoorcells\" \/>\n<meta property=\"article:modified_time\" content=\"2024-10-02T08:52:47+00:00\" \/>\n<meta property=\"og:image\" content=\"https:\/\/outdoorcells.com\/wp-content\/uploads\/2023\/10\/Lader-3A-12.6V-Micro-Case-scaled.jpg\" \/>\n\t<meta property=\"og:image:width\" content=\"2560\" \/>\n\t<meta property=\"og:image:height\" content=\"2560\" \/>\n\t<meta property=\"og:image:type\" content=\"image\/jpeg\" \/>\n<meta name=\"twitter:card\" content=\"summary_large_image\" \/>\n<meta name=\"twitter:site\" content=\"@outdoorcells\" \/>\n<meta name=\"twitter:label1\" content=\"Gesch\u00e4tzte Lesezeit\" \/>\n\t<meta name=\"twitter:data1\" content=\"1\u00a0Minute\" \/>\n<script type=\"application\/ld+json\" class=\"yoast-schema-graph\">{\"@context\":\"https:\/\/schema.org\",\"@graph\":[{\"@type\":\"WebPage\",\"@id\":\"https:\/\/outdoorcells.com\/product\/lader-micro-case-12-6v-3a-weipu-connector\/\",\"url\":\"https:\/\/outdoorcells.com\/product\/lader-micro-case-12-6v-3a-weipu-connector\/\",\"name\":\"Lader Micro Case 3A | Weipu Connector | Outdoorcells.com\",\"isPartOf\":{\"@id\":\"https:\/\/outdoorcells.com\/#website\"},\"primaryImageOfPage\":{\"@id\":\"https:\/\/outdoorcells.com\/product\/lader-micro-case-12-6v-3a-weipu-connector\/#primaryimage\"},\"image\":{\"@id\":\"https:\/\/outdoorcells.com\/product\/lader-micro-case-12-6v-3a-weipu-connector\/#primaryimage\"},\"thumbnailUrl\":\"https:\/\/outdoorcells.com\/wp-content\/uploads\/2023\/10\/Lader-3A-12.6V-Micro-Case-scaled.jpg\",\"datePublished\":\"2023-10-14T10:18:41+00:00\",\"dateModified\":\"2024-10-02T08:52:47+00:00\",\"description\":\"Lader Micro Case 3A. Geschikt voor de Lithium outdoorbox Micro met 12AH. Voorzien van juiste stekker. Geventileerd ontwerp en volautomatische lader\",\"breadcrumb\":{\"@id\":\"https:\/\/outdoorcells.com\/product\/lader-micro-case-12-6v-3a-weipu-connector\/#breadcrumb\"},\"inLanguage\":\"de\",\"potentialAction\":[{\"@type\":\"ReadAction\",\"target\":[\"https:\/\/outdoorcells.com\/product\/lader-micro-case-12-6v-3a-weipu-connector\/\"]}]},{\"@type\":\"ImageObject\",\"inLanguage\":\"de\",\"@id\":\"https:\/\/outdoorcells.com\/product\/lader-micro-case-12-6v-3a-weipu-connector\/#primaryimage\",\"url\":\"https:\/\/outdoorcells.com\/wp-content\/uploads\/2023\/10\/Lader-3A-12.6V-Micro-Case-scaled.jpg\",\"contentUrl\":\"https:\/\/outdoorcells.com\/wp-content\/uploads\/2023\/10\/Lader-3A-12.6V-Micro-Case-scaled.jpg\",\"width\":2560,\"height\":2560,\"caption\":\"lader dieptemeter accu\"},{\"@type\":\"BreadcrumbList\",\"@id\":\"https:\/\/outdoorcells.com\/product\/lader-micro-case-12-6v-3a-weipu-connector\/#breadcrumb\",\"itemListElement\":[{\"@type\":\"ListItem\",\"position\":1,\"name\":\"Home\",\"item\":\"https:\/\/outdoorcells.com\/\"},{\"@type\":\"ListItem\",\"position\":2,\"name\":\"shop\",\"item\":\"https:\/\/outdoorcells.com\/lithium-accu-koffer\/\"},{\"@type\":\"ListItem\",\"position\":3,\"name\":\"LADER MICRO CASE 12.6V 3A WEIPU CONNECTOR\"}]},{\"@type\":\"WebSite\",\"@id\":\"https:\/\/outdoorcells.com\/#website\",\"url\":\"https:\/\/outdoorcells.com\/\",\"name\":\"Outdoorcells.com\",\"description\":\"\",\"publisher\":{\"@id\":\"https:\/\/outdoorcells.com\/#organization\"},\"potentialAction\":[{\"@type\":\"SearchAction\",\"target\":{\"@type\":\"EntryPoint\",\"urlTemplate\":\"https:\/\/outdoorcells.com\/?s={search_term_string}\"},\"query-input\":\"required name=search_term_string\"}],\"inLanguage\":\"de\"},{\"@type\":\"Organization\",\"@id\":\"https:\/\/outdoorcells.com\/#organization\",\"name\":\"OutdoorCells\",\"url\":\"https:\/\/outdoorcells.com\/\",\"logo\":{\"@type\":\"ImageObject\",\"inLanguage\":\"de\",\"@id\":\"https:\/\/outdoorcells.com\/#\/schema\/logo\/image\/\",\"url\":\"https:\/\/outdoorcells.com\/wp-content\/uploads\/2023\/05\/cropped-favicon.png\",\"contentUrl\":\"https:\/\/outdoorcells.com\/wp-content\/uploads\/2023\/05\/cropped-favicon.png\",\"width\":512,\"height\":512,\"caption\":\"OutdoorCells\"},\"image\":{\"@id\":\"https:\/\/outdoorcells.com\/#\/schema\/logo\/image\/\"},\"sameAs\":[\"https:\/\/www.facebook.com\/outdoorcells\",\"https:\/\/x.com\/outdoorcells\",\"https:\/\/www.instagram.com\/voerbootaccu\/\",\"https:\/\/www.youtube.com\/channel\/UCUWu_rkM0a3qkngzpf7EkMg?view_as=subscriber\"]}]}<\/script>\n<!-- \/ Yoast SEO plugin. -->","yoast_head_json":{"title":"Ladeger\u00e4t Micro Case 3A | Weipu Anschluss | Outdoorcells.com","description":"Ladeger\u00e4t Micro Case 3A. Geeignet f\u00fcr das Lithium Outdoor Micro Case mit 12AH. Ausgestattet mit dem richtigen Stecker. Bel\u00fcftetes Design und vollautomatisches Ladeger\u00e4t","robots":{"index":"index","follow":"follow","max-snippet":"max-snippet:-1","max-image-preview":"max-image-preview:large","max-video-preview":"max-video-preview:-1"},"canonical":"https:\/\/outdoorcells.com\/de\/product\/lader-micro-case-12-6v-3a-weipu-connector\/","og_locale":"de_DE","og_type":"article","og_title":"Lader Micro Case 3A | Weipu Connector | Outdoorcells.com","og_description":"Lader Micro Case 3A. Geschikt voor de Lithium outdoorbox Micro met 12AH. Voorzien van juiste stekker. Geventileerd ontwerp en volautomatische lader","og_url":"https:\/\/outdoorcells.com\/de\/product\/lader-micro-case-12-6v-3a-weipu-connector\/","article_publisher":"https:\/\/www.facebook.com\/outdoorcells","article_modified_time":"2024-10-02T08:52:47+00:00","og_image":[{"width":2560,"height":2560,"url":"https:\/\/outdoorcells.com\/wp-content\/uploads\/2023\/10\/Lader-3A-12.6V-Micro-Case-scaled.jpg","type":"image\/jpeg"}],"twitter_card":"summary_large_image","twitter_site":"@outdoorcells","twitter_misc":{"Gesch\u00e4tzte Lesezeit":"1\u00a0Minute"},"schema":{"@context":"https:\/\/schema.org","@graph":[{"@type":"WebPage","@id":"https:\/\/outdoorcells.com\/product\/lader-micro-case-12-6v-3a-weipu-connector\/","url":"https:\/\/outdoorcells.com\/product\/lader-micro-case-12-6v-3a-weipu-connector\/","name":"Ladeger\u00e4t Micro Case 3A | Weipu Anschluss | Outdoorcells.com","isPartOf":{"@id":"https:\/\/outdoorcells.com\/#website"},"primaryImageOfPage":{"@id":"https:\/\/outdoorcells.com\/product\/lader-micro-case-12-6v-3a-weipu-connector\/#primaryimage"},"image":{"@id":"https:\/\/outdoorcells.com\/product\/lader-micro-case-12-6v-3a-weipu-connector\/#primaryimage"},"thumbnailUrl":"https:\/\/outdoorcells.com\/wp-content\/uploads\/2023\/10\/Lader-3A-12.6V-Micro-Case-scaled.jpg","datePublished":"2023-10-14T10:18:41+00:00","dateModified":"2024-10-02T08:52:47+00:00","description":"Ladeger\u00e4t Micro Case 3A. Geeignet f\u00fcr das Lithium Outdoor Micro Case mit 12AH. Ausgestattet mit dem richtigen Stecker. Bel\u00fcftetes Design und vollautomatisches Ladeger\u00e4t","breadcrumb":{"@id":"https:\/\/outdoorcells.com\/product\/lader-micro-case-12-6v-3a-weipu-connector\/#breadcrumb"},"inLanguage":"de","potentialAction":[{"@type":"ReadAction","target":["https:\/\/outdoorcells.com\/product\/lader-micro-case-12-6v-3a-weipu-connector\/"]}]},{"@type":"ImageObject","inLanguage":"de","@id":"https:\/\/outdoorcells.com\/product\/lader-micro-case-12-6v-3a-weipu-connector\/#primaryimage","url":"https:\/\/outdoorcells.com\/wp-content\/uploads\/2023\/10\/Lader-3A-12.6V-Micro-Case-scaled.jpg","contentUrl":"https:\/\/outdoorcells.com\/wp-content\/uploads\/2023\/10\/Lader-3A-12.6V-Micro-Case-scaled.jpg","width":2560,"height":2560,"caption":"lader dieptemeter accu"},{"@type":"BreadcrumbList","@id":"https:\/\/outdoorcells.com\/product\/lader-micro-case-12-6v-3a-weipu-connector\/#breadcrumb","itemListElement":[{"@type":"ListItem","position":1,"name":"Home","item":"https:\/\/outdoorcells.com\/"},{"@type":"ListItem","position":2,"name":"shop","item":"https:\/\/outdoorcells.com\/lithium-accu-koffer\/"},{"@type":"ListItem","position":3,"name":"LADER MICRO CASE 12.6V 3A WEIPU CONNECTOR"}]},{"@type":"WebSite","@id":"https:\/\/outdoorcells.com\/#website","url":"https:\/\/outdoorcells.com\/","name":"Outdoorcells.com","description":"","publisher":{"@id":"https:\/\/outdoorcells.com\/#organization"},"potentialAction":[{"@type":"SearchAction","target":{"@type":"EntryPoint","urlTemplate":"https:\/\/outdoorcells.com\/?s={search_term_string}"},"query-input":"required name=search_term_string"}],"inLanguage":"de"},{"@type":"Organization","@id":"https:\/\/outdoorcells.com\/#organization","name":"OutdoorCells","url":"https:\/\/outdoorcells.com\/","logo":{"@type":"ImageObject","inLanguage":"de","@id":"https:\/\/outdoorcells.com\/#\/schema\/logo\/image\/","url":"https:\/\/outdoorcells.com\/wp-content\/uploads\/2023\/05\/cropped-favicon.png","contentUrl":"https:\/\/outdoorcells.com\/wp-content\/uploads\/2023\/05\/cropped-favicon.png","width":512,"height":512,"caption":"OutdoorCells"},"image":{"@id":"https:\/\/outdoorcells.com\/#\/schema\/logo\/image\/"},"sameAs":["https:\/\/www.facebook.com\/outdoorcells","https:\/\/x.com\/outdoorcells","https:\/\/www.instagram.com\/voerbootaccu\/","https:\/\/www.youtube.com\/channel\/UCUWu_rkM0a3qkngzpf7EkMg?view_as=subscriber"]}]}},"_links":{"self":[{"href":"https:\/\/outdoorcells.com\/de\/wp-json\/wp\/v2\/product\/6376"}],"collection":[{"href":"https:\/\/outdoorcells.com\/de\/wp-json\/wp\/v2\/product"}],"about":[{"href":"https:\/\/outdoorcells.com\/de\/wp-json\/wp\/v2\/types\/product"}],"wp:featuredmedia":[{"embeddable":true,"href":"https:\/\/outdoorcells.com\/de\/wp-json\/wp\/v2\/media\/6377"}],"wp:attachment":[{"href":"https:\/\/outdoorcells.com\/de\/wp-json\/wp\/v2\/media?parent=6376"}],"wp:term":[{"taxonomy":"product_cat","embeddable":true,"href":"https:\/\/outdoorcells.com\/de\/wp-json\/wp\/v2\/product_cat?post=6376"},{"taxonomy":"product_tag","embeddable":true,"href":"https:\/\/outdoorcells.com\/de\/wp-json\/wp\/v2\/product_tag?post=6376"}],"curies":[{"name":"wp","href":"https:\/\/api.w.org\/{rel}","templated":true}]}}