{"id":6230,"date":"2023-04-26T11:41:10","date_gmt":"2023-04-26T09:41:10","guid":{"rendered":"https:\/\/outdoorcells.com\/?post_type=product&#038;p=6230"},"modified":"2025-04-24T14:10:14","modified_gmt":"2025-04-24T12:10:14","slug":"bluetti-pv120-120w-solar-panel","status":"publish","type":"product","link":"https:\/\/outdoorcells.com\/de\/product\/bluetti-pv120-120w-solar-panel\/","title":{"rendered":"BLUETTI PV120 120W SOLAR PANEL"},"content":{"rendered":"<div class=\"content\">\n<p>120-Watt-Solarmodul. Das Bluetti PV120 120W Solarmodul ist ein faltbares Solarmodul, das aus einem laminierten und langlebigen ETFE-Material besteht. Dieses Material macht das Panel haltbar, kratzfest und hat daher eine l\u00e4ngere Lebensdauer. Die Solarzellen in dem faltbaren Solarmodul sind parallel geschaltet. Diese Technologie sorgt f\u00fcr einen h\u00f6heren Wirkungsgrad, eine bessere Leistung bei schattigen Bedingungen und hat daher mehr Ertrag.<\/p>\n<p>Auf der R\u00fcckseite des Solarmoduls befindet sich ein St\u00e4nder. Dieser St\u00e4nder bietet Ihnen mehrere M\u00f6glichkeiten, das Solarpanel im richtigen Winkel zur Sonne zu positionieren. Das PV120-Panel besteht aus 4 miteinander verbundenen Paneelen, die sich \u00fcber eine Gesamtfl\u00e4che von 53 x 165 cm erstrecken. Zusammengeklappt misst es nur 53 x 47 x 2,3 cm und wiegt 5,7 kg. Das Panel verf\u00fcgt \u00fcber Sunpower-Solarzellen mit einem hohen Wirkungsgrad von 23,4 %.<\/p>\n<\/div>\n<p>Bei guten Wetterbedingungen kann das 120-Watt-Solarmodul von Bluetti t\u00e4glich durchschnittlich 650Wh oder mehr erzeugen. Das Solarmodul wird standardm\u00e4\u00dfig mit einem 3 Meter langen MC4-Kabel geliefert. \u00dcber diese Verbindung ist es m\u00f6glich, das Solarmodul mit dem <strong><span style=\"color: #00ff00;\"><a class=\"uppercase\" style=\"color: #00ff00;\" href=\"https:\/\/outdoorcells.com\/de\/product\/kabel-anderson-sb-50-orange-mc4\/\">Anderson nach MC4<\/a><\/span><\/strong> Adapterkabel an den OUTDOORCELLS <strong><span style=\"color: #00ff00;\"><a class=\"uppercase\" style=\"color: #00ff00;\" href=\"https:\/\/outdoorcells.com\/de\/product\/outdoorcells-solar-charge-controller\/\">Solar Box<\/a><\/span><\/strong> verbinden. Geeignet f\u00fcr Solarbox und Solarbox V2. Die Solarboxen verf\u00fcgen \u00fcber einen orangefarbenen Anderson-Anschluss f\u00fcr Solar. Das Adapterkabel finden Sie <a href=\"https:\/\/outdoorcells.com\/de\/product\/kabel-anderson-sb-50-orange-mc4\/\"><span style=\"color: #00ff00;\"><strong>HIER<\/strong><\/span><\/a>. Um das Bluetti PV120 auf das <strong><span style=\"color: #00ff00;\"><a style=\"color: #00ff00;\" href=\"https:\/\/outdoorcells.com\/de\/product\/outdoorbox-solar-14-6v-60ah-solar-recharge\/\">SOLAR RECHARGE<\/a><\/span><\/strong> An zu Schliessen ben\u00f6tigen Sie einen gelben Anderson SB50-Stecker. Sie finden diese <a href=\"https:\/\/outdoorcells.com\/de\/product\/anderson-connector-sb50-geel-36v-10-12-awg\/\"><strong><span style=\"color: #00ff00;\">HIER<\/span><\/strong><\/a><\/p>\n\t<div id=\"text-1974693978\" class=\"text\">\n\t\t\n<h2 class=\"uppercase\" style=\"text-align: center;\">Empfohlenes Zubeh\u00f6r<\/h2>\n\t\t\n<style>\n#text-1974693978 {\n  text-align: center;\n}\n<\/style>\n\t<\/div>\n\t\n<div class=\"text-center\"><div class=\"is-divider divider clearfix\" style=\"max-width:100px;height:2px;background-color:rgb(173, 173, 173);\"><\/div><\/div>\n<div class=\"row row-large align-equal row-box-shadow-4 row-box-shadow-4-hover\"  id=\"row-93577265\">\n\n\t<div id=\"col-605679503\" class=\"col medium-4 small-12 large-4\"  >\n\t\t\t\t<div class=\"col-inner text-left\" style=\"background-color:rgba(0, 0, 0, 0.331);\" >\n\t\t\t\n\t<div class=\"is-border\"\n\t\tstyle=\"border-radius:51px;border-width:0px 0px 0px 0px;\">\n\t<\/div>\n\t\t\t\n\n\t<a class=\"plain\" href=\"https:\/\/outdoorcells.com\/de\/product\/aansluitkabel-zonnepaneel-sb-50-orange-mc4\/\" >\t<div class=\"icon-box featured-box icon-box-center text-center\"  >\n\t\t\t\t\t<div class=\"icon-box-img\" style=\"width: 299px\">\n\t\t\t\t<div class=\"icon\">\n\t\t\t\t\t<div class=\"icon-inner\" >\n\t\t\t\t\t\t<img loading=\"lazy\" decoding=\"async\" width=\"300\" height=\"300\" src=\"https:\/\/outdoorcells.com\/wp-content\/uploads\/2022\/12\/Cable-Solar-MC4SB50-Orange-300x300.png\" class=\"attachment-medium size-medium\" alt=\"\" srcset=\"https:\/\/outdoorcells.com\/wp-content\/uploads\/2022\/12\/Cable-Solar-MC4SB50-Orange-300x300.png 300w, https:\/\/outdoorcells.com\/wp-content\/uploads\/2022\/12\/Cable-Solar-MC4SB50-Orange-1024x1024.png 1024w, https:\/\/outdoorcells.com\/wp-content\/uploads\/2022\/12\/Cable-Solar-MC4SB50-Orange-150x150.png 150w, https:\/\/outdoorcells.com\/wp-content\/uploads\/2022\/12\/Cable-Solar-MC4SB50-Orange-768x768.png 768w, https:\/\/outdoorcells.com\/wp-content\/uploads\/2022\/12\/Cable-Solar-MC4SB50-Orange-247x247.png 247w, https:\/\/outdoorcells.com\/wp-content\/uploads\/2022\/12\/Cable-Solar-MC4SB50-Orange-510x510.png 510w, https:\/\/outdoorcells.com\/wp-content\/uploads\/2022\/12\/Cable-Solar-MC4SB50-Orange-100x100.png 100w, https:\/\/outdoorcells.com\/wp-content\/uploads\/2022\/12\/Cable-Solar-MC4SB50-Orange-e1716366112191.png 500w\" sizes=\"(max-width: 300px) 100vw, 300px\" \/>\t\t\t\t\t<\/div>\n\t\t\t\t<\/div>\n\t\t\t<\/div>\n\t\t\t\t<div class=\"icon-box-text last-reset\">\n\t\t\t<h5 class=\"uppercase\">mc4 sb50<\/h5>\t\t\t<h6>solarmodul solarbox<\/h6>\t\t\t\n\t<div id=\"gap-892254005\" class=\"gap-element clearfix\" style=\"display:block; height:auto;\">\n\t\t\n<style>\n#gap-892254005 {\n  padding-top: 20px;\n}\n<\/style>\n\t<\/div>\n\t\n<a href=\"https:\/\/outdoorcells.com\/de\/product\/zonnepaneel-opvouwbaar\/?add-to-cart=4765\" class=\"button white is-outline is-large\" style=\"border-radius:10px;\">\n\t\t<span>in korb<\/span>\n\t<i class=\"icon-shopping-basket\" aria-hidden=\"true\"><\/i><\/a>\n\n\t\t<\/div>\n\t<\/div>\n\t<\/a>\n\t\n\t<div id=\"gap-780631621\" class=\"gap-element clearfix\" style=\"display:block; height:auto;\">\n\t\t\n<style>\n#gap-780631621 {\n  padding-top: 30px;\n}\n<\/style>\n\t<\/div>\n\t\n\t\t<\/div>\n\t\t\t\t\n<style>\n#col-605679503 > .col-inner {\n  padding: 0px 0px 0px 0px;\n  margin: 0px 0px 0px 0px;\n}\n<\/style>\n\t<\/div>\n\n\t\n\n\t<div id=\"col-229334755\" class=\"col medium-4 small-12 large-4\"  >\n\t\t\t\t<div class=\"col-inner\" style=\"background-color:rgba(0, 0, 0, 0.331);\" >\n\t\t\t\n\t\t\t\n\n\t<a class=\"plain\" href=\"https:\/\/outdoorcells.com\/de\/product\/bridge-cable-battery-solar-outdoorbox\/\" >\t<div class=\"icon-box featured-box icon-box-center text-center\"  >\n\t\t\t\t\t<div class=\"icon-box-img\" style=\"width: 299px\">\n\t\t\t\t<div class=\"icon\">\n\t\t\t\t\t<div class=\"icon-inner\" >\n\t\t\t\t\t\t<img loading=\"lazy\" decoding=\"async\" width=\"300\" height=\"300\" src=\"https:\/\/outdoorcells.com\/wp-content\/uploads\/2022\/12\/bridge-cable-solarbox-outdoorbox-300x300.png\" class=\"attachment-medium size-medium\" alt=\"\" srcset=\"https:\/\/outdoorcells.com\/wp-content\/uploads\/2022\/12\/bridge-cable-solarbox-outdoorbox-300x300.png 300w, https:\/\/outdoorcells.com\/wp-content\/uploads\/2022\/12\/bridge-cable-solarbox-outdoorbox-1024x1024.png 1024w, https:\/\/outdoorcells.com\/wp-content\/uploads\/2022\/12\/bridge-cable-solarbox-outdoorbox-150x150.png 150w, https:\/\/outdoorcells.com\/wp-content\/uploads\/2022\/12\/bridge-cable-solarbox-outdoorbox-768x768.png 768w, https:\/\/outdoorcells.com\/wp-content\/uploads\/2022\/12\/bridge-cable-solarbox-outdoorbox-247x247.png 247w, https:\/\/outdoorcells.com\/wp-content\/uploads\/2022\/12\/bridge-cable-solarbox-outdoorbox-510x510.png 510w, https:\/\/outdoorcells.com\/wp-content\/uploads\/2022\/12\/bridge-cable-solarbox-outdoorbox-100x100.png 100w, https:\/\/outdoorcells.com\/wp-content\/uploads\/2022\/12\/bridge-cable-solarbox-outdoorbox.png 1100w\" sizes=\"(max-width: 300px) 100vw, 300px\" \/>\t\t\t\t\t<\/div>\n\t\t\t\t<\/div>\n\t\t\t<\/div>\n\t\t\t\t<div class=\"icon-box-text last-reset\">\n\t\t\t<h5 class=\"uppercase\">Br\u00fccken- Kabel<\/h5>\t\t\t<h6>akku&gt; solarbox<\/h6>\t\t\t\n\t<div id=\"gap-1475146282\" class=\"gap-element clearfix\" style=\"display:block; height:auto;\">\n\t\t\n<style>\n#gap-1475146282 {\n  padding-top: 20px;\n}\n<\/style>\n\t<\/div>\n\t\n<a href=\"https:\/\/outdoorcells.com\/de\/product\/zonnepaneel-opvouwbaar\/?add-to-cart=6017\" class=\"button white is-outline is-large\" style=\"border-radius:10px;\">\n\t\t<span>in korb<\/span>\n\t<i class=\"icon-shopping-basket\" aria-hidden=\"true\"><\/i><\/a>\n\n\t\t<\/div>\n\t<\/div>\n\t<\/a>\n\t\n\t<div id=\"gap-1125731701\" class=\"gap-element clearfix\" style=\"display:block; height:auto;\">\n\t\t\n<style>\n#gap-1125731701 {\n  padding-top: 30px;\n}\n<\/style>\n\t<\/div>\n\t\n\t\t<\/div>\n\t\t\t\t\t<\/div>\n\n\t\n\n\t<div id=\"col-317612233\" class=\"col medium-4 small-12 large-4\"  >\n\t\t\t\t<div class=\"col-inner\" style=\"background-color:rgba(0, 0, 0, 0.331);\" >\n\t\t\t\n\t\t\t\n\n\t<a class=\"plain\" href=\"https:\/\/outdoorcells.com\/de\/product\/solar-outdoor-koffer-v2-0\/\" >\t<div class=\"icon-box featured-box icon-box-center text-center\"  >\n\t\t\t\t\t<div class=\"icon-box-img\" style=\"width: 299px\">\n\t\t\t\t<div class=\"icon\">\n\t\t\t\t\t<div class=\"icon-inner\" >\n\t\t\t\t\t\t<img loading=\"lazy\" decoding=\"async\" width=\"300\" height=\"300\" src=\"https:\/\/outdoorcells.com\/wp-content\/uploads\/2022\/12\/solar-outdoorbox-v2.0-300x300.png\" class=\"attachment-medium size-medium\" alt=\"mppt solar box\" srcset=\"https:\/\/outdoorcells.com\/wp-content\/uploads\/2022\/12\/solar-outdoorbox-v2.0-300x300.png 300w, https:\/\/outdoorcells.com\/wp-content\/uploads\/2022\/12\/solar-outdoorbox-v2.0-1024x1024.png 1024w, https:\/\/outdoorcells.com\/wp-content\/uploads\/2022\/12\/solar-outdoorbox-v2.0-150x150.png 150w, https:\/\/outdoorcells.com\/wp-content\/uploads\/2022\/12\/solar-outdoorbox-v2.0-768x768.png 768w, https:\/\/outdoorcells.com\/wp-content\/uploads\/2022\/12\/solar-outdoorbox-v2.0-247x247.png 247w, https:\/\/outdoorcells.com\/wp-content\/uploads\/2022\/12\/solar-outdoorbox-v2.0-510x510.png 510w, https:\/\/outdoorcells.com\/wp-content\/uploads\/2022\/12\/solar-outdoorbox-v2.0-100x100.png 100w, https:\/\/outdoorcells.com\/wp-content\/uploads\/2022\/12\/solar-outdoorbox-v2.0.png 1100w\" sizes=\"(max-width: 300px) 100vw, 300px\" \/>\t\t\t\t\t<\/div>\n\t\t\t\t<\/div>\n\t\t\t<\/div>\n\t\t\t\t<div class=\"icon-box-text last-reset\">\n\t\t\t<h5 class=\"uppercase\">mppt<\/h5>\t\t\t<h6>solar outdoorbox<\/h6>\t\t\t\n\t<div id=\"gap-1500792551\" class=\"gap-element clearfix\" style=\"display:block; height:auto;\">\n\t\t\n<style>\n#gap-1500792551 {\n  padding-top: 20px;\n}\n<\/style>\n\t<\/div>\n\t\n<a href=\"https:\/\/outdoorcells.com\/de\/product\/zonnepaneel-opvouwbaar\/?add-to-cart=5986\" class=\"button white is-outline is-large\" style=\"border-radius:10px;\">\n\t\t<span>in korb<\/span>\n\t<i class=\"icon-shopping-basket\" aria-hidden=\"true\"><\/i><\/a>\n\n\t\t<\/div>\n\t<\/div>\n\t<\/a>\n\t\n\t<div id=\"gap-1607552862\" class=\"gap-element clearfix\" style=\"display:block; height:auto;\">\n\t\t\n<style>\n#gap-1607552862 {\n  padding-top: 30px;\n}\n<\/style>\n\t<\/div>\n\t\n\t\t<\/div>\n\t\t\t\t\t<\/div>\n\n\t\n\n<style>\n#row-93577265 > .col > .col-inner {\n  background-color: rgba(12, 94, 17, 0.314);\n  border-radius: 23px;\n}\n<\/style>\n<\/div>","protected":false},"excerpt":{"rendered":"<p>120watt zonnepaneel. Het Bluetti PV120 120W Solar Panel is een zonnepaneel opvouwbaar gemaakt van een gelamineerd en duurzaam ETFE-materiaal. Dit materiaal maakt het paneel duurzaam, krasbestendig en heeft hierdoor een langere levensduur. De zonnecellen in het opvouwbaar zonnepaneel zijn parallel met elkaar verbonden. Deze techniek zorgt voor hogere efficiency, betere prestaties in schaduwrijke omstandigheden en [&#8230;]\n","protected":false},"featured_media":6231,"template":"","meta":[],"product_cat":[158],"product_tag":[],"yoast_head":"<!-- This site is optimized with the Yoast SEO plugin v23.3 - https:\/\/yoast.com\/wordpress\/plugins\/seo\/ -->\n<title>120Watt Zonnepaneel | Outdoorcells.com<\/title>\n<meta name=\"description\" content=\"Opvouwbaar zonnepaneel met 120watt vermogen. ideaal voor de karpervisser. Laad in een dag een 60Ah lithium accu weer vol. compact en lichtgewicht\" \/>\n<meta name=\"robots\" content=\"index, follow, max-snippet:-1, max-image-preview:large, max-video-preview:-1\" \/>\n<link rel=\"canonical\" href=\"https:\/\/outdoorcells.com\/de\/product\/bluetti-pv120-120w-solar-panel\/\" \/>\n<meta property=\"og:locale\" content=\"de_DE\" \/>\n<meta property=\"og:type\" content=\"article\" \/>\n<meta property=\"og:title\" content=\"120Watt Zonnepaneel | Outdoorcells.com\" \/>\n<meta property=\"og:description\" content=\"Opvouwbaar zonnepaneel met 120watt vermogen. ideaal voor de karpervisser. Laad in een dag een 60Ah lithium accu weer vol. compact en lichtgewicht\" \/>\n<meta property=\"og:url\" content=\"https:\/\/outdoorcells.com\/de\/product\/bluetti-pv120-120w-solar-panel\/\" \/>\n<meta property=\"article:publisher\" content=\"https:\/\/www.facebook.com\/outdoorcells\" \/>\n<meta property=\"article:modified_time\" content=\"2025-04-24T12:10:14+00:00\" \/>\n<meta property=\"og:image\" content=\"https:\/\/outdoorcells.com\/wp-content\/uploads\/2023\/04\/bluetti-pv120.jpg\" \/>\n\t<meta property=\"og:image:width\" content=\"1100\" \/>\n\t<meta property=\"og:image:height\" content=\"1100\" \/>\n\t<meta property=\"og:image:type\" content=\"image\/jpeg\" \/>\n<meta name=\"twitter:card\" content=\"summary_large_image\" \/>\n<meta name=\"twitter:site\" content=\"@outdoorcells\" \/>\n<meta name=\"twitter:label1\" content=\"Gesch\u00e4tzte Lesezeit\" \/>\n\t<meta name=\"twitter:data1\" content=\"1\u00a0Minute\" \/>\n<script type=\"application\/ld+json\" class=\"yoast-schema-graph\">{\"@context\":\"https:\/\/schema.org\",\"@graph\":[{\"@type\":\"WebPage\",\"@id\":\"https:\/\/outdoorcells.com\/product\/bluetti-pv120-120w-solar-panel\/\",\"url\":\"https:\/\/outdoorcells.com\/product\/bluetti-pv120-120w-solar-panel\/\",\"name\":\"120Watt Zonnepaneel | Outdoorcells.com\",\"isPartOf\":{\"@id\":\"https:\/\/outdoorcells.com\/#website\"},\"primaryImageOfPage\":{\"@id\":\"https:\/\/outdoorcells.com\/product\/bluetti-pv120-120w-solar-panel\/#primaryimage\"},\"image\":{\"@id\":\"https:\/\/outdoorcells.com\/product\/bluetti-pv120-120w-solar-panel\/#primaryimage\"},\"thumbnailUrl\":\"https:\/\/outdoorcells.com\/wp-content\/uploads\/2023\/04\/bluetti-pv120.jpg\",\"datePublished\":\"2023-04-26T09:41:10+00:00\",\"dateModified\":\"2025-04-24T12:10:14+00:00\",\"description\":\"Opvouwbaar zonnepaneel met 120watt vermogen. ideaal voor de karpervisser. Laad in een dag een 60Ah lithium accu weer vol. compact en lichtgewicht\",\"breadcrumb\":{\"@id\":\"https:\/\/outdoorcells.com\/product\/bluetti-pv120-120w-solar-panel\/#breadcrumb\"},\"inLanguage\":\"de\",\"potentialAction\":[{\"@type\":\"ReadAction\",\"target\":[\"https:\/\/outdoorcells.com\/product\/bluetti-pv120-120w-solar-panel\/\"]}]},{\"@type\":\"ImageObject\",\"inLanguage\":\"de\",\"@id\":\"https:\/\/outdoorcells.com\/product\/bluetti-pv120-120w-solar-panel\/#primaryimage\",\"url\":\"https:\/\/outdoorcells.com\/wp-content\/uploads\/2023\/04\/bluetti-pv120.jpg\",\"contentUrl\":\"https:\/\/outdoorcells.com\/wp-content\/uploads\/2023\/04\/bluetti-pv120.jpg\",\"width\":1100,\"height\":1100,\"caption\":\"120watt zonnepaneel\"},{\"@type\":\"BreadcrumbList\",\"@id\":\"https:\/\/outdoorcells.com\/product\/bluetti-pv120-120w-solar-panel\/#breadcrumb\",\"itemListElement\":[{\"@type\":\"ListItem\",\"position\":1,\"name\":\"Home\",\"item\":\"https:\/\/outdoorcells.com\/\"},{\"@type\":\"ListItem\",\"position\":2,\"name\":\"shop\",\"item\":\"https:\/\/outdoorcells.com\/lithium-accu-koffer\/\"},{\"@type\":\"ListItem\",\"position\":3,\"name\":\"BLUETTI PV120 120W SOLAR PANEL\"}]},{\"@type\":\"WebSite\",\"@id\":\"https:\/\/outdoorcells.com\/#website\",\"url\":\"https:\/\/outdoorcells.com\/\",\"name\":\"Outdoorcells.com\",\"description\":\"\",\"publisher\":{\"@id\":\"https:\/\/outdoorcells.com\/#organization\"},\"potentialAction\":[{\"@type\":\"SearchAction\",\"target\":{\"@type\":\"EntryPoint\",\"urlTemplate\":\"https:\/\/outdoorcells.com\/?s={search_term_string}\"},\"query-input\":\"required name=search_term_string\"}],\"inLanguage\":\"de\"},{\"@type\":\"Organization\",\"@id\":\"https:\/\/outdoorcells.com\/#organization\",\"name\":\"OutdoorCells\",\"url\":\"https:\/\/outdoorcells.com\/\",\"logo\":{\"@type\":\"ImageObject\",\"inLanguage\":\"de\",\"@id\":\"https:\/\/outdoorcells.com\/#\/schema\/logo\/image\/\",\"url\":\"https:\/\/outdoorcells.com\/wp-content\/uploads\/2023\/05\/cropped-favicon.png\",\"contentUrl\":\"https:\/\/outdoorcells.com\/wp-content\/uploads\/2023\/05\/cropped-favicon.png\",\"width\":512,\"height\":512,\"caption\":\"OutdoorCells\"},\"image\":{\"@id\":\"https:\/\/outdoorcells.com\/#\/schema\/logo\/image\/\"},\"sameAs\":[\"https:\/\/www.facebook.com\/outdoorcells\",\"https:\/\/x.com\/outdoorcells\",\"https:\/\/www.instagram.com\/voerbootaccu\/\",\"https:\/\/www.youtube.com\/channel\/UCUWu_rkM0a3qkngzpf7EkMg?view_as=subscriber\"]}]}<\/script>\n<!-- \/ Yoast SEO plugin. -->","yoast_head_json":{"title":"120Watt Solarmodul | Outdoorcells.com","description":"Zusammenklappbares Solarpanel mit 120 Watt Leistung. Ideal f\u00fcr Karpfenangler. Laden Sie eine 60Ah Lithium-Batterie an einem Tag auf. Kompakt und leicht","robots":{"index":"index","follow":"follow","max-snippet":"max-snippet:-1","max-image-preview":"max-image-preview:large","max-video-preview":"max-video-preview:-1"},"canonical":"https:\/\/outdoorcells.com\/de\/product\/bluetti-pv120-120w-solar-panel\/","og_locale":"de_DE","og_type":"article","og_title":"120Watt Zonnepaneel | Outdoorcells.com","og_description":"Opvouwbaar zonnepaneel met 120watt vermogen. ideaal voor de karpervisser. Laad in een dag een 60Ah lithium accu weer vol. compact en lichtgewicht","og_url":"https:\/\/outdoorcells.com\/de\/product\/bluetti-pv120-120w-solar-panel\/","article_publisher":"https:\/\/www.facebook.com\/outdoorcells","article_modified_time":"2025-04-24T12:10:14+00:00","og_image":[{"width":1100,"height":1100,"url":"https:\/\/outdoorcells.com\/wp-content\/uploads\/2023\/04\/bluetti-pv120.jpg","type":"image\/jpeg"}],"twitter_card":"summary_large_image","twitter_site":"@outdoorcells","twitter_misc":{"Gesch\u00e4tzte Lesezeit":"1\u00a0Minute"},"schema":{"@context":"https:\/\/schema.org","@graph":[{"@type":"WebPage","@id":"https:\/\/outdoorcells.com\/product\/bluetti-pv120-120w-solar-panel\/","url":"https:\/\/outdoorcells.com\/product\/bluetti-pv120-120w-solar-panel\/","name":"120Watt Solarmodul | Outdoorcells.com","isPartOf":{"@id":"https:\/\/outdoorcells.com\/#website"},"primaryImageOfPage":{"@id":"https:\/\/outdoorcells.com\/product\/bluetti-pv120-120w-solar-panel\/#primaryimage"},"image":{"@id":"https:\/\/outdoorcells.com\/product\/bluetti-pv120-120w-solar-panel\/#primaryimage"},"thumbnailUrl":"https:\/\/outdoorcells.com\/wp-content\/uploads\/2023\/04\/bluetti-pv120.jpg","datePublished":"2023-04-26T09:41:10+00:00","dateModified":"2025-04-24T12:10:14+00:00","description":"Zusammenklappbares Solarpanel mit 120 Watt Leistung. Ideal f\u00fcr Karpfenangler. Laden Sie eine 60Ah Lithium-Batterie an einem Tag auf. Kompakt und leicht","breadcrumb":{"@id":"https:\/\/outdoorcells.com\/product\/bluetti-pv120-120w-solar-panel\/#breadcrumb"},"inLanguage":"de","potentialAction":[{"@type":"ReadAction","target":["https:\/\/outdoorcells.com\/product\/bluetti-pv120-120w-solar-panel\/"]}]},{"@type":"ImageObject","inLanguage":"de","@id":"https:\/\/outdoorcells.com\/product\/bluetti-pv120-120w-solar-panel\/#primaryimage","url":"https:\/\/outdoorcells.com\/wp-content\/uploads\/2023\/04\/bluetti-pv120.jpg","contentUrl":"https:\/\/outdoorcells.com\/wp-content\/uploads\/2023\/04\/bluetti-pv120.jpg","width":1100,"height":1100,"caption":"120watt zonnepaneel"},{"@type":"BreadcrumbList","@id":"https:\/\/outdoorcells.com\/product\/bluetti-pv120-120w-solar-panel\/#breadcrumb","itemListElement":[{"@type":"ListItem","position":1,"name":"Home","item":"https:\/\/outdoorcells.com\/"},{"@type":"ListItem","position":2,"name":"shop","item":"https:\/\/outdoorcells.com\/lithium-accu-koffer\/"},{"@type":"ListItem","position":3,"name":"BLUETTI PV120 120W SOLAR PANEL"}]},{"@type":"WebSite","@id":"https:\/\/outdoorcells.com\/#website","url":"https:\/\/outdoorcells.com\/","name":"Outdoorcells.com","description":"","publisher":{"@id":"https:\/\/outdoorcells.com\/#organization"},"potentialAction":[{"@type":"SearchAction","target":{"@type":"EntryPoint","urlTemplate":"https:\/\/outdoorcells.com\/?s={search_term_string}"},"query-input":"required name=search_term_string"}],"inLanguage":"de"},{"@type":"Organization","@id":"https:\/\/outdoorcells.com\/#organization","name":"OutdoorCells","url":"https:\/\/outdoorcells.com\/","logo":{"@type":"ImageObject","inLanguage":"de","@id":"https:\/\/outdoorcells.com\/#\/schema\/logo\/image\/","url":"https:\/\/outdoorcells.com\/wp-content\/uploads\/2023\/05\/cropped-favicon.png","contentUrl":"https:\/\/outdoorcells.com\/wp-content\/uploads\/2023\/05\/cropped-favicon.png","width":512,"height":512,"caption":"OutdoorCells"},"image":{"@id":"https:\/\/outdoorcells.com\/#\/schema\/logo\/image\/"},"sameAs":["https:\/\/www.facebook.com\/outdoorcells","https:\/\/x.com\/outdoorcells","https:\/\/www.instagram.com\/voerbootaccu\/","https:\/\/www.youtube.com\/channel\/UCUWu_rkM0a3qkngzpf7EkMg?view_as=subscriber"]}]}},"_links":{"self":[{"href":"https:\/\/outdoorcells.com\/de\/wp-json\/wp\/v2\/product\/6230"}],"collection":[{"href":"https:\/\/outdoorcells.com\/de\/wp-json\/wp\/v2\/product"}],"about":[{"href":"https:\/\/outdoorcells.com\/de\/wp-json\/wp\/v2\/types\/product"}],"wp:featuredmedia":[{"embeddable":true,"href":"https:\/\/outdoorcells.com\/de\/wp-json\/wp\/v2\/media\/6231"}],"wp:attachment":[{"href":"https:\/\/outdoorcells.com\/de\/wp-json\/wp\/v2\/media?parent=6230"}],"wp:term":[{"taxonomy":"product_cat","embeddable":true,"href":"https:\/\/outdoorcells.com\/de\/wp-json\/wp\/v2\/product_cat?post=6230"},{"taxonomy":"product_tag","embeddable":true,"href":"https:\/\/outdoorcells.com\/de\/wp-json\/wp\/v2\/product_tag?post=6230"}],"curies":[{"name":"wp","href":"https:\/\/api.w.org\/{rel}","templated":true}]}}