{"id":6225,"date":"2023-04-24T13:24:41","date_gmt":"2023-04-24T11:24:41","guid":{"rendered":"https:\/\/outdoorcells.com\/?post_type=product&#038;p=6225"},"modified":"2024-05-22T09:55:59","modified_gmt":"2024-05-22T07:55:59","slug":"outdoorbox-lithium-14-6v-60ah-sl","status":"publish","type":"product","link":"https:\/\/outdoorcells.com\/de\/product\/outdoorbox-lithium-14-6v-60ah-sl\/","title":{"rendered":"Outdoorbox 4S SOLAR 14.6V 60AH"},"content":{"rendered":"<h2>OUTDOORBOX LITHIUM SOLAR<\/h2>\n<p>Die erste Outdoorbox Solar-Lithium-Batterie mit integriertem Solar-Ladeger\u00e4t. Um die Outdoorbox \u00fcberall schnell aufzuladen, schlie\u00dfen Sie einfach ein Solarmodul direkt an den gelben Anderson-Stecker an. Sie brauchen keine zus\u00e4tzliche Solarbox oder andere Boxen! Die App f\u00fcr iPhone und Android macht alle Informationen auf einen Blick deutlich. Sehen Sie, wie viel Energie ein Ger\u00e4t verbraucht und wie viel Energie das Solarpanel erzeugt. Maximaler Ladestrom bis zu 15A kontinuierlich!<\/p>\n<h3>OUTDOORBOX LITHIUM SOLAR RECHARGE IST GEEIGNET F\u00dcR...<\/h3>\n<ul>\n<li>Elektrisches Segeln (*12V minn kota traxxis)<\/li>\n<li>Stromversorgung Dometic CFX3 (ENG-Anschluss verf\u00fcgbar)<\/li>\n<li>Aufladen von USB- und USB-C-Ger\u00e4ten<\/li>\n<li>Elektrische Bootspumpe<\/li>\n<li>Sonnenkollektor (max. 220Watt)<\/li>\n<\/ul>\n<p>*<span style=\"font-size: 85%;\"><em>nur f\u00fcr Minn Kota Traxxis E Motoren geeignet, nicht f\u00fcr Endura C2 oder b\u00fcrstenlose Motoren<\/em><\/span><\/p>\n<h3>WIE SCHNELL IST DAS SOLAR RECHARGE VOLL?<\/h3>\n<p>Die Solar Recharge 14.6V 60AH kann einfach mit dem optionalen Ladeger\u00e4t in der 230V Steckdose aufgeladen werden, nach ca. 6 Stunden ist die Outdoorbox voll und einsatzbereit. Die Aufladung \u00fcber das Solarpanel ist abh\u00e4ngig von der Sonneneinstrahlung.<\/p>\n<p>*Aufladezeit mit 220W Solarpanel<\/p>\n<ul>\n<li>4 Stunden bei wolkenlosem Wetter<\/li>\n<li>6 Stunden bei teilweise bew\u00f6lktem Wetter<\/li>\n<li>8 Stunden bei 75% bew\u00f6lktem Wetter<\/li>\n<li>12 Stunden bei 100%iger Bew\u00f6lkung<\/li>\n<\/ul>\n<p>*<span style=\"font-size: 85%;\"><em>g\u00fcltig von April bis Oktober bei trockenem Wetter<\/em><\/span><\/p>\n<h2 class=\"uppercase\">Empfohlenes Zubeh\u00f6r<\/h2>\n\t<div id=\"gap-136347269\" class=\"gap-element clearfix\" style=\"display:block; height:auto;\">\n\t\t\n<style>\n#gap-136347269 {\n  padding-top: 30px;\n}\n<\/style>\n\t<\/div>\n\t\n<div class=\"row row-large align-equal row-box-shadow-4 row-box-shadow-4-hover\"  id=\"row-1585525429\">\n\n\t<div id=\"col-561637392\" class=\"col medium-4 small-12 large-4\"  >\n\t\t\t\t<div class=\"col-inner text-left\" style=\"background-color:rgb(0, 0, 0);\" >\n\t\t\t\n\t<div class=\"is-border\"\n\t\tstyle=\"border-radius:51px;border-width:0px 0px 0px 0px;\">\n\t<\/div>\n\t\t\t\n\n\t\t<div class=\"icon-box featured-box icon-box-center text-center is-large\"  >\n\t\t\t\t\t<div class=\"icon-box-img\" style=\"width: 299px\">\n\t\t\t\t<div class=\"icon\">\n\t\t\t\t\t<div class=\"icon-inner\" >\n\t\t\t\t\t\t<img loading=\"lazy\" decoding=\"async\" width=\"300\" height=\"300\" src=\"https:\/\/outdoorcells.com\/wp-content\/uploads\/2021\/11\/lithium-accu-accessoire-stekker-orange-300x300.png\" class=\"attachment-medium size-medium\" alt=\"\" srcset=\"https:\/\/outdoorcells.com\/wp-content\/uploads\/2021\/11\/lithium-accu-accessoire-stekker-orange-300x300.png 300w, https:\/\/outdoorcells.com\/wp-content\/uploads\/2021\/11\/lithium-accu-accessoire-stekker-orange-150x150.png 150w, https:\/\/outdoorcells.com\/wp-content\/uploads\/2021\/11\/lithium-accu-accessoire-stekker-orange-247x247.png 247w, https:\/\/outdoorcells.com\/wp-content\/uploads\/2021\/11\/lithium-accu-accessoire-stekker-orange-100x100.png 100w, https:\/\/outdoorcells.com\/wp-content\/uploads\/2021\/11\/lithium-accu-accessoire-stekker-orange.png 500w\" sizes=\"(max-width: 300px) 100vw, 300px\" \/>\t\t\t\t\t<\/div>\n\t\t\t\t<\/div>\n\t\t\t<\/div>\n\t\t\t\t<div class=\"icon-box-text last-reset\">\n\t\t\t<h5 class=\"uppercase\">ANDERSON SB 50<\/h5>\t\t\t<h6>Stecker<\/h6>\t\t\t\n\t<div id=\"gap-68040550\" class=\"gap-element clearfix\" style=\"display:block; height:auto;\">\n\t\t\n<style>\n#gap-68040550 {\n  padding-top: 20px;\n}\n<\/style>\n\t<\/div>\n\t\n<a href=\"https:\/\/outdoorcells.com\/de\/product\/outdoorbox-solar-14-6v-60ah-solar-recharge\/?add-to-cart=4702\" class=\"button white is-outline\" style=\"border-radius:10px;\">\n\t\t<span>in korb<\/span>\n\t<i class=\"icon-shopping-basket\" aria-hidden=\"true\"><\/i><\/a>\n\n\t\t<\/div>\n\t<\/div>\n\t\n\t\n\t<div id=\"gap-1024259894\" class=\"gap-element clearfix\" style=\"display:block; height:auto;\">\n\t\t\n<style>\n#gap-1024259894 {\n  padding-top: 30px;\n}\n<\/style>\n\t<\/div>\n\t\n\t\t<\/div>\n\t\t\t\t\n<style>\n#col-561637392 > .col-inner {\n  padding: 0px 0px 0px 0px;\n  margin: 0px 0px 0px 0px;\n}\n<\/style>\n\t<\/div>\n\n\t\n\n\t<div id=\"col-612725785\" class=\"col medium-4 small-12 large-4\"  >\n\t\t\t\t<div class=\"col-inner\" style=\"background-color:rgb(0, 0, 0);\" >\n\t\t\t\n\t\t\t\n\n\t\t<div class=\"icon-box featured-box icon-box-center text-center is-large\"  >\n\t\t\t\t\t<div class=\"icon-box-img\" style=\"width: 299px\">\n\t\t\t\t<div class=\"icon\">\n\t\t\t\t\t<div class=\"icon-inner\" >\n\t\t\t\t\t\t<img loading=\"lazy\" decoding=\"async\" width=\"300\" height=\"300\" src=\"https:\/\/outdoorcells.com\/wp-content\/uploads\/2021\/11\/10A-Lader-voor-off-grid-pro-box-16V-300x300.png\" class=\"attachment-medium size-medium\" alt=\"\" srcset=\"https:\/\/outdoorcells.com\/wp-content\/uploads\/2021\/11\/10A-Lader-voor-off-grid-pro-box-16V-300x300.png 300w, https:\/\/outdoorcells.com\/wp-content\/uploads\/2021\/11\/10A-Lader-voor-off-grid-pro-box-16V-150x150.png 150w, https:\/\/outdoorcells.com\/wp-content\/uploads\/2021\/11\/10A-Lader-voor-off-grid-pro-box-16V-247x247.png 247w, https:\/\/outdoorcells.com\/wp-content\/uploads\/2021\/11\/10A-Lader-voor-off-grid-pro-box-16V-100x100.png 100w, https:\/\/outdoorcells.com\/wp-content\/uploads\/2021\/11\/10A-Lader-voor-off-grid-pro-box-16V.png 500w\" sizes=\"(max-width: 300px) 100vw, 300px\" \/>\t\t\t\t\t<\/div>\n\t\t\t\t<\/div>\n\t\t\t<\/div>\n\t\t\t\t<div class=\"icon-box-text last-reset\">\n\t\t\t<h5 class=\"uppercase\">16.8V 10A LADER<\/h5>\t\t\t<h6>CC~CV CHARGER<\/h6>\t\t\t\n\t<div id=\"gap-2043800994\" class=\"gap-element clearfix\" style=\"display:block; height:auto;\">\n\t\t\n<style>\n#gap-2043800994 {\n  padding-top: 20px;\n}\n<\/style>\n\t<\/div>\n\t\n<a href=\"https:\/\/outdoorcells.com\/de\/product\/outdoorbox-solar-14-6v-60ah-solar-recharge\/?add-to-cart=4739\" class=\"button white is-outline\" style=\"border-radius:10px;\">\n\t\t<span>in korb<\/span>\n\t<i class=\"icon-shopping-basket\" aria-hidden=\"true\"><\/i><\/a>\n\n\t\t<\/div>\n\t<\/div>\n\t\n\t\n\t<div id=\"gap-2067175204\" class=\"gap-element clearfix\" style=\"display:block; height:auto;\">\n\t\t\n<style>\n#gap-2067175204 {\n  padding-top: 30px;\n}\n<\/style>\n\t<\/div>\n\t\n\t\t<\/div>\n\t\t\t\t\t<\/div>\n\n\t\n\n\t<div id=\"col-118642260\" class=\"col medium-4 small-12 large-4\"  >\n\t\t\t\t<div class=\"col-inner\"  >\n\t\t\t\n\t\t\t\n\n\t\t<div class=\"icon-box featured-box icon-box-center text-center is-large\"  >\n\t\t\t\t\t<div class=\"icon-box-img\" style=\"width: 299px\">\n\t\t\t\t<div class=\"icon\">\n\t\t\t\t\t<div class=\"icon-inner\" >\n\t\t\t\t\t\t<img loading=\"lazy\" decoding=\"async\" width=\"300\" height=\"300\" src=\"https:\/\/outdoorcells.com\/wp-content\/uploads\/2022\/12\/zonnepaneel-bluetti-pv200-300x300.png\" class=\"attachment-medium size-medium\" alt=\"\" srcset=\"https:\/\/outdoorcells.com\/wp-content\/uploads\/2022\/12\/zonnepaneel-bluetti-pv200-300x300.png 300w, https:\/\/outdoorcells.com\/wp-content\/uploads\/2022\/12\/zonnepaneel-bluetti-pv200-1024x1024.png 1024w, https:\/\/outdoorcells.com\/wp-content\/uploads\/2022\/12\/zonnepaneel-bluetti-pv200-150x150.png 150w, https:\/\/outdoorcells.com\/wp-content\/uploads\/2022\/12\/zonnepaneel-bluetti-pv200-768x768.png 768w, https:\/\/outdoorcells.com\/wp-content\/uploads\/2022\/12\/zonnepaneel-bluetti-pv200-247x247.png 247w, https:\/\/outdoorcells.com\/wp-content\/uploads\/2022\/12\/zonnepaneel-bluetti-pv200-510x510.png 510w, https:\/\/outdoorcells.com\/wp-content\/uploads\/2022\/12\/zonnepaneel-bluetti-pv200-100x100.png 100w, https:\/\/outdoorcells.com\/wp-content\/uploads\/2022\/12\/zonnepaneel-bluetti-pv200.png 1100w\" sizes=\"(max-width: 300px) 100vw, 300px\" \/>\t\t\t\t\t<\/div>\n\t\t\t\t<\/div>\n\t\t\t<\/div>\n\t\t\t\t<div class=\"icon-box-text last-reset\">\n\t\t\t<h5 class=\"uppercase\">Solar Panele<\/h5>\t\t\t<h6>200watt<\/h6>\t\t\t\n\t<div id=\"gap-1670648438\" class=\"gap-element clearfix\" style=\"display:block; height:auto;\">\n\t\t\n<style>\n#gap-1670648438 {\n  padding-top: 20px;\n}\n<\/style>\n\t<\/div>\n\t\n<a href=\"https:\/\/outdoorcells.com\/de\/product\/outdoorbox-solar-14-6v-60ah-solar-recharge\/?add-to-cart=5710\" class=\"button white is-outline\" style=\"border-radius:10px;\">\n\t\t<span>in korb<\/span>\n\t<i class=\"icon-shopping-basket\" aria-hidden=\"true\"><\/i><\/a>\n\n\t\t<\/div>\n\t<\/div>\n\t\n\t\n\t<div id=\"gap-1524085262\" class=\"gap-element clearfix\" style=\"display:block; height:auto;\">\n\t\t\n<style>\n#gap-1524085262 {\n  padding-top: 30px;\n}\n<\/style>\n\t<\/div>\n\t\n\t\t<\/div>\n\t\t\t\t\t<\/div>\n\n\t\n\n<style>\n#row-1585525429 > .col > .col-inner {\n  background-color: rgb(0, 0, 0);\n  border-radius: 23px;\n}\n<\/style>\n<\/div>","protected":false},"excerpt":{"rendered":"<p>OUTDOORBOX LITHIUM SOLAR De eerste outdoorbox solar lithium accu met ingebouwde zonnelader. Om de Outdoorbox overal en snel weer vol te laden sluit je eenvoudig rechtstreek een zonnepaneel aan op de gele Anderson stekker. Een extra Solar Box of andere kastjes zijn niet nodig! De app voor iPhone en Android maakt alle informatie inzichtelijk in [&#8230;]\n","protected":false},"featured_media":6287,"template":"","meta":[],"product_cat":[22],"product_tag":[],"yoast_head":"<!-- This site is optimized with the Yoast SEO plugin v23.3 - https:\/\/yoast.com\/wordpress\/plugins\/seo\/ -->\n<title>Outdoorbox Lithium Solar | Bluetooth | Outdoorcells.com<\/title>\n<meta name=\"description\" content=\"Outdoorbox Lithium Solar met ingebouwde mppt. Oneindig energie door 4s li-ion accu met 876Wh. Geschikt voor 220W zonnepaneel. Lichtgewicht en krachtig\" \/>\n<meta name=\"robots\" content=\"index, follow, max-snippet:-1, max-image-preview:large, max-video-preview:-1\" \/>\n<link rel=\"canonical\" href=\"https:\/\/outdoorcells.com\/de\/product\/outdoorbox-lithium-14-6v-60ah-sl\/\" \/>\n<meta property=\"og:locale\" content=\"de_DE\" \/>\n<meta property=\"og:type\" content=\"article\" \/>\n<meta property=\"og:title\" content=\"Outdoorbox Lithium Solar | Bluetooth | Outdoorcells.com\" \/>\n<meta property=\"og:description\" content=\"Outdoorbox Lithium Solar met ingebouwde mppt. Oneindig energie door 4s li-ion accu met 876Wh. Geschikt voor 220W zonnepaneel. Lichtgewicht en krachtig\" \/>\n<meta property=\"og:url\" content=\"https:\/\/outdoorcells.com\/de\/product\/outdoorbox-lithium-14-6v-60ah-sl\/\" \/>\n<meta property=\"article:publisher\" content=\"https:\/\/www.facebook.com\/outdoorcells\" \/>\n<meta property=\"article:modified_time\" content=\"2024-05-22T07:55:59+00:00\" \/>\n<meta property=\"og:image\" content=\"https:\/\/outdoorcells.com\/wp-content\/uploads\/2023\/04\/Outdoorbox-Solar-Recharge-14.6V-60AH-product-scaled.jpg\" \/>\n\t<meta property=\"og:image:width\" content=\"2560\" \/>\n\t<meta property=\"og:image:height\" content=\"2560\" \/>\n\t<meta property=\"og:image:type\" content=\"image\/jpeg\" \/>\n<meta name=\"twitter:card\" content=\"summary_large_image\" \/>\n<meta name=\"twitter:site\" content=\"@outdoorcells\" \/>\n<meta name=\"twitter:label1\" content=\"Gesch\u00e4tzte Lesezeit\" \/>\n\t<meta name=\"twitter:data1\" content=\"2\u00a0Minuten\" \/>\n<script type=\"application\/ld+json\" class=\"yoast-schema-graph\">{\"@context\":\"https:\/\/schema.org\",\"@graph\":[{\"@type\":\"WebPage\",\"@id\":\"https:\/\/outdoorcells.com\/product\/outdoorbox-lithium-14-6v-60ah-sl\/\",\"url\":\"https:\/\/outdoorcells.com\/product\/outdoorbox-lithium-14-6v-60ah-sl\/\",\"name\":\"Outdoorbox Lithium Solar | Bluetooth | Outdoorcells.com\",\"isPartOf\":{\"@id\":\"https:\/\/outdoorcells.com\/#website\"},\"primaryImageOfPage\":{\"@id\":\"https:\/\/outdoorcells.com\/product\/outdoorbox-lithium-14-6v-60ah-sl\/#primaryimage\"},\"image\":{\"@id\":\"https:\/\/outdoorcells.com\/product\/outdoorbox-lithium-14-6v-60ah-sl\/#primaryimage\"},\"thumbnailUrl\":\"https:\/\/outdoorcells.com\/wp-content\/uploads\/2023\/04\/Outdoorbox-Solar-Recharge-14.6V-60AH-product-scaled.jpg\",\"datePublished\":\"2023-04-24T11:24:41+00:00\",\"dateModified\":\"2024-05-22T07:55:59+00:00\",\"description\":\"Outdoorbox Lithium Solar met ingebouwde mppt. Oneindig energie door 4s li-ion accu met 876Wh. Geschikt voor 220W zonnepaneel. Lichtgewicht en krachtig\",\"breadcrumb\":{\"@id\":\"https:\/\/outdoorcells.com\/product\/outdoorbox-lithium-14-6v-60ah-sl\/#breadcrumb\"},\"inLanguage\":\"de\",\"potentialAction\":[{\"@type\":\"ReadAction\",\"target\":[\"https:\/\/outdoorcells.com\/product\/outdoorbox-lithium-14-6v-60ah-sl\/\"]}]},{\"@type\":\"ImageObject\",\"inLanguage\":\"de\",\"@id\":\"https:\/\/outdoorcells.com\/product\/outdoorbox-lithium-14-6v-60ah-sl\/#primaryimage\",\"url\":\"https:\/\/outdoorcells.com\/wp-content\/uploads\/2023\/04\/Outdoorbox-Solar-Recharge-14.6V-60AH-product-scaled.jpg\",\"contentUrl\":\"https:\/\/outdoorcells.com\/wp-content\/uploads\/2023\/04\/Outdoorbox-Solar-Recharge-14.6V-60AH-product-scaled.jpg\",\"width\":2560,\"height\":2560,\"caption\":\"outdoorbox lithium solar\"},{\"@type\":\"BreadcrumbList\",\"@id\":\"https:\/\/outdoorcells.com\/product\/outdoorbox-lithium-14-6v-60ah-sl\/#breadcrumb\",\"itemListElement\":[{\"@type\":\"ListItem\",\"position\":1,\"name\":\"Home\",\"item\":\"https:\/\/outdoorcells.com\/\"},{\"@type\":\"ListItem\",\"position\":2,\"name\":\"shop\",\"item\":\"https:\/\/outdoorcells.com\/lithium-accu-koffer\/\"},{\"@type\":\"ListItem\",\"position\":3,\"name\":\"Outdoorbox 4S SOLAR 14.6V 60AH\"}]},{\"@type\":\"WebSite\",\"@id\":\"https:\/\/outdoorcells.com\/#website\",\"url\":\"https:\/\/outdoorcells.com\/\",\"name\":\"Outdoorcells.com\",\"description\":\"\",\"publisher\":{\"@id\":\"https:\/\/outdoorcells.com\/#organization\"},\"potentialAction\":[{\"@type\":\"SearchAction\",\"target\":{\"@type\":\"EntryPoint\",\"urlTemplate\":\"https:\/\/outdoorcells.com\/?s={search_term_string}\"},\"query-input\":\"required name=search_term_string\"}],\"inLanguage\":\"de\"},{\"@type\":\"Organization\",\"@id\":\"https:\/\/outdoorcells.com\/#organization\",\"name\":\"OutdoorCells\",\"url\":\"https:\/\/outdoorcells.com\/\",\"logo\":{\"@type\":\"ImageObject\",\"inLanguage\":\"de\",\"@id\":\"https:\/\/outdoorcells.com\/#\/schema\/logo\/image\/\",\"url\":\"https:\/\/outdoorcells.com\/wp-content\/uploads\/2023\/05\/cropped-favicon.png\",\"contentUrl\":\"https:\/\/outdoorcells.com\/wp-content\/uploads\/2023\/05\/cropped-favicon.png\",\"width\":512,\"height\":512,\"caption\":\"OutdoorCells\"},\"image\":{\"@id\":\"https:\/\/outdoorcells.com\/#\/schema\/logo\/image\/\"},\"sameAs\":[\"https:\/\/www.facebook.com\/outdoorcells\",\"https:\/\/x.com\/outdoorcells\",\"https:\/\/www.instagram.com\/voerbootaccu\/\",\"https:\/\/www.youtube.com\/channel\/UCUWu_rkM0a3qkngzpf7EkMg?view_as=subscriber\"]}]}<\/script>\n<!-- \/ Yoast SEO plugin. -->","yoast_head_json":{"title":"Outdoorbox Lithium Solar | Bluetooth | Outdoorcells.com","description":"Outdoor-Box Solar mit eingebautem mppt. Unendliche Energie \u00fcberall durch 4s Li-Ionen-Akku mit 876Wh. Geeignet f\u00fcr 220W Solarpanel. Leicht und leistungsstark","robots":{"index":"index","follow":"follow","max-snippet":"max-snippet:-1","max-image-preview":"max-image-preview:large","max-video-preview":"max-video-preview:-1"},"canonical":"https:\/\/outdoorcells.com\/de\/product\/outdoorbox-lithium-14-6v-60ah-sl\/","og_locale":"de_DE","og_type":"article","og_title":"Outdoorbox Lithium Solar | Bluetooth | Outdoorcells.com","og_description":"Outdoorbox Lithium Solar met ingebouwde mppt. Oneindig energie door 4s li-ion accu met 876Wh. Geschikt voor 220W zonnepaneel. Lichtgewicht en krachtig","og_url":"https:\/\/outdoorcells.com\/de\/product\/outdoorbox-lithium-14-6v-60ah-sl\/","article_publisher":"https:\/\/www.facebook.com\/outdoorcells","article_modified_time":"2024-05-22T07:55:59+00:00","og_image":[{"width":2560,"height":2560,"url":"https:\/\/outdoorcells.com\/wp-content\/uploads\/2023\/04\/Outdoorbox-Solar-Recharge-14.6V-60AH-product-scaled.jpg","type":"image\/jpeg"}],"twitter_card":"summary_large_image","twitter_site":"@outdoorcells","twitter_misc":{"Gesch\u00e4tzte Lesezeit":"2\u00a0Minuten"},"schema":{"@context":"https:\/\/schema.org","@graph":[{"@type":"WebPage","@id":"https:\/\/outdoorcells.com\/product\/outdoorbox-lithium-14-6v-60ah-sl\/","url":"https:\/\/outdoorcells.com\/product\/outdoorbox-lithium-14-6v-60ah-sl\/","name":"Outdoorbox Lithium Solar | Bluetooth | Outdoorcells.com","isPartOf":{"@id":"https:\/\/outdoorcells.com\/#website"},"primaryImageOfPage":{"@id":"https:\/\/outdoorcells.com\/product\/outdoorbox-lithium-14-6v-60ah-sl\/#primaryimage"},"image":{"@id":"https:\/\/outdoorcells.com\/product\/outdoorbox-lithium-14-6v-60ah-sl\/#primaryimage"},"thumbnailUrl":"https:\/\/outdoorcells.com\/wp-content\/uploads\/2023\/04\/Outdoorbox-Solar-Recharge-14.6V-60AH-product-scaled.jpg","datePublished":"2023-04-24T11:24:41+00:00","dateModified":"2024-05-22T07:55:59+00:00","description":"Outdoor-Box Solar mit eingebautem mppt. Unendliche Energie \u00fcberall durch 4s Li-Ionen-Akku mit 876Wh. Geeignet f\u00fcr 220W Solarpanel. Leicht und leistungsstark","breadcrumb":{"@id":"https:\/\/outdoorcells.com\/product\/outdoorbox-lithium-14-6v-60ah-sl\/#breadcrumb"},"inLanguage":"de","potentialAction":[{"@type":"ReadAction","target":["https:\/\/outdoorcells.com\/product\/outdoorbox-lithium-14-6v-60ah-sl\/"]}]},{"@type":"ImageObject","inLanguage":"de","@id":"https:\/\/outdoorcells.com\/product\/outdoorbox-lithium-14-6v-60ah-sl\/#primaryimage","url":"https:\/\/outdoorcells.com\/wp-content\/uploads\/2023\/04\/Outdoorbox-Solar-Recharge-14.6V-60AH-product-scaled.jpg","contentUrl":"https:\/\/outdoorcells.com\/wp-content\/uploads\/2023\/04\/Outdoorbox-Solar-Recharge-14.6V-60AH-product-scaled.jpg","width":2560,"height":2560,"caption":"outdoorbox lithium solar"},{"@type":"BreadcrumbList","@id":"https:\/\/outdoorcells.com\/product\/outdoorbox-lithium-14-6v-60ah-sl\/#breadcrumb","itemListElement":[{"@type":"ListItem","position":1,"name":"Home","item":"https:\/\/outdoorcells.com\/"},{"@type":"ListItem","position":2,"name":"shop","item":"https:\/\/outdoorcells.com\/lithium-accu-koffer\/"},{"@type":"ListItem","position":3,"name":"Outdoorbox 4S SOLAR 14.6V 60AH"}]},{"@type":"WebSite","@id":"https:\/\/outdoorcells.com\/#website","url":"https:\/\/outdoorcells.com\/","name":"Outdoorcells.com","description":"","publisher":{"@id":"https:\/\/outdoorcells.com\/#organization"},"potentialAction":[{"@type":"SearchAction","target":{"@type":"EntryPoint","urlTemplate":"https:\/\/outdoorcells.com\/?s={search_term_string}"},"query-input":"required name=search_term_string"}],"inLanguage":"de"},{"@type":"Organization","@id":"https:\/\/outdoorcells.com\/#organization","name":"OutdoorCells","url":"https:\/\/outdoorcells.com\/","logo":{"@type":"ImageObject","inLanguage":"de","@id":"https:\/\/outdoorcells.com\/#\/schema\/logo\/image\/","url":"https:\/\/outdoorcells.com\/wp-content\/uploads\/2023\/05\/cropped-favicon.png","contentUrl":"https:\/\/outdoorcells.com\/wp-content\/uploads\/2023\/05\/cropped-favicon.png","width":512,"height":512,"caption":"OutdoorCells"},"image":{"@id":"https:\/\/outdoorcells.com\/#\/schema\/logo\/image\/"},"sameAs":["https:\/\/www.facebook.com\/outdoorcells","https:\/\/x.com\/outdoorcells","https:\/\/www.instagram.com\/voerbootaccu\/","https:\/\/www.youtube.com\/channel\/UCUWu_rkM0a3qkngzpf7EkMg?view_as=subscriber"]}]}},"_links":{"self":[{"href":"https:\/\/outdoorcells.com\/de\/wp-json\/wp\/v2\/product\/6225"}],"collection":[{"href":"https:\/\/outdoorcells.com\/de\/wp-json\/wp\/v2\/product"}],"about":[{"href":"https:\/\/outdoorcells.com\/de\/wp-json\/wp\/v2\/types\/product"}],"wp:featuredmedia":[{"embeddable":true,"href":"https:\/\/outdoorcells.com\/de\/wp-json\/wp\/v2\/media\/6287"}],"wp:attachment":[{"href":"https:\/\/outdoorcells.com\/de\/wp-json\/wp\/v2\/media?parent=6225"}],"wp:term":[{"taxonomy":"product_cat","embeddable":true,"href":"https:\/\/outdoorcells.com\/de\/wp-json\/wp\/v2\/product_cat?post=6225"},{"taxonomy":"product_tag","embeddable":true,"href":"https:\/\/outdoorcells.com\/de\/wp-json\/wp\/v2\/product_tag?post=6225"}],"curies":[{"name":"wp","href":"https:\/\/api.w.org\/{rel}","templated":true}]}}