{"id":6172,"date":"2023-02-25T12:00:43","date_gmt":"2023-02-25T11:00:43","guid":{"rendered":"https:\/\/outdoorcells.com\/?post_type=product&#038;p=6172"},"modified":"2023-11-21T19:34:37","modified_gmt":"2023-11-21T18:34:37","slug":"lader-outdoorbox-12-6v-5a-sbs-mini-zwart","status":"publish","type":"product","link":"https:\/\/outdoorcells.com\/de\/product\/lader-outdoorbox-12-6v-5a-sbs-mini-zwart\/","title":{"rendered":"LADEGER\u00c4T OUTDOORBOX 12.6V 5A SBS MINI SCHWARZ"},"content":{"rendered":"<h2 class=\"uppercase\">LADEGER\u00c4T LITHIUM 5A<\/h2>\n<p>Ladeger\u00e4t Outdoorbox Mini 5A f\u00fcr 3S Lithium-Ionen-Akkus. Maximale Ladespannung CC~CV 12,6V. Geeignet f\u00fcr Outdoorbox Mini und Mini Case 24Ah bis 48Ah. Ausgestattet mit SBS-Mini Anderson Stecker. Bel\u00fcftetes Design f\u00fcr optimalen und k\u00fchlen Betrieb.<\/p>\n<ul>\n<li>CE-zertifiziert<\/li>\n<li>RoHS-zertifiziert<\/li>\n<li>AC~DC Ladeger\u00e4t 3S 12.6 Volt li-ion<\/li>\n<\/ul>\n<h3 class=\"uppercase\">WARUM BRAUCHE ICH EIN SPEZIELLES LITHIUM-LADEGER\u00c4T?<\/h3>\n<p>Ein Lithium-Ladeger\u00e4t sorgt daf\u00fcr, dass Ihre Batterie vollst\u00e4ndig und pr\u00e4zise geladen wird. Zugleich sch\u00fctzt das Ladeger\u00e4t vor \u00dcberladung. Da ein Lithium-Batterieladeger\u00e4t \u00fcber eine kontinuierliche Spannung und einen kontinuierlichen Strom verf\u00fcgt, werden die Lithiumzellen besser ausbalanciert und Ihre Batterie h\u00e4lt um ein Vielfaches l\u00e4nger. Ein Lithium-Ladeger\u00e4t startet und stoppt den Ladevorgang vollautomatisch. Wenn die Batterie voll ist, schaltet sich das Ladeger\u00e4t ab. Mit diesem Lithium-Ladeger\u00e4t k\u00f6nnen Sie Ihre Lithium-Batterie immer nachladen, auch wenn sie noch nicht leer ist.<\/p>\n<h3 class=\"uppercase\">LADEGER\u00c4T OUTDOORBOX 5A<\/h3>\n<p>Dieses Lithium-Ladeger\u00e4t verf\u00fcgt \u00fcber einen SBS Mini-Anderson-Stecker, genau wie unsere Outdoorbox Mini mit 12Volt. Es m\u00fcssen also keine Stecker montiert werden, da das Ladeger\u00e4t voll Plug&amp;Play ist! Die originalen anderson SBS-Mini-Stecker am Ladeger\u00e4t und an der Outdoorbox Mini sind zudem leistungsf\u00e4higer als nachgemachte Stecker und halten um ein Vielfaches l\u00e4nger! Geeignet f\u00fcr Outdoorbox Mini Serie 24AH bis 48Ah und Outdoorcells und 12v-18AH Futterboot Akkus<\/p>\n<h3 class=\"uppercase\">Wussten Sie schon...<\/h3>\n<p>Sie k\u00f6nnen jetzt die Batterien Ihres Futterboot oder Ihres Mini-Case am Wasser aufladen? Mit dem neuen <span style=\"color: #00ff00;\"><strong><a style=\"color: #00ff00;\" href=\"https:\/\/outdoorcells.com\/de\/product\/inverter-outdoorbox-single-12vdc-230vac-300watt\/\">Wechselrichter Outdoorbox<\/a><\/strong><\/span> k\u00f6nnen Sie alle Batterien aufladen, wo immer Sie wollen! Das Ladeger\u00e4t f\u00fcr die Outdoorbox Mini 3A wird einfach an den Wechselrichter angeschlossen und l\u00e4dt Ihre Futterboot-Batterie wie zu Hause an der Steckdose auf.<\/p>","protected":false},"excerpt":{"rendered":"<p>LADER LITHIUM 5A Lader Outdoorbox Mini 5A voor 3S Lithium-ion accu\u2019s. Maximale laadspanning CC~CV 12.6V. Geschikt voor Outdoorbox Mini en Mini Case 24Ah tot 48Ah. Uitgerust met SBS-Mini Anderson Stekker. Geventileerd ontwerp voor optimale en koele werking. CE Gecertificeerd RoHS Gecertifceerd AC~DC Lader 3S 12.6 Volt li-ion WAAROM HEB IK EEN SPECIALE LITHIUM LADER NODIG? [&#8230;]\n","protected":false},"featured_media":5957,"template":"","meta":[],"product_cat":[217],"product_tag":[],"yoast_head":"<!-- This site is optimized with the Yoast SEO plugin v23.3 - https:\/\/yoast.com\/wordpress\/plugins\/seo\/ -->\n<title>Lader Outdoorbox Mini 5A | Outdoorcells.com<\/title>\n<meta name=\"description\" content=\"Lader voor Outdoorbox Mini 5A. Geschikt voor de Lithium outdoorbox mini 24AH tot 48Ah. Voorzien van juiste Anderson SBSmini stekker.\" \/>\n<meta name=\"robots\" content=\"index, follow, max-snippet:-1, max-image-preview:large, max-video-preview:-1\" \/>\n<link rel=\"canonical\" href=\"https:\/\/outdoorcells.com\/de\/product\/lader-outdoorbox-12-6v-5a-sbs-mini-zwart\/\" \/>\n<meta property=\"og:locale\" content=\"de_DE\" \/>\n<meta property=\"og:type\" content=\"article\" \/>\n<meta property=\"og:title\" content=\"Lader Outdoorbox Mini 5A | Outdoorcells.com\" \/>\n<meta property=\"og:description\" content=\"Lader voor Outdoorbox Mini 5A. Geschikt voor de Lithium outdoorbox mini 24AH tot 48Ah. Voorzien van juiste Anderson SBSmini stekker.\" \/>\n<meta property=\"og:url\" content=\"https:\/\/outdoorcells.com\/de\/product\/lader-outdoorbox-12-6v-5a-sbs-mini-zwart\/\" \/>\n<meta property=\"article:publisher\" content=\"https:\/\/www.facebook.com\/outdoorcells\" \/>\n<meta property=\"article:modified_time\" content=\"2023-11-21T18:34:37+00:00\" \/>\n<meta property=\"og:image\" content=\"https:\/\/outdoorcells.com\/wp-content\/uploads\/2019\/12\/lader-outdoorbox-mini.jpg\" \/>\n\t<meta property=\"og:image:width\" content=\"1100\" \/>\n\t<meta property=\"og:image:height\" content=\"1100\" \/>\n\t<meta property=\"og:image:type\" content=\"image\/jpeg\" \/>\n<meta name=\"twitter:card\" content=\"summary_large_image\" \/>\n<meta name=\"twitter:site\" content=\"@outdoorcells\" \/>\n<meta name=\"twitter:label1\" content=\"Gesch\u00e4tzte Lesezeit\" \/>\n\t<meta name=\"twitter:data1\" content=\"1\u00a0Minute\" \/>\n<script type=\"application\/ld+json\" class=\"yoast-schema-graph\">{\"@context\":\"https:\/\/schema.org\",\"@graph\":[{\"@type\":\"WebPage\",\"@id\":\"https:\/\/outdoorcells.com\/product\/lader-outdoorbox-12-6v-5a-sbs-mini-zwart\/\",\"url\":\"https:\/\/outdoorcells.com\/product\/lader-outdoorbox-12-6v-5a-sbs-mini-zwart\/\",\"name\":\"Lader Outdoorbox Mini 5A | Outdoorcells.com\",\"isPartOf\":{\"@id\":\"https:\/\/outdoorcells.com\/#website\"},\"primaryImageOfPage\":{\"@id\":\"https:\/\/outdoorcells.com\/product\/lader-outdoorbox-12-6v-5a-sbs-mini-zwart\/#primaryimage\"},\"image\":{\"@id\":\"https:\/\/outdoorcells.com\/product\/lader-outdoorbox-12-6v-5a-sbs-mini-zwart\/#primaryimage\"},\"thumbnailUrl\":\"https:\/\/outdoorcells.com\/wp-content\/uploads\/2019\/12\/lader-outdoorbox-mini.jpg\",\"datePublished\":\"2023-02-25T11:00:43+00:00\",\"dateModified\":\"2023-11-21T18:34:37+00:00\",\"description\":\"Lader voor Outdoorbox Mini 5A. Geschikt voor de Lithium outdoorbox mini 24AH tot 48Ah. Voorzien van juiste Anderson SBSmini stekker.\",\"breadcrumb\":{\"@id\":\"https:\/\/outdoorcells.com\/product\/lader-outdoorbox-12-6v-5a-sbs-mini-zwart\/#breadcrumb\"},\"inLanguage\":\"de\",\"potentialAction\":[{\"@type\":\"ReadAction\",\"target\":[\"https:\/\/outdoorcells.com\/product\/lader-outdoorbox-12-6v-5a-sbs-mini-zwart\/\"]}]},{\"@type\":\"ImageObject\",\"inLanguage\":\"de\",\"@id\":\"https:\/\/outdoorcells.com\/product\/lader-outdoorbox-12-6v-5a-sbs-mini-zwart\/#primaryimage\",\"url\":\"https:\/\/outdoorcells.com\/wp-content\/uploads\/2019\/12\/lader-outdoorbox-mini.jpg\",\"contentUrl\":\"https:\/\/outdoorcells.com\/wp-content\/uploads\/2019\/12\/lader-outdoorbox-mini.jpg\",\"width\":1100,\"height\":1100,\"caption\":\"lader outdoorbox mini 3a\"},{\"@type\":\"BreadcrumbList\",\"@id\":\"https:\/\/outdoorcells.com\/product\/lader-outdoorbox-12-6v-5a-sbs-mini-zwart\/#breadcrumb\",\"itemListElement\":[{\"@type\":\"ListItem\",\"position\":1,\"name\":\"Home\",\"item\":\"https:\/\/outdoorcells.com\/\"},{\"@type\":\"ListItem\",\"position\":2,\"name\":\"shop\",\"item\":\"https:\/\/outdoorcells.com\/lithium-accu-koffer\/\"},{\"@type\":\"ListItem\",\"position\":3,\"name\":\"LADER OUTDOORBOX 12.6V 5A SBS MINI ZWART\"}]},{\"@type\":\"WebSite\",\"@id\":\"https:\/\/outdoorcells.com\/#website\",\"url\":\"https:\/\/outdoorcells.com\/\",\"name\":\"Outdoorcells.com\",\"description\":\"\",\"publisher\":{\"@id\":\"https:\/\/outdoorcells.com\/#organization\"},\"potentialAction\":[{\"@type\":\"SearchAction\",\"target\":{\"@type\":\"EntryPoint\",\"urlTemplate\":\"https:\/\/outdoorcells.com\/?s={search_term_string}\"},\"query-input\":\"required name=search_term_string\"}],\"inLanguage\":\"de\"},{\"@type\":\"Organization\",\"@id\":\"https:\/\/outdoorcells.com\/#organization\",\"name\":\"OutdoorCells\",\"url\":\"https:\/\/outdoorcells.com\/\",\"logo\":{\"@type\":\"ImageObject\",\"inLanguage\":\"de\",\"@id\":\"https:\/\/outdoorcells.com\/#\/schema\/logo\/image\/\",\"url\":\"https:\/\/outdoorcells.com\/wp-content\/uploads\/2023\/05\/cropped-favicon.png\",\"contentUrl\":\"https:\/\/outdoorcells.com\/wp-content\/uploads\/2023\/05\/cropped-favicon.png\",\"width\":512,\"height\":512,\"caption\":\"OutdoorCells\"},\"image\":{\"@id\":\"https:\/\/outdoorcells.com\/#\/schema\/logo\/image\/\"},\"sameAs\":[\"https:\/\/www.facebook.com\/outdoorcells\",\"https:\/\/x.com\/outdoorcells\",\"https:\/\/www.instagram.com\/voerbootaccu\/\",\"https:\/\/www.youtube.com\/channel\/UCUWu_rkM0a3qkngzpf7EkMg?view_as=subscriber\"]}]}<\/script>\n<!-- \/ Yoast SEO plugin. -->","yoast_head_json":{"title":"Ladeger\u00e4t Outdoorbox Mini 5A | Outdoorcells.com","description":"Ladeger\u00e4t f\u00fcr Outdoorbox Mini 5A. Geeignet f\u00fcr die Lithium Outdoorbox Mini 24AH bis 48Ah. Ausgestattet mit dem richtigen Anderson SBSmini Stecker.","robots":{"index":"index","follow":"follow","max-snippet":"max-snippet:-1","max-image-preview":"max-image-preview:large","max-video-preview":"max-video-preview:-1"},"canonical":"https:\/\/outdoorcells.com\/de\/product\/lader-outdoorbox-12-6v-5a-sbs-mini-zwart\/","og_locale":"de_DE","og_type":"article","og_title":"Lader Outdoorbox Mini 5A | Outdoorcells.com","og_description":"Lader voor Outdoorbox Mini 5A. Geschikt voor de Lithium outdoorbox mini 24AH tot 48Ah. Voorzien van juiste Anderson SBSmini stekker.","og_url":"https:\/\/outdoorcells.com\/de\/product\/lader-outdoorbox-12-6v-5a-sbs-mini-zwart\/","article_publisher":"https:\/\/www.facebook.com\/outdoorcells","article_modified_time":"2023-11-21T18:34:37+00:00","og_image":[{"width":1100,"height":1100,"url":"https:\/\/outdoorcells.com\/wp-content\/uploads\/2019\/12\/lader-outdoorbox-mini.jpg","type":"image\/jpeg"}],"twitter_card":"summary_large_image","twitter_site":"@outdoorcells","twitter_misc":{"Gesch\u00e4tzte Lesezeit":"1\u00a0Minute"},"schema":{"@context":"https:\/\/schema.org","@graph":[{"@type":"WebPage","@id":"https:\/\/outdoorcells.com\/product\/lader-outdoorbox-12-6v-5a-sbs-mini-zwart\/","url":"https:\/\/outdoorcells.com\/product\/lader-outdoorbox-12-6v-5a-sbs-mini-zwart\/","name":"Ladeger\u00e4t Outdoorbox Mini 5A | Outdoorcells.com","isPartOf":{"@id":"https:\/\/outdoorcells.com\/#website"},"primaryImageOfPage":{"@id":"https:\/\/outdoorcells.com\/product\/lader-outdoorbox-12-6v-5a-sbs-mini-zwart\/#primaryimage"},"image":{"@id":"https:\/\/outdoorcells.com\/product\/lader-outdoorbox-12-6v-5a-sbs-mini-zwart\/#primaryimage"},"thumbnailUrl":"https:\/\/outdoorcells.com\/wp-content\/uploads\/2019\/12\/lader-outdoorbox-mini.jpg","datePublished":"2023-02-25T11:00:43+00:00","dateModified":"2023-11-21T18:34:37+00:00","description":"Ladeger\u00e4t f\u00fcr Outdoorbox Mini 5A. Geeignet f\u00fcr die Lithium Outdoorbox Mini 24AH bis 48Ah. Ausgestattet mit dem richtigen Anderson SBSmini Stecker.","breadcrumb":{"@id":"https:\/\/outdoorcells.com\/product\/lader-outdoorbox-12-6v-5a-sbs-mini-zwart\/#breadcrumb"},"inLanguage":"de","potentialAction":[{"@type":"ReadAction","target":["https:\/\/outdoorcells.com\/product\/lader-outdoorbox-12-6v-5a-sbs-mini-zwart\/"]}]},{"@type":"ImageObject","inLanguage":"de","@id":"https:\/\/outdoorcells.com\/product\/lader-outdoorbox-12-6v-5a-sbs-mini-zwart\/#primaryimage","url":"https:\/\/outdoorcells.com\/wp-content\/uploads\/2019\/12\/lader-outdoorbox-mini.jpg","contentUrl":"https:\/\/outdoorcells.com\/wp-content\/uploads\/2019\/12\/lader-outdoorbox-mini.jpg","width":1100,"height":1100,"caption":"lader outdoorbox mini 3a"},{"@type":"BreadcrumbList","@id":"https:\/\/outdoorcells.com\/product\/lader-outdoorbox-12-6v-5a-sbs-mini-zwart\/#breadcrumb","itemListElement":[{"@type":"ListItem","position":1,"name":"Home","item":"https:\/\/outdoorcells.com\/"},{"@type":"ListItem","position":2,"name":"shop","item":"https:\/\/outdoorcells.com\/lithium-accu-koffer\/"},{"@type":"ListItem","position":3,"name":"LADER OUTDOORBOX 12.6V 5A SBS MINI ZWART"}]},{"@type":"WebSite","@id":"https:\/\/outdoorcells.com\/#website","url":"https:\/\/outdoorcells.com\/","name":"Outdoorcells.com","description":"","publisher":{"@id":"https:\/\/outdoorcells.com\/#organization"},"potentialAction":[{"@type":"SearchAction","target":{"@type":"EntryPoint","urlTemplate":"https:\/\/outdoorcells.com\/?s={search_term_string}"},"query-input":"required name=search_term_string"}],"inLanguage":"de"},{"@type":"Organization","@id":"https:\/\/outdoorcells.com\/#organization","name":"OutdoorCells","url":"https:\/\/outdoorcells.com\/","logo":{"@type":"ImageObject","inLanguage":"de","@id":"https:\/\/outdoorcells.com\/#\/schema\/logo\/image\/","url":"https:\/\/outdoorcells.com\/wp-content\/uploads\/2023\/05\/cropped-favicon.png","contentUrl":"https:\/\/outdoorcells.com\/wp-content\/uploads\/2023\/05\/cropped-favicon.png","width":512,"height":512,"caption":"OutdoorCells"},"image":{"@id":"https:\/\/outdoorcells.com\/#\/schema\/logo\/image\/"},"sameAs":["https:\/\/www.facebook.com\/outdoorcells","https:\/\/x.com\/outdoorcells","https:\/\/www.instagram.com\/voerbootaccu\/","https:\/\/www.youtube.com\/channel\/UCUWu_rkM0a3qkngzpf7EkMg?view_as=subscriber"]}]}},"_links":{"self":[{"href":"https:\/\/outdoorcells.com\/de\/wp-json\/wp\/v2\/product\/6172"}],"collection":[{"href":"https:\/\/outdoorcells.com\/de\/wp-json\/wp\/v2\/product"}],"about":[{"href":"https:\/\/outdoorcells.com\/de\/wp-json\/wp\/v2\/types\/product"}],"wp:featuredmedia":[{"embeddable":true,"href":"https:\/\/outdoorcells.com\/de\/wp-json\/wp\/v2\/media\/5957"}],"wp:attachment":[{"href":"https:\/\/outdoorcells.com\/de\/wp-json\/wp\/v2\/media?parent=6172"}],"wp:term":[{"taxonomy":"product_cat","embeddable":true,"href":"https:\/\/outdoorcells.com\/de\/wp-json\/wp\/v2\/product_cat?post=6172"},{"taxonomy":"product_tag","embeddable":true,"href":"https:\/\/outdoorcells.com\/de\/wp-json\/wp\/v2\/product_tag?post=6172"}],"curies":[{"name":"wp","href":"https:\/\/api.w.org\/{rel}","templated":true}]}}