{"id":6017,"date":"2022-12-21T12:14:53","date_gmt":"2022-12-21T11:14:53","guid":{"rendered":"https:\/\/outdoorcells.com\/?post_type=product&#038;p=6017"},"modified":"2025-02-14T14:36:16","modified_gmt":"2025-02-14T13:36:16","slug":"bridge-cable-battery-solar-outdoorbox","status":"publish","type":"product","link":"https:\/\/outdoorcells.com\/de\/product\/bridge-cable-battery-solar-outdoorbox\/","title":{"rendered":"BR\u00dcCKENKABEL BATTERIE&gt; SOLAR OUTDOOR BOX"},"content":{"rendered":"<p>Dieses Br\u00fcckenkabel verbindet einen Au\u00dfenkastensockel kompakt mit der Solarbox. Ausgestattet mit blauem und schwarzem Anderson-Stecker und Heavy Duty Kabel mit Schutz.<\/p>","protected":false},"excerpt":{"rendered":"<p>Dieses Br\u00fcckenkabel verbindet einen Au\u00dfenkastensockel kompakt mit der Solarbox. Ausgestattet mit blauem und schwarzem Anderson-Stecker und Heavy Duty Kabel mit Schutz.<\/p>","protected":false},"featured_media":6018,"template":"","meta":[],"product_cat":[144],"product_tag":[],"yoast_head":"<!-- This site is optimized with the Yoast SEO plugin v23.3 - https:\/\/yoast.com\/wordpress\/plugins\/seo\/ -->\n<title>Solar Outdoorbox Kabel | Outdoorcells.com<\/title>\n<meta name=\"description\" content=\"Bridge cable outdoorbox solar. Koppel je lithium accu outdoorbox veilig en snel met deze heavy duty kabel aan de solar outdoorbox.\" \/>\n<meta name=\"robots\" content=\"index, follow, max-snippet:-1, max-image-preview:large, max-video-preview:-1\" \/>\n<link rel=\"canonical\" href=\"https:\/\/outdoorcells.com\/de\/product\/bridge-cable-battery-solar-outdoorbox\/\" \/>\n<meta property=\"og:locale\" content=\"de_DE\" \/>\n<meta property=\"og:type\" content=\"article\" \/>\n<meta property=\"og:title\" content=\"Solar Outdoorbox Kabel | Outdoorcells.com\" \/>\n<meta property=\"og:description\" content=\"Bridge cable outdoorbox solar. Koppel je lithium accu outdoorbox veilig en snel met deze heavy duty kabel aan de solar outdoorbox.\" \/>\n<meta property=\"og:url\" content=\"https:\/\/outdoorcells.com\/de\/product\/bridge-cable-battery-solar-outdoorbox\/\" \/>\n<meta property=\"article:publisher\" content=\"https:\/\/www.facebook.com\/outdoorcells\" \/>\n<meta property=\"article:modified_time\" content=\"2025-02-14T13:36:16+00:00\" \/>\n<meta property=\"og:image\" content=\"https:\/\/outdoorcells.com\/wp-content\/uploads\/2022\/12\/Kabel-harnas-AccuSolarbox.jpg\" \/>\n\t<meta property=\"og:image:width\" content=\"2200\" \/>\n\t<meta property=\"og:image:height\" content=\"2200\" \/>\n\t<meta property=\"og:image:type\" content=\"image\/jpeg\" \/>\n<meta name=\"twitter:card\" content=\"summary_large_image\" \/>\n<meta name=\"twitter:site\" content=\"@outdoorcells\" \/>\n<script type=\"application\/ld+json\" class=\"yoast-schema-graph\">{\"@context\":\"https:\/\/schema.org\",\"@graph\":[{\"@type\":\"WebPage\",\"@id\":\"https:\/\/outdoorcells.com\/product\/bridge-cable-battery-solar-outdoorbox\/\",\"url\":\"https:\/\/outdoorcells.com\/product\/bridge-cable-battery-solar-outdoorbox\/\",\"name\":\"Solar Outdoorbox Kabel | Outdoorcells.com\",\"isPartOf\":{\"@id\":\"https:\/\/outdoorcells.com\/#website\"},\"primaryImageOfPage\":{\"@id\":\"https:\/\/outdoorcells.com\/product\/bridge-cable-battery-solar-outdoorbox\/#primaryimage\"},\"image\":{\"@id\":\"https:\/\/outdoorcells.com\/product\/bridge-cable-battery-solar-outdoorbox\/#primaryimage\"},\"thumbnailUrl\":\"https:\/\/outdoorcells.com\/wp-content\/uploads\/2022\/12\/Kabel-harnas-AccuSolarbox.jpg\",\"datePublished\":\"2022-12-21T11:14:53+00:00\",\"dateModified\":\"2025-02-14T13:36:16+00:00\",\"description\":\"Bridge cable outdoorbox solar. Koppel je lithium accu outdoorbox veilig en snel met deze heavy duty kabel aan de solar outdoorbox.\",\"breadcrumb\":{\"@id\":\"https:\/\/outdoorcells.com\/product\/bridge-cable-battery-solar-outdoorbox\/#breadcrumb\"},\"inLanguage\":\"de\",\"potentialAction\":[{\"@type\":\"ReadAction\",\"target\":[\"https:\/\/outdoorcells.com\/product\/bridge-cable-battery-solar-outdoorbox\/\"]}]},{\"@type\":\"ImageObject\",\"inLanguage\":\"de\",\"@id\":\"https:\/\/outdoorcells.com\/product\/bridge-cable-battery-solar-outdoorbox\/#primaryimage\",\"url\":\"https:\/\/outdoorcells.com\/wp-content\/uploads\/2022\/12\/Kabel-harnas-AccuSolarbox.jpg\",\"contentUrl\":\"https:\/\/outdoorcells.com\/wp-content\/uploads\/2022\/12\/Kabel-harnas-AccuSolarbox.jpg\",\"width\":2200,\"height\":2200,\"caption\":\"kabel solar outdoorbox\"},{\"@type\":\"BreadcrumbList\",\"@id\":\"https:\/\/outdoorcells.com\/product\/bridge-cable-battery-solar-outdoorbox\/#breadcrumb\",\"itemListElement\":[{\"@type\":\"ListItem\",\"position\":1,\"name\":\"Home\",\"item\":\"https:\/\/outdoorcells.com\/\"},{\"@type\":\"ListItem\",\"position\":2,\"name\":\"shop\",\"item\":\"https:\/\/outdoorcells.com\/lithium-accu-koffer\/\"},{\"@type\":\"ListItem\",\"position\":3,\"name\":\"BRIDGE CABLE BATTERY> SOLAR OUTDOORBOX\"}]},{\"@type\":\"WebSite\",\"@id\":\"https:\/\/outdoorcells.com\/#website\",\"url\":\"https:\/\/outdoorcells.com\/\",\"name\":\"Outdoorcells.com\",\"description\":\"\",\"publisher\":{\"@id\":\"https:\/\/outdoorcells.com\/#organization\"},\"potentialAction\":[{\"@type\":\"SearchAction\",\"target\":{\"@type\":\"EntryPoint\",\"urlTemplate\":\"https:\/\/outdoorcells.com\/?s={search_term_string}\"},\"query-input\":\"required name=search_term_string\"}],\"inLanguage\":\"de\"},{\"@type\":\"Organization\",\"@id\":\"https:\/\/outdoorcells.com\/#organization\",\"name\":\"OutdoorCells\",\"url\":\"https:\/\/outdoorcells.com\/\",\"logo\":{\"@type\":\"ImageObject\",\"inLanguage\":\"de\",\"@id\":\"https:\/\/outdoorcells.com\/#\/schema\/logo\/image\/\",\"url\":\"https:\/\/outdoorcells.com\/wp-content\/uploads\/2023\/05\/cropped-favicon.png\",\"contentUrl\":\"https:\/\/outdoorcells.com\/wp-content\/uploads\/2023\/05\/cropped-favicon.png\",\"width\":512,\"height\":512,\"caption\":\"OutdoorCells\"},\"image\":{\"@id\":\"https:\/\/outdoorcells.com\/#\/schema\/logo\/image\/\"},\"sameAs\":[\"https:\/\/www.facebook.com\/outdoorcells\",\"https:\/\/x.com\/outdoorcells\",\"https:\/\/www.instagram.com\/voerbootaccu\/\",\"https:\/\/www.youtube.com\/channel\/UCUWu_rkM0a3qkngzpf7EkMg?view_as=subscriber\"]}]}<\/script>\n<!-- \/ Yoast SEO plugin. -->","yoast_head_json":{"title":"Solar Outdoorbox Kabel | Outdoorcells.com","description":"Br\u00fcckenkabel Outdoorbox Solar. Verbinden Sie Ihre Lithium-Batterie-Outdoorbox sicher und schnell mit diesem robusten Kabel mit der Solar-Outdoorbox.","robots":{"index":"index","follow":"follow","max-snippet":"max-snippet:-1","max-image-preview":"max-image-preview:large","max-video-preview":"max-video-preview:-1"},"canonical":"https:\/\/outdoorcells.com\/de\/product\/bridge-cable-battery-solar-outdoorbox\/","og_locale":"de_DE","og_type":"article","og_title":"Solar Outdoorbox Kabel | Outdoorcells.com","og_description":"Bridge cable outdoorbox solar. Koppel je lithium accu outdoorbox veilig en snel met deze heavy duty kabel aan de solar outdoorbox.","og_url":"https:\/\/outdoorcells.com\/de\/product\/bridge-cable-battery-solar-outdoorbox\/","article_publisher":"https:\/\/www.facebook.com\/outdoorcells","article_modified_time":"2025-02-14T13:36:16+00:00","og_image":[{"width":2200,"height":2200,"url":"https:\/\/outdoorcells.com\/wp-content\/uploads\/2022\/12\/Kabel-harnas-AccuSolarbox.jpg","type":"image\/jpeg"}],"twitter_card":"summary_large_image","twitter_site":"@outdoorcells","schema":{"@context":"https:\/\/schema.org","@graph":[{"@type":"WebPage","@id":"https:\/\/outdoorcells.com\/product\/bridge-cable-battery-solar-outdoorbox\/","url":"https:\/\/outdoorcells.com\/product\/bridge-cable-battery-solar-outdoorbox\/","name":"Solar Outdoorbox Kabel | Outdoorcells.com","isPartOf":{"@id":"https:\/\/outdoorcells.com\/#website"},"primaryImageOfPage":{"@id":"https:\/\/outdoorcells.com\/product\/bridge-cable-battery-solar-outdoorbox\/#primaryimage"},"image":{"@id":"https:\/\/outdoorcells.com\/product\/bridge-cable-battery-solar-outdoorbox\/#primaryimage"},"thumbnailUrl":"https:\/\/outdoorcells.com\/wp-content\/uploads\/2022\/12\/Kabel-harnas-AccuSolarbox.jpg","datePublished":"2022-12-21T11:14:53+00:00","dateModified":"2025-02-14T13:36:16+00:00","description":"Br\u00fcckenkabel Outdoorbox Solar. Verbinden Sie Ihre Lithium-Batterie-Outdoorbox sicher und schnell mit diesem robusten Kabel mit der Solar-Outdoorbox.","breadcrumb":{"@id":"https:\/\/outdoorcells.com\/product\/bridge-cable-battery-solar-outdoorbox\/#breadcrumb"},"inLanguage":"de","potentialAction":[{"@type":"ReadAction","target":["https:\/\/outdoorcells.com\/product\/bridge-cable-battery-solar-outdoorbox\/"]}]},{"@type":"ImageObject","inLanguage":"de","@id":"https:\/\/outdoorcells.com\/product\/bridge-cable-battery-solar-outdoorbox\/#primaryimage","url":"https:\/\/outdoorcells.com\/wp-content\/uploads\/2022\/12\/Kabel-harnas-AccuSolarbox.jpg","contentUrl":"https:\/\/outdoorcells.com\/wp-content\/uploads\/2022\/12\/Kabel-harnas-AccuSolarbox.jpg","width":2200,"height":2200,"caption":"kabel solar outdoorbox"},{"@type":"BreadcrumbList","@id":"https:\/\/outdoorcells.com\/product\/bridge-cable-battery-solar-outdoorbox\/#breadcrumb","itemListElement":[{"@type":"ListItem","position":1,"name":"Home","item":"https:\/\/outdoorcells.com\/"},{"@type":"ListItem","position":2,"name":"shop","item":"https:\/\/outdoorcells.com\/lithium-accu-koffer\/"},{"@type":"ListItem","position":3,"name":"BRIDGE CABLE BATTERY> SOLAR OUTDOORBOX"}]},{"@type":"WebSite","@id":"https:\/\/outdoorcells.com\/#website","url":"https:\/\/outdoorcells.com\/","name":"Outdoorcells.com","description":"","publisher":{"@id":"https:\/\/outdoorcells.com\/#organization"},"potentialAction":[{"@type":"SearchAction","target":{"@type":"EntryPoint","urlTemplate":"https:\/\/outdoorcells.com\/?s={search_term_string}"},"query-input":"required name=search_term_string"}],"inLanguage":"de"},{"@type":"Organization","@id":"https:\/\/outdoorcells.com\/#organization","name":"OutdoorCells","url":"https:\/\/outdoorcells.com\/","logo":{"@type":"ImageObject","inLanguage":"de","@id":"https:\/\/outdoorcells.com\/#\/schema\/logo\/image\/","url":"https:\/\/outdoorcells.com\/wp-content\/uploads\/2023\/05\/cropped-favicon.png","contentUrl":"https:\/\/outdoorcells.com\/wp-content\/uploads\/2023\/05\/cropped-favicon.png","width":512,"height":512,"caption":"OutdoorCells"},"image":{"@id":"https:\/\/outdoorcells.com\/#\/schema\/logo\/image\/"},"sameAs":["https:\/\/www.facebook.com\/outdoorcells","https:\/\/x.com\/outdoorcells","https:\/\/www.instagram.com\/voerbootaccu\/","https:\/\/www.youtube.com\/channel\/UCUWu_rkM0a3qkngzpf7EkMg?view_as=subscriber"]}]}},"_links":{"self":[{"href":"https:\/\/outdoorcells.com\/de\/wp-json\/wp\/v2\/product\/6017"}],"collection":[{"href":"https:\/\/outdoorcells.com\/de\/wp-json\/wp\/v2\/product"}],"about":[{"href":"https:\/\/outdoorcells.com\/de\/wp-json\/wp\/v2\/types\/product"}],"wp:featuredmedia":[{"embeddable":true,"href":"https:\/\/outdoorcells.com\/de\/wp-json\/wp\/v2\/media\/6018"}],"wp:attachment":[{"href":"https:\/\/outdoorcells.com\/de\/wp-json\/wp\/v2\/media?parent=6017"}],"wp:term":[{"taxonomy":"product_cat","embeddable":true,"href":"https:\/\/outdoorcells.com\/de\/wp-json\/wp\/v2\/product_cat?post=6017"},{"taxonomy":"product_tag","embeddable":true,"href":"https:\/\/outdoorcells.com\/de\/wp-json\/wp\/v2\/product_tag?post=6017"}],"curies":[{"name":"wp","href":"https:\/\/api.w.org\/{rel}","templated":true}]}}