{"id":6002,"date":"2022-12-16T12:45:15","date_gmt":"2022-12-16T11:45:15","guid":{"rendered":"https:\/\/outdoorcells.com\/?post_type=product&#038;p=6002"},"modified":"2023-11-21T19:33:25","modified_gmt":"2023-11-21T18:33:25","slug":"bridge-cable-battery-solar-inverter-outdoorbox","status":"publish","type":"product","link":"https:\/\/outdoorcells.com\/de\/product\/bridge-cable-battery-solar-inverter-outdoorbox\/","title":{"rendered":"BR\u00dcCKENKABEL BATTERIE&gt; SOLAR&gt; WECHSELRICHTER OUTDOOR-BOX"},"content":{"rendered":"<p>Dieses Outdoorbox-Kabel verbindet eine Outdoorbox Base Compact mit der Solarbox V2.0 und der Inverter Outdoorbox <strong><span style=\"color: #00ff00;\"><a style=\"color: #00ff00;\" href=\"https:\/\/outdoorcells.com\/de\/product\/inverter-outdoorbox-single-12vdc-230vac-300watt\/\">Single<\/a><\/span><\/strong> oder <span style=\"color: #00ff00;\"><strong><a style=\"color: #00ff00;\" href=\"https:\/\/outdoorcells.com\/de\/product\/inverter-outdoorbox-dual-12vdc-230vac-300watt\/\">Dual<\/a><\/strong><\/span>. Ausgestattet mit blauem, schwarzem und gelbem Anderson-Stecker und Heavy Duty Kabel mit Schutz. Wenn Sie eine Solarbox V2.0 und eine Inverter Outdoorbox gleichzeitig mit einer Lithium Outdoorbox verbinden m\u00f6chten, k\u00f6nnen Sie auch von der Solarenergie profitieren. Die Solarbox verf\u00fcgt \u00fcber einen Anschluss f\u00fcr ein Solarpanel, so dass Sie die Solarenergie in der Batterie speichern oder direkt durch den Anschluss von Ger\u00e4ten nutzen k\u00f6nnen. Die Farbcodierung macht das Koppeln super einfach<\/p>","protected":false},"excerpt":{"rendered":"<p>Met deze outdoorbox kabel koppel je een outdoorbox base compact met de Solarbox V2.0 en Inverter outdoorbox Single of Dual. Voorzien van Blauwe, zwarte en Gele Anderson stekker en Heavy Duty Kabel met bescherming. Wanneer je een Solarbox V2.0 en Inverter Outdoorbox tegelijkertijd wilt koppelen met een Lithium Outdoorbox kun je tevens profiteren van zonne- [&#8230;]\n","protected":false},"featured_media":6003,"template":"","meta":[],"product_cat":[144],"product_tag":[],"yoast_head":"<!-- This site is optimized with the Yoast SEO plugin v23.3 - https:\/\/yoast.com\/wordpress\/plugins\/seo\/ -->\n<title>Outdoorbox Kabel | Outdoorcells.com<\/title>\n<meta name=\"description\" content=\"Outdoorbox kabel. Voor het aansluiten van solarbox V2.0 en inverter outdoorbox. Heavy Duty kabel met bescherming tegen UV licht. Origineel Anderson\" \/>\n<meta name=\"robots\" content=\"index, follow, max-snippet:-1, max-image-preview:large, max-video-preview:-1\" \/>\n<link rel=\"canonical\" href=\"https:\/\/outdoorcells.com\/de\/product\/bridge-cable-battery-solar-inverter-outdoorbox\/\" \/>\n<meta property=\"og:locale\" content=\"de_DE\" \/>\n<meta property=\"og:type\" content=\"article\" \/>\n<meta property=\"og:title\" content=\"Outdoorbox Kabel | Outdoorcells.com\" \/>\n<meta property=\"og:description\" content=\"Outdoorbox kabel. Voor het aansluiten van solarbox V2.0 en inverter outdoorbox. Heavy Duty kabel met bescherming tegen UV licht. Origineel Anderson\" \/>\n<meta property=\"og:url\" content=\"https:\/\/outdoorcells.com\/de\/product\/bridge-cable-battery-solar-inverter-outdoorbox\/\" \/>\n<meta property=\"article:publisher\" content=\"https:\/\/www.facebook.com\/outdoorcells\" \/>\n<meta property=\"article:modified_time\" content=\"2023-11-21T18:33:25+00:00\" \/>\n<meta property=\"og:image\" content=\"https:\/\/outdoorcells.com\/wp-content\/uploads\/2022\/12\/Kabel-harnas-AccuSolarInverterbox.jpg\" \/>\n\t<meta property=\"og:image:width\" content=\"2200\" \/>\n\t<meta property=\"og:image:height\" content=\"2200\" \/>\n\t<meta property=\"og:image:type\" content=\"image\/jpeg\" \/>\n<meta name=\"twitter:card\" content=\"summary_large_image\" \/>\n<meta name=\"twitter:site\" content=\"@outdoorcells\" \/>\n<script type=\"application\/ld+json\" class=\"yoast-schema-graph\">{\"@context\":\"https:\/\/schema.org\",\"@graph\":[{\"@type\":\"WebPage\",\"@id\":\"https:\/\/outdoorcells.com\/product\/bridge-cable-battery-solar-inverter-outdoorbox\/\",\"url\":\"https:\/\/outdoorcells.com\/product\/bridge-cable-battery-solar-inverter-outdoorbox\/\",\"name\":\"Outdoorbox Kabel | Outdoorcells.com\",\"isPartOf\":{\"@id\":\"https:\/\/outdoorcells.com\/#website\"},\"primaryImageOfPage\":{\"@id\":\"https:\/\/outdoorcells.com\/product\/bridge-cable-battery-solar-inverter-outdoorbox\/#primaryimage\"},\"image\":{\"@id\":\"https:\/\/outdoorcells.com\/product\/bridge-cable-battery-solar-inverter-outdoorbox\/#primaryimage\"},\"thumbnailUrl\":\"https:\/\/outdoorcells.com\/wp-content\/uploads\/2022\/12\/Kabel-harnas-AccuSolarInverterbox.jpg\",\"datePublished\":\"2022-12-16T11:45:15+00:00\",\"dateModified\":\"2023-11-21T18:33:25+00:00\",\"description\":\"Outdoorbox kabel. Voor het aansluiten van solarbox V2.0 en inverter outdoorbox. Heavy Duty kabel met bescherming tegen UV licht. Origineel Anderson\",\"breadcrumb\":{\"@id\":\"https:\/\/outdoorcells.com\/product\/bridge-cable-battery-solar-inverter-outdoorbox\/#breadcrumb\"},\"inLanguage\":\"de\",\"potentialAction\":[{\"@type\":\"ReadAction\",\"target\":[\"https:\/\/outdoorcells.com\/product\/bridge-cable-battery-solar-inverter-outdoorbox\/\"]}]},{\"@type\":\"ImageObject\",\"inLanguage\":\"de\",\"@id\":\"https:\/\/outdoorcells.com\/product\/bridge-cable-battery-solar-inverter-outdoorbox\/#primaryimage\",\"url\":\"https:\/\/outdoorcells.com\/wp-content\/uploads\/2022\/12\/Kabel-harnas-AccuSolarInverterbox.jpg\",\"contentUrl\":\"https:\/\/outdoorcells.com\/wp-content\/uploads\/2022\/12\/Kabel-harnas-AccuSolarInverterbox.jpg\",\"width\":2200,\"height\":2200},{\"@type\":\"BreadcrumbList\",\"@id\":\"https:\/\/outdoorcells.com\/product\/bridge-cable-battery-solar-inverter-outdoorbox\/#breadcrumb\",\"itemListElement\":[{\"@type\":\"ListItem\",\"position\":1,\"name\":\"Home\",\"item\":\"https:\/\/outdoorcells.com\/\"},{\"@type\":\"ListItem\",\"position\":2,\"name\":\"shop\",\"item\":\"https:\/\/outdoorcells.com\/lithium-accu-koffer\/\"},{\"@type\":\"ListItem\",\"position\":3,\"name\":\"BRIDGE CABLE BATTERY> SOLAR> INVERTER OUTDOORBOX\"}]},{\"@type\":\"WebSite\",\"@id\":\"https:\/\/outdoorcells.com\/#website\",\"url\":\"https:\/\/outdoorcells.com\/\",\"name\":\"Outdoorcells.com\",\"description\":\"\",\"publisher\":{\"@id\":\"https:\/\/outdoorcells.com\/#organization\"},\"potentialAction\":[{\"@type\":\"SearchAction\",\"target\":{\"@type\":\"EntryPoint\",\"urlTemplate\":\"https:\/\/outdoorcells.com\/?s={search_term_string}\"},\"query-input\":\"required name=search_term_string\"}],\"inLanguage\":\"de\"},{\"@type\":\"Organization\",\"@id\":\"https:\/\/outdoorcells.com\/#organization\",\"name\":\"OutdoorCells\",\"url\":\"https:\/\/outdoorcells.com\/\",\"logo\":{\"@type\":\"ImageObject\",\"inLanguage\":\"de\",\"@id\":\"https:\/\/outdoorcells.com\/#\/schema\/logo\/image\/\",\"url\":\"https:\/\/outdoorcells.com\/wp-content\/uploads\/2023\/05\/cropped-favicon.png\",\"contentUrl\":\"https:\/\/outdoorcells.com\/wp-content\/uploads\/2023\/05\/cropped-favicon.png\",\"width\":512,\"height\":512,\"caption\":\"OutdoorCells\"},\"image\":{\"@id\":\"https:\/\/outdoorcells.com\/#\/schema\/logo\/image\/\"},\"sameAs\":[\"https:\/\/www.facebook.com\/outdoorcells\",\"https:\/\/x.com\/outdoorcells\",\"https:\/\/www.instagram.com\/voerbootaccu\/\",\"https:\/\/www.youtube.com\/channel\/UCUWu_rkM0a3qkngzpf7EkMg?view_as=subscriber\"]}]}<\/script>\n<!-- \/ Yoast SEO plugin. -->","yoast_head_json":{"title":"Outdoorbox Kabel 3-Fach | Outdoorcells.com","description":"Outdoorbox-Kabel. Zur Verbindung von Solarbox V2.0 und Wechselrichter Outdoorbox. Heavy Duty Kabel mit UV-Lichtschutz. Original Anderson","robots":{"index":"index","follow":"follow","max-snippet":"max-snippet:-1","max-image-preview":"max-image-preview:large","max-video-preview":"max-video-preview:-1"},"canonical":"https:\/\/outdoorcells.com\/de\/product\/bridge-cable-battery-solar-inverter-outdoorbox\/","og_locale":"de_DE","og_type":"article","og_title":"Outdoorbox Kabel | Outdoorcells.com","og_description":"Outdoorbox kabel. Voor het aansluiten van solarbox V2.0 en inverter outdoorbox. Heavy Duty kabel met bescherming tegen UV licht. Origineel Anderson","og_url":"https:\/\/outdoorcells.com\/de\/product\/bridge-cable-battery-solar-inverter-outdoorbox\/","article_publisher":"https:\/\/www.facebook.com\/outdoorcells","article_modified_time":"2023-11-21T18:33:25+00:00","og_image":[{"width":2200,"height":2200,"url":"https:\/\/outdoorcells.com\/wp-content\/uploads\/2022\/12\/Kabel-harnas-AccuSolarInverterbox.jpg","type":"image\/jpeg"}],"twitter_card":"summary_large_image","twitter_site":"@outdoorcells","schema":{"@context":"https:\/\/schema.org","@graph":[{"@type":"WebPage","@id":"https:\/\/outdoorcells.com\/product\/bridge-cable-battery-solar-inverter-outdoorbox\/","url":"https:\/\/outdoorcells.com\/product\/bridge-cable-battery-solar-inverter-outdoorbox\/","name":"Outdoorbox Kabel 3-Fach | Outdoorcells.com","isPartOf":{"@id":"https:\/\/outdoorcells.com\/#website"},"primaryImageOfPage":{"@id":"https:\/\/outdoorcells.com\/product\/bridge-cable-battery-solar-inverter-outdoorbox\/#primaryimage"},"image":{"@id":"https:\/\/outdoorcells.com\/product\/bridge-cable-battery-solar-inverter-outdoorbox\/#primaryimage"},"thumbnailUrl":"https:\/\/outdoorcells.com\/wp-content\/uploads\/2022\/12\/Kabel-harnas-AccuSolarInverterbox.jpg","datePublished":"2022-12-16T11:45:15+00:00","dateModified":"2023-11-21T18:33:25+00:00","description":"Outdoorbox-Kabel. Zur Verbindung von Solarbox V2.0 und Wechselrichter Outdoorbox. Heavy Duty Kabel mit UV-Lichtschutz. Original Anderson","breadcrumb":{"@id":"https:\/\/outdoorcells.com\/product\/bridge-cable-battery-solar-inverter-outdoorbox\/#breadcrumb"},"inLanguage":"de","potentialAction":[{"@type":"ReadAction","target":["https:\/\/outdoorcells.com\/product\/bridge-cable-battery-solar-inverter-outdoorbox\/"]}]},{"@type":"ImageObject","inLanguage":"de","@id":"https:\/\/outdoorcells.com\/product\/bridge-cable-battery-solar-inverter-outdoorbox\/#primaryimage","url":"https:\/\/outdoorcells.com\/wp-content\/uploads\/2022\/12\/Kabel-harnas-AccuSolarInverterbox.jpg","contentUrl":"https:\/\/outdoorcells.com\/wp-content\/uploads\/2022\/12\/Kabel-harnas-AccuSolarInverterbox.jpg","width":2200,"height":2200},{"@type":"BreadcrumbList","@id":"https:\/\/outdoorcells.com\/product\/bridge-cable-battery-solar-inverter-outdoorbox\/#breadcrumb","itemListElement":[{"@type":"ListItem","position":1,"name":"Home","item":"https:\/\/outdoorcells.com\/"},{"@type":"ListItem","position":2,"name":"shop","item":"https:\/\/outdoorcells.com\/lithium-accu-koffer\/"},{"@type":"ListItem","position":3,"name":"BRIDGE CABLE BATTERY> SOLAR> INVERTER OUTDOORBOX"}]},{"@type":"WebSite","@id":"https:\/\/outdoorcells.com\/#website","url":"https:\/\/outdoorcells.com\/","name":"Outdoorcells.com","description":"","publisher":{"@id":"https:\/\/outdoorcells.com\/#organization"},"potentialAction":[{"@type":"SearchAction","target":{"@type":"EntryPoint","urlTemplate":"https:\/\/outdoorcells.com\/?s={search_term_string}"},"query-input":"required name=search_term_string"}],"inLanguage":"de"},{"@type":"Organization","@id":"https:\/\/outdoorcells.com\/#organization","name":"OutdoorCells","url":"https:\/\/outdoorcells.com\/","logo":{"@type":"ImageObject","inLanguage":"de","@id":"https:\/\/outdoorcells.com\/#\/schema\/logo\/image\/","url":"https:\/\/outdoorcells.com\/wp-content\/uploads\/2023\/05\/cropped-favicon.png","contentUrl":"https:\/\/outdoorcells.com\/wp-content\/uploads\/2023\/05\/cropped-favicon.png","width":512,"height":512,"caption":"OutdoorCells"},"image":{"@id":"https:\/\/outdoorcells.com\/#\/schema\/logo\/image\/"},"sameAs":["https:\/\/www.facebook.com\/outdoorcells","https:\/\/x.com\/outdoorcells","https:\/\/www.instagram.com\/voerbootaccu\/","https:\/\/www.youtube.com\/channel\/UCUWu_rkM0a3qkngzpf7EkMg?view_as=subscriber"]}]}},"_links":{"self":[{"href":"https:\/\/outdoorcells.com\/de\/wp-json\/wp\/v2\/product\/6002"}],"collection":[{"href":"https:\/\/outdoorcells.com\/de\/wp-json\/wp\/v2\/product"}],"about":[{"href":"https:\/\/outdoorcells.com\/de\/wp-json\/wp\/v2\/types\/product"}],"wp:featuredmedia":[{"embeddable":true,"href":"https:\/\/outdoorcells.com\/de\/wp-json\/wp\/v2\/media\/6003"}],"wp:attachment":[{"href":"https:\/\/outdoorcells.com\/de\/wp-json\/wp\/v2\/media?parent=6002"}],"wp:term":[{"taxonomy":"product_cat","embeddable":true,"href":"https:\/\/outdoorcells.com\/de\/wp-json\/wp\/v2\/product_cat?post=6002"},{"taxonomy":"product_tag","embeddable":true,"href":"https:\/\/outdoorcells.com\/de\/wp-json\/wp\/v2\/product_tag?post=6002"}],"curies":[{"name":"wp","href":"https:\/\/api.w.org\/{rel}","templated":true}]}}