{"id":5986,"date":"2022-12-16T08:57:26","date_gmt":"2022-12-16T07:57:26","guid":{"rendered":"https:\/\/outdoorcells.com\/?post_type=product&#038;p=5986"},"modified":"2023-11-21T19:36:14","modified_gmt":"2023-11-21T18:36:14","slug":"solar-outdoor-koffer-v2-0","status":"publish","type":"product","link":"https:\/\/outdoorcells.com\/de\/product\/solar-outdoorbox-v2-0\/","title":{"rendered":"SOLAR OUTDOORBOX V2.0"},"content":{"rendered":"<p>Die Solar-Outdoorbox V2.0 verf\u00fcgt \u00fcber einzigartige Funktionen und wurde rund um die Base Compact Outdoorbox komplett neu entwickelt. Die neue Solar-Outdoorbox kann nicht nur Ihre Lithium-Batterie \u00fcber ein Solarpanel aufladen, sondern ist auch mit USB-C und Anschl\u00fcssen f\u00fcr K\u00fchlboxen und andere 12-V-Ger\u00e4te ausgestattet. Dank des ENG-Anschlusses (Safe Lock) k\u00f6nnen Sie einen Dometic CFX3 direkt daran anschlie\u00dfen. Dar\u00fcber hinaus kann die Solarbox v2.0 mit verschiedenen Outdoor-Boxen der Stackable Series gestapelt werden!<\/p>\n<h3 class=\"uppercase\">mppt-Solarregler mit bluetooth<\/h3>\n<p>Der eingebaute MPPT-Regler (<em>mttp=maximum power point tracking<\/em>) sorgt daf\u00fcr, dass die Energie des Solarmoduls optimal genutzt wird. Die MPPT Solarbox wird versuchen, Ihre Batterie vollst\u00e4ndig aufzuladen, indem sie die Leistung so anpasst, dass Ihre Batterie am Ende des Tages vor Sonnenuntergang voll ist. \u00dcber die App f\u00fcr Android und iOS k\u00f6nnen Sie den Status Ihrer Batterie genau verfolgen und in Echtzeit sehen, wie viel Energie vom Solarmodul erzeugt wird.<\/p>\n<h3 class=\"uppercase\">Solar-Au\u00dfenbox v2.0 stapelbar<\/h3>\n<p>Die Solar-Outdoorbox ist stapelbar mit den kompakten Outdoorbox-Lithium-Batterien und dem neuen Outdoorbox-Wechselrichter. So haben Sie alles an einem Ort, brauchen keine unn\u00f6tig langen Kabel und steigern die Effizienz in allen Bereichen! Mit dem speziell entwickelten Br\u00fcckenkabel verbinden Sie die Solarbox V2.0 und\/oder den Outdoorbox-Wechselrichter im Handumdrehen mit einer der Base Compact Lithium Outdoorboxen. Selbstverst\u00e4ndlich ist die Solarbox V2.0 auch mit allen anderen Outdoorboxen wie den Pro- und Off-Grid-Modellen oder Batterien anderer Anbieter kompatibel.<\/p>\n<p><strong>Hauptmerkmale<\/strong>:<\/p>\n<ul>\n<li>Wasserdicht (original PELI-Koffer)<\/li>\n<li>Ausgestattet mit Originalanschl\u00fcssen von Anderson und Blue Sea Systems<\/li>\n<li>Kompatibel mit allen OUTDOORCELLS und VoerbootAccuNL Lithium-Ionen-Batterien<\/li>\n<li>15A Ladestrom (abh\u00e4ngig vom verwendeten Solarmodul) empfohlenes Modul <strong><span style=\"color: #00ff00;\"><a style=\"color: #00ff00;\" href=\"https:\/\/outdoorcells.com\/de\/product\/zonnepaneel-opvouwbaar\/\">Bluetti PV200<\/a><\/span><\/strong><\/li>\n<li>V\u00f6llig ger\u00e4uschlos - kein zus\u00e4tzlicher L\u00e4rm wie bei Generatoren<\/li>\n<li>Leicht und kompakt<\/li>\n<li>Stapelbar mit Outdoorbox Base Compact und Outdoorbox Inverter<\/li>\n<\/ul>\n<p>In der Kategorie <span style=\"color: #00ff00;\"><strong><a style=\"color: #00ff00;\" href=\"https:\/\/outdoorcells.com\/de\/produkt-kategorie\/stekkers-en-connectoren\/\">Stecker &amp; Kabel<\/a><\/strong><\/span> finden Sie alle m\u00f6glichen Anschlussstecker und Adapterkabel, um Ihre ger\u00e4te mit der Solar Box V2.0 Stackable zu verbinden.<\/p>\n\t<div id=\"gap-743369678\" class=\"gap-element clearfix\" style=\"display:block; height:auto;\">\n\t\t\n<style>\n#gap-743369678 {\n  padding-top: 30px;\n}\n<\/style>\n\t<\/div>\n\t\n\t<div id=\"text-3752297358\" class=\"text\">\n\t\t\n<h2 class=\"uppercase\" style=\"text-align: center;\">Empfohlenes Zubeh\u00f6r<\/h2>\n\t\t\n<style>\n#text-3752297358 {\n  text-align: center;\n}\n<\/style>\n\t<\/div>\n\t\n<div class=\"text-center\"><div class=\"is-divider divider clearfix\" style=\"max-width:100px;height:2px;background-color:rgb(173, 173, 173);\"><\/div><\/div>\n\t<div id=\"gap-858593990\" class=\"gap-element clearfix\" style=\"display:block; height:auto;\">\n\t\t\n<style>\n#gap-858593990 {\n  padding-top: 30px;\n}\n<\/style>\n\t<\/div>\n\t\n<div class=\"row row-large align-equal row-box-shadow-4 row-box-shadow-4-hover\"  id=\"row-35205844\">\n\n\t<div id=\"col-441855197\" class=\"col medium-4 small-12 large-4\"  >\n\t\t\t\t<div class=\"col-inner text-left\" style=\"background-color:rgba(0, 0, 0, 0.331);\" >\n\t\t\t\n\t<div class=\"is-border\"\n\t\tstyle=\"border-radius:51px;border-width:0px 0px 0px 0px;\">\n\t<\/div>\n\t\t\t\n\n\t<a class=\"plain\" href=\"https:\/\/outdoorcells.com\/de\/product\/zonnepaneel-opvouwbaar\/\" >\t<div class=\"icon-box featured-box icon-box-center text-center is-large\"  >\n\t\t\t\t\t<div class=\"icon-box-img\" style=\"width: 299px\">\n\t\t\t\t<div class=\"icon\">\n\t\t\t\t\t<div class=\"icon-inner\" >\n\t\t\t\t\t\t<img loading=\"lazy\" decoding=\"async\" width=\"300\" height=\"300\" src=\"https:\/\/outdoorcells.com\/wp-content\/uploads\/2022\/12\/zonnepaneel-bluetti-pv200-300x300.png\" class=\"attachment-medium size-medium\" alt=\"\" srcset=\"https:\/\/outdoorcells.com\/wp-content\/uploads\/2022\/12\/zonnepaneel-bluetti-pv200-300x300.png 300w, https:\/\/outdoorcells.com\/wp-content\/uploads\/2022\/12\/zonnepaneel-bluetti-pv200-1024x1024.png 1024w, https:\/\/outdoorcells.com\/wp-content\/uploads\/2022\/12\/zonnepaneel-bluetti-pv200-150x150.png 150w, https:\/\/outdoorcells.com\/wp-content\/uploads\/2022\/12\/zonnepaneel-bluetti-pv200-768x768.png 768w, https:\/\/outdoorcells.com\/wp-content\/uploads\/2022\/12\/zonnepaneel-bluetti-pv200-247x247.png 247w, https:\/\/outdoorcells.com\/wp-content\/uploads\/2022\/12\/zonnepaneel-bluetti-pv200-510x510.png 510w, https:\/\/outdoorcells.com\/wp-content\/uploads\/2022\/12\/zonnepaneel-bluetti-pv200-100x100.png 100w, https:\/\/outdoorcells.com\/wp-content\/uploads\/2022\/12\/zonnepaneel-bluetti-pv200.png 1100w\" sizes=\"(max-width: 300px) 100vw, 300px\" \/>\t\t\t\t\t<\/div>\n\t\t\t\t<\/div>\n\t\t\t<\/div>\n\t\t\t\t<div class=\"icon-box-text last-reset\">\n\t\t\t<h5 class=\"uppercase\">Bluetti PV200<\/h5>\t\t\t<h6>solarmodul<\/h6>\t\t\t\n\t<div id=\"gap-622274677\" class=\"gap-element clearfix\" style=\"display:block; height:auto;\">\n\t\t\n<style>\n#gap-622274677 {\n  padding-top: 20px;\n}\n<\/style>\n\t<\/div>\n\t\n<a href=\"https:\/\/outdoorcells.com\/de\/product\/solar-outdoor-koffer-v2-0\/?add-to-cart=5710\" class=\"button white is-outline is-large\" style=\"border-radius:10px;\">\n\t\t<span>in korb<\/span>\n\t<i class=\"icon-shopping-basket\" aria-hidden=\"true\"><\/i><\/a>\n\n\t\t<\/div>\n\t<\/div>\n\t<\/a>\n\t\n\t<div id=\"gap-1461822117\" class=\"gap-element clearfix\" style=\"display:block; height:auto;\">\n\t\t\n<style>\n#gap-1461822117 {\n  padding-top: 30px;\n}\n<\/style>\n\t<\/div>\n\t\n\t\t<\/div>\n\t\t\t\t\n<style>\n#col-441855197 > .col-inner {\n  padding: 0px 0px 0px 0px;\n  margin: 0px 0px 0px 0px;\n}\n<\/style>\n\t<\/div>\n\n\t\n\n\t<div id=\"col-972676241\" class=\"col medium-4 small-12 large-4\"  >\n\t\t\t\t<div class=\"col-inner\" style=\"background-color:rgba(0, 0, 0, 0.331);\" >\n\t\t\t\n\t\t\t\n\n\t<a class=\"plain\" href=\"https:\/\/outdoorcells.com\/de\/product\/bridge-cable-battery-solar-outdoorbox\/\" >\t<div class=\"icon-box featured-box icon-box-center text-center is-large\"  >\n\t\t\t\t\t<div class=\"icon-box-img\" style=\"width: 299px\">\n\t\t\t\t<div class=\"icon\">\n\t\t\t\t\t<div class=\"icon-inner\" >\n\t\t\t\t\t\t<img loading=\"lazy\" decoding=\"async\" width=\"300\" height=\"300\" src=\"https:\/\/outdoorcells.com\/wp-content\/uploads\/2022\/12\/bridge-cable-solarbox-outdoorbox-300x300.png\" class=\"attachment-medium size-medium\" alt=\"\" srcset=\"https:\/\/outdoorcells.com\/wp-content\/uploads\/2022\/12\/bridge-cable-solarbox-outdoorbox-300x300.png 300w, https:\/\/outdoorcells.com\/wp-content\/uploads\/2022\/12\/bridge-cable-solarbox-outdoorbox-1024x1024.png 1024w, https:\/\/outdoorcells.com\/wp-content\/uploads\/2022\/12\/bridge-cable-solarbox-outdoorbox-150x150.png 150w, https:\/\/outdoorcells.com\/wp-content\/uploads\/2022\/12\/bridge-cable-solarbox-outdoorbox-768x768.png 768w, https:\/\/outdoorcells.com\/wp-content\/uploads\/2022\/12\/bridge-cable-solarbox-outdoorbox-247x247.png 247w, https:\/\/outdoorcells.com\/wp-content\/uploads\/2022\/12\/bridge-cable-solarbox-outdoorbox-510x510.png 510w, https:\/\/outdoorcells.com\/wp-content\/uploads\/2022\/12\/bridge-cable-solarbox-outdoorbox-100x100.png 100w, https:\/\/outdoorcells.com\/wp-content\/uploads\/2022\/12\/bridge-cable-solarbox-outdoorbox.png 1100w\" sizes=\"(max-width: 300px) 100vw, 300px\" \/>\t\t\t\t\t<\/div>\n\t\t\t\t<\/div>\n\t\t\t<\/div>\n\t\t\t\t<div class=\"icon-box-text last-reset\">\n\t\t\t<h5 class=\"uppercase\">Br\u00fccken- Kabel<\/h5>\t\t\t<h6>outdoorbox solarbox<\/h6>\t\t\t\n\t<div id=\"gap-214354911\" class=\"gap-element clearfix\" style=\"display:block; height:auto;\">\n\t\t\n<style>\n#gap-214354911 {\n  padding-top: 20px;\n}\n<\/style>\n\t<\/div>\n\t\n<a href=\"https:\/\/outdoorcells.com\/de\/product\/solar-outdoor-koffer-v2-0\/?add-to-cart=6017\" class=\"button white is-outline is-large\" style=\"border-radius:10px;\">\n\t\t<span>in korb<\/span>\n\t<i class=\"icon-shopping-basket\" aria-hidden=\"true\"><\/i><\/a>\n\n\t\t<\/div>\n\t<\/div>\n\t<\/a>\n\t\n\t<div id=\"gap-56631229\" class=\"gap-element clearfix\" style=\"display:block; height:auto;\">\n\t\t\n<style>\n#gap-56631229 {\n  padding-top: 30px;\n}\n<\/style>\n\t<\/div>\n\t\n\t\t<\/div>\n\t\t\t\t\t<\/div>\n\n\t\n\n\t<div id=\"col-1071568971\" class=\"col medium-4 small-12 large-4\"  >\n\t\t\t\t<div class=\"col-inner\" style=\"background-color:rgba(0, 0, 0, 0.331);\" >\n\t\t\t\n\t\t\t\n\n\t<a class=\"plain\" href=\"https:\/\/outdoorcells.com\/de\/product\/aansluitkabel-zonnepaneel-sb-50-orange-mc4\/\" >\t<div class=\"icon-box featured-box icon-box-center text-center is-large\"  >\n\t\t\t\t\t<div class=\"icon-box-img\" style=\"width: 299px\">\n\t\t\t\t<div class=\"icon\">\n\t\t\t\t\t<div class=\"icon-inner\" >\n\t\t\t\t\t\t<img loading=\"lazy\" decoding=\"async\" width=\"300\" height=\"300\" src=\"https:\/\/outdoorcells.com\/wp-content\/uploads\/2022\/12\/Cable-Solar-MC4SB50-Orange-300x300.png\" class=\"attachment-medium size-medium\" alt=\"\" srcset=\"https:\/\/outdoorcells.com\/wp-content\/uploads\/2022\/12\/Cable-Solar-MC4SB50-Orange-300x300.png 300w, https:\/\/outdoorcells.com\/wp-content\/uploads\/2022\/12\/Cable-Solar-MC4SB50-Orange-1024x1024.png 1024w, https:\/\/outdoorcells.com\/wp-content\/uploads\/2022\/12\/Cable-Solar-MC4SB50-Orange-150x150.png 150w, https:\/\/outdoorcells.com\/wp-content\/uploads\/2022\/12\/Cable-Solar-MC4SB50-Orange-768x768.png 768w, https:\/\/outdoorcells.com\/wp-content\/uploads\/2022\/12\/Cable-Solar-MC4SB50-Orange-247x247.png 247w, https:\/\/outdoorcells.com\/wp-content\/uploads\/2022\/12\/Cable-Solar-MC4SB50-Orange-510x510.png 510w, https:\/\/outdoorcells.com\/wp-content\/uploads\/2022\/12\/Cable-Solar-MC4SB50-Orange-100x100.png 100w, https:\/\/outdoorcells.com\/wp-content\/uploads\/2022\/12\/Cable-Solar-MC4SB50-Orange-e1716366112191.png 500w\" sizes=\"(max-width: 300px) 100vw, 300px\" \/>\t\t\t\t\t<\/div>\n\t\t\t\t<\/div>\n\t\t\t<\/div>\n\t\t\t\t<div class=\"icon-box-text last-reset\">\n\t\t\t<h5 class=\"uppercase\">adapterkabel<\/h5>\t\t\t<h6>Solarmodul solarbox<\/h6>\t\t\t\n\t<div id=\"gap-1861193913\" class=\"gap-element clearfix\" style=\"display:block; height:auto;\">\n\t\t\n<style>\n#gap-1861193913 {\n  padding-top: 20px;\n}\n<\/style>\n\t<\/div>\n\t\n<a href=\"https:\/\/outdoorcells.com\/de\/product\/solar-outdoor-koffer-v2-0\/?add-to-cart=4765\" class=\"button white is-outline is-large\" style=\"border-radius:10px;\">\n\t\t<span>in korb<\/span>\n\t<i class=\"icon-shopping-basket\" aria-hidden=\"true\"><\/i><\/a>\n\n\t\t<\/div>\n\t<\/div>\n\t<\/a>\n\t\n\t<div id=\"gap-807084715\" class=\"gap-element clearfix\" style=\"display:block; height:auto;\">\n\t\t\n<style>\n#gap-807084715 {\n  padding-top: 30px;\n}\n<\/style>\n\t<\/div>\n\t\n\t\t<\/div>\n\t\t\t\t\t<\/div>\n\n\t\n\n<style>\n#row-35205844 > .col > .col-inner {\n  background-color: rgba(12, 94, 17, 0.314);\n  border-radius: 23px;\n}\n<\/style>\n<\/div>","protected":false},"excerpt":{"rendered":"<p>Solar outdoorbox V2.0 beschikt over unieke eigenschappen en is volledig opnieuw ontworpen rondom de Base Compact Outdoorbox. Naast de mogelijkheid om je Lithium accu op te laden via een zonnepaneel is de nieuwe solar outdoorbox tevens uitgerust met USB-C en aansluitingen voor koelboxen en andere 12V apparaten. Door de aanwezigheid van de ENG connector (Safe [&#8230;]\n","protected":false},"featured_media":5987,"template":"","meta":[],"product_cat":[158],"product_tag":[],"yoast_head":"<!-- This site is optimized with the Yoast SEO plugin v23.3 - https:\/\/yoast.com\/wordpress\/plugins\/seo\/ -->\n<title>Solar Outdoorbox V2.0 | Outdoorcells.com<\/title>\n<meta name=\"description\" content=\"Solar Outdoorbox V2.0 beschikt over de modernste MPPT Solar Controller. Sluit al je apparaten aan om deze van zon energie te voorzien of laad je outdoorbox!\" \/>\n<meta name=\"robots\" content=\"index, follow, max-snippet:-1, max-image-preview:large, max-video-preview:-1\" \/>\n<link rel=\"canonical\" href=\"https:\/\/outdoorcells.com\/de\/product\/solar-outdoor-koffer-v2-0\/\" \/>\n<meta property=\"og:locale\" content=\"de_DE\" \/>\n<meta property=\"og:type\" content=\"article\" \/>\n<meta property=\"og:title\" content=\"Solar Outdoorbox V2.0 | Outdoorcells.com\" \/>\n<meta property=\"og:description\" content=\"Solar Outdoorbox V2.0 beschikt over de modernste MPPT Solar Controller. Sluit al je apparaten aan om deze van zon energie te voorzien of laad je outdoorbox!\" \/>\n<meta property=\"og:url\" content=\"https:\/\/outdoorcells.com\/de\/product\/solar-outdoor-koffer-v2-0\/\" \/>\n<meta property=\"article:publisher\" content=\"https:\/\/www.facebook.com\/outdoorcells\" \/>\n<meta property=\"article:modified_time\" content=\"2023-11-21T18:36:14+00:00\" \/>\n<meta property=\"og:image\" content=\"https:\/\/outdoorcells.com\/wp-content\/uploads\/2022\/12\/solarbox-V2.0.jpg\" \/>\n\t<meta property=\"og:image:width\" content=\"2200\" \/>\n\t<meta property=\"og:image:height\" content=\"2200\" \/>\n\t<meta property=\"og:image:type\" content=\"image\/jpeg\" \/>\n<meta name=\"twitter:card\" content=\"summary_large_image\" \/>\n<meta name=\"twitter:site\" content=\"@outdoorcells\" \/>\n<meta name=\"twitter:label1\" content=\"Gesch\u00e4tzte Lesezeit\" \/>\n\t<meta name=\"twitter:data1\" content=\"3\u00a0Minuten\" \/>\n<script type=\"application\/ld+json\" class=\"yoast-schema-graph\">{\"@context\":\"https:\/\/schema.org\",\"@graph\":[{\"@type\":\"WebPage\",\"@id\":\"https:\/\/outdoorcells.com\/product\/solar-outdoorbox-v2-0\/\",\"url\":\"https:\/\/outdoorcells.com\/product\/solar-outdoorbox-v2-0\/\",\"name\":\"Solar Outdoorbox V2.0 | Outdoorcells.com\",\"isPartOf\":{\"@id\":\"https:\/\/outdoorcells.com\/#website\"},\"primaryImageOfPage\":{\"@id\":\"https:\/\/outdoorcells.com\/product\/solar-outdoorbox-v2-0\/#primaryimage\"},\"image\":{\"@id\":\"https:\/\/outdoorcells.com\/product\/solar-outdoorbox-v2-0\/#primaryimage\"},\"thumbnailUrl\":\"https:\/\/outdoorcells.com\/wp-content\/uploads\/2022\/12\/solarbox-V2.0.jpg\",\"datePublished\":\"2022-12-16T07:57:26+00:00\",\"dateModified\":\"2023-11-21T18:36:14+00:00\",\"description\":\"Solar Outdoorbox V2.0 beschikt over de modernste MPPT Solar Controller. Sluit al je apparaten aan om deze van zon energie te voorzien of laad je outdoorbox!\",\"breadcrumb\":{\"@id\":\"https:\/\/outdoorcells.com\/product\/solar-outdoorbox-v2-0\/#breadcrumb\"},\"inLanguage\":\"de\",\"potentialAction\":[{\"@type\":\"ReadAction\",\"target\":[\"https:\/\/outdoorcells.com\/product\/solar-outdoorbox-v2-0\/\"]}]},{\"@type\":\"ImageObject\",\"inLanguage\":\"de\",\"@id\":\"https:\/\/outdoorcells.com\/product\/solar-outdoorbox-v2-0\/#primaryimage\",\"url\":\"https:\/\/outdoorcells.com\/wp-content\/uploads\/2022\/12\/solarbox-V2.0.jpg\",\"contentUrl\":\"https:\/\/outdoorcells.com\/wp-content\/uploads\/2022\/12\/solarbox-V2.0.jpg\",\"width\":2200,\"height\":2200,\"caption\":\"outdoorbox solar\"},{\"@type\":\"BreadcrumbList\",\"@id\":\"https:\/\/outdoorcells.com\/product\/solar-outdoorbox-v2-0\/#breadcrumb\",\"itemListElement\":[{\"@type\":\"ListItem\",\"position\":1,\"name\":\"Home\",\"item\":\"https:\/\/outdoorcells.com\/\"},{\"@type\":\"ListItem\",\"position\":2,\"name\":\"shop\",\"item\":\"https:\/\/outdoorcells.com\/lithium-accu-koffer\/\"},{\"@type\":\"ListItem\",\"position\":3,\"name\":\"SOLAR OUTDOORBOX V2.0\"}]},{\"@type\":\"WebSite\",\"@id\":\"https:\/\/outdoorcells.com\/#website\",\"url\":\"https:\/\/outdoorcells.com\/\",\"name\":\"Outdoorcells.com\",\"description\":\"\",\"publisher\":{\"@id\":\"https:\/\/outdoorcells.com\/#organization\"},\"potentialAction\":[{\"@type\":\"SearchAction\",\"target\":{\"@type\":\"EntryPoint\",\"urlTemplate\":\"https:\/\/outdoorcells.com\/?s={search_term_string}\"},\"query-input\":\"required name=search_term_string\"}],\"inLanguage\":\"de\"},{\"@type\":\"Organization\",\"@id\":\"https:\/\/outdoorcells.com\/#organization\",\"name\":\"OutdoorCells\",\"url\":\"https:\/\/outdoorcells.com\/\",\"logo\":{\"@type\":\"ImageObject\",\"inLanguage\":\"de\",\"@id\":\"https:\/\/outdoorcells.com\/#\/schema\/logo\/image\/\",\"url\":\"https:\/\/outdoorcells.com\/wp-content\/uploads\/2023\/05\/cropped-favicon.png\",\"contentUrl\":\"https:\/\/outdoorcells.com\/wp-content\/uploads\/2023\/05\/cropped-favicon.png\",\"width\":512,\"height\":512,\"caption\":\"OutdoorCells\"},\"image\":{\"@id\":\"https:\/\/outdoorcells.com\/#\/schema\/logo\/image\/\"},\"sameAs\":[\"https:\/\/www.facebook.com\/outdoorcells\",\"https:\/\/x.com\/outdoorcells\",\"https:\/\/www.instagram.com\/voerbootaccu\/\",\"https:\/\/www.youtube.com\/channel\/UCUWu_rkM0a3qkngzpf7EkMg?view_as=subscriber\"]}]}<\/script>\n<!-- \/ Yoast SEO plugin. -->","yoast_head_json":{"title":"Solar Outdoor Koffer V2.0 | Outdoorcells.com","description":"Die Solar Outdoorbox V2.0 verf\u00fcgt \u00fcber den neuesten MPPT-Solarregler. Schlie\u00dfen Sie jeden 12V Ger\u00e4te an, um sie mit Solarenergie zu versorgen oder Ihre Outdoorbox aufzuladen!","robots":{"index":"index","follow":"follow","max-snippet":"max-snippet:-1","max-image-preview":"max-image-preview:large","max-video-preview":"max-video-preview:-1"},"canonical":"https:\/\/outdoorcells.com\/de\/product\/solar-outdoor-koffer-v2-0\/","og_locale":"de_DE","og_type":"article","og_title":"Solar Outdoorbox V2.0 | Outdoorcells.com","og_description":"Solar Outdoorbox V2.0 beschikt over de modernste MPPT Solar Controller. Sluit al je apparaten aan om deze van zon energie te voorzien of laad je outdoorbox!","og_url":"https:\/\/outdoorcells.com\/de\/product\/solar-outdoor-koffer-v2-0\/","article_publisher":"https:\/\/www.facebook.com\/outdoorcells","article_modified_time":"2023-11-21T18:36:14+00:00","og_image":[{"width":2200,"height":2200,"url":"https:\/\/outdoorcells.com\/wp-content\/uploads\/2022\/12\/solarbox-V2.0.jpg","type":"image\/jpeg"}],"twitter_card":"summary_large_image","twitter_site":"@outdoorcells","twitter_misc":{"Gesch\u00e4tzte Lesezeit":"3\u00a0Minuten"},"schema":{"@context":"https:\/\/schema.org","@graph":[{"@type":"WebPage","@id":"https:\/\/outdoorcells.com\/product\/solar-outdoorbox-v2-0\/","url":"https:\/\/outdoorcells.com\/product\/solar-outdoorbox-v2-0\/","name":"Solar Outdoor Koffer V2.0 | Outdoorcells.com","isPartOf":{"@id":"https:\/\/outdoorcells.com\/#website"},"primaryImageOfPage":{"@id":"https:\/\/outdoorcells.com\/product\/solar-outdoorbox-v2-0\/#primaryimage"},"image":{"@id":"https:\/\/outdoorcells.com\/product\/solar-outdoorbox-v2-0\/#primaryimage"},"thumbnailUrl":"https:\/\/outdoorcells.com\/wp-content\/uploads\/2022\/12\/solarbox-V2.0.jpg","datePublished":"2022-12-16T07:57:26+00:00","dateModified":"2023-11-21T18:36:14+00:00","description":"Die Solar Outdoorbox V2.0 verf\u00fcgt \u00fcber den neuesten MPPT-Solarregler. Schlie\u00dfen Sie jeden 12V Ger\u00e4te an, um sie mit Solarenergie zu versorgen oder Ihre Outdoorbox aufzuladen!","breadcrumb":{"@id":"https:\/\/outdoorcells.com\/product\/solar-outdoorbox-v2-0\/#breadcrumb"},"inLanguage":"de","potentialAction":[{"@type":"ReadAction","target":["https:\/\/outdoorcells.com\/product\/solar-outdoorbox-v2-0\/"]}]},{"@type":"ImageObject","inLanguage":"de","@id":"https:\/\/outdoorcells.com\/product\/solar-outdoorbox-v2-0\/#primaryimage","url":"https:\/\/outdoorcells.com\/wp-content\/uploads\/2022\/12\/solarbox-V2.0.jpg","contentUrl":"https:\/\/outdoorcells.com\/wp-content\/uploads\/2022\/12\/solarbox-V2.0.jpg","width":2200,"height":2200,"caption":"outdoorbox solar"},{"@type":"BreadcrumbList","@id":"https:\/\/outdoorcells.com\/product\/solar-outdoorbox-v2-0\/#breadcrumb","itemListElement":[{"@type":"ListItem","position":1,"name":"Home","item":"https:\/\/outdoorcells.com\/"},{"@type":"ListItem","position":2,"name":"shop","item":"https:\/\/outdoorcells.com\/lithium-accu-koffer\/"},{"@type":"ListItem","position":3,"name":"SOLAR OUTDOORBOX V2.0"}]},{"@type":"WebSite","@id":"https:\/\/outdoorcells.com\/#website","url":"https:\/\/outdoorcells.com\/","name":"Outdoorcells.com","description":"","publisher":{"@id":"https:\/\/outdoorcells.com\/#organization"},"potentialAction":[{"@type":"SearchAction","target":{"@type":"EntryPoint","urlTemplate":"https:\/\/outdoorcells.com\/?s={search_term_string}"},"query-input":"required name=search_term_string"}],"inLanguage":"de"},{"@type":"Organization","@id":"https:\/\/outdoorcells.com\/#organization","name":"OutdoorCells","url":"https:\/\/outdoorcells.com\/","logo":{"@type":"ImageObject","inLanguage":"de","@id":"https:\/\/outdoorcells.com\/#\/schema\/logo\/image\/","url":"https:\/\/outdoorcells.com\/wp-content\/uploads\/2023\/05\/cropped-favicon.png","contentUrl":"https:\/\/outdoorcells.com\/wp-content\/uploads\/2023\/05\/cropped-favicon.png","width":512,"height":512,"caption":"OutdoorCells"},"image":{"@id":"https:\/\/outdoorcells.com\/#\/schema\/logo\/image\/"},"sameAs":["https:\/\/www.facebook.com\/outdoorcells","https:\/\/x.com\/outdoorcells","https:\/\/www.instagram.com\/voerbootaccu\/","https:\/\/www.youtube.com\/channel\/UCUWu_rkM0a3qkngzpf7EkMg?view_as=subscriber"]}]}},"_links":{"self":[{"href":"https:\/\/outdoorcells.com\/de\/wp-json\/wp\/v2\/product\/5986"}],"collection":[{"href":"https:\/\/outdoorcells.com\/de\/wp-json\/wp\/v2\/product"}],"about":[{"href":"https:\/\/outdoorcells.com\/de\/wp-json\/wp\/v2\/types\/product"}],"wp:featuredmedia":[{"embeddable":true,"href":"https:\/\/outdoorcells.com\/de\/wp-json\/wp\/v2\/media\/5987"}],"wp:attachment":[{"href":"https:\/\/outdoorcells.com\/de\/wp-json\/wp\/v2\/media?parent=5986"}],"wp:term":[{"taxonomy":"product_cat","embeddable":true,"href":"https:\/\/outdoorcells.com\/de\/wp-json\/wp\/v2\/product_cat?post=5986"},{"taxonomy":"product_tag","embeddable":true,"href":"https:\/\/outdoorcells.com\/de\/wp-json\/wp\/v2\/product_tag?post=5986"}],"curies":[{"name":"wp","href":"https:\/\/api.w.org\/{rel}","templated":true}]}}