{"id":5875,"date":"2022-11-15T11:34:45","date_gmt":"2022-11-15T10:34:45","guid":{"rendered":"https:\/\/voerbootaccu.nl\/?post_type=product&#038;p=5875"},"modified":"2024-06-28T12:56:31","modified_gmt":"2024-06-28T10:56:31","slug":"safe-lock-sb50-voor-outdoorbox","status":"publish","type":"product","link":"https:\/\/outdoorcells.com\/de\/product\/safe-lock-sb50-voor-outdoorbox\/","title":{"rendered":"SAFE LOCK &gt; SB50 F\u00dcR OUTDOORBOX"},"content":{"rendered":"<p>Safe Lock SB50 Adapter. Mit diesem Adapter k\u00f6nnen Sie ganz einfach Ihr <a href=\"https:\/\/outdoorcells.com\/de\/produkt-kategorie\/koelboxen-dometic-cfx3\/\">Dometic CFX3<\/a> Kompressor-K\u00fchlbox an jede Outdoor-Box mit blauem Stecker. Werfen Sie auch einen Blick auf diese <strong><span style=\"color: #00ff00;\"><a style=\"color: #00ff00;\" href=\"https:\/\/youtu.be\/06k-Qy6BeF0\">YouTube<\/a><\/span><\/strong> Video zur Erkl\u00e4rung der ENGEL-Verbindungen (Safe Lock). Safe Lock sorgt f\u00fcr eine stabile Verbindung zwischen der Batterie und dem Ger\u00e4t. Alle Ger\u00e4te mit einem 12V-Autostecker k\u00f6nnen mit einem Safe-Lock-Stecker ausgestattet werden. Der normale 12V-Autostecker bietet in vielen F\u00e4llen keine stabile Verbindung. Er vibriert oft lose, wenn Sie unterwegs sind, und hat oft einen schlechten Kontakt. M\u00f6chten Sie ein Ger\u00e4t mit Safe Lock ausstatten? Um Ihr eigenes Ger\u00e4t mit dem Safe Lock sb50 zu verbinden, k\u00f6nnen Sie das Stromversorgungskabel mit dem ENGEL-Stecker ausstatten. Sie finden diesen <strong><span style=\"color: #00ff00;\"><a style=\"color: #00ff00;\" href=\"https:\/\/outdoorcells.com\/de\/product\/kabel-met-safe-lock-plug-naar-sbs-mini-zwart\/\">HIER<\/a><\/span><\/strong><\/p>\n<h3 class=\"uppercase\">Vorteile von Safe Lock Angel Plug<\/h3>\n<ul>\n<li>Wackelt nicht lose<\/li>\n<li>Verhindert Kurzschl\u00fcsse<\/li>\n<li>Kompatibel mit Dometic CFX3<\/li>\n<li>Hohe Belastung bis zu 20A<\/li>\n<\/ul>","protected":false},"excerpt":{"rendered":"<p>Safe Lock SB50 Adapter. Met deze adapter sluit je gemakkelijk je Dometic CFX3 compressor koelbox aan op iedere outdoorbox met blauwe stekker. Bekijk ook deze YouTube Video voor meer uitleg over ENGEL (safe lock) aansluitingen. Met Safe Lock word een stabiele verbinding tot stand gebracht tussen de accu en het apparaat. Alle apparaten met een [&#8230;]\n","protected":false},"featured_media":5876,"template":"","meta":[],"product_cat":[144],"product_tag":[],"yoast_head":"<!-- This site is optimized with the Yoast SEO plugin v23.3 - https:\/\/yoast.com\/wordpress\/plugins\/seo\/ -->\n<title>SAFE LOCK SB50 | Outdoorcells.com<\/title>\n<meta name=\"description\" content=\"Safe Lock naar SB50 Adapterkabel. Met deze kabel sluit je eenvoudig je CFX3 Koelbox aan op iedere Outdoorbox met blauwe stekker\" \/>\n<meta name=\"robots\" content=\"index, follow, max-snippet:-1, max-image-preview:large, max-video-preview:-1\" \/>\n<link rel=\"canonical\" href=\"https:\/\/outdoorcells.com\/de\/product\/safe-lock-sb50-voor-outdoorbox\/\" \/>\n<meta property=\"og:locale\" content=\"de_DE\" \/>\n<meta property=\"og:type\" content=\"article\" \/>\n<meta property=\"og:title\" content=\"SAFE LOCK SB50 | Outdoorcells.com\" \/>\n<meta property=\"og:description\" content=\"Safe Lock naar SB50 Adapterkabel. Met deze kabel sluit je eenvoudig je CFX3 Koelbox aan op iedere Outdoorbox met blauwe stekker\" \/>\n<meta property=\"og:url\" content=\"https:\/\/outdoorcells.com\/de\/product\/safe-lock-sb50-voor-outdoorbox\/\" \/>\n<meta property=\"article:publisher\" content=\"https:\/\/www.facebook.com\/outdoorcells\" \/>\n<meta property=\"article:modified_time\" content=\"2024-06-28T10:56:31+00:00\" \/>\n<meta property=\"og:image\" content=\"https:\/\/outdoorcells.com\/wp-content\/uploads\/2022\/11\/SAFE-LOCK-ADAPTER-OUTDOORBOX.jpg\" \/>\n\t<meta property=\"og:image:width\" content=\"2200\" \/>\n\t<meta property=\"og:image:height\" content=\"2200\" \/>\n\t<meta property=\"og:image:type\" content=\"image\/jpeg\" \/>\n<meta name=\"twitter:card\" content=\"summary_large_image\" \/>\n<meta name=\"twitter:site\" content=\"@outdoorcells\" \/>\n<meta name=\"twitter:label1\" content=\"Gesch\u00e4tzte Lesezeit\" \/>\n\t<meta name=\"twitter:data1\" content=\"2\u00a0Minuten\" \/>\n<script type=\"application\/ld+json\" class=\"yoast-schema-graph\">{\"@context\":\"https:\/\/schema.org\",\"@graph\":[{\"@type\":\"WebPage\",\"@id\":\"https:\/\/outdoorcells.com\/product\/safe-lock-sb50-voor-outdoorbox\/\",\"url\":\"https:\/\/outdoorcells.com\/product\/safe-lock-sb50-voor-outdoorbox\/\",\"name\":\"SAFE LOCK SB50 | Outdoorcells.com\",\"isPartOf\":{\"@id\":\"https:\/\/outdoorcells.com\/#website\"},\"primaryImageOfPage\":{\"@id\":\"https:\/\/outdoorcells.com\/product\/safe-lock-sb50-voor-outdoorbox\/#primaryimage\"},\"image\":{\"@id\":\"https:\/\/outdoorcells.com\/product\/safe-lock-sb50-voor-outdoorbox\/#primaryimage\"},\"thumbnailUrl\":\"https:\/\/outdoorcells.com\/wp-content\/uploads\/2022\/11\/SAFE-LOCK-ADAPTER-OUTDOORBOX.jpg\",\"datePublished\":\"2022-11-15T10:34:45+00:00\",\"dateModified\":\"2024-06-28T10:56:31+00:00\",\"description\":\"Safe Lock naar SB50 Adapterkabel. Met deze kabel sluit je eenvoudig je CFX3 Koelbox aan op iedere Outdoorbox met blauwe stekker\",\"breadcrumb\":{\"@id\":\"https:\/\/outdoorcells.com\/product\/safe-lock-sb50-voor-outdoorbox\/#breadcrumb\"},\"inLanguage\":\"de\",\"potentialAction\":[{\"@type\":\"ReadAction\",\"target\":[\"https:\/\/outdoorcells.com\/product\/safe-lock-sb50-voor-outdoorbox\/\"]}]},{\"@type\":\"ImageObject\",\"inLanguage\":\"de\",\"@id\":\"https:\/\/outdoorcells.com\/product\/safe-lock-sb50-voor-outdoorbox\/#primaryimage\",\"url\":\"https:\/\/outdoorcells.com\/wp-content\/uploads\/2022\/11\/SAFE-LOCK-ADAPTER-OUTDOORBOX.jpg\",\"contentUrl\":\"https:\/\/outdoorcells.com\/wp-content\/uploads\/2022\/11\/SAFE-LOCK-ADAPTER-OUTDOORBOX.jpg\",\"width\":2200,\"height\":2200,\"caption\":\"safe lock naar anderson sb50\"},{\"@type\":\"BreadcrumbList\",\"@id\":\"https:\/\/outdoorcells.com\/product\/safe-lock-sb50-voor-outdoorbox\/#breadcrumb\",\"itemListElement\":[{\"@type\":\"ListItem\",\"position\":1,\"name\":\"Home\",\"item\":\"https:\/\/outdoorcells.com\/\"},{\"@type\":\"ListItem\",\"position\":2,\"name\":\"shop\",\"item\":\"https:\/\/outdoorcells.com\/lithium-accu-koffer\/\"},{\"@type\":\"ListItem\",\"position\":3,\"name\":\"SAFE LOCK > SB50 VOOR OUTDOORBOX\"}]},{\"@type\":\"WebSite\",\"@id\":\"https:\/\/outdoorcells.com\/#website\",\"url\":\"https:\/\/outdoorcells.com\/\",\"name\":\"Outdoorcells.com\",\"description\":\"\",\"publisher\":{\"@id\":\"https:\/\/outdoorcells.com\/#organization\"},\"potentialAction\":[{\"@type\":\"SearchAction\",\"target\":{\"@type\":\"EntryPoint\",\"urlTemplate\":\"https:\/\/outdoorcells.com\/?s={search_term_string}\"},\"query-input\":\"required name=search_term_string\"}],\"inLanguage\":\"de\"},{\"@type\":\"Organization\",\"@id\":\"https:\/\/outdoorcells.com\/#organization\",\"name\":\"OutdoorCells\",\"url\":\"https:\/\/outdoorcells.com\/\",\"logo\":{\"@type\":\"ImageObject\",\"inLanguage\":\"de\",\"@id\":\"https:\/\/outdoorcells.com\/#\/schema\/logo\/image\/\",\"url\":\"https:\/\/outdoorcells.com\/wp-content\/uploads\/2023\/05\/cropped-favicon.png\",\"contentUrl\":\"https:\/\/outdoorcells.com\/wp-content\/uploads\/2023\/05\/cropped-favicon.png\",\"width\":512,\"height\":512,\"caption\":\"OutdoorCells\"},\"image\":{\"@id\":\"https:\/\/outdoorcells.com\/#\/schema\/logo\/image\/\"},\"sameAs\":[\"https:\/\/www.facebook.com\/outdoorcells\",\"https:\/\/x.com\/outdoorcells\",\"https:\/\/www.instagram.com\/voerbootaccu\/\",\"https:\/\/www.youtube.com\/channel\/UCUWu_rkM0a3qkngzpf7EkMg?view_as=subscriber\"]}]}<\/script>\n<!-- \/ Yoast SEO plugin. -->","yoast_head_json":{"title":"SAFE LOCK SB50 | Outdoorcells.com","description":"Safe Lock auf SB50 Adapterkabel. Dieses Kabel verbindet Ihre CFX3 Coolbox ganz einfach mit jeder Outdoorbox mit blauem Stecker","robots":{"index":"index","follow":"follow","max-snippet":"max-snippet:-1","max-image-preview":"max-image-preview:large","max-video-preview":"max-video-preview:-1"},"canonical":"https:\/\/outdoorcells.com\/de\/product\/safe-lock-sb50-voor-outdoorbox\/","og_locale":"de_DE","og_type":"article","og_title":"SAFE LOCK SB50 | Outdoorcells.com","og_description":"Safe Lock naar SB50 Adapterkabel. Met deze kabel sluit je eenvoudig je CFX3 Koelbox aan op iedere Outdoorbox met blauwe stekker","og_url":"https:\/\/outdoorcells.com\/de\/product\/safe-lock-sb50-voor-outdoorbox\/","article_publisher":"https:\/\/www.facebook.com\/outdoorcells","article_modified_time":"2024-06-28T10:56:31+00:00","og_image":[{"width":2200,"height":2200,"url":"https:\/\/outdoorcells.com\/wp-content\/uploads\/2022\/11\/SAFE-LOCK-ADAPTER-OUTDOORBOX.jpg","type":"image\/jpeg"}],"twitter_card":"summary_large_image","twitter_site":"@outdoorcells","twitter_misc":{"Gesch\u00e4tzte Lesezeit":"2\u00a0Minuten"},"schema":{"@context":"https:\/\/schema.org","@graph":[{"@type":"WebPage","@id":"https:\/\/outdoorcells.com\/product\/safe-lock-sb50-voor-outdoorbox\/","url":"https:\/\/outdoorcells.com\/product\/safe-lock-sb50-voor-outdoorbox\/","name":"SAFE LOCK SB50 | Outdoorcells.com","isPartOf":{"@id":"https:\/\/outdoorcells.com\/#website"},"primaryImageOfPage":{"@id":"https:\/\/outdoorcells.com\/product\/safe-lock-sb50-voor-outdoorbox\/#primaryimage"},"image":{"@id":"https:\/\/outdoorcells.com\/product\/safe-lock-sb50-voor-outdoorbox\/#primaryimage"},"thumbnailUrl":"https:\/\/outdoorcells.com\/wp-content\/uploads\/2022\/11\/SAFE-LOCK-ADAPTER-OUTDOORBOX.jpg","datePublished":"2022-11-15T10:34:45+00:00","dateModified":"2024-06-28T10:56:31+00:00","description":"Safe Lock auf SB50 Adapterkabel. Dieses Kabel verbindet Ihre CFX3 Coolbox ganz einfach mit jeder Outdoorbox mit blauem Stecker","breadcrumb":{"@id":"https:\/\/outdoorcells.com\/product\/safe-lock-sb50-voor-outdoorbox\/#breadcrumb"},"inLanguage":"de","potentialAction":[{"@type":"ReadAction","target":["https:\/\/outdoorcells.com\/product\/safe-lock-sb50-voor-outdoorbox\/"]}]},{"@type":"ImageObject","inLanguage":"de","@id":"https:\/\/outdoorcells.com\/product\/safe-lock-sb50-voor-outdoorbox\/#primaryimage","url":"https:\/\/outdoorcells.com\/wp-content\/uploads\/2022\/11\/SAFE-LOCK-ADAPTER-OUTDOORBOX.jpg","contentUrl":"https:\/\/outdoorcells.com\/wp-content\/uploads\/2022\/11\/SAFE-LOCK-ADAPTER-OUTDOORBOX.jpg","width":2200,"height":2200,"caption":"safe lock naar anderson sb50"},{"@type":"BreadcrumbList","@id":"https:\/\/outdoorcells.com\/product\/safe-lock-sb50-voor-outdoorbox\/#breadcrumb","itemListElement":[{"@type":"ListItem","position":1,"name":"Home","item":"https:\/\/outdoorcells.com\/"},{"@type":"ListItem","position":2,"name":"shop","item":"https:\/\/outdoorcells.com\/lithium-accu-koffer\/"},{"@type":"ListItem","position":3,"name":"SAFE LOCK > SB50 VOOR OUTDOORBOX"}]},{"@type":"WebSite","@id":"https:\/\/outdoorcells.com\/#website","url":"https:\/\/outdoorcells.com\/","name":"Outdoorcells.com","description":"","publisher":{"@id":"https:\/\/outdoorcells.com\/#organization"},"potentialAction":[{"@type":"SearchAction","target":{"@type":"EntryPoint","urlTemplate":"https:\/\/outdoorcells.com\/?s={search_term_string}"},"query-input":"required name=search_term_string"}],"inLanguage":"de"},{"@type":"Organization","@id":"https:\/\/outdoorcells.com\/#organization","name":"OutdoorCells","url":"https:\/\/outdoorcells.com\/","logo":{"@type":"ImageObject","inLanguage":"de","@id":"https:\/\/outdoorcells.com\/#\/schema\/logo\/image\/","url":"https:\/\/outdoorcells.com\/wp-content\/uploads\/2023\/05\/cropped-favicon.png","contentUrl":"https:\/\/outdoorcells.com\/wp-content\/uploads\/2023\/05\/cropped-favicon.png","width":512,"height":512,"caption":"OutdoorCells"},"image":{"@id":"https:\/\/outdoorcells.com\/#\/schema\/logo\/image\/"},"sameAs":["https:\/\/www.facebook.com\/outdoorcells","https:\/\/x.com\/outdoorcells","https:\/\/www.instagram.com\/voerbootaccu\/","https:\/\/www.youtube.com\/channel\/UCUWu_rkM0a3qkngzpf7EkMg?view_as=subscriber"]}]}},"_links":{"self":[{"href":"https:\/\/outdoorcells.com\/de\/wp-json\/wp\/v2\/product\/5875"}],"collection":[{"href":"https:\/\/outdoorcells.com\/de\/wp-json\/wp\/v2\/product"}],"about":[{"href":"https:\/\/outdoorcells.com\/de\/wp-json\/wp\/v2\/types\/product"}],"wp:featuredmedia":[{"embeddable":true,"href":"https:\/\/outdoorcells.com\/de\/wp-json\/wp\/v2\/media\/5876"}],"wp:attachment":[{"href":"https:\/\/outdoorcells.com\/de\/wp-json\/wp\/v2\/media?parent=5875"}],"wp:term":[{"taxonomy":"product_cat","embeddable":true,"href":"https:\/\/outdoorcells.com\/de\/wp-json\/wp\/v2\/product_cat?post=5875"},{"taxonomy":"product_tag","embeddable":true,"href":"https:\/\/outdoorcells.com\/de\/wp-json\/wp\/v2\/product_tag?post=5875"}],"curies":[{"name":"wp","href":"https:\/\/api.w.org\/{rel}","templated":true}]}}