{"id":5866,"date":"2022-11-14T11:30:38","date_gmt":"2022-11-14T10:30:38","guid":{"rendered":"https:\/\/voerbootaccu.nl\/?post_type=product&#038;p=5866"},"modified":"2024-10-02T11:04:37","modified_gmt":"2024-10-02T09:04:37","slug":"outdoorkoffer-12v50-smart-lithium-ionen","status":"publish","type":"product","link":"https:\/\/outdoorcells.com\/de\/product\/outdoorbox-4s-pro-146v-50ah\/","title":{"rendered":"Outdoorbox 4S PRO 14.6V 50Ah"},"content":{"rendered":"<h2 class=\"uppercase\"><strong><span style=\"font-size: 100%;\">OUTDOORBOX 4S 14.6V50AH<\/span><\/strong><\/h2>\n<p data-line-height=\"m\">Die Outdoorbox Lithium 14.6V50ah ist mit den neuesten Li-Ion NMC Safety Cells mit Bluetooth-Modul und smart bms ausgestattet. \u00dcber die App f\u00fcr iOS und Android ist der Batteriestatus ablesbar. Die App gibt Auskunft \u00fcber den Ladestatus, die Restkapazit\u00e4t in Prozent und die Spannung. Sie k\u00f6nnen auch den Verbrauch z. B. Ihres E-Motor in Echtzeit in Ampere und Watt (Wh) beobachten. Kompakte und sehr leichte Batterie speziell f\u00fcr B\u00fcgmotoren. Ausgestattet mit Orange Farbe APP Anderson SB 50 Connector. F\u00fcr den Anschluss Ihres E-Motor oder anderer 12V-Verbraucher ben\u00f6tigen Sie einen zus\u00e4tzlichen SB 50-Stecker, den Sie unten finden, sowie das erforderliche Lithium-Ionen-Ladeger\u00e4t.<\/p>\n<h3 class=\"uppercase\"><strong>Hochwertige Komponenten<\/strong><\/h3>\n<p data-line-height=\"m\">Die Outdoor Box 14.6V50Ah ist nicht nur hochwertig verarbeitet, sondern auch mit patentierten Originalbauteilen ausgestattet. Das originale PELI-Geh\u00e4use ist extrem robust und bietet maximalen Schutz f\u00fcr die internen elektrischen Komponenten. Die Smart Li-Ion Outdoor Pro Box 14.6V50AH ist wasser- und staubdicht und kann einiges aushalten! Au\u00dferdem ist er mit einem originalen Anderson-Stecker ausgestattet, damit Ihr E-Motor optimal funktioniert. Der Ein\/Aus-Schalter ist ebenfalls ip68-zertifiziert und verf\u00fcgt \u00fcber eine blaue LED-Beleuchtung. Auf der Deckel befindet sich ein Voltanzeige, das unter allen Bedingungen perfekt ablesbar ist.<\/p>\n<h3 class=\"uppercase\"><strong>E-Motor<\/strong><\/h3>\n<p data-line-height=\"m\">Die Smart Li-Ion OUTDOORBOX 4S PRO BOX 14.6V-50AH ist f\u00fcr fast alle 12V Au\u00dfenbordmotoren geeignet. Dank der sicheren Spannung k\u00f6nnen alle Marken von elektrischen Au\u00dfenbordmotoren an die OUTDOOR BOX angeschlossen werden. Wir empfehlen jedoch einen Minn Kota Traxxis oder andere hochwertige E-Motor. Die OUTDOORBOX 4S Pro ist hervorragend f\u00fcr Bugmotoren wie den Minn Kota Terrova geeignet!<\/p>\n<h3 class=\"uppercase\"><strong>ANSCHLUSS DER BATTERIE AN IHREN ELEKTROMOTOR<\/strong><\/h3>\n<p data-line-height=\"m\">Um Ihren E-Motor an die Lithium batterie anzuschlie\u00dfen, m\u00fcssen Sie einen Anderson-Stecker an das Stromkabel Ihres Elektromotors Montieren. Dieser Stecker kann gel\u00f6tet oder mit einem speziellen Presswerkzeug montiert werden. Bei OutdoorCells haben wir dieses originelle Presswerkzeug. Dieses Werkzeug schafft eine sehr dauerhafte Verbindung. Deshalb montieren wir den Stecker auch gerne f\u00fcr Sie!<\/p>\n\t<div id=\"gap-1532752211\" class=\"gap-element clearfix\" style=\"display:block; height:auto;\">\n\t\t\n<style>\n#gap-1532752211 {\n  padding-top: 30px;\n}\n<\/style>\n\t<\/div>\n\t\n\t<div id=\"text-868091782\" class=\"text\">\n\t\t\n<h2 class=\"uppercase\" style=\"text-align: center;\">Empfohlenes Zubeh\u00f6r<\/h2>\n\t\t\n<style>\n#text-868091782 {\n  text-align: center;\n}\n<\/style>\n\t<\/div>\n\t\n<div class=\"text-center\"><div class=\"is-divider divider clearfix\" style=\"max-width:100px;height:2px;background-color:rgb(173, 173, 173);\"><\/div><\/div>\n\t<div id=\"gap-1554987739\" class=\"gap-element clearfix\" style=\"display:block; height:auto;\">\n\t\t\n<style>\n#gap-1554987739 {\n  padding-top: 30px;\n}\n<\/style>\n\t<\/div>\n\t\n<div class=\"row row-large align-equal row-box-shadow-4 row-box-shadow-4-hover\"  id=\"row-2092757179\">\n\n\t<div id=\"col-1455149747\" class=\"col medium-4 small-12 large-4\"  >\n\t\t\t\t<div class=\"col-inner text-left\" style=\"background-color:rgba(0, 0, 0, 0.331);\" >\n\t\t\t\n\t<div class=\"is-border\"\n\t\tstyle=\"border-radius:51px;border-width:0px 0px 0px 0px;\">\n\t<\/div>\n\t\t\t\n\n\t<a class=\"plain\" href=\"https:\/\/outdoorcells.com\/de\/product\/anderson-stekker-fluistermotor-blauw-12v-10-12-awg\/\" >\t<div class=\"icon-box featured-box icon-box-center text-center is-large\"  >\n\t\t\t\t\t<div class=\"icon-box-img\" style=\"width: 220px\">\n\t\t\t\t<div class=\"icon\">\n\t\t\t\t\t<div class=\"icon-inner\" >\n\t\t\t\t\t\t<img loading=\"lazy\" decoding=\"async\" width=\"300\" height=\"300\" src=\"https:\/\/outdoorcells.com\/wp-content\/uploads\/2021\/11\/lithium-accu-accessoire-stekker-orange-300x300.png\" class=\"attachment-medium size-medium\" alt=\"\" srcset=\"https:\/\/outdoorcells.com\/wp-content\/uploads\/2021\/11\/lithium-accu-accessoire-stekker-orange-300x300.png 300w, https:\/\/outdoorcells.com\/wp-content\/uploads\/2021\/11\/lithium-accu-accessoire-stekker-orange-150x150.png 150w, https:\/\/outdoorcells.com\/wp-content\/uploads\/2021\/11\/lithium-accu-accessoire-stekker-orange-247x247.png 247w, https:\/\/outdoorcells.com\/wp-content\/uploads\/2021\/11\/lithium-accu-accessoire-stekker-orange-100x100.png 100w, https:\/\/outdoorcells.com\/wp-content\/uploads\/2021\/11\/lithium-accu-accessoire-stekker-orange.png 500w\" sizes=\"(max-width: 300px) 100vw, 300px\" \/>\t\t\t\t\t<\/div>\n\t\t\t\t<\/div>\n\t\t\t<\/div>\n\t\t\t\t<div class=\"icon-box-text last-reset\">\n\t\t\t<h5 class=\"uppercase\">ANDERSON SB 50<\/h5>\t\t\t<h6>Stecker<\/h6>\t\t\t\n\t<div id=\"gap-1745214258\" class=\"gap-element clearfix\" style=\"display:block; height:auto;\">\n\t\t\n<style>\n#gap-1745214258 {\n  padding-top: 20px;\n}\n<\/style>\n\t<\/div>\n\t\n<a href=\"https:\/\/outdoorcells.com\/de\/product\/outdoorbox-12v50-smart\/?add-to-cart=4702\" class=\"button white is-outline\" style=\"border-radius:10px;\">\n\t\t<span>in korb<\/span>\n\t<i class=\"icon-shopping-basket\" aria-hidden=\"true\"><\/i><\/a>\n\n\t\t<\/div>\n\t<\/div>\n\t<\/a>\n\t\n\t<div id=\"gap-1339339661\" class=\"gap-element clearfix\" style=\"display:block; height:auto;\">\n\t\t\n<style>\n#gap-1339339661 {\n  padding-top: 30px;\n}\n<\/style>\n\t<\/div>\n\t\n\t\t<\/div>\n\t\t\t\t\n<style>\n#col-1455149747 > .col-inner {\n  padding: 0px 0px 0px 0px;\n  margin: 0px 0px 0px 0px;\n}\n<\/style>\n\t<\/div>\n\n\t\n\n\t<div id=\"col-2097252950\" class=\"col medium-4 small-12 large-4\"  >\n\t\t\t\t<div class=\"col-inner\" style=\"background-color:rgba(0, 0, 0, 0.331);\" >\n\t\t\t\n\t\t\t\n\n\t<a class=\"plain\" href=\"https:\/\/outdoorcells.com\/de\/product\/lader-outdoorbox-16-8v-10a-sb50-orange\/\" >\t<div class=\"icon-box featured-box icon-box-center text-center is-large\"  >\n\t\t\t\t\t<div class=\"icon-box-img\" style=\"width: 220px\">\n\t\t\t\t<div class=\"icon\">\n\t\t\t\t\t<div class=\"icon-inner\" >\n\t\t\t\t\t\t<img loading=\"lazy\" decoding=\"async\" width=\"300\" height=\"300\" src=\"https:\/\/outdoorcells.com\/wp-content\/uploads\/2021\/11\/10A-Lader-voor-off-grid-pro-box-16V-300x300.png\" class=\"attachment-medium size-medium\" alt=\"\" srcset=\"https:\/\/outdoorcells.com\/wp-content\/uploads\/2021\/11\/10A-Lader-voor-off-grid-pro-box-16V-300x300.png 300w, https:\/\/outdoorcells.com\/wp-content\/uploads\/2021\/11\/10A-Lader-voor-off-grid-pro-box-16V-150x150.png 150w, https:\/\/outdoorcells.com\/wp-content\/uploads\/2021\/11\/10A-Lader-voor-off-grid-pro-box-16V-247x247.png 247w, https:\/\/outdoorcells.com\/wp-content\/uploads\/2021\/11\/10A-Lader-voor-off-grid-pro-box-16V-100x100.png 100w, https:\/\/outdoorcells.com\/wp-content\/uploads\/2021\/11\/10A-Lader-voor-off-grid-pro-box-16V.png 500w\" sizes=\"(max-width: 300px) 100vw, 300px\" \/>\t\t\t\t\t<\/div>\n\t\t\t\t<\/div>\n\t\t\t<\/div>\n\t\t\t\t<div class=\"icon-box-text last-reset\">\n\t\t\t<h5 class=\"uppercase\">LADEGER\u00c4T 10A<\/h5>\t\t\t<h6>CC~CV CHARGER<\/h6>\t\t\t\n\t<div id=\"gap-1349366011\" class=\"gap-element clearfix\" style=\"display:block; height:auto;\">\n\t\t\n<style>\n#gap-1349366011 {\n  padding-top: 20px;\n}\n<\/style>\n\t<\/div>\n\t\n<a href=\"https:\/\/outdoorcells.com\/de\/product\/outdoorbox-12v50-smart\/?add-to-cart=4739\" class=\"button white is-outline\" style=\"border-radius:10px;\">\n\t\t<span>in korb<\/span>\n\t<i class=\"icon-shopping-basket\" aria-hidden=\"true\"><\/i><\/a>\n\n\t\t<\/div>\n\t<\/div>\n\t<\/a>\n\t\n\t<div id=\"gap-1883506503\" class=\"gap-element clearfix\" style=\"display:block; height:auto;\">\n\t\t\n<style>\n#gap-1883506503 {\n  padding-top: 30px;\n}\n<\/style>\n\t<\/div>\n\t\n\t\t<\/div>\n\t\t\t\t\t<\/div>\n\n\t\n\n\t<div id=\"col-1358441946\" class=\"col medium-4 small-12 large-4\"  >\n\t\t\t\t<div class=\"col-inner\" style=\"background-color:rgba(0, 0, 0, 0.331);\" >\n\t\t\t\n\t\t\t\n\n\t<a class=\"plain\" href=\"https:\/\/outdoorcells.com\/de\/product\/aansluitkabel-zonnepaneel-sb-50-orange-mc4\/\" >\t<div class=\"icon-box featured-box icon-box-center text-center is-large\"  >\n\t\t\t\t\t<div class=\"icon-box-img\" style=\"width: 220px\">\n\t\t\t\t<div class=\"icon\">\n\t\t\t\t\t<div class=\"icon-inner\" >\n\t\t\t\t\t\t<img loading=\"lazy\" decoding=\"async\" width=\"300\" height=\"300\" src=\"https:\/\/outdoorcells.com\/wp-content\/uploads\/2022\/12\/Cable-Solar-MC4SB50-Orange-300x300.png\" class=\"attachment-medium size-medium\" alt=\"\" srcset=\"https:\/\/outdoorcells.com\/wp-content\/uploads\/2022\/12\/Cable-Solar-MC4SB50-Orange-300x300.png 300w, https:\/\/outdoorcells.com\/wp-content\/uploads\/2022\/12\/Cable-Solar-MC4SB50-Orange-1024x1024.png 1024w, https:\/\/outdoorcells.com\/wp-content\/uploads\/2022\/12\/Cable-Solar-MC4SB50-Orange-150x150.png 150w, https:\/\/outdoorcells.com\/wp-content\/uploads\/2022\/12\/Cable-Solar-MC4SB50-Orange-768x768.png 768w, https:\/\/outdoorcells.com\/wp-content\/uploads\/2022\/12\/Cable-Solar-MC4SB50-Orange-247x247.png 247w, https:\/\/outdoorcells.com\/wp-content\/uploads\/2022\/12\/Cable-Solar-MC4SB50-Orange-510x510.png 510w, https:\/\/outdoorcells.com\/wp-content\/uploads\/2022\/12\/Cable-Solar-MC4SB50-Orange-100x100.png 100w, https:\/\/outdoorcells.com\/wp-content\/uploads\/2022\/12\/Cable-Solar-MC4SB50-Orange-e1716366112191.png 500w\" sizes=\"(max-width: 300px) 100vw, 300px\" \/>\t\t\t\t\t<\/div>\n\t\t\t\t<\/div>\n\t\t\t<\/div>\n\t\t\t\t<div class=\"icon-box-text last-reset\">\n\t\t\t<h5 class=\"uppercase\">MC4 ~ SB50<\/h5>\t\t\t<h6>ADAPTER<\/h6>\t\t\t\n\t<div id=\"gap-1877263329\" class=\"gap-element clearfix\" style=\"display:block; height:auto;\">\n\t\t\n<style>\n#gap-1877263329 {\n  padding-top: 20px;\n}\n<\/style>\n\t<\/div>\n\t\n<a href=\"https:\/\/outdoorcells.com\/de\/product\/outdoorbox-12v50-smart\/?add-to-cart=4765\" class=\"button white is-outline\" style=\"border-radius:10px;\">\n\t\t<span>in korb<\/span>\n\t<i class=\"icon-shopping-basket\" aria-hidden=\"true\"><\/i><\/a>\n\n\t\t<\/div>\n\t<\/div>\n\t<\/a>\n\t\n\t<div id=\"gap-890759202\" class=\"gap-element clearfix\" style=\"display:block; height:auto;\">\n\t\t\n<style>\n#gap-890759202 {\n  padding-top: 30px;\n}\n<\/style>\n\t<\/div>\n\t\n\t\t<\/div>\n\t\t\t\t\t<\/div>\n\n\t\n\n<style>\n#row-2092757179 > .col > .col-inner {\n  background-color: rgba(12, 94, 17, 0.314);\n  border-radius: 23px;\n}\n<\/style>\n<\/div>","protected":false},"excerpt":{"rendered":"<p>OUTDOORBOX 4S 14.6V50AH Outdoorbox Lithium 14.6V50ah is vervaardigd met de nieuwste Li-ion NMC Safety Cells met bluetooth module en smart bms. Via de App voor iOS en Android is de accu status uitleesbaar. De App geeft informatie over de laadstatus, restcapaciteit in procent en voltage. Tevens kan real time het verbruik van bijvoorbeeld uw fluistermotor [&#8230;]\n","protected":false},"featured_media":6545,"template":"","meta":[],"product_cat":[22],"product_tag":[],"yoast_head":"<!-- This site is optimized with the Yoast SEO plugin v23.3 - https:\/\/yoast.com\/wordpress\/plugins\/seo\/ -->\n<title>Outdoorbox Lithium | 12V50Ah | Outdoorcells.com<\/title>\n<meta name=\"description\" content=\"Outdoorbox Lithium 12V50Ah met Bluetooth. Lichtgewicht en eenvoudig te transporteren Lithium Accu. Waterdicht en snel oplaadbaar met optionele lithium lader\" \/>\n<meta name=\"robots\" content=\"index, follow, max-snippet:-1, max-image-preview:large, max-video-preview:-1\" \/>\n<link rel=\"canonical\" href=\"https:\/\/outdoorcells.com\/de\/product\/outdoorkoffer-12v50-smart-lithium-ionen\/\" \/>\n<meta property=\"og:locale\" content=\"de_DE\" \/>\n<meta property=\"og:type\" content=\"article\" \/>\n<meta property=\"og:title\" content=\"Outdoorbox Lithium | 12V50Ah | Outdoorcells.com\" \/>\n<meta property=\"og:description\" content=\"Outdoorbox Lithium 12V50Ah met Bluetooth. Lichtgewicht en eenvoudig te transporteren Lithium Accu. Waterdicht en snel oplaadbaar met optionele lithium lader\" \/>\n<meta property=\"og:url\" content=\"https:\/\/outdoorcells.com\/de\/product\/outdoorkoffer-12v50-smart-lithium-ionen\/\" \/>\n<meta property=\"article:publisher\" content=\"https:\/\/www.facebook.com\/outdoorcells\" \/>\n<meta property=\"article:modified_time\" content=\"2024-10-02T09:04:37+00:00\" \/>\n<meta property=\"og:image\" content=\"https:\/\/outdoorcells.com\/wp-content\/uploads\/2022\/11\/DSCF8371-1024x1024.jpg\" \/>\n\t<meta property=\"og:image:width\" content=\"1024\" \/>\n\t<meta property=\"og:image:height\" content=\"1024\" \/>\n\t<meta property=\"og:image:type\" content=\"image\/jpeg\" \/>\n<meta name=\"twitter:card\" content=\"summary_large_image\" \/>\n<meta name=\"twitter:site\" content=\"@outdoorcells\" \/>\n<meta name=\"twitter:label1\" content=\"Gesch\u00e4tzte Lesezeit\" \/>\n\t<meta name=\"twitter:data1\" content=\"2\u00a0Minuten\" \/>\n<script type=\"application\/ld+json\" class=\"yoast-schema-graph\">{\"@context\":\"https:\/\/schema.org\",\"@graph\":[{\"@type\":\"WebPage\",\"@id\":\"https:\/\/outdoorcells.com\/product\/outdoorbox-4s-pro-146v-50ah\/\",\"url\":\"https:\/\/outdoorcells.com\/product\/outdoorbox-4s-pro-146v-50ah\/\",\"name\":\"Outdoorbox Lithium | 12V50Ah | Outdoorcells.com\",\"isPartOf\":{\"@id\":\"https:\/\/outdoorcells.com\/#website\"},\"primaryImageOfPage\":{\"@id\":\"https:\/\/outdoorcells.com\/product\/outdoorbox-4s-pro-146v-50ah\/#primaryimage\"},\"image\":{\"@id\":\"https:\/\/outdoorcells.com\/product\/outdoorbox-4s-pro-146v-50ah\/#primaryimage\"},\"thumbnailUrl\":\"https:\/\/outdoorcells.com\/wp-content\/uploads\/2022\/11\/DSCF8371.jpg\",\"datePublished\":\"2022-11-14T10:30:38+00:00\",\"dateModified\":\"2024-10-02T09:04:37+00:00\",\"description\":\"Outdoorbox Lithium 12V50Ah met Bluetooth. Lichtgewicht en eenvoudig te transporteren Lithium Accu. Waterdicht en snel oplaadbaar met optionele lithium lader\",\"breadcrumb\":{\"@id\":\"https:\/\/outdoorcells.com\/product\/outdoorbox-4s-pro-146v-50ah\/#breadcrumb\"},\"inLanguage\":\"de\",\"potentialAction\":[{\"@type\":\"ReadAction\",\"target\":[\"https:\/\/outdoorcells.com\/product\/outdoorbox-4s-pro-146v-50ah\/\"]}]},{\"@type\":\"ImageObject\",\"inLanguage\":\"de\",\"@id\":\"https:\/\/outdoorcells.com\/product\/outdoorbox-4s-pro-146v-50ah\/#primaryimage\",\"url\":\"https:\/\/outdoorcells.com\/wp-content\/uploads\/2022\/11\/DSCF8371.jpg\",\"contentUrl\":\"https:\/\/outdoorcells.com\/wp-content\/uploads\/2022\/11\/DSCF8371.jpg\",\"width\":2048,\"height\":2048,\"caption\":\"outdoorbox 4s\"},{\"@type\":\"BreadcrumbList\",\"@id\":\"https:\/\/outdoorcells.com\/product\/outdoorbox-4s-pro-146v-50ah\/#breadcrumb\",\"itemListElement\":[{\"@type\":\"ListItem\",\"position\":1,\"name\":\"Home\",\"item\":\"https:\/\/outdoorcells.com\/\"},{\"@type\":\"ListItem\",\"position\":2,\"name\":\"shop\",\"item\":\"https:\/\/outdoorcells.com\/lithium-accu-koffer\/\"},{\"@type\":\"ListItem\",\"position\":3,\"name\":\"Outdoorbox 4S PRO 14.6V 50Ah\"}]},{\"@type\":\"WebSite\",\"@id\":\"https:\/\/outdoorcells.com\/#website\",\"url\":\"https:\/\/outdoorcells.com\/\",\"name\":\"Outdoorcells.com\",\"description\":\"\",\"publisher\":{\"@id\":\"https:\/\/outdoorcells.com\/#organization\"},\"potentialAction\":[{\"@type\":\"SearchAction\",\"target\":{\"@type\":\"EntryPoint\",\"urlTemplate\":\"https:\/\/outdoorcells.com\/?s={search_term_string}\"},\"query-input\":\"required name=search_term_string\"}],\"inLanguage\":\"de\"},{\"@type\":\"Organization\",\"@id\":\"https:\/\/outdoorcells.com\/#organization\",\"name\":\"OutdoorCells\",\"url\":\"https:\/\/outdoorcells.com\/\",\"logo\":{\"@type\":\"ImageObject\",\"inLanguage\":\"de\",\"@id\":\"https:\/\/outdoorcells.com\/#\/schema\/logo\/image\/\",\"url\":\"https:\/\/outdoorcells.com\/wp-content\/uploads\/2023\/05\/cropped-favicon.png\",\"contentUrl\":\"https:\/\/outdoorcells.com\/wp-content\/uploads\/2023\/05\/cropped-favicon.png\",\"width\":512,\"height\":512,\"caption\":\"OutdoorCells\"},\"image\":{\"@id\":\"https:\/\/outdoorcells.com\/#\/schema\/logo\/image\/\"},\"sameAs\":[\"https:\/\/www.facebook.com\/outdoorcells\",\"https:\/\/x.com\/outdoorcells\",\"https:\/\/www.instagram.com\/voerbootaccu\/\",\"https:\/\/www.youtube.com\/channel\/UCUWu_rkM0a3qkngzpf7EkMg?view_as=subscriber\"]}]}<\/script>\n<!-- \/ Yoast SEO plugin. -->","yoast_head_json":{"title":"Outdoor Akku Lithium | 12V50Ah | Outdoorcells.com","description":"Outdoor-Box Lithium 12V50Ah mit Bluetooth. Leicht und einfach zu transportieren Lithium-Batterie. Wasserdicht und schnell wiederaufladbar mit optionalem Lithium-Ladeger\u00e4t","robots":{"index":"index","follow":"follow","max-snippet":"max-snippet:-1","max-image-preview":"max-image-preview:large","max-video-preview":"max-video-preview:-1"},"canonical":"https:\/\/outdoorcells.com\/de\/product\/outdoorkoffer-12v50-smart-lithium-ionen\/","og_locale":"de_DE","og_type":"article","og_title":"Outdoorbox Lithium | 12V50Ah | Outdoorcells.com","og_description":"Outdoorbox Lithium 12V50Ah met Bluetooth. Lichtgewicht en eenvoudig te transporteren Lithium Accu. Waterdicht en snel oplaadbaar met optionele lithium lader","og_url":"https:\/\/outdoorcells.com\/de\/product\/outdoorkoffer-12v50-smart-lithium-ionen\/","article_publisher":"https:\/\/www.facebook.com\/outdoorcells","article_modified_time":"2024-10-02T09:04:37+00:00","og_image":[{"width":1024,"height":1024,"url":"https:\/\/outdoorcells.com\/wp-content\/uploads\/2022\/11\/DSCF8371-1024x1024.jpg","type":"image\/jpeg"}],"twitter_card":"summary_large_image","twitter_site":"@outdoorcells","twitter_misc":{"Gesch\u00e4tzte Lesezeit":"2\u00a0Minuten"},"schema":{"@context":"https:\/\/schema.org","@graph":[{"@type":"WebPage","@id":"https:\/\/outdoorcells.com\/product\/outdoorbox-4s-pro-146v-50ah\/","url":"https:\/\/outdoorcells.com\/product\/outdoorbox-4s-pro-146v-50ah\/","name":"Outdoor Akku Lithium | 12V50Ah | Outdoorcells.com","isPartOf":{"@id":"https:\/\/outdoorcells.com\/#website"},"primaryImageOfPage":{"@id":"https:\/\/outdoorcells.com\/product\/outdoorbox-4s-pro-146v-50ah\/#primaryimage"},"image":{"@id":"https:\/\/outdoorcells.com\/product\/outdoorbox-4s-pro-146v-50ah\/#primaryimage"},"thumbnailUrl":"https:\/\/outdoorcells.com\/wp-content\/uploads\/2022\/11\/DSCF8371.jpg","datePublished":"2022-11-14T10:30:38+00:00","dateModified":"2024-10-02T09:04:37+00:00","description":"Outdoor-Box Lithium 12V50Ah mit Bluetooth. Leicht und einfach zu transportieren Lithium-Batterie. Wasserdicht und schnell wiederaufladbar mit optionalem Lithium-Ladeger\u00e4t","breadcrumb":{"@id":"https:\/\/outdoorcells.com\/product\/outdoorbox-4s-pro-146v-50ah\/#breadcrumb"},"inLanguage":"de","potentialAction":[{"@type":"ReadAction","target":["https:\/\/outdoorcells.com\/product\/outdoorbox-4s-pro-146v-50ah\/"]}]},{"@type":"ImageObject","inLanguage":"de","@id":"https:\/\/outdoorcells.com\/product\/outdoorbox-4s-pro-146v-50ah\/#primaryimage","url":"https:\/\/outdoorcells.com\/wp-content\/uploads\/2022\/11\/DSCF8371.jpg","contentUrl":"https:\/\/outdoorcells.com\/wp-content\/uploads\/2022\/11\/DSCF8371.jpg","width":2048,"height":2048,"caption":"outdoorbox 4s"},{"@type":"BreadcrumbList","@id":"https:\/\/outdoorcells.com\/product\/outdoorbox-4s-pro-146v-50ah\/#breadcrumb","itemListElement":[{"@type":"ListItem","position":1,"name":"Home","item":"https:\/\/outdoorcells.com\/"},{"@type":"ListItem","position":2,"name":"shop","item":"https:\/\/outdoorcells.com\/lithium-accu-koffer\/"},{"@type":"ListItem","position":3,"name":"Outdoorbox 4S PRO 14.6V 50Ah"}]},{"@type":"WebSite","@id":"https:\/\/outdoorcells.com\/#website","url":"https:\/\/outdoorcells.com\/","name":"Outdoorcells.com","description":"","publisher":{"@id":"https:\/\/outdoorcells.com\/#organization"},"potentialAction":[{"@type":"SearchAction","target":{"@type":"EntryPoint","urlTemplate":"https:\/\/outdoorcells.com\/?s={search_term_string}"},"query-input":"required name=search_term_string"}],"inLanguage":"de"},{"@type":"Organization","@id":"https:\/\/outdoorcells.com\/#organization","name":"OutdoorCells","url":"https:\/\/outdoorcells.com\/","logo":{"@type":"ImageObject","inLanguage":"de","@id":"https:\/\/outdoorcells.com\/#\/schema\/logo\/image\/","url":"https:\/\/outdoorcells.com\/wp-content\/uploads\/2023\/05\/cropped-favicon.png","contentUrl":"https:\/\/outdoorcells.com\/wp-content\/uploads\/2023\/05\/cropped-favicon.png","width":512,"height":512,"caption":"OutdoorCells"},"image":{"@id":"https:\/\/outdoorcells.com\/#\/schema\/logo\/image\/"},"sameAs":["https:\/\/www.facebook.com\/outdoorcells","https:\/\/x.com\/outdoorcells","https:\/\/www.instagram.com\/voerbootaccu\/","https:\/\/www.youtube.com\/channel\/UCUWu_rkM0a3qkngzpf7EkMg?view_as=subscriber"]}]}},"_links":{"self":[{"href":"https:\/\/outdoorcells.com\/de\/wp-json\/wp\/v2\/product\/5866"}],"collection":[{"href":"https:\/\/outdoorcells.com\/de\/wp-json\/wp\/v2\/product"}],"about":[{"href":"https:\/\/outdoorcells.com\/de\/wp-json\/wp\/v2\/types\/product"}],"wp:featuredmedia":[{"embeddable":true,"href":"https:\/\/outdoorcells.com\/de\/wp-json\/wp\/v2\/media\/6545"}],"wp:attachment":[{"href":"https:\/\/outdoorcells.com\/de\/wp-json\/wp\/v2\/media?parent=5866"}],"wp:term":[{"taxonomy":"product_cat","embeddable":true,"href":"https:\/\/outdoorcells.com\/de\/wp-json\/wp\/v2\/product_cat?post=5866"},{"taxonomy":"product_tag","embeddable":true,"href":"https:\/\/outdoorcells.com\/de\/wp-json\/wp\/v2\/product_tag?post=5866"}],"curies":[{"name":"wp","href":"https:\/\/api.w.org\/{rel}","templated":true}]}}