{"id":5847,"date":"2022-10-26T11:22:52","date_gmt":"2022-10-26T09:22:52","guid":{"rendered":"https:\/\/voerbootaccu.nl\/?post_type=product&#038;p=5847"},"modified":"2025-03-27T11:17:14","modified_gmt":"2025-03-27T10:17:14","slug":"outdoorbox-profi-12v-100ah-smart-akku","status":"publish","type":"product","link":"https:\/\/outdoorcells.com\/de\/product\/ium-pro-12v-100ah-smart\/","title":{"rendered":"Outdoorbox 4S PRO 14.6V 100AH"},"content":{"rendered":"<h2 class=\"uppercase\">outdoorbox akku lithium 12V100ah<\/h2>\n<p>Die Outdoorbox Akku 12V100ah ist mit den neuesten Li-Ion NMC Safety Cells mit Bluetooth-Modul und smart bms ausgestattet. \u00dcber die App f\u00fcr iOS und Android ist der Batteriestatus ablesbar. Die App gibt Auskunft \u00fcber den Ladestatus, die Restkapazit\u00e4t in Prozent und die Spannung. Sie k\u00f6nnen auch den Verbrauch z. B. Ihres E-Motor in Echtzeit in Ampere und Watt (Wh) beobachten. Kompakte und sehr leichte Batterie speziell f\u00fcr Elektroboote. Ausgestattet mit blauem APP Anderson SB 50 Connector. F\u00fcr den Anschluss Ihres E-Motor oder anderer 12V-Verbraucher ben\u00f6tigen Sie einen zus\u00e4tzlichen SB 50-Stecker, den Sie unten finden, sowie das erforderliche Lithium-Ionen-Ladeger\u00e4t.<\/p>\n<h3 class=\"uppercase\">Hochwertige Komponenten<\/h3>\n<p>Das Lithium Outdoor Box 12V100Ah ist nicht nur hochwertig verarbeitet, sondern auch mit patentierten Originalbauteilen ausgestattet. Das originale PELI-Geh\u00e4use ist extrem robust und bietet maximalen Schutz f\u00fcr die internen elektrischen Komponenten. Die Smart Li-Ion Outdoor Pro Box 12V100 ist wasser- und staubdicht und kann einiges aushalten! Au\u00dferdem ist er mit einem originalen Anderson-Stecker ausgestattet, damit Ihr E-Motor optimal funktioniert. Der Ein\/Aus-Schalter ist ebenfalls ip68-zertifiziert und verf\u00fcgt \u00fcber eine blaue LED-Beleuchtung. Auf der Abdeckung befindet sich ein BLUE SEA SYSTEMS OLED Voltmeter, das unter allen Bedingungen perfekt ablesbar ist.<\/p>\n<h3 class=\"uppercase\">geeignet f\u00fcr alle E-Motoren<\/h3>\n<p>Die Smart Li-Ion OUTDOOR PRO BOX 12V-100AH ist f\u00fcr jeden 12V-E-Motor geeignet. Aufgrund der sicheren Spannung k\u00f6nnen alle Marken von elektrischen Au\u00dfenbordmotoren an die OUTDOOR BOX angeschlossen werden. Ob Sie eine <a href=\"http:\/\/minnkota.nl\">Minn Kota<\/a> oder Talamex-Motor oder ein Haswing. Solange der Motor eine Betriebsspannung von 12V hat, ist die PRO BOX geeignet. Es ist auch m\u00f6glich, andere 12-V-Stromverbraucher wie eine K\u00fchlbox oder Lampen anzuschlie\u00dfen. Mit dem separat erh\u00e4ltlichen USB-Ladeger\u00e4t lassen sich Ger\u00e4te wie Handy, Zeltlampen und Kopflampen schnell und einfach am Wasser aufladen. Mit dem ENG-Adapter ist der Anschluss einer Dometic K\u00fchlbox ein Kinderleicht.<\/p>\n<h3 class=\"uppercase\">ANSCHLUSS DER BATTERIE AN IHREN ELEKTROMOTOR<\/h3>\n<p>Um Ihren E-Motor an die Lithium batterie anzuschlie\u00dfen, m\u00fcssen Sie einen Anderson-Stecker an das Stromkabel Ihres Elektromotors anschlie\u00dfen. Dieser Stecker kann gel\u00f6tet oder mit einem speziellen Presswerkzeug montiert werden. Bei OutdoorCells haben wir dieses originelle Presswerkzeug. Dieses Werkzeug schafft eine sehr dauerhafte Verbindung. Deshalb montieren wir den Stecker auch gerne f\u00fcr Sie!<\/p>\n\t<div id=\"gap-1975780973\" class=\"gap-element clearfix\" style=\"display:block; height:auto;\">\n\t\t\n<style>\n#gap-1975780973 {\n  padding-top: 30px;\n}\n<\/style>\n\t<\/div>\n\t\n\t<div id=\"text-1927010847\" class=\"text\">\n\t\t\n<h2 class=\"uppercase\" style=\"text-align: center;\">Empfohlenes Zubeh\u00f6r<\/h2>\n\t\t\n<style>\n#text-1927010847 {\n  text-align: center;\n}\n<\/style>\n\t<\/div>\n\t\n<div class=\"text-center\"><div class=\"is-divider divider clearfix\" style=\"max-width:100px;height:2px;background-color:rgb(173, 173, 173);\"><\/div><\/div>\n\t<div id=\"gap-1150848221\" class=\"gap-element clearfix\" style=\"display:block; height:auto;\">\n\t\t\n<style>\n#gap-1150848221 {\n  padding-top: 30px;\n}\n<\/style>\n\t<\/div>\n\t\n<div class=\"row row-large align-equal row-box-shadow-4 row-box-shadow-4-hover\"  id=\"row-1396471476\">\n\n\t<div id=\"col-1132206350\" class=\"col medium-4 small-12 large-4\"  >\n\t\t\t\t<div class=\"col-inner text-left\" style=\"background-color:rgba(0, 0, 0, 0.331);\" >\n\t\t\t\n\t<div class=\"is-border\"\n\t\tstyle=\"border-radius:51px;border-width:0px 0px 0px 0px;\">\n\t<\/div>\n\t\t\t\n\n\t<a class=\"plain\" href=\"https:\/\/outdoorcells.com\/de\/product\/anderson-stekker-fluistermotor-blauw-12v-10-12-awg\/\" >\t<div class=\"icon-box featured-box icon-box-center text-center is-large\"  >\n\t\t\t\t\t<div class=\"icon-box-img\" style=\"width: 235px\">\n\t\t\t\t<div class=\"icon\">\n\t\t\t\t\t<div class=\"icon-inner\" >\n\t\t\t\t\t\t<img loading=\"lazy\" decoding=\"async\" width=\"300\" height=\"300\" src=\"https:\/\/outdoorcells.com\/wp-content\/uploads\/2021\/11\/lithium-accu-accessoire-stekker-orange-300x300.png\" class=\"attachment-medium size-medium\" alt=\"\" srcset=\"https:\/\/outdoorcells.com\/wp-content\/uploads\/2021\/11\/lithium-accu-accessoire-stekker-orange-300x300.png 300w, https:\/\/outdoorcells.com\/wp-content\/uploads\/2021\/11\/lithium-accu-accessoire-stekker-orange-150x150.png 150w, https:\/\/outdoorcells.com\/wp-content\/uploads\/2021\/11\/lithium-accu-accessoire-stekker-orange-247x247.png 247w, https:\/\/outdoorcells.com\/wp-content\/uploads\/2021\/11\/lithium-accu-accessoire-stekker-orange-100x100.png 100w, https:\/\/outdoorcells.com\/wp-content\/uploads\/2021\/11\/lithium-accu-accessoire-stekker-orange.png 500w\" sizes=\"(max-width: 300px) 100vw, 300px\" \/>\t\t\t\t\t<\/div>\n\t\t\t\t<\/div>\n\t\t\t<\/div>\n\t\t\t\t<div class=\"icon-box-text last-reset\">\n\t\t\t<h5 class=\"uppercase\">ANDERSON SB 50<\/h5>\t\t\t<h6>Stecker<\/h6>\t\t\t\n\t<div id=\"gap-17732970\" class=\"gap-element clearfix\" style=\"display:block; height:auto;\">\n\t\t\n<style>\n#gap-17732970 {\n  padding-top: 20px;\n}\n<\/style>\n\t<\/div>\n\t\n<a href=\"https:\/\/outdoorcells.com\/de\/product\/outdoorbox-profi-12v-100ah-smart-akku\/?add-to-cart=4702\" class=\"button white is-outline\" style=\"border-radius:10px;\">\n\t\t<span>in korb<\/span>\n\t<i class=\"icon-shopping-basket\" aria-hidden=\"true\"><\/i><\/a>\n\n\t\t<\/div>\n\t<\/div>\n\t<\/a>\n\t\n\t<div id=\"gap-1786295813\" class=\"gap-element clearfix\" style=\"display:block; height:auto;\">\n\t\t\n<style>\n#gap-1786295813 {\n  padding-top: 30px;\n}\n<\/style>\n\t<\/div>\n\t\n\t\t<\/div>\n\t\t\t\t\n<style>\n#col-1132206350 > .col-inner {\n  padding: 0px 0px 0px 0px;\n  margin: 0px 0px 0px 0px;\n}\n<\/style>\n\t<\/div>\n\n\t\n\n\t<div id=\"col-1325781079\" class=\"col medium-4 small-12 large-4\"  >\n\t\t\t\t<div class=\"col-inner\" style=\"background-color:rgba(0, 0, 0, 0.331);\" >\n\t\t\t\n\t\t\t\n\n\t<a class=\"plain\" href=\"https:\/\/outdoorcells.com\/de\/product\/lader-outdoorbox-12-6v-20a\/\" >\t<div class=\"icon-box featured-box icon-box-center text-center is-large\"  >\n\t\t\t\t\t<div class=\"icon-box-img\" style=\"width: 235px\">\n\t\t\t\t<div class=\"icon\">\n\t\t\t\t\t<div class=\"icon-inner\" >\n\t\t\t\t\t\t<img loading=\"lazy\" decoding=\"async\" width=\"300\" height=\"300\" src=\"https:\/\/outdoorcells.com\/wp-content\/uploads\/2021\/11\/10A-Lader-voor-off-grid-pro-box-16V-300x300.png\" class=\"attachment-medium size-medium\" alt=\"\" srcset=\"https:\/\/outdoorcells.com\/wp-content\/uploads\/2021\/11\/10A-Lader-voor-off-grid-pro-box-16V-300x300.png 300w, https:\/\/outdoorcells.com\/wp-content\/uploads\/2021\/11\/10A-Lader-voor-off-grid-pro-box-16V-150x150.png 150w, https:\/\/outdoorcells.com\/wp-content\/uploads\/2021\/11\/10A-Lader-voor-off-grid-pro-box-16V-247x247.png 247w, https:\/\/outdoorcells.com\/wp-content\/uploads\/2021\/11\/10A-Lader-voor-off-grid-pro-box-16V-100x100.png 100w, https:\/\/outdoorcells.com\/wp-content\/uploads\/2021\/11\/10A-Lader-voor-off-grid-pro-box-16V.png 500w\" sizes=\"(max-width: 300px) 100vw, 300px\" \/>\t\t\t\t\t<\/div>\n\t\t\t\t<\/div>\n\t\t\t<\/div>\n\t\t\t\t<div class=\"icon-box-text last-reset\">\n\t\t\t<h5 class=\"uppercase\">LADEGER\u00c4T 10A<\/h5>\t\t\t<h6>CC~CV CHARGER<\/h6>\t\t\t\n\t<div id=\"gap-1529532655\" class=\"gap-element clearfix\" style=\"display:block; height:auto;\">\n\t\t\n<style>\n#gap-1529532655 {\n  padding-top: 20px;\n}\n<\/style>\n\t<\/div>\n\t\n<a href=\"https:\/\/outdoorcells.com\/de\/product\/outdoorbox-profi-12v-100ah-smart-akku\/?add-to-cart=4739\" class=\"button white is-outline\" style=\"border-radius:10px;\">\n\t\t<span>in korb<\/span>\n\t<i class=\"icon-shopping-basket\" aria-hidden=\"true\"><\/i><\/a>\n\n\t\t<\/div>\n\t<\/div>\n\t<\/a>\n\t\n\t<div id=\"gap-1602850920\" class=\"gap-element clearfix\" style=\"display:block; height:auto;\">\n\t\t\n<style>\n#gap-1602850920 {\n  padding-top: 30px;\n}\n<\/style>\n\t<\/div>\n\t\n\t\t<\/div>\n\t\t\t\t\t<\/div>\n\n\t\n\n\t<div id=\"col-641700061\" class=\"col medium-4 small-12 large-4\"  >\n\t\t\t\t<div class=\"col-inner\" style=\"background-color:rgba(0, 0, 0, 0.331);\" >\n\t\t\t\n\t\t\t\n\n\t<a class=\"plain\" href=\"https:\/\/outdoorcells.com\/de\/product\/usb-lader-voor-outdoorcells-base-compact\/\" >\t<div class=\"icon-box featured-box icon-box-center text-center is-large\"  >\n\t\t\t\t\t<div class=\"icon-box-img\" style=\"width: 235px\">\n\t\t\t\t<div class=\"icon\">\n\t\t\t\t\t<div class=\"icon-inner\" >\n\t\t\t\t\t\t<img loading=\"lazy\" decoding=\"async\" width=\"300\" height=\"300\" src=\"https:\/\/outdoorcells.com\/wp-content\/uploads\/2022\/12\/Cable-Solar-MC4SB50-Orange-300x300.png\" class=\"attachment-medium size-medium\" alt=\"\" srcset=\"https:\/\/outdoorcells.com\/wp-content\/uploads\/2022\/12\/Cable-Solar-MC4SB50-Orange-300x300.png 300w, https:\/\/outdoorcells.com\/wp-content\/uploads\/2022\/12\/Cable-Solar-MC4SB50-Orange-1024x1024.png 1024w, https:\/\/outdoorcells.com\/wp-content\/uploads\/2022\/12\/Cable-Solar-MC4SB50-Orange-150x150.png 150w, https:\/\/outdoorcells.com\/wp-content\/uploads\/2022\/12\/Cable-Solar-MC4SB50-Orange-768x768.png 768w, https:\/\/outdoorcells.com\/wp-content\/uploads\/2022\/12\/Cable-Solar-MC4SB50-Orange-247x247.png 247w, https:\/\/outdoorcells.com\/wp-content\/uploads\/2022\/12\/Cable-Solar-MC4SB50-Orange-510x510.png 510w, https:\/\/outdoorcells.com\/wp-content\/uploads\/2022\/12\/Cable-Solar-MC4SB50-Orange-100x100.png 100w, https:\/\/outdoorcells.com\/wp-content\/uploads\/2022\/12\/Cable-Solar-MC4SB50-Orange-e1716366112191.png 500w\" sizes=\"(max-width: 300px) 100vw, 300px\" \/>\t\t\t\t\t<\/div>\n\t\t\t\t<\/div>\n\t\t\t<\/div>\n\t\t\t\t<div class=\"icon-box-text last-reset\">\n\t\t\t<h5 class=\"uppercase\">MC-4 ~ SB50<\/h5>\t\t\t<h6>adapter<\/h6>\t\t\t\n\t<div id=\"gap-416214106\" class=\"gap-element clearfix\" style=\"display:block; height:auto;\">\n\t\t\n<style>\n#gap-416214106 {\n  padding-top: 20px;\n}\n<\/style>\n\t<\/div>\n\t\n<a href=\"https:\/\/outdoorcells.com\/de\/product\/outdoorbox-profi-12v-100ah-smart-akku\/?add-to-cart=4765\" class=\"button white is-outline\" style=\"border-radius:10px;\">\n\t\t<span>in korb<\/span>\n\t<i class=\"icon-shopping-basket\" aria-hidden=\"true\"><\/i><\/a>\n\n\t\t<\/div>\n\t<\/div>\n\t<\/a>\n\t\n\t<div id=\"gap-1700308289\" class=\"gap-element clearfix\" style=\"display:block; height:auto;\">\n\t\t\n<style>\n#gap-1700308289 {\n  padding-top: 30px;\n}\n<\/style>\n\t<\/div>\n\t\n\t\t<\/div>\n\t\t\t\t\t<\/div>\n\n\t\n\n<style>\n#row-1396471476 > .col > .col-inner {\n  background-color: rgba(12, 94, 17, 0.314);\n  border-radius: 23px;\n}\n<\/style>\n<\/div>","protected":false},"excerpt":{"rendered":"<p>outdoorbox lithium 12V100ah Outdoorbox Lithium 12V100Ah is vervaardigd bevat de nieuwste Li-ion NMC Safety Cells met bluetooth module en smart bms. Via de App voor iOS en Android is de accu status uitleesbaar. De App geeft informatie over de laadstatus, restcapaciteit in procent en voltage. Tevens kan real time het verbruik van bijvoorbeeld uw fluistermotor [&#8230;]\n","protected":false},"featured_media":6547,"template":"","meta":[],"product_cat":[22],"product_tag":[],"yoast_head":"<!-- This site is optimized with the Yoast SEO plugin v23.3 - https:\/\/yoast.com\/wordpress\/plugins\/seo\/ -->\n<title>Outdoorbox Lithium | 12V100Ah | Outdoorcells.com<\/title>\n<meta name=\"description\" content=\"Outdoorbox Lithium 12v100Ah met bluetooth. Klein maar toch krachtig door 100AH capaciteit. Waterdicht en snel oplaadbaar met de optionele lithium lader\" \/>\n<meta name=\"robots\" content=\"index, follow, max-snippet:-1, max-image-preview:large, max-video-preview:-1\" \/>\n<link rel=\"canonical\" href=\"https:\/\/outdoorcells.com\/de\/product\/outdoorbox-profi-12v-100ah-smart-akku\/\" \/>\n<meta property=\"og:locale\" content=\"de_DE\" \/>\n<meta property=\"og:type\" content=\"article\" \/>\n<meta property=\"og:title\" content=\"Outdoorbox Lithium | 12V100Ah | Outdoorcells.com\" \/>\n<meta property=\"og:description\" content=\"Outdoorbox Lithium 12v100Ah met bluetooth. Klein maar toch krachtig door 100AH capaciteit. Waterdicht en snel oplaadbaar met de optionele lithium lader\" \/>\n<meta property=\"og:url\" content=\"https:\/\/outdoorcells.com\/de\/product\/outdoorbox-profi-12v-100ah-smart-akku\/\" \/>\n<meta property=\"article:publisher\" content=\"https:\/\/www.facebook.com\/outdoorcells\" \/>\n<meta property=\"article:modified_time\" content=\"2025-03-27T10:17:14+00:00\" \/>\n<meta property=\"og:image\" content=\"https:\/\/outdoorcells.com\/wp-content\/uploads\/2022\/10\/DSCF8371-1-1024x1024.jpg\" \/>\n\t<meta property=\"og:image:width\" content=\"1024\" \/>\n\t<meta property=\"og:image:height\" content=\"1024\" \/>\n\t<meta property=\"og:image:type\" content=\"image\/jpeg\" \/>\n<meta name=\"twitter:card\" content=\"summary_large_image\" \/>\n<meta name=\"twitter:site\" content=\"@outdoorcells\" \/>\n<meta name=\"twitter:label1\" content=\"Gesch\u00e4tzte Lesezeit\" \/>\n\t<meta name=\"twitter:data1\" content=\"2\u00a0Minuten\" \/>\n<script type=\"application\/ld+json\" class=\"yoast-schema-graph\">{\"@context\":\"https:\/\/schema.org\",\"@graph\":[{\"@type\":\"WebPage\",\"@id\":\"https:\/\/outdoorcells.com\/product\/ium-pro-12v-100ah-smart\/\",\"url\":\"https:\/\/outdoorcells.com\/product\/ium-pro-12v-100ah-smart\/\",\"name\":\"Outdoorbox Lithium | 12V100Ah | Outdoorcells.com\",\"isPartOf\":{\"@id\":\"https:\/\/outdoorcells.com\/#website\"},\"primaryImageOfPage\":{\"@id\":\"https:\/\/outdoorcells.com\/product\/ium-pro-12v-100ah-smart\/#primaryimage\"},\"image\":{\"@id\":\"https:\/\/outdoorcells.com\/product\/ium-pro-12v-100ah-smart\/#primaryimage\"},\"thumbnailUrl\":\"https:\/\/outdoorcells.com\/wp-content\/uploads\/2022\/10\/DSCF8371-1.jpg\",\"datePublished\":\"2022-10-26T09:22:52+00:00\",\"dateModified\":\"2025-03-27T10:17:14+00:00\",\"description\":\"Outdoorbox Lithium 12v100Ah met bluetooth. Klein maar toch krachtig door 100AH capaciteit. Waterdicht en snel oplaadbaar met de optionele lithium lader\",\"breadcrumb\":{\"@id\":\"https:\/\/outdoorcells.com\/product\/ium-pro-12v-100ah-smart\/#breadcrumb\"},\"inLanguage\":\"de\",\"potentialAction\":[{\"@type\":\"ReadAction\",\"target\":[\"https:\/\/outdoorcells.com\/product\/ium-pro-12v-100ah-smart\/\"]}]},{\"@type\":\"ImageObject\",\"inLanguage\":\"de\",\"@id\":\"https:\/\/outdoorcells.com\/product\/ium-pro-12v-100ah-smart\/#primaryimage\",\"url\":\"https:\/\/outdoorcells.com\/wp-content\/uploads\/2022\/10\/DSCF8371-1.jpg\",\"contentUrl\":\"https:\/\/outdoorcells.com\/wp-content\/uploads\/2022\/10\/DSCF8371-1.jpg\",\"width\":2048,\"height\":2048},{\"@type\":\"BreadcrumbList\",\"@id\":\"https:\/\/outdoorcells.com\/product\/ium-pro-12v-100ah-smart\/#breadcrumb\",\"itemListElement\":[{\"@type\":\"ListItem\",\"position\":1,\"name\":\"Home\",\"item\":\"https:\/\/outdoorcells.com\/\"},{\"@type\":\"ListItem\",\"position\":2,\"name\":\"shop\",\"item\":\"https:\/\/outdoorcells.com\/lithium-accu-koffer\/\"},{\"@type\":\"ListItem\",\"position\":3,\"name\":\"Outdoorbox 4S PRO 14.6V 100AH\"}]},{\"@type\":\"WebSite\",\"@id\":\"https:\/\/outdoorcells.com\/#website\",\"url\":\"https:\/\/outdoorcells.com\/\",\"name\":\"Outdoorcells.com\",\"description\":\"\",\"publisher\":{\"@id\":\"https:\/\/outdoorcells.com\/#organization\"},\"potentialAction\":[{\"@type\":\"SearchAction\",\"target\":{\"@type\":\"EntryPoint\",\"urlTemplate\":\"https:\/\/outdoorcells.com\/?s={search_term_string}\"},\"query-input\":\"required name=search_term_string\"}],\"inLanguage\":\"de\"},{\"@type\":\"Organization\",\"@id\":\"https:\/\/outdoorcells.com\/#organization\",\"name\":\"OutdoorCells\",\"url\":\"https:\/\/outdoorcells.com\/\",\"logo\":{\"@type\":\"ImageObject\",\"inLanguage\":\"de\",\"@id\":\"https:\/\/outdoorcells.com\/#\/schema\/logo\/image\/\",\"url\":\"https:\/\/outdoorcells.com\/wp-content\/uploads\/2023\/05\/cropped-favicon.png\",\"contentUrl\":\"https:\/\/outdoorcells.com\/wp-content\/uploads\/2023\/05\/cropped-favicon.png\",\"width\":512,\"height\":512,\"caption\":\"OutdoorCells\"},\"image\":{\"@id\":\"https:\/\/outdoorcells.com\/#\/schema\/logo\/image\/\"},\"sameAs\":[\"https:\/\/www.facebook.com\/outdoorcells\",\"https:\/\/x.com\/outdoorcells\",\"https:\/\/www.instagram.com\/voerbootaccu\/\",\"https:\/\/www.youtube.com\/channel\/UCUWu_rkM0a3qkngzpf7EkMg?view_as=subscriber\"]}]}<\/script>\n<!-- \/ Yoast SEO plugin. -->","yoast_head_json":{"title":"Outdoorbox Akku Lithium | 12V100Ah | Outdoorcells.com","description":"Outdoor-Box Lithium 12v100Ah mit Bluetooth. Klein und dennoch leistungsstark dank 100AH Kapazit\u00e4t. Wasserdicht und schnell wieder aufladbar mit dem optionalen Lithium-Ladeger\u00e4t","robots":{"index":"index","follow":"follow","max-snippet":"max-snippet:-1","max-image-preview":"max-image-preview:large","max-video-preview":"max-video-preview:-1"},"canonical":"https:\/\/outdoorcells.com\/de\/product\/outdoorbox-profi-12v-100ah-smart-akku\/","og_locale":"de_DE","og_type":"article","og_title":"Outdoorbox Lithium | 12V100Ah | Outdoorcells.com","og_description":"Outdoorbox Lithium 12v100Ah met bluetooth. Klein maar toch krachtig door 100AH capaciteit. Waterdicht en snel oplaadbaar met de optionele lithium lader","og_url":"https:\/\/outdoorcells.com\/de\/product\/outdoorbox-profi-12v-100ah-smart-akku\/","article_publisher":"https:\/\/www.facebook.com\/outdoorcells","article_modified_time":"2025-03-27T10:17:14+00:00","og_image":[{"width":1024,"height":1024,"url":"https:\/\/outdoorcells.com\/wp-content\/uploads\/2022\/10\/DSCF8371-1-1024x1024.jpg","type":"image\/jpeg"}],"twitter_card":"summary_large_image","twitter_site":"@outdoorcells","twitter_misc":{"Gesch\u00e4tzte Lesezeit":"2\u00a0Minuten"},"schema":{"@context":"https:\/\/schema.org","@graph":[{"@type":"WebPage","@id":"https:\/\/outdoorcells.com\/product\/ium-pro-12v-100ah-smart\/","url":"https:\/\/outdoorcells.com\/product\/ium-pro-12v-100ah-smart\/","name":"Outdoorbox Akku Lithium | 12V100Ah | Outdoorcells.com","isPartOf":{"@id":"https:\/\/outdoorcells.com\/#website"},"primaryImageOfPage":{"@id":"https:\/\/outdoorcells.com\/product\/ium-pro-12v-100ah-smart\/#primaryimage"},"image":{"@id":"https:\/\/outdoorcells.com\/product\/ium-pro-12v-100ah-smart\/#primaryimage"},"thumbnailUrl":"https:\/\/outdoorcells.com\/wp-content\/uploads\/2022\/10\/DSCF8371-1.jpg","datePublished":"2022-10-26T09:22:52+00:00","dateModified":"2025-03-27T10:17:14+00:00","description":"Outdoor-Box Lithium 12v100Ah mit Bluetooth. Klein und dennoch leistungsstark dank 100AH Kapazit\u00e4t. Wasserdicht und schnell wieder aufladbar mit dem optionalen Lithium-Ladeger\u00e4t","breadcrumb":{"@id":"https:\/\/outdoorcells.com\/product\/ium-pro-12v-100ah-smart\/#breadcrumb"},"inLanguage":"de","potentialAction":[{"@type":"ReadAction","target":["https:\/\/outdoorcells.com\/product\/ium-pro-12v-100ah-smart\/"]}]},{"@type":"ImageObject","inLanguage":"de","@id":"https:\/\/outdoorcells.com\/product\/ium-pro-12v-100ah-smart\/#primaryimage","url":"https:\/\/outdoorcells.com\/wp-content\/uploads\/2022\/10\/DSCF8371-1.jpg","contentUrl":"https:\/\/outdoorcells.com\/wp-content\/uploads\/2022\/10\/DSCF8371-1.jpg","width":2048,"height":2048},{"@type":"BreadcrumbList","@id":"https:\/\/outdoorcells.com\/product\/ium-pro-12v-100ah-smart\/#breadcrumb","itemListElement":[{"@type":"ListItem","position":1,"name":"Home","item":"https:\/\/outdoorcells.com\/"},{"@type":"ListItem","position":2,"name":"shop","item":"https:\/\/outdoorcells.com\/lithium-accu-koffer\/"},{"@type":"ListItem","position":3,"name":"Outdoorbox 4S PRO 14.6V 100AH"}]},{"@type":"WebSite","@id":"https:\/\/outdoorcells.com\/#website","url":"https:\/\/outdoorcells.com\/","name":"Outdoorcells.com","description":"","publisher":{"@id":"https:\/\/outdoorcells.com\/#organization"},"potentialAction":[{"@type":"SearchAction","target":{"@type":"EntryPoint","urlTemplate":"https:\/\/outdoorcells.com\/?s={search_term_string}"},"query-input":"required name=search_term_string"}],"inLanguage":"de"},{"@type":"Organization","@id":"https:\/\/outdoorcells.com\/#organization","name":"OutdoorCells","url":"https:\/\/outdoorcells.com\/","logo":{"@type":"ImageObject","inLanguage":"de","@id":"https:\/\/outdoorcells.com\/#\/schema\/logo\/image\/","url":"https:\/\/outdoorcells.com\/wp-content\/uploads\/2023\/05\/cropped-favicon.png","contentUrl":"https:\/\/outdoorcells.com\/wp-content\/uploads\/2023\/05\/cropped-favicon.png","width":512,"height":512,"caption":"OutdoorCells"},"image":{"@id":"https:\/\/outdoorcells.com\/#\/schema\/logo\/image\/"},"sameAs":["https:\/\/www.facebook.com\/outdoorcells","https:\/\/x.com\/outdoorcells","https:\/\/www.instagram.com\/voerbootaccu\/","https:\/\/www.youtube.com\/channel\/UCUWu_rkM0a3qkngzpf7EkMg?view_as=subscriber"]}]}},"_links":{"self":[{"href":"https:\/\/outdoorcells.com\/de\/wp-json\/wp\/v2\/product\/5847"}],"collection":[{"href":"https:\/\/outdoorcells.com\/de\/wp-json\/wp\/v2\/product"}],"about":[{"href":"https:\/\/outdoorcells.com\/de\/wp-json\/wp\/v2\/types\/product"}],"wp:featuredmedia":[{"embeddable":true,"href":"https:\/\/outdoorcells.com\/de\/wp-json\/wp\/v2\/media\/6547"}],"wp:attachment":[{"href":"https:\/\/outdoorcells.com\/de\/wp-json\/wp\/v2\/media?parent=5847"}],"wp:term":[{"taxonomy":"product_cat","embeddable":true,"href":"https:\/\/outdoorcells.com\/de\/wp-json\/wp\/v2\/product_cat?post=5847"},{"taxonomy":"product_tag","embeddable":true,"href":"https:\/\/outdoorcells.com\/de\/wp-json\/wp\/v2\/product_tag?post=5847"}],"curies":[{"name":"wp","href":"https:\/\/api.w.org\/{rel}","templated":true}]}}