{"id":5761,"date":"2022-08-14T12:05:56","date_gmt":"2022-08-14T10:05:56","guid":{"rendered":"https:\/\/voerbootaccu.nl\/?post_type=product&#038;p=5761"},"modified":"2025-05-12T13:06:50","modified_gmt":"2025-05-12T11:06:50","slug":"lithium-ion-outdoorcells-basis-kompakt-12v-100ah","status":"publish","type":"product","link":"https:\/\/outdoorcells.com\/de\/product\/lithium-ion-outdoorbox-compact-12v100ah\/","title":{"rendered":"Outdoorbox Compact 12V 100Ah"},"content":{"rendered":"<h2 class=\"uppercase\" data-padding=\"5px\" data-line-height=\"m\"><strong>outdoorbox kompakt 12V100AH<\/strong><\/h2>\n<p data-padding=\"5px\" data-line-height=\"m\">Krachtige Lithium Accu met hoge capaciteit. Outdoorbox compact 12V100AH voor elektrisch varen. Deze draagbare Base Compact OUTDOOR BOX is speciaal voor de karpervisser, Belly Boat, Kajak en rubberboten ontwikkeld. Geschikt voor fluistermotoren tot 80 LBS! Fraai afgewerkte outdoor box, makkelijk te hanteren en ultra sterkt! De originele PELI Case 1300 biedt maximale zekerheid en bescherming. Kleinste 100AH Lithium outdoorbox op de markt uitgerust met originele Anderson Connector.<\/p>\n<h3 class=\"uppercase\" data-padding=\"5px\" data-line-height=\"m\"><strong>bms f\u00fcr lange Lebensdauer<\/strong><\/h3>\n<p data-padding=\"5px\" data-line-height=\"m\">Um eine lange Lebensdauer des Lithium-Moduls zu gew\u00e4hrleisten, verf\u00fcgt diese Outdoorbox compact 12v100ah nat\u00fcrlich \u00fcber ein BMS (Battery Management System). So wird der Status des Zellpakets im Auge behalten und die Gesundheit jeder einzelnen Zelle \u00fcberwacht. Dar\u00fcber hinaus sorgt das BMS daf\u00fcr, dass die Lithiumbatterie vor zu hohen Belastung, \u00dcber- und Unterladung gesch\u00fctzt ist.<\/p>\n<h3 class=\"uppercase\" data-padding=\"5px\" data-line-height=\"m\"><strong>e-motor anschlie\u00dfen<\/strong><\/h3>\n<p data-padding=\"5px\" data-line-height=\"m\">F\u00fcr den Anschluss Ihres Fl\u00fcstermotors an diesen kleinen Lithium-Akku mit hoher Kapazit\u00e4t verf\u00fcgt die Lithium-Ionen-Basis Compact \u00fcber einen Original Anderson SB 50-Stecker. So kann Ihr Elektromotor besser arbeiten und l\u00e4nger segeln. Ein originaler Anderson-Stecker hat au\u00dferdem den Vorteil, dass er sehr einfach anzuschlie\u00dfen ist und nicht wie Nachahmungen kneift. Da die Lithium-Ionen Base Compact sehr klein ist, passt sie problemlos in jede Angeltasche. In Kombination mit dem optionalen USB-Adapter kann sie auch als leistungsstarke Powerbank verwendet werden. Superpraktisch f\u00fcr den Karpfen- und Welsangler, der lange Zeit von zu Hause weg ist! Mit dem separat erh\u00e4ltlichen Lithium-Ladeger\u00e4t l\u00e4sst sich die 100AH Base Compact einfach und schnell an der Steckdose wieder aufladen. Au\u00dferdem ist diese kleine Lithium-Boot-Batterie auch mit dem optionalen Solarpanel und Solar-Laderegler wieder aufladbar.<\/p>\n<h3 style=\"text-align: center;\" data-padding=\"5px\" data-line-height=\"m\"><span class=\"fancy-underline\"><strong>HIGHLIGHTS<\/strong><\/span><\/h3>\n<ul>\n<li class=\"bullet-star\" style=\"text-align: left;\">Orginal Peli Koffer<\/li>\n<li class=\"bullet-star\">Sehr geringes Gewicht von nur 4.6Kg<\/li>\n<li class=\"bullet-star translation-block\">Eigebautes Sicherung (<em>extra Absichern nicht n\u00f6tig<\/em>)<\/li>\n<li class=\"bullet-star\">Wasserdichtes BMS mit erweiterten Funktionen<\/li>\n<li class=\"bullet-star\">Hochwertige OutdoorCells Lithium-Modul 12V100<\/li>\n<li class=\"bullet-star\">Original Anderson-Stecker SB50<\/li>\n<li class=\"bullet-star\">Sehr kompakt und daher leicht zu transportieren<\/li>\n<li class=\"bullet-star\">Korte oplaadtijd van ca. 5 uur<\/li>\n<li class=\"bullet-star\">Geeignet f\u00fcr Elektromotoren bis zu 80Lbs<\/li>\n<li class=\"bullet-star\">5 Jahre Garantie auf Lithium-Zellen<\/li>\n<li class=\"bullet-star\">Begrenzte lebenslange Garantie auf den Peli Koffer<\/li>\n<\/ul>\n\t<div id=\"gap-123569968\" class=\"gap-element clearfix\" style=\"display:block; height:auto;\">\n\t\t\n<style>\n#gap-123569968 {\n  padding-top: 30px;\n}\n<\/style>\n\t<\/div>\n\t\n\t<div id=\"text-1760019158\" class=\"text\">\n\t\t\n<h2 class=\"uppercase\" style=\"text-align: center;\">Empfohlenes Zubeh\u00f6r<\/h2>\n\t\t\n<style>\n#text-1760019158 {\n  text-align: center;\n}\n<\/style>\n\t<\/div>\n\t\n<div class=\"text-center\"><div class=\"is-divider divider clearfix\" style=\"max-width:100px;height:2px;background-color:rgb(173, 173, 173);\"><\/div><\/div>\n\t<div id=\"gap-150925043\" class=\"gap-element clearfix\" style=\"display:block; height:auto;\">\n\t\t\n<style>\n#gap-150925043 {\n  padding-top: 30px;\n}\n<\/style>\n\t<\/div>\n\t\n<div class=\"row row-large align-equal row-box-shadow-4 row-box-shadow-4-hover\"  id=\"row-351864118\">\n\n\t<div id=\"col-2066132320\" class=\"col medium-4 small-12 large-4\"  >\n\t\t\t\t<div class=\"col-inner text-left\" style=\"background-color:rgba(0, 0, 0, 0.331);\" >\n\t\t\t\n\t<div class=\"is-border\"\n\t\tstyle=\"border-radius:51px;border-width:0px 0px 0px 0px;\">\n\t<\/div>\n\t\t\t\n\n\t\t<div class=\"icon-box featured-box icon-box-center text-center is-large\"  >\n\t\t\t\t\t<div class=\"icon-box-img\" style=\"width: 299px\">\n\t\t\t\t<div class=\"icon\">\n\t\t\t\t\t<div class=\"icon-inner\" >\n\t\t\t\t\t\t<img loading=\"lazy\" decoding=\"async\" width=\"300\" height=\"300\" src=\"https:\/\/outdoorcells.com\/wp-content\/uploads\/2022\/01\/lithium-accu-accessoire-stekker-blauw-300x300.png\" class=\"attachment-medium size-medium\" alt=\"anderson sb50 blauw\" srcset=\"https:\/\/outdoorcells.com\/wp-content\/uploads\/2022\/01\/lithium-accu-accessoire-stekker-blauw-300x300.png 300w, https:\/\/outdoorcells.com\/wp-content\/uploads\/2022\/01\/lithium-accu-accessoire-stekker-blauw-1024x1024.png 1024w, https:\/\/outdoorcells.com\/wp-content\/uploads\/2022\/01\/lithium-accu-accessoire-stekker-blauw-150x150.png 150w, https:\/\/outdoorcells.com\/wp-content\/uploads\/2022\/01\/lithium-accu-accessoire-stekker-blauw-768x768.png 768w, https:\/\/outdoorcells.com\/wp-content\/uploads\/2022\/01\/lithium-accu-accessoire-stekker-blauw-1536x1536.png 1536w, https:\/\/outdoorcells.com\/wp-content\/uploads\/2022\/01\/lithium-accu-accessoire-stekker-blauw-2048x2048.png 2048w, https:\/\/outdoorcells.com\/wp-content\/uploads\/2022\/01\/lithium-accu-accessoire-stekker-blauw-247x247.png 247w, https:\/\/outdoorcells.com\/wp-content\/uploads\/2022\/01\/lithium-accu-accessoire-stekker-blauw-510x510.png 510w, https:\/\/outdoorcells.com\/wp-content\/uploads\/2022\/01\/lithium-accu-accessoire-stekker-blauw-100x100.png 100w\" sizes=\"(max-width: 300px) 100vw, 300px\" \/>\t\t\t\t\t<\/div>\n\t\t\t\t<\/div>\n\t\t\t<\/div>\n\t\t\t\t<div class=\"icon-box-text last-reset\">\n\t\t\t<h5 class=\"uppercase\">SB50 connector<\/h5>\t\t\t<h6>Emotor<\/h6>\t\t\t\n\t<div id=\"gap-747421938\" class=\"gap-element clearfix\" style=\"display:block; height:auto;\">\n\t\t\n<style>\n#gap-747421938 {\n  padding-top: 20px;\n}\n<\/style>\n\t<\/div>\n\t\n<a href=\"https:\/\/outdoorcells.com\/de\/product\/lithium-ion-outdoorcells-base-compact-12v-100ah\/?add-to-cart=5371\" class=\"button white is-outline\" style=\"border-radius:10px;\">\n\t\t<span>in korb<\/span>\n\t<i class=\"icon-shopping-basket\" aria-hidden=\"true\"><\/i><\/a>\n\n\t\t<\/div>\n\t<\/div>\n\t\n\t\n\t<div id=\"gap-1678592800\" class=\"gap-element clearfix\" style=\"display:block; height:auto;\">\n\t\t\n<style>\n#gap-1678592800 {\n  padding-top: 30px;\n}\n<\/style>\n\t<\/div>\n\t\n\t\t<\/div>\n\t\t\t\t\n<style>\n#col-2066132320 > .col-inner {\n  padding: 0px 0px 0px 0px;\n  margin: 0px 0px 0px 0px;\n}\n<\/style>\n\t<\/div>\n\n\t\n\n\t<div id=\"col-815402628\" class=\"col medium-4 small-12 large-4\"  >\n\t\t\t\t<div class=\"col-inner\" style=\"background-color:rgba(0, 0, 0, 0.331);\" >\n\t\t\t\n\t\t\t\n\n\t\t<div class=\"icon-box featured-box icon-box-center text-center is-large\"  >\n\t\t\t\t\t<div class=\"icon-box-img\" style=\"width: 299px\">\n\t\t\t\t<div class=\"icon\">\n\t\t\t\t\t<div class=\"icon-inner\" >\n\t\t\t\t\t\t<img loading=\"lazy\" decoding=\"async\" width=\"300\" height=\"300\" src=\"https:\/\/outdoorcells.com\/wp-content\/uploads\/2022\/01\/Aanbevolen-Lader-ion-accu-12.6V-5A-300x300.png\" class=\"attachment-medium size-medium\" alt=\"\" srcset=\"https:\/\/outdoorcells.com\/wp-content\/uploads\/2022\/01\/Aanbevolen-Lader-ion-accu-12.6V-5A-300x300.png 300w, https:\/\/outdoorcells.com\/wp-content\/uploads\/2022\/01\/Aanbevolen-Lader-ion-accu-12.6V-5A-1024x1024.png 1024w, https:\/\/outdoorcells.com\/wp-content\/uploads\/2022\/01\/Aanbevolen-Lader-ion-accu-12.6V-5A-150x150.png 150w, https:\/\/outdoorcells.com\/wp-content\/uploads\/2022\/01\/Aanbevolen-Lader-ion-accu-12.6V-5A-768x768.png 768w, https:\/\/outdoorcells.com\/wp-content\/uploads\/2022\/01\/Aanbevolen-Lader-ion-accu-12.6V-5A-247x247.png 247w, https:\/\/outdoorcells.com\/wp-content\/uploads\/2022\/01\/Aanbevolen-Lader-ion-accu-12.6V-5A-510x510.png 510w, https:\/\/outdoorcells.com\/wp-content\/uploads\/2022\/01\/Aanbevolen-Lader-ion-accu-12.6V-5A-100x100.png 100w, https:\/\/outdoorcells.com\/wp-content\/uploads\/2022\/01\/Aanbevolen-Lader-ion-accu-12.6V-5A.png 1100w\" sizes=\"(max-width: 300px) 100vw, 300px\" \/>\t\t\t\t\t<\/div>\n\t\t\t\t<\/div>\n\t\t\t<\/div>\n\t\t\t\t<div class=\"icon-box-text last-reset\">\n\t\t\t<h5 class=\"uppercase\">12.6V 20A Ladeger\u00e4t<\/h5>\t\t\t<h6>CC~CV CHARGER<\/h6>\t\t\t\n\t<div id=\"gap-958746489\" class=\"gap-element clearfix\" style=\"display:block; height:auto;\">\n\t\t\n<style>\n#gap-958746489 {\n  padding-top: 20px;\n}\n<\/style>\n\t<\/div>\n\t\n<a href=\"https:\/\/outdoorcells.com\/de\/product\/lithium-ion-outdoorcells-base-compact-12v-100ah\/?add-to-cart=4145\" class=\"button white is-outline\" style=\"border-radius:10px;\">\n\t\t<span>in korb<\/span>\n\t<i class=\"icon-shopping-basket\" aria-hidden=\"true\"><\/i><\/a>\n\n\t\t<\/div>\n\t<\/div>\n\t\n\t\n\t<div id=\"gap-1031444896\" class=\"gap-element clearfix\" style=\"display:block; height:auto;\">\n\t\t\n<style>\n#gap-1031444896 {\n  padding-top: 30px;\n}\n<\/style>\n\t<\/div>\n\t\n\t\t<\/div>\n\t\t\t\t\t<\/div>\n\n\t\n\n\t<div id=\"col-1703870638\" class=\"col medium-4 small-12 large-4\"  >\n\t\t\t\t<div class=\"col-inner\" style=\"background-color:rgba(0, 0, 0, 0.331);\" >\n\t\t\t\n\t\t\t\n\n\t\t<div class=\"icon-box featured-box icon-box-center text-center is-large\"  >\n\t\t\t\t\t<div class=\"icon-box-img\" style=\"width: 299px\">\n\t\t\t\t<div class=\"icon\">\n\t\t\t\t\t<div class=\"icon-inner\" >\n\t\t\t\t\t\t<img loading=\"lazy\" decoding=\"async\" width=\"300\" height=\"300\" src=\"https:\/\/outdoorcells.com\/wp-content\/uploads\/2023\/10\/weipu-connector-2-polig-300x300.png\" class=\"attachment-medium size-medium\" alt=\"wiep connector 2-polig\" srcset=\"https:\/\/outdoorcells.com\/wp-content\/uploads\/2023\/10\/weipu-connector-2-polig-300x300.png 300w, https:\/\/outdoorcells.com\/wp-content\/uploads\/2023\/10\/weipu-connector-2-polig-150x150.png 150w, https:\/\/outdoorcells.com\/wp-content\/uploads\/2023\/10\/weipu-connector-2-polig-12x12.png 12w, https:\/\/outdoorcells.com\/wp-content\/uploads\/2023\/10\/weipu-connector-2-polig-247x247.png 247w, https:\/\/outdoorcells.com\/wp-content\/uploads\/2023\/10\/weipu-connector-2-polig-510x510.png 510w, https:\/\/outdoorcells.com\/wp-content\/uploads\/2023\/10\/weipu-connector-2-polig-100x100.png 100w, https:\/\/outdoorcells.com\/wp-content\/uploads\/2023\/10\/weipu-connector-2-polig.png 550w\" sizes=\"(max-width: 300px) 100vw, 300px\" \/>\t\t\t\t\t<\/div>\n\t\t\t\t<\/div>\n\t\t\t<\/div>\n\t\t\t\t<div class=\"icon-box-text last-reset\">\n\t\t\t<h5 class=\"uppercase\">weipu ip68<\/h5>\t\t\t<h6>Echolot<\/h6>\t\t\t\n\t<div id=\"gap-53700031\" class=\"gap-element clearfix\" style=\"display:block; height:auto;\">\n\t\t\n<style>\n#gap-53700031 {\n  padding-top: 20px;\n}\n<\/style>\n\t<\/div>\n\t\n<a href=\"https:\/\/outdoorcells.com\/de\/product\/lithium-ion-outdoorcells-base-compact-12v-100ah\/?add-to-cart=5376\" class=\"button white is-outline\" style=\"border-radius:10px;\">\n\t\t<span>in korb<\/span>\n\t<i class=\"icon-shopping-basket\" aria-hidden=\"true\"><\/i><\/a>\n\n\t\t<\/div>\n\t<\/div>\n\t\n\t\n\t<div id=\"gap-1695807842\" class=\"gap-element clearfix\" style=\"display:block; height:auto;\">\n\t\t\n<style>\n#gap-1695807842 {\n  padding-top: 30px;\n}\n<\/style>\n\t<\/div>\n\t\n\t\t<\/div>\n\t\t\t\t\t<\/div>\n\n\t\n\n<style>\n#row-351864118 > .col > .col-inner {\n  background-color: rgba(12, 94, 17, 0.314);\n  border-radius: 23px;\n}\n<\/style>\n<\/div>","protected":false},"excerpt":{"rendered":"<p>outdoorbox Compact 12V100AH Krachtige Lithium Accu met hoge capaciteit. Outdoorbox compact 12V100AH voor elektrisch varen. Deze draagbare Base Compact OUTDOOR BOX is speciaal voor de karpervisser, Belly Boat, Kajak en rubberboten ontwikkeld. Geschikt voor fluistermotoren tot 80 LBS! Fraai afgewerkte outdoor box, makkelijk te hanteren en ultra sterkt! De originele PELI Case 1300 biedt maximale [&#8230;]\n","protected":false},"featured_media":6290,"template":"","meta":[],"product_cat":[343],"product_tag":[],"yoast_head":"<!-- This site is optimized with the Yoast SEO plugin v23.3 - https:\/\/yoast.com\/wordpress\/plugins\/seo\/ -->\n<title>Outdoorbox Compact 12V100Ah | Outdoorcells.com<\/title>\n<meta name=\"description\" content=\"Lithium Accu outdoorbox compact 12v100ah. Klein en krachtig en bovendien eenvoudig te transporteren. Waterdicht en snel oplaadbaar.\" \/>\n<meta name=\"robots\" content=\"index, follow, max-snippet:-1, max-image-preview:large, max-video-preview:-1\" \/>\n<link rel=\"canonical\" href=\"https:\/\/outdoorcells.com\/de\/product\/lithium-ion-outdoorcells-basis-kompakt-12v-100ah\/\" \/>\n<meta property=\"og:locale\" content=\"de_DE\" \/>\n<meta property=\"og:type\" content=\"article\" \/>\n<meta property=\"og:title\" content=\"Outdoorbox Compact 12V100Ah | Outdoorcells.com\" \/>\n<meta property=\"og:description\" content=\"Lithium Accu outdoorbox compact 12v100ah. Klein en krachtig en bovendien eenvoudig te transporteren. Waterdicht en snel oplaadbaar.\" \/>\n<meta property=\"og:url\" content=\"https:\/\/outdoorcells.com\/de\/product\/lithium-ion-outdoorcells-basis-kompakt-12v-100ah\/\" \/>\n<meta property=\"article:publisher\" content=\"https:\/\/www.facebook.com\/outdoorcells\" \/>\n<meta property=\"article:modified_time\" content=\"2025-05-12T11:06:50+00:00\" \/>\n<meta property=\"og:image\" content=\"https:\/\/outdoorcells.com\/wp-content\/uploads\/2022\/11\/outdoorbox-lithium-accu-scaled.jpg\" \/>\n\t<meta property=\"og:image:width\" content=\"2560\" \/>\n\t<meta property=\"og:image:height\" content=\"2560\" \/>\n\t<meta property=\"og:image:type\" content=\"image\/jpeg\" \/>\n<meta name=\"twitter:card\" content=\"summary_large_image\" \/>\n<meta name=\"twitter:site\" content=\"@outdoorcells\" \/>\n<meta name=\"twitter:label1\" content=\"Gesch\u00e4tzte Lesezeit\" \/>\n\t<meta name=\"twitter:data1\" content=\"2\u00a0Minuten\" \/>\n<script type=\"application\/ld+json\" class=\"yoast-schema-graph\">{\"@context\":\"https:\/\/schema.org\",\"@graph\":[{\"@type\":\"WebPage\",\"@id\":\"https:\/\/outdoorcells.com\/product\/lithium-ion-outdoorbox-compact-12v100ah\/\",\"url\":\"https:\/\/outdoorcells.com\/product\/lithium-ion-outdoorbox-compact-12v100ah\/\",\"name\":\"Outdoorbox Compact 12V100Ah | Outdoorcells.com\",\"isPartOf\":{\"@id\":\"https:\/\/outdoorcells.com\/#website\"},\"primaryImageOfPage\":{\"@id\":\"https:\/\/outdoorcells.com\/product\/lithium-ion-outdoorbox-compact-12v100ah\/#primaryimage\"},\"image\":{\"@id\":\"https:\/\/outdoorcells.com\/product\/lithium-ion-outdoorbox-compact-12v100ah\/#primaryimage\"},\"thumbnailUrl\":\"https:\/\/outdoorcells.com\/wp-content\/uploads\/2022\/11\/outdoorbox-lithium-accu-scaled.jpg\",\"datePublished\":\"2022-08-14T10:05:56+00:00\",\"dateModified\":\"2025-05-12T11:06:50+00:00\",\"description\":\"Lithium Accu outdoorbox compact 12v100ah. Klein en krachtig en bovendien eenvoudig te transporteren. Waterdicht en snel oplaadbaar.\",\"breadcrumb\":{\"@id\":\"https:\/\/outdoorcells.com\/product\/lithium-ion-outdoorbox-compact-12v100ah\/#breadcrumb\"},\"inLanguage\":\"de\",\"potentialAction\":[{\"@type\":\"ReadAction\",\"target\":[\"https:\/\/outdoorcells.com\/product\/lithium-ion-outdoorbox-compact-12v100ah\/\"]}]},{\"@type\":\"ImageObject\",\"inLanguage\":\"de\",\"@id\":\"https:\/\/outdoorcells.com\/product\/lithium-ion-outdoorbox-compact-12v100ah\/#primaryimage\",\"url\":\"https:\/\/outdoorcells.com\/wp-content\/uploads\/2022\/11\/outdoorbox-lithium-accu-scaled.jpg\",\"contentUrl\":\"https:\/\/outdoorcells.com\/wp-content\/uploads\/2022\/11\/outdoorbox-lithium-accu-scaled.jpg\",\"width\":2560,\"height\":2560,\"caption\":\"outdoorbox 3s 12v50ah\"},{\"@type\":\"BreadcrumbList\",\"@id\":\"https:\/\/outdoorcells.com\/product\/lithium-ion-outdoorbox-compact-12v100ah\/#breadcrumb\",\"itemListElement\":[{\"@type\":\"ListItem\",\"position\":1,\"name\":\"Home\",\"item\":\"https:\/\/outdoorcells.com\/\"},{\"@type\":\"ListItem\",\"position\":2,\"name\":\"shop\",\"item\":\"https:\/\/outdoorcells.com\/lithium-accu-koffer\/\"},{\"@type\":\"ListItem\",\"position\":3,\"name\":\"Outdoorbox Compact 12V 100Ah\"}]},{\"@type\":\"WebSite\",\"@id\":\"https:\/\/outdoorcells.com\/#website\",\"url\":\"https:\/\/outdoorcells.com\/\",\"name\":\"Outdoorcells.com\",\"description\":\"\",\"publisher\":{\"@id\":\"https:\/\/outdoorcells.com\/#organization\"},\"potentialAction\":[{\"@type\":\"SearchAction\",\"target\":{\"@type\":\"EntryPoint\",\"urlTemplate\":\"https:\/\/outdoorcells.com\/?s={search_term_string}\"},\"query-input\":\"required name=search_term_string\"}],\"inLanguage\":\"de\"},{\"@type\":\"Organization\",\"@id\":\"https:\/\/outdoorcells.com\/#organization\",\"name\":\"OutdoorCells\",\"url\":\"https:\/\/outdoorcells.com\/\",\"logo\":{\"@type\":\"ImageObject\",\"inLanguage\":\"de\",\"@id\":\"https:\/\/outdoorcells.com\/#\/schema\/logo\/image\/\",\"url\":\"https:\/\/outdoorcells.com\/wp-content\/uploads\/2023\/05\/cropped-favicon.png\",\"contentUrl\":\"https:\/\/outdoorcells.com\/wp-content\/uploads\/2023\/05\/cropped-favicon.png\",\"width\":512,\"height\":512,\"caption\":\"OutdoorCells\"},\"image\":{\"@id\":\"https:\/\/outdoorcells.com\/#\/schema\/logo\/image\/\"},\"sameAs\":[\"https:\/\/www.facebook.com\/outdoorcells\",\"https:\/\/x.com\/outdoorcells\",\"https:\/\/www.instagram.com\/voerbootaccu\/\",\"https:\/\/www.youtube.com\/channel\/UCUWu_rkM0a3qkngzpf7EkMg?view_as=subscriber\"]}]}<\/script>\n<!-- \/ Yoast SEO plugin. -->","yoast_head_json":{"title":"Outdoorbox Kompakt 12V100Ah | Outdoorcells.com","description":"Lithium-Batterie Tragbar. Outdoor-Box kompakt 12v100ah. Leicht zu transportieren. Wasserdicht und schnell wiederaufladbar. Maximaler Kapazit\u00e4t 100AH mehr Leistung","robots":{"index":"index","follow":"follow","max-snippet":"max-snippet:-1","max-image-preview":"max-image-preview:large","max-video-preview":"max-video-preview:-1"},"canonical":"https:\/\/outdoorcells.com\/de\/product\/lithium-ion-outdoorcells-basis-kompakt-12v-100ah\/","og_locale":"de_DE","og_type":"article","og_title":"Outdoorbox Compact 12V100Ah | Outdoorcells.com","og_description":"Lithium Accu outdoorbox compact 12v100ah. Klein en krachtig en bovendien eenvoudig te transporteren. Waterdicht en snel oplaadbaar.","og_url":"https:\/\/outdoorcells.com\/de\/product\/lithium-ion-outdoorcells-basis-kompakt-12v-100ah\/","article_publisher":"https:\/\/www.facebook.com\/outdoorcells","article_modified_time":"2025-05-12T11:06:50+00:00","og_image":[{"width":2560,"height":2560,"url":"https:\/\/outdoorcells.com\/wp-content\/uploads\/2022\/11\/outdoorbox-lithium-accu-scaled.jpg","type":"image\/jpeg"}],"twitter_card":"summary_large_image","twitter_site":"@outdoorcells","twitter_misc":{"Gesch\u00e4tzte Lesezeit":"2\u00a0Minuten"},"schema":{"@context":"https:\/\/schema.org","@graph":[{"@type":"WebPage","@id":"https:\/\/outdoorcells.com\/product\/lithium-ion-outdoorbox-compact-12v100ah\/","url":"https:\/\/outdoorcells.com\/product\/lithium-ion-outdoorbox-compact-12v100ah\/","name":"Outdoorbox Kompakt 12V100Ah | Outdoorcells.com","isPartOf":{"@id":"https:\/\/outdoorcells.com\/#website"},"primaryImageOfPage":{"@id":"https:\/\/outdoorcells.com\/product\/lithium-ion-outdoorbox-compact-12v100ah\/#primaryimage"},"image":{"@id":"https:\/\/outdoorcells.com\/product\/lithium-ion-outdoorbox-compact-12v100ah\/#primaryimage"},"thumbnailUrl":"https:\/\/outdoorcells.com\/wp-content\/uploads\/2022\/11\/outdoorbox-lithium-accu-scaled.jpg","datePublished":"2022-08-14T10:05:56+00:00","dateModified":"2025-05-12T11:06:50+00:00","description":"Lithium-Batterie Tragbar. Outdoor-Box kompakt 12v100ah. Leicht zu transportieren. Wasserdicht und schnell wiederaufladbar. Maximaler Kapazit\u00e4t 100AH mehr Leistung","breadcrumb":{"@id":"https:\/\/outdoorcells.com\/product\/lithium-ion-outdoorbox-compact-12v100ah\/#breadcrumb"},"inLanguage":"de","potentialAction":[{"@type":"ReadAction","target":["https:\/\/outdoorcells.com\/product\/lithium-ion-outdoorbox-compact-12v100ah\/"]}]},{"@type":"ImageObject","inLanguage":"de","@id":"https:\/\/outdoorcells.com\/product\/lithium-ion-outdoorbox-compact-12v100ah\/#primaryimage","url":"https:\/\/outdoorcells.com\/wp-content\/uploads\/2022\/11\/outdoorbox-lithium-accu-scaled.jpg","contentUrl":"https:\/\/outdoorcells.com\/wp-content\/uploads\/2022\/11\/outdoorbox-lithium-accu-scaled.jpg","width":2560,"height":2560,"caption":"outdoorbox 3s 12v50ah"},{"@type":"BreadcrumbList","@id":"https:\/\/outdoorcells.com\/product\/lithium-ion-outdoorbox-compact-12v100ah\/#breadcrumb","itemListElement":[{"@type":"ListItem","position":1,"name":"Home","item":"https:\/\/outdoorcells.com\/"},{"@type":"ListItem","position":2,"name":"shop","item":"https:\/\/outdoorcells.com\/lithium-accu-koffer\/"},{"@type":"ListItem","position":3,"name":"Outdoorbox Compact 12V 100Ah"}]},{"@type":"WebSite","@id":"https:\/\/outdoorcells.com\/#website","url":"https:\/\/outdoorcells.com\/","name":"Outdoorcells.com","description":"","publisher":{"@id":"https:\/\/outdoorcells.com\/#organization"},"potentialAction":[{"@type":"SearchAction","target":{"@type":"EntryPoint","urlTemplate":"https:\/\/outdoorcells.com\/?s={search_term_string}"},"query-input":"required name=search_term_string"}],"inLanguage":"de"},{"@type":"Organization","@id":"https:\/\/outdoorcells.com\/#organization","name":"OutdoorCells","url":"https:\/\/outdoorcells.com\/","logo":{"@type":"ImageObject","inLanguage":"de","@id":"https:\/\/outdoorcells.com\/#\/schema\/logo\/image\/","url":"https:\/\/outdoorcells.com\/wp-content\/uploads\/2023\/05\/cropped-favicon.png","contentUrl":"https:\/\/outdoorcells.com\/wp-content\/uploads\/2023\/05\/cropped-favicon.png","width":512,"height":512,"caption":"OutdoorCells"},"image":{"@id":"https:\/\/outdoorcells.com\/#\/schema\/logo\/image\/"},"sameAs":["https:\/\/www.facebook.com\/outdoorcells","https:\/\/x.com\/outdoorcells","https:\/\/www.instagram.com\/voerbootaccu\/","https:\/\/www.youtube.com\/channel\/UCUWu_rkM0a3qkngzpf7EkMg?view_as=subscriber"]}]}},"_links":{"self":[{"href":"https:\/\/outdoorcells.com\/de\/wp-json\/wp\/v2\/product\/5761"}],"collection":[{"href":"https:\/\/outdoorcells.com\/de\/wp-json\/wp\/v2\/product"}],"about":[{"href":"https:\/\/outdoorcells.com\/de\/wp-json\/wp\/v2\/types\/product"}],"wp:featuredmedia":[{"embeddable":true,"href":"https:\/\/outdoorcells.com\/de\/wp-json\/wp\/v2\/media\/6290"}],"wp:attachment":[{"href":"https:\/\/outdoorcells.com\/de\/wp-json\/wp\/v2\/media?parent=5761"}],"wp:term":[{"taxonomy":"product_cat","embeddable":true,"href":"https:\/\/outdoorcells.com\/de\/wp-json\/wp\/v2\/product_cat?post=5761"},{"taxonomy":"product_tag","embeddable":true,"href":"https:\/\/outdoorcells.com\/de\/wp-json\/wp\/v2\/product_tag?post=5761"}],"curies":[{"name":"wp","href":"https:\/\/api.w.org\/{rel}","templated":true}]}}