{"id":5721,"date":"2022-05-06T10:10:03","date_gmt":"2022-05-06T08:10:03","guid":{"rendered":"https:\/\/voerbootaccu.nl\/?post_type=product&#038;p=5721"},"modified":"2025-10-29T11:25:08","modified_gmt":"2025-10-29T10:25:08","slug":"anderson-connector-sb50-geel-36v-10-12-awg","status":"publish","type":"product","link":"https:\/\/outdoorcells.com\/de\/product\/anderson-connector-sb50-geel-36v-10-12-awg\/","title":{"rendered":"ANDERSON STECKER SB50 GELB (36V) #10-12 AWG"},"content":{"rendered":"<p>36V Anderson Stecker, komplett mit Kontakten f\u00fcr #10-12 AWG Kabel. F\u00fcr den schnellen und stabilen Anschluss an OUTDOORCELLS Lithium-Batterien mit 36 V<br \/>\nDie SB50-Steckverbinder sind z.B. f\u00fcr elektrische Fl\u00fcstermotoren und Wechselrichter geeignet. Sie werden mit Anschlusskontakten f\u00fcr bis zu #10-12 AWG-Kabel geliefert. Die Kontakte werden einfach an den Plus- und Minuspol des Ger\u00e4ts gel\u00f6tet. Im Lieferumfang enthalten ist auch eine Anleitung zur korrekten Montage der Kontakte im Steckergeh\u00e4use.<\/p>\n<h3 class=\"uppercase\">Vorteile des Anderson-Steckers gelb<\/h3>\n<ul>\n<li>Schnelles Anschlie\u00dfen<\/li>\n<li>Leicht zu montieren<\/li>\n<li>Geringer Widerstand<\/li>\n<li>Verhindert Kurzschl\u00fcsse<\/li>\n<li>UV-best\u00e4ndig<\/li>\n<li>Korrosionsbest\u00e4ndig<\/li>\n<li>Modell SB50 36V Anderson-Stecker<\/li>\n<li>Artikelnummer: 992G5-BK<\/li>\n<\/ul>\n<p>Durch die Verwendung von farbcodierten Steckern von Anderson vermeiden Sie au\u00dferdem, dass Sie Ger\u00e4te versehentlich an die falsche Batterie anschlie\u00dfen. Dies ist zum Beispiel n\u00fctzlich, wenn Sie mehrere Batterien, Ladeger\u00e4te und Ger\u00e4te mit unterschiedlichen Spannungen haben. Ein Gelbe anderson sb50 passt nur zu einem Gelben anderson sb50. Anderson SB50-Stecker kennen keinen Stecker und keine Buchse. Wenn Sie also ein Ger\u00e4t an eine 36V-Batterie anschlie\u00dfen wollen, ben\u00f6tigen Sie zwei Gelbe Stecker. Anderson-Stecker sind auch sehr gut geeignet, um Verl\u00e4ngerungskabel herzustellen. Werfen Sie auch einen Blick auf diese <strong><span style=\"color: #00ff00;\"><a style=\"color: #00ff00;\" href=\"https:\/\/youtu.be\/WCqq4pO2PmQ\">YouTube<\/a><\/span><\/strong> Video an<\/p>\n<p>Stecker mit Kontakten f\u00fcr #8 AWG Kabel ben\u00f6tigt? Klicken Sie <a href=\"https:\/\/outdoorcells.com\/de\/product\/anderson-connector-sb50-geel-36v-8-awg\/\"><strong><span style=\"color: #00ff00;\">HIER<\/span><\/strong><\/a><\/p>\n<p>&nbsp;<\/p>","protected":false},"excerpt":{"rendered":"<p>36V Anderson Stekker, compleet met contacten voor #10-12 AWG kabels. Voor een snelle en stevige aansluiting op de OUTDOORCELLS Lithium Accu&#8217;s met 36V De SB50 Connectoren zijn geschikt voor bijvoorbeeld Elektrisch Fluistermotoren en Omvormers. Word geleverd inclusief aansluit contacten tot max #10-12 AWG kabel. De contacten zijn eenvoudig aan de positieve en negatieve (plus\/min) polen [&#8230;]\n","protected":false},"featured_media":5722,"template":"","meta":[],"product_cat":[144],"product_tag":[],"yoast_head":"<!-- This site is optimized with the Yoast SEO plugin v23.3 - https:\/\/yoast.com\/wordpress\/plugins\/seo\/ -->\n<title>36V Anderson Stekker | Outdoorcells.com<\/title>\n<meta name=\"description\" content=\"36V Anderson Stekker voor 36Volt boegmotor. Snel en veilig aansluiten voor maximale prestaties en langere vaartijd met uw fluistermotor.\" \/>\n<meta name=\"robots\" content=\"index, follow, max-snippet:-1, max-image-preview:large, max-video-preview:-1\" \/>\n<link rel=\"canonical\" href=\"https:\/\/outdoorcells.com\/de\/product\/anderson-connector-sb50-geel-36v-10-12-awg\/\" \/>\n<meta property=\"og:locale\" content=\"de_DE\" \/>\n<meta property=\"og:type\" content=\"article\" \/>\n<meta property=\"og:title\" content=\"36V Anderson Stekker | Outdoorcells.com\" \/>\n<meta property=\"og:description\" content=\"36V Anderson Stekker voor 36Volt boegmotor. Snel en veilig aansluiten voor maximale prestaties en langere vaartijd met uw fluistermotor.\" \/>\n<meta property=\"og:url\" content=\"https:\/\/outdoorcells.com\/de\/product\/anderson-connector-sb50-geel-36v-10-12-awg\/\" \/>\n<meta property=\"article:publisher\" content=\"https:\/\/www.facebook.com\/outdoorcells\" \/>\n<meta property=\"article:modified_time\" content=\"2025-10-29T10:25:08+00:00\" \/>\n<meta property=\"og:image\" content=\"https:\/\/outdoorcells.com\/wp-content\/uploads\/2022\/05\/Anderson-SB-50-Stekker-Geel.jpg\" \/>\n\t<meta property=\"og:image:width\" content=\"2200\" \/>\n\t<meta property=\"og:image:height\" content=\"2200\" \/>\n\t<meta property=\"og:image:type\" content=\"image\/jpeg\" \/>\n<meta name=\"twitter:card\" content=\"summary_large_image\" \/>\n<meta name=\"twitter:site\" content=\"@outdoorcells\" \/>\n<meta name=\"twitter:label1\" content=\"Gesch\u00e4tzte Lesezeit\" \/>\n\t<meta name=\"twitter:data1\" content=\"1\u00a0Minute\" \/>\n<script type=\"application\/ld+json\" class=\"yoast-schema-graph\">{\"@context\":\"https:\/\/schema.org\",\"@graph\":[{\"@type\":\"WebPage\",\"@id\":\"https:\/\/outdoorcells.com\/product\/anderson-connector-sb50-geel-36v-10-12-awg\/\",\"url\":\"https:\/\/outdoorcells.com\/product\/anderson-connector-sb50-geel-36v-10-12-awg\/\",\"name\":\"36V Anderson Stekker | Outdoorcells.com\",\"isPartOf\":{\"@id\":\"https:\/\/outdoorcells.com\/#website\"},\"primaryImageOfPage\":{\"@id\":\"https:\/\/outdoorcells.com\/product\/anderson-connector-sb50-geel-36v-10-12-awg\/#primaryimage\"},\"image\":{\"@id\":\"https:\/\/outdoorcells.com\/product\/anderson-connector-sb50-geel-36v-10-12-awg\/#primaryimage\"},\"thumbnailUrl\":\"https:\/\/outdoorcells.com\/wp-content\/uploads\/2022\/05\/Anderson-SB-50-Stekker-Geel.jpg\",\"datePublished\":\"2022-05-06T08:10:03+00:00\",\"dateModified\":\"2025-10-29T10:25:08+00:00\",\"description\":\"36V Anderson Stekker voor 36Volt boegmotor. Snel en veilig aansluiten voor maximale prestaties en langere vaartijd met uw fluistermotor.\",\"breadcrumb\":{\"@id\":\"https:\/\/outdoorcells.com\/product\/anderson-connector-sb50-geel-36v-10-12-awg\/#breadcrumb\"},\"inLanguage\":\"de\",\"potentialAction\":[{\"@type\":\"ReadAction\",\"target\":[\"https:\/\/outdoorcells.com\/product\/anderson-connector-sb50-geel-36v-10-12-awg\/\"]}]},{\"@type\":\"ImageObject\",\"inLanguage\":\"de\",\"@id\":\"https:\/\/outdoorcells.com\/product\/anderson-connector-sb50-geel-36v-10-12-awg\/#primaryimage\",\"url\":\"https:\/\/outdoorcells.com\/wp-content\/uploads\/2022\/05\/Anderson-SB-50-Stekker-Geel.jpg\",\"contentUrl\":\"https:\/\/outdoorcells.com\/wp-content\/uploads\/2022\/05\/Anderson-SB-50-Stekker-Geel.jpg\",\"width\":2200,\"height\":2200,\"caption\":\"anderson stekker geel\"},{\"@type\":\"BreadcrumbList\",\"@id\":\"https:\/\/outdoorcells.com\/product\/anderson-connector-sb50-geel-36v-10-12-awg\/#breadcrumb\",\"itemListElement\":[{\"@type\":\"ListItem\",\"position\":1,\"name\":\"Home\",\"item\":\"https:\/\/outdoorcells.com\/\"},{\"@type\":\"ListItem\",\"position\":2,\"name\":\"shop\",\"item\":\"https:\/\/outdoorcells.com\/lithium-accu-koffer\/\"},{\"@type\":\"ListItem\",\"position\":3,\"name\":\"ANDERSON CONNECTOR SB50 GEEL (36V) #10-12 AWG\"}]},{\"@type\":\"WebSite\",\"@id\":\"https:\/\/outdoorcells.com\/#website\",\"url\":\"https:\/\/outdoorcells.com\/\",\"name\":\"Outdoorcells.com\",\"description\":\"\",\"publisher\":{\"@id\":\"https:\/\/outdoorcells.com\/#organization\"},\"potentialAction\":[{\"@type\":\"SearchAction\",\"target\":{\"@type\":\"EntryPoint\",\"urlTemplate\":\"https:\/\/outdoorcells.com\/?s={search_term_string}\"},\"query-input\":\"required name=search_term_string\"}],\"inLanguage\":\"de\"},{\"@type\":\"Organization\",\"@id\":\"https:\/\/outdoorcells.com\/#organization\",\"name\":\"OutdoorCells\",\"url\":\"https:\/\/outdoorcells.com\/\",\"logo\":{\"@type\":\"ImageObject\",\"inLanguage\":\"de\",\"@id\":\"https:\/\/outdoorcells.com\/#\/schema\/logo\/image\/\",\"url\":\"https:\/\/outdoorcells.com\/wp-content\/uploads\/2023\/05\/cropped-favicon.png\",\"contentUrl\":\"https:\/\/outdoorcells.com\/wp-content\/uploads\/2023\/05\/cropped-favicon.png\",\"width\":512,\"height\":512,\"caption\":\"OutdoorCells\"},\"image\":{\"@id\":\"https:\/\/outdoorcells.com\/#\/schema\/logo\/image\/\"},\"sameAs\":[\"https:\/\/www.facebook.com\/outdoorcells\",\"https:\/\/x.com\/outdoorcells\",\"https:\/\/www.instagram.com\/voerbootaccu\/\",\"https:\/\/www.youtube.com\/channel\/UCUWu_rkM0a3qkngzpf7EkMg?view_as=subscriber\"]}]}<\/script>\n<!-- \/ Yoast SEO plugin. -->","yoast_head_json":{"title":"36V Anderson Stecker | Outdoorcells.com","description":"36V Anderson Stecker f\u00fcr 36Volt Bugmotor. Schneller und sicherer Anschluss f\u00fcr maximale Leistung und l\u00e4ngere Segelzeit mit Ihrem Aussenborder.","robots":{"index":"index","follow":"follow","max-snippet":"max-snippet:-1","max-image-preview":"max-image-preview:large","max-video-preview":"max-video-preview:-1"},"canonical":"https:\/\/outdoorcells.com\/de\/product\/anderson-connector-sb50-geel-36v-10-12-awg\/","og_locale":"de_DE","og_type":"article","og_title":"36V Anderson Stekker | Outdoorcells.com","og_description":"36V Anderson Stekker voor 36Volt boegmotor. Snel en veilig aansluiten voor maximale prestaties en langere vaartijd met uw fluistermotor.","og_url":"https:\/\/outdoorcells.com\/de\/product\/anderson-connector-sb50-geel-36v-10-12-awg\/","article_publisher":"https:\/\/www.facebook.com\/outdoorcells","article_modified_time":"2025-10-29T10:25:08+00:00","og_image":[{"width":2200,"height":2200,"url":"https:\/\/outdoorcells.com\/wp-content\/uploads\/2022\/05\/Anderson-SB-50-Stekker-Geel.jpg","type":"image\/jpeg"}],"twitter_card":"summary_large_image","twitter_site":"@outdoorcells","twitter_misc":{"Gesch\u00e4tzte Lesezeit":"1\u00a0Minute"},"schema":{"@context":"https:\/\/schema.org","@graph":[{"@type":"WebPage","@id":"https:\/\/outdoorcells.com\/product\/anderson-connector-sb50-geel-36v-10-12-awg\/","url":"https:\/\/outdoorcells.com\/product\/anderson-connector-sb50-geel-36v-10-12-awg\/","name":"36V Anderson Stecker | Outdoorcells.com","isPartOf":{"@id":"https:\/\/outdoorcells.com\/#website"},"primaryImageOfPage":{"@id":"https:\/\/outdoorcells.com\/product\/anderson-connector-sb50-geel-36v-10-12-awg\/#primaryimage"},"image":{"@id":"https:\/\/outdoorcells.com\/product\/anderson-connector-sb50-geel-36v-10-12-awg\/#primaryimage"},"thumbnailUrl":"https:\/\/outdoorcells.com\/wp-content\/uploads\/2022\/05\/Anderson-SB-50-Stekker-Geel.jpg","datePublished":"2022-05-06T08:10:03+00:00","dateModified":"2025-10-29T10:25:08+00:00","description":"36V Anderson Stecker f\u00fcr 36Volt Bugmotor. Schneller und sicherer Anschluss f\u00fcr maximale Leistung und l\u00e4ngere Segelzeit mit Ihrem Aussenborder.","breadcrumb":{"@id":"https:\/\/outdoorcells.com\/product\/anderson-connector-sb50-geel-36v-10-12-awg\/#breadcrumb"},"inLanguage":"de","potentialAction":[{"@type":"ReadAction","target":["https:\/\/outdoorcells.com\/product\/anderson-connector-sb50-geel-36v-10-12-awg\/"]}]},{"@type":"ImageObject","inLanguage":"de","@id":"https:\/\/outdoorcells.com\/product\/anderson-connector-sb50-geel-36v-10-12-awg\/#primaryimage","url":"https:\/\/outdoorcells.com\/wp-content\/uploads\/2022\/05\/Anderson-SB-50-Stekker-Geel.jpg","contentUrl":"https:\/\/outdoorcells.com\/wp-content\/uploads\/2022\/05\/Anderson-SB-50-Stekker-Geel.jpg","width":2200,"height":2200,"caption":"anderson stekker geel"},{"@type":"BreadcrumbList","@id":"https:\/\/outdoorcells.com\/product\/anderson-connector-sb50-geel-36v-10-12-awg\/#breadcrumb","itemListElement":[{"@type":"ListItem","position":1,"name":"Home","item":"https:\/\/outdoorcells.com\/"},{"@type":"ListItem","position":2,"name":"shop","item":"https:\/\/outdoorcells.com\/lithium-accu-koffer\/"},{"@type":"ListItem","position":3,"name":"ANDERSON CONNECTOR SB50 GEEL (36V) #10-12 AWG"}]},{"@type":"WebSite","@id":"https:\/\/outdoorcells.com\/#website","url":"https:\/\/outdoorcells.com\/","name":"Outdoorcells.com","description":"","publisher":{"@id":"https:\/\/outdoorcells.com\/#organization"},"potentialAction":[{"@type":"SearchAction","target":{"@type":"EntryPoint","urlTemplate":"https:\/\/outdoorcells.com\/?s={search_term_string}"},"query-input":"required name=search_term_string"}],"inLanguage":"de"},{"@type":"Organization","@id":"https:\/\/outdoorcells.com\/#organization","name":"OutdoorCells","url":"https:\/\/outdoorcells.com\/","logo":{"@type":"ImageObject","inLanguage":"de","@id":"https:\/\/outdoorcells.com\/#\/schema\/logo\/image\/","url":"https:\/\/outdoorcells.com\/wp-content\/uploads\/2023\/05\/cropped-favicon.png","contentUrl":"https:\/\/outdoorcells.com\/wp-content\/uploads\/2023\/05\/cropped-favicon.png","width":512,"height":512,"caption":"OutdoorCells"},"image":{"@id":"https:\/\/outdoorcells.com\/#\/schema\/logo\/image\/"},"sameAs":["https:\/\/www.facebook.com\/outdoorcells","https:\/\/x.com\/outdoorcells","https:\/\/www.instagram.com\/voerbootaccu\/","https:\/\/www.youtube.com\/channel\/UCUWu_rkM0a3qkngzpf7EkMg?view_as=subscriber"]}]}},"_links":{"self":[{"href":"https:\/\/outdoorcells.com\/de\/wp-json\/wp\/v2\/product\/5721"}],"collection":[{"href":"https:\/\/outdoorcells.com\/de\/wp-json\/wp\/v2\/product"}],"about":[{"href":"https:\/\/outdoorcells.com\/de\/wp-json\/wp\/v2\/types\/product"}],"wp:featuredmedia":[{"embeddable":true,"href":"https:\/\/outdoorcells.com\/de\/wp-json\/wp\/v2\/media\/5722"}],"wp:attachment":[{"href":"https:\/\/outdoorcells.com\/de\/wp-json\/wp\/v2\/media?parent=5721"}],"wp:term":[{"taxonomy":"product_cat","embeddable":true,"href":"https:\/\/outdoorcells.com\/de\/wp-json\/wp\/v2\/product_cat?post=5721"},{"taxonomy":"product_tag","embeddable":true,"href":"https:\/\/outdoorcells.com\/de\/wp-json\/wp\/v2\/product_tag?post=5721"}],"curies":[{"name":"wp","href":"https:\/\/api.w.org\/{rel}","templated":true}]}}