{"id":5720,"date":"2022-05-06T10:03:47","date_gmt":"2022-05-06T08:03:47","guid":{"rendered":"https:\/\/voerbootaccu.nl\/?post_type=product&#038;p=5720"},"modified":"2023-12-27T15:16:07","modified_gmt":"2023-12-27T14:16:07","slug":"anderson-connector-sb50-groen-24v-8-awg","status":"publish","type":"product","link":"https:\/\/outdoorcells.com\/de\/product\/anderson-connector-sb50-groen-24v-8-awg\/","title":{"rendered":"ANDERSON STECKER SB50 GR\u00dcN (24V) #8 AWG"},"content":{"rendered":"<p>Anderson Stecker Gr\u00fcn, komplett mit Kontakten f\u00fcr #8 AWG Kabel. F\u00fcr den schnellen und stabilen Anschluss an OUTDOORCELLS Lithium-Batterien mit 24V<br \/>\nDie SB50-Steckverbinder sind z.B. f\u00fcr elektrische E-motoren und Wechselrichter geeignet. Sie werden mit Anschlusskontakten f\u00fcr bis zu #8 AWG-Kabel geliefert. Die Kontakte werden einfach an den Plus- und Minuspol des Ger\u00e4ts gel\u00f6tet. Im Lieferumfang enthalten ist auch eine Anleitung zur korrekten Montage der Kontakte im Steckergeh\u00e4use.<\/p>\n<h3 class=\"uppercase\">Vorteile des anderson-Steckers GR\u00dcN<\/h3>\n<ul>\n<li>Schnelles Anschlie\u00dfen<\/li>\n<li>Leicht zu montieren<\/li>\n<li>Geringer Widerstand<\/li>\n<li>Verhindert Kurzschl\u00fcsse<\/li>\n<li>UV-best\u00e4ndig<\/li>\n<li>Korrosionsbest\u00e4ndig<\/li>\n<li>Model SB50 Anderson Stekker Groen<\/li>\n<li>Artikelnummer: 992G6-BK-1<\/li>\n<\/ul>\n<p>Durch die Verwendung von farbcodierten Steckern von Anderson vermeiden Sie au\u00dferdem, dass Sie Ger\u00e4te versehentlich an die falsche Batterie anschlie\u00dfen. Dies ist zum Beispiel n\u00fctzlich, wenn Sie mehrere Batterien, Ladeger\u00e4te und Ger\u00e4te mit unterschiedlichen Spannungen haben. Ein gr\u00fcner anderson sb50 passt nur zu einem gr\u00fcnen anderson sb50. Anderson SB50-Stecker kennen keinen Stecker und keine Buchse. Wenn Sie also ein Ger\u00e4t an eine 24V-Batterie anschlie\u00dfen wollen, ben\u00f6tigen Sie zwei gr\u00fcne Stecker. Anderson-Stecker sind auch sehr gut geeignet, um Verl\u00e4ngerungskabel herzustellen. Werfen Sie auch einen Blick auf diese <span style=\"color: #00ff00;\"><strong><a style=\"color: #00ff00;\" href=\"https:\/\/youtu.be\/WCqq4pO2PmQ\">YouTube<\/a><\/strong><\/span> Video an<\/p>\n<p>Anderson-Stecker mit Kontakten f\u00fcr #10-12 AWG-Kabel ben\u00f6tigt? Klicken Sie <a href=\"https:\/\/outdoorcells.com\/de\/product\/anderson-connector-sb50-groen-24v-10-12-awg\/\"><strong><span style=\"color: #00ff00;\">HIER<\/span><\/strong><\/a><\/p>\n<p>&nbsp;<\/p>","protected":false},"excerpt":{"rendered":"<p>Anderson Stekker Groen, compleet met contacten voor #8 AWG kabels. Voor een snelle en stevige aansluiting op de OUTDOORCELLS Lithium Accu&#8217;s met 24V De SB50 Connectoren zijn geschikt voor bijvoorbeeld Elektrisch Fluistermotoren en Omvormers. Word geleverd inclusief aansluit contacten tot max #8 AWG kabel. De contacten zijn eenvoudig aan de positieve en negatieve (plus\/min) polen [&#8230;]\n","protected":false},"featured_media":5719,"template":"","meta":[],"product_cat":[144],"product_tag":[],"yoast_head":"<!-- This site is optimized with the Yoast SEO plugin v23.3 - https:\/\/yoast.com\/wordpress\/plugins\/seo\/ -->\n<title>Anderson Stekker Groen | Outdoorcells.com<\/title>\n<meta name=\"description\" content=\"Anderson stekker groen voor 24V lithium accu. Snel en veilig aansluiten van bijvoorbeeld fluistermotoren omvormer of lader op uw lithium outdoorbox.\" \/>\n<meta name=\"robots\" content=\"index, follow, max-snippet:-1, max-image-preview:large, max-video-preview:-1\" \/>\n<link rel=\"canonical\" href=\"https:\/\/outdoorcells.com\/de\/product\/anderson-connector-sb50-groen-24v-8-awg\/\" \/>\n<meta property=\"og:locale\" content=\"de_DE\" \/>\n<meta property=\"og:type\" content=\"article\" \/>\n<meta property=\"og:title\" content=\"Anderson Stekker Groen | Outdoorcells.com\" \/>\n<meta property=\"og:description\" content=\"Anderson stekker groen voor 24V lithium accu. Snel en veilig aansluiten van bijvoorbeeld fluistermotoren omvormer of lader op uw lithium outdoorbox.\" \/>\n<meta property=\"og:url\" content=\"https:\/\/outdoorcells.com\/de\/product\/anderson-connector-sb50-groen-24v-8-awg\/\" \/>\n<meta property=\"article:publisher\" content=\"https:\/\/www.facebook.com\/outdoorcells\" \/>\n<meta property=\"article:modified_time\" content=\"2023-12-27T14:16:07+00:00\" \/>\n<meta property=\"og:image\" content=\"https:\/\/outdoorcells.com\/wp-content\/uploads\/2022\/05\/Anderson-SB-50-Stekker-Groen.jpg\" \/>\n\t<meta property=\"og:image:width\" content=\"2200\" \/>\n\t<meta property=\"og:image:height\" content=\"2200\" \/>\n\t<meta property=\"og:image:type\" content=\"image\/jpeg\" \/>\n<meta name=\"twitter:card\" content=\"summary_large_image\" \/>\n<meta name=\"twitter:site\" content=\"@outdoorcells\" \/>\n<meta name=\"twitter:label1\" content=\"Gesch\u00e4tzte Lesezeit\" \/>\n\t<meta name=\"twitter:data1\" content=\"1\u00a0Minute\" \/>\n<script type=\"application\/ld+json\" class=\"yoast-schema-graph\">{\"@context\":\"https:\/\/schema.org\",\"@graph\":[{\"@type\":\"WebPage\",\"@id\":\"https:\/\/outdoorcells.com\/product\/anderson-connector-sb50-groen-24v-8-awg\/\",\"url\":\"https:\/\/outdoorcells.com\/product\/anderson-connector-sb50-groen-24v-8-awg\/\",\"name\":\"Anderson Stekker Groen | Outdoorcells.com\",\"isPartOf\":{\"@id\":\"https:\/\/outdoorcells.com\/#website\"},\"primaryImageOfPage\":{\"@id\":\"https:\/\/outdoorcells.com\/product\/anderson-connector-sb50-groen-24v-8-awg\/#primaryimage\"},\"image\":{\"@id\":\"https:\/\/outdoorcells.com\/product\/anderson-connector-sb50-groen-24v-8-awg\/#primaryimage\"},\"thumbnailUrl\":\"https:\/\/outdoorcells.com\/wp-content\/uploads\/2022\/05\/Anderson-SB-50-Stekker-Groen.jpg\",\"datePublished\":\"2022-05-06T08:03:47+00:00\",\"dateModified\":\"2023-12-27T14:16:07+00:00\",\"description\":\"Anderson stekker groen voor 24V lithium accu. Snel en veilig aansluiten van bijvoorbeeld fluistermotoren omvormer of lader op uw lithium outdoorbox.\",\"breadcrumb\":{\"@id\":\"https:\/\/outdoorcells.com\/product\/anderson-connector-sb50-groen-24v-8-awg\/#breadcrumb\"},\"inLanguage\":\"de\",\"potentialAction\":[{\"@type\":\"ReadAction\",\"target\":[\"https:\/\/outdoorcells.com\/product\/anderson-connector-sb50-groen-24v-8-awg\/\"]}]},{\"@type\":\"ImageObject\",\"inLanguage\":\"de\",\"@id\":\"https:\/\/outdoorcells.com\/product\/anderson-connector-sb50-groen-24v-8-awg\/#primaryimage\",\"url\":\"https:\/\/outdoorcells.com\/wp-content\/uploads\/2022\/05\/Anderson-SB-50-Stekker-Groen.jpg\",\"contentUrl\":\"https:\/\/outdoorcells.com\/wp-content\/uploads\/2022\/05\/Anderson-SB-50-Stekker-Groen.jpg\",\"width\":2200,\"height\":2200,\"caption\":\"sb 50 groen\"},{\"@type\":\"BreadcrumbList\",\"@id\":\"https:\/\/outdoorcells.com\/product\/anderson-connector-sb50-groen-24v-8-awg\/#breadcrumb\",\"itemListElement\":[{\"@type\":\"ListItem\",\"position\":1,\"name\":\"Home\",\"item\":\"https:\/\/outdoorcells.com\/\"},{\"@type\":\"ListItem\",\"position\":2,\"name\":\"shop\",\"item\":\"https:\/\/outdoorcells.com\/lithium-accu-koffer\/\"},{\"@type\":\"ListItem\",\"position\":3,\"name\":\"ANDERSON CONNECTOR SB50 GROEN (24V) #8 AWG\"}]},{\"@type\":\"WebSite\",\"@id\":\"https:\/\/outdoorcells.com\/#website\",\"url\":\"https:\/\/outdoorcells.com\/\",\"name\":\"Outdoorcells.com\",\"description\":\"\",\"publisher\":{\"@id\":\"https:\/\/outdoorcells.com\/#organization\"},\"potentialAction\":[{\"@type\":\"SearchAction\",\"target\":{\"@type\":\"EntryPoint\",\"urlTemplate\":\"https:\/\/outdoorcells.com\/?s={search_term_string}\"},\"query-input\":\"required name=search_term_string\"}],\"inLanguage\":\"de\"},{\"@type\":\"Organization\",\"@id\":\"https:\/\/outdoorcells.com\/#organization\",\"name\":\"OutdoorCells\",\"url\":\"https:\/\/outdoorcells.com\/\",\"logo\":{\"@type\":\"ImageObject\",\"inLanguage\":\"de\",\"@id\":\"https:\/\/outdoorcells.com\/#\/schema\/logo\/image\/\",\"url\":\"https:\/\/outdoorcells.com\/wp-content\/uploads\/2023\/05\/cropped-favicon.png\",\"contentUrl\":\"https:\/\/outdoorcells.com\/wp-content\/uploads\/2023\/05\/cropped-favicon.png\",\"width\":512,\"height\":512,\"caption\":\"OutdoorCells\"},\"image\":{\"@id\":\"https:\/\/outdoorcells.com\/#\/schema\/logo\/image\/\"},\"sameAs\":[\"https:\/\/www.facebook.com\/outdoorcells\",\"https:\/\/x.com\/outdoorcells\",\"https:\/\/www.instagram.com\/voerbootaccu\/\",\"https:\/\/www.youtube.com\/channel\/UCUWu_rkM0a3qkngzpf7EkMg?view_as=subscriber\"]}]}<\/script>\n<!-- \/ Yoast SEO plugin. -->","yoast_head_json":{"title":"Anderson Stecker Gr\u00fcn | Outdoorcells.com","description":"Anderson-Stecker gr\u00fcn f\u00fcr 24V-Lithium-Batterie. Schneller und sicherer Anschluss von z.B. Fl\u00fcstermotoren, Wechselrichter oder Ladeger\u00e4t an Ihre Outdoor-Lithiumbox.","robots":{"index":"index","follow":"follow","max-snippet":"max-snippet:-1","max-image-preview":"max-image-preview:large","max-video-preview":"max-video-preview:-1"},"canonical":"https:\/\/outdoorcells.com\/de\/product\/anderson-connector-sb50-groen-24v-8-awg\/","og_locale":"de_DE","og_type":"article","og_title":"Anderson Stekker Groen | Outdoorcells.com","og_description":"Anderson stekker groen voor 24V lithium accu. Snel en veilig aansluiten van bijvoorbeeld fluistermotoren omvormer of lader op uw lithium outdoorbox.","og_url":"https:\/\/outdoorcells.com\/de\/product\/anderson-connector-sb50-groen-24v-8-awg\/","article_publisher":"https:\/\/www.facebook.com\/outdoorcells","article_modified_time":"2023-12-27T14:16:07+00:00","og_image":[{"width":2200,"height":2200,"url":"https:\/\/outdoorcells.com\/wp-content\/uploads\/2022\/05\/Anderson-SB-50-Stekker-Groen.jpg","type":"image\/jpeg"}],"twitter_card":"summary_large_image","twitter_site":"@outdoorcells","twitter_misc":{"Gesch\u00e4tzte Lesezeit":"1\u00a0Minute"},"schema":{"@context":"https:\/\/schema.org","@graph":[{"@type":"WebPage","@id":"https:\/\/outdoorcells.com\/product\/anderson-connector-sb50-groen-24v-8-awg\/","url":"https:\/\/outdoorcells.com\/product\/anderson-connector-sb50-groen-24v-8-awg\/","name":"Anderson Stecker Gr\u00fcn | Outdoorcells.com","isPartOf":{"@id":"https:\/\/outdoorcells.com\/#website"},"primaryImageOfPage":{"@id":"https:\/\/outdoorcells.com\/product\/anderson-connector-sb50-groen-24v-8-awg\/#primaryimage"},"image":{"@id":"https:\/\/outdoorcells.com\/product\/anderson-connector-sb50-groen-24v-8-awg\/#primaryimage"},"thumbnailUrl":"https:\/\/outdoorcells.com\/wp-content\/uploads\/2022\/05\/Anderson-SB-50-Stekker-Groen.jpg","datePublished":"2022-05-06T08:03:47+00:00","dateModified":"2023-12-27T14:16:07+00:00","description":"Anderson-Stecker gr\u00fcn f\u00fcr 24V-Lithium-Batterie. Schneller und sicherer Anschluss von z.B. Fl\u00fcstermotoren, Wechselrichter oder Ladeger\u00e4t an Ihre Outdoor-Lithiumbox.","breadcrumb":{"@id":"https:\/\/outdoorcells.com\/product\/anderson-connector-sb50-groen-24v-8-awg\/#breadcrumb"},"inLanguage":"de","potentialAction":[{"@type":"ReadAction","target":["https:\/\/outdoorcells.com\/product\/anderson-connector-sb50-groen-24v-8-awg\/"]}]},{"@type":"ImageObject","inLanguage":"de","@id":"https:\/\/outdoorcells.com\/product\/anderson-connector-sb50-groen-24v-8-awg\/#primaryimage","url":"https:\/\/outdoorcells.com\/wp-content\/uploads\/2022\/05\/Anderson-SB-50-Stekker-Groen.jpg","contentUrl":"https:\/\/outdoorcells.com\/wp-content\/uploads\/2022\/05\/Anderson-SB-50-Stekker-Groen.jpg","width":2200,"height":2200,"caption":"sb 50 groen"},{"@type":"BreadcrumbList","@id":"https:\/\/outdoorcells.com\/product\/anderson-connector-sb50-groen-24v-8-awg\/#breadcrumb","itemListElement":[{"@type":"ListItem","position":1,"name":"Home","item":"https:\/\/outdoorcells.com\/"},{"@type":"ListItem","position":2,"name":"shop","item":"https:\/\/outdoorcells.com\/lithium-accu-koffer\/"},{"@type":"ListItem","position":3,"name":"ANDERSON CONNECTOR SB50 GROEN (24V) #8 AWG"}]},{"@type":"WebSite","@id":"https:\/\/outdoorcells.com\/#website","url":"https:\/\/outdoorcells.com\/","name":"Outdoorcells.com","description":"","publisher":{"@id":"https:\/\/outdoorcells.com\/#organization"},"potentialAction":[{"@type":"SearchAction","target":{"@type":"EntryPoint","urlTemplate":"https:\/\/outdoorcells.com\/?s={search_term_string}"},"query-input":"required name=search_term_string"}],"inLanguage":"de"},{"@type":"Organization","@id":"https:\/\/outdoorcells.com\/#organization","name":"OutdoorCells","url":"https:\/\/outdoorcells.com\/","logo":{"@type":"ImageObject","inLanguage":"de","@id":"https:\/\/outdoorcells.com\/#\/schema\/logo\/image\/","url":"https:\/\/outdoorcells.com\/wp-content\/uploads\/2023\/05\/cropped-favicon.png","contentUrl":"https:\/\/outdoorcells.com\/wp-content\/uploads\/2023\/05\/cropped-favicon.png","width":512,"height":512,"caption":"OutdoorCells"},"image":{"@id":"https:\/\/outdoorcells.com\/#\/schema\/logo\/image\/"},"sameAs":["https:\/\/www.facebook.com\/outdoorcells","https:\/\/x.com\/outdoorcells","https:\/\/www.instagram.com\/voerbootaccu\/","https:\/\/www.youtube.com\/channel\/UCUWu_rkM0a3qkngzpf7EkMg?view_as=subscriber"]}]}},"_links":{"self":[{"href":"https:\/\/outdoorcells.com\/de\/wp-json\/wp\/v2\/product\/5720"}],"collection":[{"href":"https:\/\/outdoorcells.com\/de\/wp-json\/wp\/v2\/product"}],"about":[{"href":"https:\/\/outdoorcells.com\/de\/wp-json\/wp\/v2\/types\/product"}],"wp:featuredmedia":[{"embeddable":true,"href":"https:\/\/outdoorcells.com\/de\/wp-json\/wp\/v2\/media\/5719"}],"wp:attachment":[{"href":"https:\/\/outdoorcells.com\/de\/wp-json\/wp\/v2\/media?parent=5720"}],"wp:term":[{"taxonomy":"product_cat","embeddable":true,"href":"https:\/\/outdoorcells.com\/de\/wp-json\/wp\/v2\/product_cat?post=5720"},{"taxonomy":"product_tag","embeddable":true,"href":"https:\/\/outdoorcells.com\/de\/wp-json\/wp\/v2\/product_tag?post=5720"}],"curies":[{"name":"wp","href":"https:\/\/api.w.org\/{rel}","templated":true}]}}