{"id":5710,"date":"2022-04-30T12:13:54","date_gmt":"2022-04-30T10:13:54","guid":{"rendered":"https:\/\/voerbootaccu.nl\/?post_type=product&#038;p=5710"},"modified":"2025-04-24T14:09:07","modified_gmt":"2025-04-24T12:09:07","slug":"zonnepaneel-opvouwbaar","status":"publish","type":"product","link":"https:\/\/outdoorcells.com\/de\/product\/zonnepaneel-opvouwbaar\/","title":{"rendered":"BLUETTI PV200 200W SOLAR PANEL"},"content":{"rendered":"<div class=\"content\">\n<p>Das Bluetti PV200 200W Solarmodul ist ein faltbares Solarmodul, das aus einem laminierten und langlebigen ETFE-Material besteht. Dieses Material macht das Panel haltbar, kratzfest und hat daher eine l\u00e4ngere Lebensdauer. Die Solarzellen in dem faltbaren Solarmodul sind parallel geschaltet. Diese Technologie sorgt f\u00fcr einen h\u00f6heren Wirkungsgrad, eine bessere Leistung bei schattigen Bedingungen und hat daher mehr Ertrag.<\/p>\n<p>Auf der R\u00fcckseite des Solarmoduls befindet sich ein St\u00e4nder. Dieser St\u00e4nder bietet Ihnen mehrere M\u00f6glichkeiten, das Solarmodul im richtigen Winkel zur Sonne zu positionieren. Das PV200-Panel besteht aus 4 miteinander verbundenen Paneelen, die sich \u00fcber eine Gesamtfl\u00e4che von 227 x 59 cm erstrecken. Zusammengeklappt ist es nur 63 x 59 cm gro\u00df und wiegt 7,3 kg. Das Panel verf\u00fcgt \u00fcber Sunpower-Solarzellen mit einem hohen Wirkungsgrad von 23,4 %.<\/p>\n<\/div>\n<p>Bei guten Wetterbedingungen kann das 200W-Panel von Bluetti durchschnittlich 1000Wh oder mehr pro Tag erzeugen. Das Solarmodul wird standardm\u00e4\u00dfig mit einem 3 Meter langen MC4-Kabel geliefert. \u00dcber diese Verbindung ist es m\u00f6glich, das Solarmodul mit dem <strong><span style=\"color: #00ff00;\"><a class=\"uppercase\" style=\"color: #00ff00;\" href=\"https:\/\/outdoorcells.com\/de\/product\/kabel-anderson-sb-50-orange-mc4\/\">Anderson nach MC4<\/a><\/span><\/strong> Adapterkabel an den OUTDOORCELLS <strong><span style=\"color: #00ff00;\"><a class=\"uppercase\" style=\"color: #00ff00;\" href=\"https:\/\/outdoorcells.com\/de\/product\/outdoorcells-solar-charge-controller\/\">Solar Box<\/a><\/span><\/strong> verbinden. Geeignet f\u00fcr Solarbox und Solarbox V2. Die Solarboxen verf\u00fcgen \u00fcber einen orangefarbenen Anderson-Anschluss f\u00fcr Solar. Das Adapterkabel finden Sie <a href=\"https:\/\/outdoorcells.com\/de\/product\/kabel-anderson-sb-50-orange-mc4\/\"><span style=\"color: #00ff00;\"><strong>HIER<\/strong><\/span><\/a><\/p>\n\t<div id=\"text-2296474890\" class=\"text\">\n\t\t\n<h2 class=\"uppercase\" style=\"text-align: center;\">Empfohlenes Zubeh\u00f6r<\/h2>\n\t\t\n<style>\n#text-2296474890 {\n  text-align: center;\n}\n<\/style>\n\t<\/div>\n\t\n<div class=\"text-center\"><div class=\"is-divider divider clearfix\" style=\"max-width:100px;height:2px;background-color:rgb(173, 173, 173);\"><\/div><\/div>\n<div class=\"row row-large align-equal row-box-shadow-4 row-box-shadow-4-hover\"  id=\"row-1582351691\">\n\n\t<div id=\"col-984729994\" class=\"col medium-4 small-12 large-4\"  >\n\t\t\t\t<div class=\"col-inner text-left\" style=\"background-color:rgba(0, 0, 0, 0.331);\" >\n\t\t\t\n\t<div class=\"is-border\"\n\t\tstyle=\"border-radius:51px;border-width:0px 0px 0px 0px;\">\n\t<\/div>\n\t\t\t\n\n\t<a class=\"plain\" href=\"https:\/\/outdoorcells.com\/de\/product\/aansluitkabel-zonnepaneel-sb-50-orange-mc4\/\" >\t<div class=\"icon-box featured-box icon-box-center text-center\"  >\n\t\t\t\t\t<div class=\"icon-box-img\" style=\"width: 299px\">\n\t\t\t\t<div class=\"icon\">\n\t\t\t\t\t<div class=\"icon-inner\" >\n\t\t\t\t\t\t<img loading=\"lazy\" decoding=\"async\" width=\"300\" height=\"300\" src=\"https:\/\/outdoorcells.com\/wp-content\/uploads\/2022\/12\/Cable-Solar-MC4SB50-Orange-300x300.png\" class=\"attachment-medium size-medium\" alt=\"\" srcset=\"https:\/\/outdoorcells.com\/wp-content\/uploads\/2022\/12\/Cable-Solar-MC4SB50-Orange-300x300.png 300w, https:\/\/outdoorcells.com\/wp-content\/uploads\/2022\/12\/Cable-Solar-MC4SB50-Orange-1024x1024.png 1024w, https:\/\/outdoorcells.com\/wp-content\/uploads\/2022\/12\/Cable-Solar-MC4SB50-Orange-150x150.png 150w, https:\/\/outdoorcells.com\/wp-content\/uploads\/2022\/12\/Cable-Solar-MC4SB50-Orange-768x768.png 768w, https:\/\/outdoorcells.com\/wp-content\/uploads\/2022\/12\/Cable-Solar-MC4SB50-Orange-247x247.png 247w, https:\/\/outdoorcells.com\/wp-content\/uploads\/2022\/12\/Cable-Solar-MC4SB50-Orange-510x510.png 510w, https:\/\/outdoorcells.com\/wp-content\/uploads\/2022\/12\/Cable-Solar-MC4SB50-Orange-100x100.png 100w, https:\/\/outdoorcells.com\/wp-content\/uploads\/2022\/12\/Cable-Solar-MC4SB50-Orange-e1716366112191.png 500w\" sizes=\"(max-width: 300px) 100vw, 300px\" \/>\t\t\t\t\t<\/div>\n\t\t\t\t<\/div>\n\t\t\t<\/div>\n\t\t\t\t<div class=\"icon-box-text last-reset\">\n\t\t\t<h5 class=\"uppercase\">mc4 sb50<\/h5>\t\t\t<h6>solarmodul solarbox<\/h6>\t\t\t\n\t<div id=\"gap-277945576\" class=\"gap-element clearfix\" style=\"display:block; height:auto;\">\n\t\t\n<style>\n#gap-277945576 {\n  padding-top: 20px;\n}\n<\/style>\n\t<\/div>\n\t\n<a href=\"https:\/\/outdoorcells.com\/de\/product\/zonnepaneel-opvouwbaar\/?add-to-cart=4765\" class=\"button white is-outline is-large\" style=\"border-radius:10px;\">\n\t\t<span>in korb<\/span>\n\t<i class=\"icon-shopping-basket\" aria-hidden=\"true\"><\/i><\/a>\n\n\t\t<\/div>\n\t<\/div>\n\t<\/a>\n\t\n\t<div id=\"gap-35114585\" class=\"gap-element clearfix\" style=\"display:block; height:auto;\">\n\t\t\n<style>\n#gap-35114585 {\n  padding-top: 30px;\n}\n<\/style>\n\t<\/div>\n\t\n\t\t<\/div>\n\t\t\t\t\n<style>\n#col-984729994 > .col-inner {\n  padding: 0px 0px 0px 0px;\n  margin: 0px 0px 0px 0px;\n}\n<\/style>\n\t<\/div>\n\n\t\n\n\t<div id=\"col-831382289\" class=\"col medium-4 small-12 large-4\"  >\n\t\t\t\t<div class=\"col-inner\" style=\"background-color:rgba(0, 0, 0, 0.331);\" >\n\t\t\t\n\t\t\t\n\n\t<a class=\"plain\" href=\"https:\/\/outdoorcells.com\/de\/product\/bridge-cable-battery-solar-outdoorbox\/\" >\t<div class=\"icon-box featured-box icon-box-center text-center\"  >\n\t\t\t\t\t<div class=\"icon-box-img\" style=\"width: 299px\">\n\t\t\t\t<div class=\"icon\">\n\t\t\t\t\t<div class=\"icon-inner\" >\n\t\t\t\t\t\t<img loading=\"lazy\" decoding=\"async\" width=\"300\" height=\"300\" src=\"https:\/\/outdoorcells.com\/wp-content\/uploads\/2022\/12\/bridge-cable-solarbox-outdoorbox-300x300.png\" class=\"attachment-medium size-medium\" alt=\"\" srcset=\"https:\/\/outdoorcells.com\/wp-content\/uploads\/2022\/12\/bridge-cable-solarbox-outdoorbox-300x300.png 300w, https:\/\/outdoorcells.com\/wp-content\/uploads\/2022\/12\/bridge-cable-solarbox-outdoorbox-1024x1024.png 1024w, https:\/\/outdoorcells.com\/wp-content\/uploads\/2022\/12\/bridge-cable-solarbox-outdoorbox-150x150.png 150w, https:\/\/outdoorcells.com\/wp-content\/uploads\/2022\/12\/bridge-cable-solarbox-outdoorbox-768x768.png 768w, https:\/\/outdoorcells.com\/wp-content\/uploads\/2022\/12\/bridge-cable-solarbox-outdoorbox-247x247.png 247w, https:\/\/outdoorcells.com\/wp-content\/uploads\/2022\/12\/bridge-cable-solarbox-outdoorbox-510x510.png 510w, https:\/\/outdoorcells.com\/wp-content\/uploads\/2022\/12\/bridge-cable-solarbox-outdoorbox-100x100.png 100w, https:\/\/outdoorcells.com\/wp-content\/uploads\/2022\/12\/bridge-cable-solarbox-outdoorbox.png 1100w\" sizes=\"(max-width: 300px) 100vw, 300px\" \/>\t\t\t\t\t<\/div>\n\t\t\t\t<\/div>\n\t\t\t<\/div>\n\t\t\t\t<div class=\"icon-box-text last-reset\">\n\t\t\t<h5 class=\"uppercase\">Br\u00fccken- Kabel<\/h5>\t\t\t<h6>akku&gt; solarbox<\/h6>\t\t\t\n\t<div id=\"gap-1141386906\" class=\"gap-element clearfix\" style=\"display:block; height:auto;\">\n\t\t\n<style>\n#gap-1141386906 {\n  padding-top: 20px;\n}\n<\/style>\n\t<\/div>\n\t\n<a href=\"https:\/\/outdoorcells.com\/de\/product\/zonnepaneel-opvouwbaar\/?add-to-cart=6017\" class=\"button white is-outline is-large\" style=\"border-radius:10px;\">\n\t\t<span>in korb<\/span>\n\t<i class=\"icon-shopping-basket\" aria-hidden=\"true\"><\/i><\/a>\n\n\t\t<\/div>\n\t<\/div>\n\t<\/a>\n\t\n\t<div id=\"gap-1833930787\" class=\"gap-element clearfix\" style=\"display:block; height:auto;\">\n\t\t\n<style>\n#gap-1833930787 {\n  padding-top: 30px;\n}\n<\/style>\n\t<\/div>\n\t\n\t\t<\/div>\n\t\t\t\t\t<\/div>\n\n\t\n\n\t<div id=\"col-212739207\" class=\"col medium-4 small-12 large-4\"  >\n\t\t\t\t<div class=\"col-inner\" style=\"background-color:rgba(0, 0, 0, 0.331);\" >\n\t\t\t\n\t\t\t\n\n\t<a class=\"plain\" href=\"https:\/\/outdoorcells.com\/de\/product\/solar-outdoor-koffer-v2-0\/\" >\t<div class=\"icon-box featured-box icon-box-center text-center\"  >\n\t\t\t\t\t<div class=\"icon-box-img\" style=\"width: 299px\">\n\t\t\t\t<div class=\"icon\">\n\t\t\t\t\t<div class=\"icon-inner\" >\n\t\t\t\t\t\t<img loading=\"lazy\" decoding=\"async\" width=\"300\" height=\"300\" src=\"https:\/\/outdoorcells.com\/wp-content\/uploads\/2022\/12\/solar-outdoorbox-v2.0-300x300.png\" class=\"attachment-medium size-medium\" alt=\"mppt solar box\" srcset=\"https:\/\/outdoorcells.com\/wp-content\/uploads\/2022\/12\/solar-outdoorbox-v2.0-300x300.png 300w, https:\/\/outdoorcells.com\/wp-content\/uploads\/2022\/12\/solar-outdoorbox-v2.0-1024x1024.png 1024w, https:\/\/outdoorcells.com\/wp-content\/uploads\/2022\/12\/solar-outdoorbox-v2.0-150x150.png 150w, https:\/\/outdoorcells.com\/wp-content\/uploads\/2022\/12\/solar-outdoorbox-v2.0-768x768.png 768w, https:\/\/outdoorcells.com\/wp-content\/uploads\/2022\/12\/solar-outdoorbox-v2.0-247x247.png 247w, https:\/\/outdoorcells.com\/wp-content\/uploads\/2022\/12\/solar-outdoorbox-v2.0-510x510.png 510w, https:\/\/outdoorcells.com\/wp-content\/uploads\/2022\/12\/solar-outdoorbox-v2.0-100x100.png 100w, https:\/\/outdoorcells.com\/wp-content\/uploads\/2022\/12\/solar-outdoorbox-v2.0.png 1100w\" sizes=\"(max-width: 300px) 100vw, 300px\" \/>\t\t\t\t\t<\/div>\n\t\t\t\t<\/div>\n\t\t\t<\/div>\n\t\t\t\t<div class=\"icon-box-text last-reset\">\n\t\t\t<h5 class=\"uppercase\">mppt<\/h5>\t\t\t<h6>solar outdoorbox<\/h6>\t\t\t\n\t<div id=\"gap-915903707\" class=\"gap-element clearfix\" style=\"display:block; height:auto;\">\n\t\t\n<style>\n#gap-915903707 {\n  padding-top: 20px;\n}\n<\/style>\n\t<\/div>\n\t\n<a href=\"https:\/\/outdoorcells.com\/de\/product\/zonnepaneel-opvouwbaar\/?add-to-cart=5986\" class=\"button white is-outline is-large\" style=\"border-radius:10px;\">\n\t\t<span>in korb<\/span>\n\t<i class=\"icon-shopping-basket\" aria-hidden=\"true\"><\/i><\/a>\n\n\t\t<\/div>\n\t<\/div>\n\t<\/a>\n\t\n\t<div id=\"gap-1998020571\" class=\"gap-element clearfix\" style=\"display:block; height:auto;\">\n\t\t\n<style>\n#gap-1998020571 {\n  padding-top: 30px;\n}\n<\/style>\n\t<\/div>\n\t\n\t\t<\/div>\n\t\t\t\t\t<\/div>\n\n\t\n\n<style>\n#row-1582351691 > .col > .col-inner {\n  background-color: rgba(12, 94, 17, 0.314);\n  border-radius: 23px;\n}\n<\/style>\n<\/div>","protected":false},"excerpt":{"rendered":"<p>Het Bluetti PV200 200W Solar Panel is een zonnepaneel opvouwbaar gemaakt van een gelamineerd en duurzaam ETFE-materiaal. Dit materiaal maakt het paneel duurzaam, krasbestendig en heeft hierdoor een langere levensduur. De zonnecellen in het opvouwbaar zonnepaneel zijn parallel met elkaar verbonden.\u00a0Deze techniek zorgt voor hogere efficiency, betere prestaties in schaduwrijke omstandigheden en heeft daardoor meer [&#8230;]\n","protected":false},"featured_media":5711,"template":"","meta":[],"product_cat":[158],"product_tag":[],"yoast_head":"<!-- This site is optimized with the Yoast SEO plugin v23.3 - https:\/\/yoast.com\/wordpress\/plugins\/seo\/ -->\n<title>Zonnepaneel Opvouwbaar | Outdoorcells.com<\/title>\n<meta name=\"description\" content=\"Opvouwbaar zonnepaneel met hoog vermogen. ideaal voor de karpervisser. Laad in een dag een 100Ah lithium accu weer vol. compact en lichtgewicht\" \/>\n<meta name=\"robots\" content=\"index, follow, max-snippet:-1, max-image-preview:large, max-video-preview:-1\" \/>\n<link rel=\"canonical\" href=\"https:\/\/outdoorcells.com\/de\/product\/zonnepaneel-opvouwbaar\/\" \/>\n<meta property=\"og:locale\" content=\"de_DE\" \/>\n<meta property=\"og:type\" content=\"article\" \/>\n<meta property=\"og:title\" content=\"Zonnepaneel Opvouwbaar | Outdoorcells.com\" \/>\n<meta property=\"og:description\" content=\"Opvouwbaar zonnepaneel met hoog vermogen. ideaal voor de karpervisser. Laad in een dag een 100Ah lithium accu weer vol. compact en lichtgewicht\" \/>\n<meta property=\"og:url\" content=\"https:\/\/outdoorcells.com\/de\/product\/zonnepaneel-opvouwbaar\/\" \/>\n<meta property=\"article:publisher\" content=\"https:\/\/www.facebook.com\/outdoorcells\" \/>\n<meta property=\"article:modified_time\" content=\"2025-04-24T12:09:07+00:00\" \/>\n<meta property=\"og:image\" content=\"https:\/\/outdoorcells.com\/wp-content\/uploads\/2022\/04\/1_376ffd63-6d1f-4bd1-a859-187af5188ada_1000x1000.png.webp\" \/>\n\t<meta property=\"og:image:width\" content=\"1000\" \/>\n\t<meta property=\"og:image:height\" content=\"1000\" \/>\n\t<meta property=\"og:image:type\" content=\"image\/webp\" \/>\n<meta name=\"twitter:card\" content=\"summary_large_image\" \/>\n<meta name=\"twitter:site\" content=\"@outdoorcells\" \/>\n<meta name=\"twitter:label1\" content=\"Gesch\u00e4tzte Lesezeit\" \/>\n\t<meta name=\"twitter:data1\" content=\"1\u00a0Minute\" \/>\n<script type=\"application\/ld+json\" class=\"yoast-schema-graph\">{\"@context\":\"https:\/\/schema.org\",\"@graph\":[{\"@type\":\"WebPage\",\"@id\":\"https:\/\/outdoorcells.com\/product\/zonnepaneel-opvouwbaar\/\",\"url\":\"https:\/\/outdoorcells.com\/product\/zonnepaneel-opvouwbaar\/\",\"name\":\"Zonnepaneel Opvouwbaar | Outdoorcells.com\",\"isPartOf\":{\"@id\":\"https:\/\/outdoorcells.com\/#website\"},\"primaryImageOfPage\":{\"@id\":\"https:\/\/outdoorcells.com\/product\/zonnepaneel-opvouwbaar\/#primaryimage\"},\"image\":{\"@id\":\"https:\/\/outdoorcells.com\/product\/zonnepaneel-opvouwbaar\/#primaryimage\"},\"thumbnailUrl\":\"https:\/\/outdoorcells.com\/wp-content\/uploads\/2022\/04\/1_376ffd63-6d1f-4bd1-a859-187af5188ada_1000x1000.png.webp\",\"datePublished\":\"2022-04-30T10:13:54+00:00\",\"dateModified\":\"2025-04-24T12:09:07+00:00\",\"description\":\"Opvouwbaar zonnepaneel met hoog vermogen. ideaal voor de karpervisser. Laad in een dag een 100Ah lithium accu weer vol. compact en lichtgewicht\",\"breadcrumb\":{\"@id\":\"https:\/\/outdoorcells.com\/product\/zonnepaneel-opvouwbaar\/#breadcrumb\"},\"inLanguage\":\"de\",\"potentialAction\":[{\"@type\":\"ReadAction\",\"target\":[\"https:\/\/outdoorcells.com\/product\/zonnepaneel-opvouwbaar\/\"]}]},{\"@type\":\"ImageObject\",\"inLanguage\":\"de\",\"@id\":\"https:\/\/outdoorcells.com\/product\/zonnepaneel-opvouwbaar\/#primaryimage\",\"url\":\"https:\/\/outdoorcells.com\/wp-content\/uploads\/2022\/04\/1_376ffd63-6d1f-4bd1-a859-187af5188ada_1000x1000.png.webp\",\"contentUrl\":\"https:\/\/outdoorcells.com\/wp-content\/uploads\/2022\/04\/1_376ffd63-6d1f-4bd1-a859-187af5188ada_1000x1000.png.webp\",\"width\":1000,\"height\":1000,\"caption\":\"zonnepaneel opvouwbaar\"},{\"@type\":\"BreadcrumbList\",\"@id\":\"https:\/\/outdoorcells.com\/product\/zonnepaneel-opvouwbaar\/#breadcrumb\",\"itemListElement\":[{\"@type\":\"ListItem\",\"position\":1,\"name\":\"Home\",\"item\":\"https:\/\/outdoorcells.com\/\"},{\"@type\":\"ListItem\",\"position\":2,\"name\":\"shop\",\"item\":\"https:\/\/outdoorcells.com\/lithium-accu-koffer\/\"},{\"@type\":\"ListItem\",\"position\":3,\"name\":\"BLUETTI PV200 200W SOLAR PANEL\"}]},{\"@type\":\"WebSite\",\"@id\":\"https:\/\/outdoorcells.com\/#website\",\"url\":\"https:\/\/outdoorcells.com\/\",\"name\":\"Outdoorcells.com\",\"description\":\"\",\"publisher\":{\"@id\":\"https:\/\/outdoorcells.com\/#organization\"},\"potentialAction\":[{\"@type\":\"SearchAction\",\"target\":{\"@type\":\"EntryPoint\",\"urlTemplate\":\"https:\/\/outdoorcells.com\/?s={search_term_string}\"},\"query-input\":\"required name=search_term_string\"}],\"inLanguage\":\"de\"},{\"@type\":\"Organization\",\"@id\":\"https:\/\/outdoorcells.com\/#organization\",\"name\":\"OutdoorCells\",\"url\":\"https:\/\/outdoorcells.com\/\",\"logo\":{\"@type\":\"ImageObject\",\"inLanguage\":\"de\",\"@id\":\"https:\/\/outdoorcells.com\/#\/schema\/logo\/image\/\",\"url\":\"https:\/\/outdoorcells.com\/wp-content\/uploads\/2023\/05\/cropped-favicon.png\",\"contentUrl\":\"https:\/\/outdoorcells.com\/wp-content\/uploads\/2023\/05\/cropped-favicon.png\",\"width\":512,\"height\":512,\"caption\":\"OutdoorCells\"},\"image\":{\"@id\":\"https:\/\/outdoorcells.com\/#\/schema\/logo\/image\/\"},\"sameAs\":[\"https:\/\/www.facebook.com\/outdoorcells\",\"https:\/\/x.com\/outdoorcells\",\"https:\/\/www.instagram.com\/voerbootaccu\/\",\"https:\/\/www.youtube.com\/channel\/UCUWu_rkM0a3qkngzpf7EkMg?view_as=subscriber\"]}]}<\/script>\n<!-- \/ Yoast SEO plugin. -->","yoast_head_json":{"title":"Solarmodul faltbar | Outdoorcells.com","description":"Zusammenklappbares Hochleistungs-Solarpanel. Ideal f\u00fcr Karpfenangler. Laden Sie eine 100Ah Lithium-Batterie an einem Tag auf. kompakt und leicht","robots":{"index":"index","follow":"follow","max-snippet":"max-snippet:-1","max-image-preview":"max-image-preview:large","max-video-preview":"max-video-preview:-1"},"canonical":"https:\/\/outdoorcells.com\/de\/product\/zonnepaneel-opvouwbaar\/","og_locale":"de_DE","og_type":"article","og_title":"Zonnepaneel Opvouwbaar | Outdoorcells.com","og_description":"Opvouwbaar zonnepaneel met hoog vermogen. ideaal voor de karpervisser. Laad in een dag een 100Ah lithium accu weer vol. compact en lichtgewicht","og_url":"https:\/\/outdoorcells.com\/de\/product\/zonnepaneel-opvouwbaar\/","article_publisher":"https:\/\/www.facebook.com\/outdoorcells","article_modified_time":"2025-04-24T12:09:07+00:00","og_image":[{"width":1000,"height":1000,"url":"https:\/\/outdoorcells.com\/wp-content\/uploads\/2022\/04\/1_376ffd63-6d1f-4bd1-a859-187af5188ada_1000x1000.png.webp","type":"image\/webp"}],"twitter_card":"summary_large_image","twitter_site":"@outdoorcells","twitter_misc":{"Gesch\u00e4tzte Lesezeit":"1\u00a0Minute"},"schema":{"@context":"https:\/\/schema.org","@graph":[{"@type":"WebPage","@id":"https:\/\/outdoorcells.com\/product\/zonnepaneel-opvouwbaar\/","url":"https:\/\/outdoorcells.com\/product\/zonnepaneel-opvouwbaar\/","name":"Solarmodul faltbar | Outdoorcells.com","isPartOf":{"@id":"https:\/\/outdoorcells.com\/#website"},"primaryImageOfPage":{"@id":"https:\/\/outdoorcells.com\/product\/zonnepaneel-opvouwbaar\/#primaryimage"},"image":{"@id":"https:\/\/outdoorcells.com\/product\/zonnepaneel-opvouwbaar\/#primaryimage"},"thumbnailUrl":"https:\/\/outdoorcells.com\/wp-content\/uploads\/2022\/04\/1_376ffd63-6d1f-4bd1-a859-187af5188ada_1000x1000.png.webp","datePublished":"2022-04-30T10:13:54+00:00","dateModified":"2025-04-24T12:09:07+00:00","description":"Zusammenklappbares Hochleistungs-Solarpanel. Ideal f\u00fcr Karpfenangler. Laden Sie eine 100Ah Lithium-Batterie an einem Tag auf. kompakt und leicht","breadcrumb":{"@id":"https:\/\/outdoorcells.com\/product\/zonnepaneel-opvouwbaar\/#breadcrumb"},"inLanguage":"de","potentialAction":[{"@type":"ReadAction","target":["https:\/\/outdoorcells.com\/product\/zonnepaneel-opvouwbaar\/"]}]},{"@type":"ImageObject","inLanguage":"de","@id":"https:\/\/outdoorcells.com\/product\/zonnepaneel-opvouwbaar\/#primaryimage","url":"https:\/\/outdoorcells.com\/wp-content\/uploads\/2022\/04\/1_376ffd63-6d1f-4bd1-a859-187af5188ada_1000x1000.png.webp","contentUrl":"https:\/\/outdoorcells.com\/wp-content\/uploads\/2022\/04\/1_376ffd63-6d1f-4bd1-a859-187af5188ada_1000x1000.png.webp","width":1000,"height":1000,"caption":"zonnepaneel opvouwbaar"},{"@type":"BreadcrumbList","@id":"https:\/\/outdoorcells.com\/product\/zonnepaneel-opvouwbaar\/#breadcrumb","itemListElement":[{"@type":"ListItem","position":1,"name":"Home","item":"https:\/\/outdoorcells.com\/"},{"@type":"ListItem","position":2,"name":"shop","item":"https:\/\/outdoorcells.com\/lithium-accu-koffer\/"},{"@type":"ListItem","position":3,"name":"BLUETTI PV200 200W SOLAR PANEL"}]},{"@type":"WebSite","@id":"https:\/\/outdoorcells.com\/#website","url":"https:\/\/outdoorcells.com\/","name":"Outdoorcells.com","description":"","publisher":{"@id":"https:\/\/outdoorcells.com\/#organization"},"potentialAction":[{"@type":"SearchAction","target":{"@type":"EntryPoint","urlTemplate":"https:\/\/outdoorcells.com\/?s={search_term_string}"},"query-input":"required name=search_term_string"}],"inLanguage":"de"},{"@type":"Organization","@id":"https:\/\/outdoorcells.com\/#organization","name":"OutdoorCells","url":"https:\/\/outdoorcells.com\/","logo":{"@type":"ImageObject","inLanguage":"de","@id":"https:\/\/outdoorcells.com\/#\/schema\/logo\/image\/","url":"https:\/\/outdoorcells.com\/wp-content\/uploads\/2023\/05\/cropped-favicon.png","contentUrl":"https:\/\/outdoorcells.com\/wp-content\/uploads\/2023\/05\/cropped-favicon.png","width":512,"height":512,"caption":"OutdoorCells"},"image":{"@id":"https:\/\/outdoorcells.com\/#\/schema\/logo\/image\/"},"sameAs":["https:\/\/www.facebook.com\/outdoorcells","https:\/\/x.com\/outdoorcells","https:\/\/www.instagram.com\/voerbootaccu\/","https:\/\/www.youtube.com\/channel\/UCUWu_rkM0a3qkngzpf7EkMg?view_as=subscriber"]}]}},"_links":{"self":[{"href":"https:\/\/outdoorcells.com\/de\/wp-json\/wp\/v2\/product\/5710"}],"collection":[{"href":"https:\/\/outdoorcells.com\/de\/wp-json\/wp\/v2\/product"}],"about":[{"href":"https:\/\/outdoorcells.com\/de\/wp-json\/wp\/v2\/types\/product"}],"wp:featuredmedia":[{"embeddable":true,"href":"https:\/\/outdoorcells.com\/de\/wp-json\/wp\/v2\/media\/5711"}],"wp:attachment":[{"href":"https:\/\/outdoorcells.com\/de\/wp-json\/wp\/v2\/media?parent=5710"}],"wp:term":[{"taxonomy":"product_cat","embeddable":true,"href":"https:\/\/outdoorcells.com\/de\/wp-json\/wp\/v2\/product_cat?post=5710"},{"taxonomy":"product_tag","embeddable":true,"href":"https:\/\/outdoorcells.com\/de\/wp-json\/wp\/v2\/product_tag?post=5710"}],"curies":[{"name":"wp","href":"https:\/\/api.w.org\/{rel}","templated":true}]}}