{"id":5651,"date":"2022-04-25T16:40:37","date_gmt":"2022-04-25T14:40:37","guid":{"rendered":"https:\/\/voerbootaccu.nl\/?post_type=product&#038;p=5651"},"modified":"2023-11-21T19:33:42","modified_gmt":"2023-11-21T18:33:42","slug":"dometic-cover-cfx3-pc25","status":"publish","type":"product","link":"https:\/\/outdoorcells.com\/de\/product\/dometic-cover-cfx3-pc25\/","title":{"rendered":"Dometic Schutzh\u00fclle CFX3 PC25"},"content":{"rendered":"<h2 class=\"productIntro-feature\">Dometic Schutzh\u00fclle CFX3 PC25<\/h2>\n<p><a href=\"https:\/\/www.dometic.com\/nl-nl\/outdoor\/nl\/productaanbod\/eten-en-drinken\/koelboxen\/accessoires\/dometic-cfx3-pc25-_-265471\">Dometic<\/a> cover cfx3 25 Schutzh\u00fclle CFX3 PC25 wurde entwickelt, um Ihr CFX3 vor St\u00f6\u00dfen und Kratzern zu sch\u00fctzen, selbst unter extremen Bedingungen. Sie besteht aus strapazierf\u00e4higem, thermogeformtem EVA-Schaum und 1200D-Nylon, das vor Schmutz, Staub und Abrieb sch\u00fctzt. Mit der CFX3-H\u00fclle k\u00f6nnen Sie sorglos reisen. Ausgestattet mit abschlie\u00dfbaren Seitentaschen f\u00fcr Zubeh\u00f6r. Einfaches Verstauen von Gleich- und Wechselstromkabeln sowie zus\u00e4tzlicher Steckeradapter und Kabel. Dank der isolierenden Wirkung des Covers arbeitet Ihre CFX3 25 Coolbox noch effizienter und ist besser vor UV-Strahlung und Hitze durch direkte Sonneneinstrahlung gesch\u00fctzt.<\/p>\n<p>Kompatibel mit: <span style=\"color: #00ff00;\"><strong><a style=\"color: #00ff00;\" href=\"https:\/\/outdoorcells.com\/de\/product\/dometic-cfx3-25\/\">Dometic CFX3 25<\/a><\/strong><\/span><\/p>\n<p>&nbsp;<\/p>","protected":false},"excerpt":{"rendered":"<p>Dometic Cover CFX3 PC25 Dometic cover cfx3 25 beschermhoes CFX3 PC25 is ontworpen om uw CFX3 te beschermen tegen stoten en krassen, zelfs tijdens de meest ruige avonturen. Hij is gemaakt van duurzaam thermo gevormd EVA-schuim en 1200D nylon dat bescherming biedt tegen vuil, stof en slijtage. Reis onbezorgd met de CFX3 Cover. Uitgerust met [&#8230;]\n","protected":false},"featured_media":5654,"template":"","meta":[],"product_cat":[309],"product_tag":[],"yoast_head":"<!-- This site is optimized with the Yoast SEO plugin v23.3 - https:\/\/yoast.com\/wordpress\/plugins\/seo\/ -->\n<title>CFX3 PC25 Dometic | Protective Cover | Outdoorcells.com<\/title>\n<meta name=\"description\" content=\"Dometic Cover CFX3 PC25. Isolerende en beschermende Thermo gevormde Cover voor jou Dometic CFX3 25 koelbox. Met opbergvak voor accessoires\" \/>\n<meta name=\"robots\" content=\"index, follow, max-snippet:-1, max-image-preview:large, max-video-preview:-1\" \/>\n<link rel=\"canonical\" href=\"https:\/\/outdoorcells.com\/de\/product\/dometic-cover-cfx3-pc25\/\" \/>\n<meta property=\"og:locale\" content=\"de_DE\" \/>\n<meta property=\"og:type\" content=\"article\" \/>\n<meta property=\"og:title\" content=\"CFX3 PC25 Dometic | Protective Cover | Outdoorcells.com\" \/>\n<meta property=\"og:description\" content=\"Dometic Cover CFX3 PC25. Isolerende en beschermende Thermo gevormde Cover voor jou Dometic CFX3 25 koelbox. Met opbergvak voor accessoires\" \/>\n<meta property=\"og:url\" content=\"https:\/\/outdoorcells.com\/de\/product\/dometic-cover-cfx3-pc25\/\" \/>\n<meta property=\"article:publisher\" content=\"https:\/\/www.facebook.com\/outdoorcells\" \/>\n<meta property=\"article:modified_time\" content=\"2023-11-21T18:33:42+00:00\" \/>\n<meta property=\"og:image\" content=\"https:\/\/outdoorcells.com\/wp-content\/uploads\/2022\/04\/Dometic-cfx3-25pc-cover.png\" \/>\n\t<meta property=\"og:image:width\" content=\"1100\" \/>\n\t<meta property=\"og:image:height\" content=\"1100\" \/>\n\t<meta property=\"og:image:type\" content=\"image\/png\" \/>\n<meta name=\"twitter:card\" content=\"summary_large_image\" \/>\n<meta name=\"twitter:site\" content=\"@outdoorcells\" \/>\n<meta name=\"twitter:label1\" content=\"Gesch\u00e4tzte Lesezeit\" \/>\n\t<meta name=\"twitter:data1\" content=\"1\u00a0Minute\" \/>\n<script type=\"application\/ld+json\" class=\"yoast-schema-graph\">{\"@context\":\"https:\/\/schema.org\",\"@graph\":[{\"@type\":\"WebPage\",\"@id\":\"https:\/\/outdoorcells.com\/product\/dometic-cover-cfx3-pc25\/\",\"url\":\"https:\/\/outdoorcells.com\/product\/dometic-cover-cfx3-pc25\/\",\"name\":\"CFX3 PC25 Dometic | Protective Cover | Outdoorcells.com\",\"isPartOf\":{\"@id\":\"https:\/\/outdoorcells.com\/#website\"},\"primaryImageOfPage\":{\"@id\":\"https:\/\/outdoorcells.com\/product\/dometic-cover-cfx3-pc25\/#primaryimage\"},\"image\":{\"@id\":\"https:\/\/outdoorcells.com\/product\/dometic-cover-cfx3-pc25\/#primaryimage\"},\"thumbnailUrl\":\"https:\/\/outdoorcells.com\/wp-content\/uploads\/2022\/04\/Dometic-cfx3-25pc-cover.png\",\"datePublished\":\"2022-04-25T14:40:37+00:00\",\"dateModified\":\"2023-11-21T18:33:42+00:00\",\"description\":\"Dometic Cover CFX3 PC25. Isolerende en beschermende Thermo gevormde Cover voor jou Dometic CFX3 25 koelbox. Met opbergvak voor accessoires\",\"breadcrumb\":{\"@id\":\"https:\/\/outdoorcells.com\/product\/dometic-cover-cfx3-pc25\/#breadcrumb\"},\"inLanguage\":\"de\",\"potentialAction\":[{\"@type\":\"ReadAction\",\"target\":[\"https:\/\/outdoorcells.com\/product\/dometic-cover-cfx3-pc25\/\"]}]},{\"@type\":\"ImageObject\",\"inLanguage\":\"de\",\"@id\":\"https:\/\/outdoorcells.com\/product\/dometic-cover-cfx3-pc25\/#primaryimage\",\"url\":\"https:\/\/outdoorcells.com\/wp-content\/uploads\/2022\/04\/Dometic-cfx3-25pc-cover.png\",\"contentUrl\":\"https:\/\/outdoorcells.com\/wp-content\/uploads\/2022\/04\/Dometic-cfx3-25pc-cover.png\",\"width\":1100,\"height\":1100,\"caption\":\"dometic cfx3 pc25\"},{\"@type\":\"BreadcrumbList\",\"@id\":\"https:\/\/outdoorcells.com\/product\/dometic-cover-cfx3-pc25\/#breadcrumb\",\"itemListElement\":[{\"@type\":\"ListItem\",\"position\":1,\"name\":\"Home\",\"item\":\"https:\/\/outdoorcells.com\/\"},{\"@type\":\"ListItem\",\"position\":2,\"name\":\"shop\",\"item\":\"https:\/\/outdoorcells.com\/lithium-accu-koffer\/\"},{\"@type\":\"ListItem\",\"position\":3,\"name\":\"Dometic Cover CFX3 PC25\"}]},{\"@type\":\"WebSite\",\"@id\":\"https:\/\/outdoorcells.com\/#website\",\"url\":\"https:\/\/outdoorcells.com\/\",\"name\":\"Outdoorcells.com\",\"description\":\"\",\"publisher\":{\"@id\":\"https:\/\/outdoorcells.com\/#organization\"},\"potentialAction\":[{\"@type\":\"SearchAction\",\"target\":{\"@type\":\"EntryPoint\",\"urlTemplate\":\"https:\/\/outdoorcells.com\/?s={search_term_string}\"},\"query-input\":\"required name=search_term_string\"}],\"inLanguage\":\"de\"},{\"@type\":\"Organization\",\"@id\":\"https:\/\/outdoorcells.com\/#organization\",\"name\":\"OutdoorCells\",\"url\":\"https:\/\/outdoorcells.com\/\",\"logo\":{\"@type\":\"ImageObject\",\"inLanguage\":\"de\",\"@id\":\"https:\/\/outdoorcells.com\/#\/schema\/logo\/image\/\",\"url\":\"https:\/\/outdoorcells.com\/wp-content\/uploads\/2023\/05\/cropped-favicon.png\",\"contentUrl\":\"https:\/\/outdoorcells.com\/wp-content\/uploads\/2023\/05\/cropped-favicon.png\",\"width\":512,\"height\":512,\"caption\":\"OutdoorCells\"},\"image\":{\"@id\":\"https:\/\/outdoorcells.com\/#\/schema\/logo\/image\/\"},\"sameAs\":[\"https:\/\/www.facebook.com\/outdoorcells\",\"https:\/\/x.com\/outdoorcells\",\"https:\/\/www.instagram.com\/voerbootaccu\/\",\"https:\/\/www.youtube.com\/channel\/UCUWu_rkM0a3qkngzpf7EkMg?view_as=subscriber\"]}]}<\/script>\n<!-- \/ Yoast SEO plugin. -->","yoast_head_json":{"title":"CFX3 PC25 Dometic | Schutzh\u00fclle | Outdoorcells.com","description":"Dometic Schutzh\u00fclle CFX3 PC25. Isolierende und sch\u00fctzende thermogeformte Abdeckung f\u00fcr Ihre Dometic CFX3 25 K\u00fchlbox. Mit Staufach f\u00fcr Zubeh\u00f6r","robots":{"index":"index","follow":"follow","max-snippet":"max-snippet:-1","max-image-preview":"max-image-preview:large","max-video-preview":"max-video-preview:-1"},"canonical":"https:\/\/outdoorcells.com\/de\/product\/dometic-cover-cfx3-pc25\/","og_locale":"de_DE","og_type":"article","og_title":"CFX3 PC25 Dometic | Protective Cover | Outdoorcells.com","og_description":"Dometic Cover CFX3 PC25. Isolerende en beschermende Thermo gevormde Cover voor jou Dometic CFX3 25 koelbox. Met opbergvak voor accessoires","og_url":"https:\/\/outdoorcells.com\/de\/product\/dometic-cover-cfx3-pc25\/","article_publisher":"https:\/\/www.facebook.com\/outdoorcells","article_modified_time":"2023-11-21T18:33:42+00:00","og_image":[{"width":1100,"height":1100,"url":"https:\/\/outdoorcells.com\/wp-content\/uploads\/2022\/04\/Dometic-cfx3-25pc-cover.png","type":"image\/png"}],"twitter_card":"summary_large_image","twitter_site":"@outdoorcells","twitter_misc":{"Gesch\u00e4tzte Lesezeit":"1\u00a0Minute"},"schema":{"@context":"https:\/\/schema.org","@graph":[{"@type":"WebPage","@id":"https:\/\/outdoorcells.com\/product\/dometic-cover-cfx3-pc25\/","url":"https:\/\/outdoorcells.com\/product\/dometic-cover-cfx3-pc25\/","name":"CFX3 PC25 Dometic | Schutzh\u00fclle | Outdoorcells.com","isPartOf":{"@id":"https:\/\/outdoorcells.com\/#website"},"primaryImageOfPage":{"@id":"https:\/\/outdoorcells.com\/product\/dometic-cover-cfx3-pc25\/#primaryimage"},"image":{"@id":"https:\/\/outdoorcells.com\/product\/dometic-cover-cfx3-pc25\/#primaryimage"},"thumbnailUrl":"https:\/\/outdoorcells.com\/wp-content\/uploads\/2022\/04\/Dometic-cfx3-25pc-cover.png","datePublished":"2022-04-25T14:40:37+00:00","dateModified":"2023-11-21T18:33:42+00:00","description":"Dometic Schutzh\u00fclle CFX3 PC25. Isolierende und sch\u00fctzende thermogeformte Abdeckung f\u00fcr Ihre Dometic CFX3 25 K\u00fchlbox. Mit Staufach f\u00fcr Zubeh\u00f6r","breadcrumb":{"@id":"https:\/\/outdoorcells.com\/product\/dometic-cover-cfx3-pc25\/#breadcrumb"},"inLanguage":"de","potentialAction":[{"@type":"ReadAction","target":["https:\/\/outdoorcells.com\/product\/dometic-cover-cfx3-pc25\/"]}]},{"@type":"ImageObject","inLanguage":"de","@id":"https:\/\/outdoorcells.com\/product\/dometic-cover-cfx3-pc25\/#primaryimage","url":"https:\/\/outdoorcells.com\/wp-content\/uploads\/2022\/04\/Dometic-cfx3-25pc-cover.png","contentUrl":"https:\/\/outdoorcells.com\/wp-content\/uploads\/2022\/04\/Dometic-cfx3-25pc-cover.png","width":1100,"height":1100,"caption":"dometic cfx3 pc25"},{"@type":"BreadcrumbList","@id":"https:\/\/outdoorcells.com\/product\/dometic-cover-cfx3-pc25\/#breadcrumb","itemListElement":[{"@type":"ListItem","position":1,"name":"Home","item":"https:\/\/outdoorcells.com\/"},{"@type":"ListItem","position":2,"name":"shop","item":"https:\/\/outdoorcells.com\/lithium-accu-koffer\/"},{"@type":"ListItem","position":3,"name":"Dometic Cover CFX3 PC25"}]},{"@type":"WebSite","@id":"https:\/\/outdoorcells.com\/#website","url":"https:\/\/outdoorcells.com\/","name":"Outdoorcells.com","description":"","publisher":{"@id":"https:\/\/outdoorcells.com\/#organization"},"potentialAction":[{"@type":"SearchAction","target":{"@type":"EntryPoint","urlTemplate":"https:\/\/outdoorcells.com\/?s={search_term_string}"},"query-input":"required name=search_term_string"}],"inLanguage":"de"},{"@type":"Organization","@id":"https:\/\/outdoorcells.com\/#organization","name":"OutdoorCells","url":"https:\/\/outdoorcells.com\/","logo":{"@type":"ImageObject","inLanguage":"de","@id":"https:\/\/outdoorcells.com\/#\/schema\/logo\/image\/","url":"https:\/\/outdoorcells.com\/wp-content\/uploads\/2023\/05\/cropped-favicon.png","contentUrl":"https:\/\/outdoorcells.com\/wp-content\/uploads\/2023\/05\/cropped-favicon.png","width":512,"height":512,"caption":"OutdoorCells"},"image":{"@id":"https:\/\/outdoorcells.com\/#\/schema\/logo\/image\/"},"sameAs":["https:\/\/www.facebook.com\/outdoorcells","https:\/\/x.com\/outdoorcells","https:\/\/www.instagram.com\/voerbootaccu\/","https:\/\/www.youtube.com\/channel\/UCUWu_rkM0a3qkngzpf7EkMg?view_as=subscriber"]}]}},"_links":{"self":[{"href":"https:\/\/outdoorcells.com\/de\/wp-json\/wp\/v2\/product\/5651"}],"collection":[{"href":"https:\/\/outdoorcells.com\/de\/wp-json\/wp\/v2\/product"}],"about":[{"href":"https:\/\/outdoorcells.com\/de\/wp-json\/wp\/v2\/types\/product"}],"wp:featuredmedia":[{"embeddable":true,"href":"https:\/\/outdoorcells.com\/de\/wp-json\/wp\/v2\/media\/5654"}],"wp:attachment":[{"href":"https:\/\/outdoorcells.com\/de\/wp-json\/wp\/v2\/media?parent=5651"}],"wp:term":[{"taxonomy":"product_cat","embeddable":true,"href":"https:\/\/outdoorcells.com\/de\/wp-json\/wp\/v2\/product_cat?post=5651"},{"taxonomy":"product_tag","embeddable":true,"href":"https:\/\/outdoorcells.com\/de\/wp-json\/wp\/v2\/product_tag?post=5651"}],"curies":[{"name":"wp","href":"https:\/\/api.w.org\/{rel}","templated":true}]}}