{"id":5618,"date":"2022-04-07T14:03:46","date_gmt":"2022-04-07T12:03:46","guid":{"rendered":"https:\/\/voerbootaccu.nl\/?post_type=product&#038;p=5618"},"modified":"2023-11-21T19:33:42","modified_gmt":"2023-11-21T18:33:42","slug":"dometic-cfx3-45","status":"publish","type":"product","link":"https:\/\/outdoorcells.com\/de\/product\/dometic-cfx3-45\/","title":{"rendered":"Dometic CFX3 45"},"content":{"rendered":"<h2 class=\"productIntro-feature uppercase\">Dometic CFX3 45 Draagbare compressor koelbox, 46 liter<\/h2>\n<div class=\"productIntro-desc\">Deze Dometic CFX3 45 elektrische koelbox zorgt dat je nog meer van je favoriete eten en drinken overal mee naartoe kunt nemen. Het robuuste ontwerp zorgt ervoor dat de koelbox tegen een stootje kan. Geniet heel eenvoudig van krachtig en energie-effici\u00ebnt koelen dankzij een mobiele app, waarmee je je Dometic CFX3-koelbox op afstand met je vingertoppen kunt bedienen. Ga verder, blijf langer en ervaar meer. Met 46 Liter capaciteit biedt de Dometic CFX3 45 zeer veel ruimte! Uitgerust met uitneembare draadmand voor eenvoudig reinigen van het koelcompartiment.<\/div>\n\t<div id=\"gap-1259917492\" class=\"gap-element clearfix\" style=\"display:block; height:auto;\">\n\t\t\n<style>\n#gap-1259917492 {\n  padding-top: 30px;\n}\n<\/style>\n\t<\/div>\n\t\n\t<div id=\"text-552240212\" class=\"text\">\n\t\t\n<h2 class=\"uppercase\" style=\"text-align: center;\">AAnbevolen toebehoren<\/h2>\n\t\t\n<style>\n#text-552240212 {\n  text-align: center;\n}\n<\/style>\n\t<\/div>\n\t\n<div class=\"text-center\"><div class=\"is-divider divider clearfix\" style=\"max-width:100px;height:2px;background-color:rgb(173, 173, 173);\"><\/div><\/div>\n\t<div id=\"gap-1107422729\" class=\"gap-element clearfix\" style=\"display:block; height:auto;\">\n\t\t\n<style>\n#gap-1107422729 {\n  padding-top: 30px;\n}\n<\/style>\n\t<\/div>\n\t\n<div class=\"row row-large align-equal row-box-shadow-4 row-box-shadow-4-hover\"  id=\"row-1864017547\">\n\n\t<div id=\"col-1474825070\" class=\"col medium-4 small-12 large-4\"  >\n\t\t\t\t<div class=\"col-inner text-left\" style=\"background-color:rgba(0, 0, 0, 0.331);\" >\n\t\t\t\n\t<div class=\"is-border\"\n\t\tstyle=\"border-radius:51px;border-width:0px 0px 0px 0px;\">\n\t<\/div>\n\t\t\t\n\n\t\t<div class=\"icon-box featured-box icon-box-center text-center is-large\"  >\n\t\t\t\t\t<div class=\"icon-box-img\" style=\"width: 299px\">\n\t\t\t\t<div class=\"icon\">\n\t\t\t\t\t<div class=\"icon-inner\" >\n\t\t\t\t\t\t<img loading=\"lazy\" decoding=\"async\" width=\"300\" height=\"300\" src=\"https:\/\/outdoorcells.com\/wp-content\/uploads\/2022\/04\/Dometic-cfx3-45pc-cover-300x300.png\" class=\"attachment-medium size-medium\" alt=\"dometic cfx3 pc45\" srcset=\"https:\/\/outdoorcells.com\/wp-content\/uploads\/2022\/04\/Dometic-cfx3-45pc-cover-300x300.png 300w, https:\/\/outdoorcells.com\/wp-content\/uploads\/2022\/04\/Dometic-cfx3-45pc-cover-1024x1024.png 1024w, https:\/\/outdoorcells.com\/wp-content\/uploads\/2022\/04\/Dometic-cfx3-45pc-cover-150x150.png 150w, https:\/\/outdoorcells.com\/wp-content\/uploads\/2022\/04\/Dometic-cfx3-45pc-cover-768x768.png 768w, https:\/\/outdoorcells.com\/wp-content\/uploads\/2022\/04\/Dometic-cfx3-45pc-cover-247x247.png 247w, https:\/\/outdoorcells.com\/wp-content\/uploads\/2022\/04\/Dometic-cfx3-45pc-cover-510x510.png 510w, https:\/\/outdoorcells.com\/wp-content\/uploads\/2022\/04\/Dometic-cfx3-45pc-cover-100x100.png 100w, https:\/\/outdoorcells.com\/wp-content\/uploads\/2022\/04\/Dometic-cfx3-45pc-cover.png 1100w\" sizes=\"(max-width: 300px) 100vw, 300px\" \/>\t\t\t\t\t<\/div>\n\t\t\t\t<\/div>\n\t\t\t<\/div>\n\t\t\t\t<div class=\"icon-box-text last-reset\">\n\t\t\t<h5 class=\"uppercase\">cfx3 pc45<\/h5>\t\t\t<h6>protective cover<\/h6>\t\t\t\n\t<div id=\"gap-1851062147\" class=\"gap-element clearfix\" style=\"display:block; height:auto;\">\n\t\t\n<style>\n#gap-1851062147 {\n  padding-top: 20px;\n}\n<\/style>\n\t<\/div>\n\t\n<a href=\"https:\/\/outdoorcells.com\/product\/dometic-cfx3-45\/?add-to-cart=5655\" class=\"button white is-outline is-large\" style=\"border-radius:10px;\">\n\t\t<span>Voeg toe<\/span>\n\t<i class=\"icon-shopping-basket\" aria-hidden=\"true\"><\/i><\/a>\n\n\t\t<\/div>\n\t<\/div>\n\t\n\t\n\t<div id=\"gap-472966607\" class=\"gap-element clearfix\" style=\"display:block; height:auto;\">\n\t\t\n<style>\n#gap-472966607 {\n  padding-top: 30px;\n}\n<\/style>\n\t<\/div>\n\t\n\t\t<\/div>\n\t\t\t\t\n<style>\n#col-1474825070 > .col-inner {\n  padding: 0px 0px 0px 0px;\n  margin: 0px 0px 0px 0px;\n}\n<\/style>\n\t<\/div>\n\n\t\n\n\n\n\t<div id=\"col-267212968\" class=\"col medium-4 small-12 large-4\"  >\n\t\t\t\t<div class=\"col-inner\" style=\"background-color:rgba(0, 0, 0, 0.331);\" >\n\t\t\t\n\t\t\t\n\n\t<a class=\"plain\" href=\"https:\/\/outdoorcells.com\/product\/safe-lock-sb50-voor-outdoorbox\/\" >\t<div class=\"icon-box featured-box icon-box-center text-center is-large\"  >\n\t\t\t\t\t<div class=\"icon-box-img\" style=\"width: 299px\">\n\t\t\t\t<div class=\"icon\">\n\t\t\t\t\t<div class=\"icon-inner\" >\n\t\t\t\t\t\t<img loading=\"lazy\" decoding=\"async\" width=\"300\" height=\"300\" src=\"https:\/\/outdoorcells.com\/wp-content\/uploads\/2022\/11\/SAFE-LOCK-ADAPTER-OUTDOORBOX-300x300.png\" class=\"attachment-medium size-medium\" alt=\"\" srcset=\"https:\/\/outdoorcells.com\/wp-content\/uploads\/2022\/11\/SAFE-LOCK-ADAPTER-OUTDOORBOX-300x300.png 300w, https:\/\/outdoorcells.com\/wp-content\/uploads\/2022\/11\/SAFE-LOCK-ADAPTER-OUTDOORBOX-1024x1024.png 1024w, https:\/\/outdoorcells.com\/wp-content\/uploads\/2022\/11\/SAFE-LOCK-ADAPTER-OUTDOORBOX-150x150.png 150w, https:\/\/outdoorcells.com\/wp-content\/uploads\/2022\/11\/SAFE-LOCK-ADAPTER-OUTDOORBOX-768x768.png 768w, https:\/\/outdoorcells.com\/wp-content\/uploads\/2022\/11\/SAFE-LOCK-ADAPTER-OUTDOORBOX-247x247.png 247w, https:\/\/outdoorcells.com\/wp-content\/uploads\/2022\/11\/SAFE-LOCK-ADAPTER-OUTDOORBOX-510x510.png 510w, https:\/\/outdoorcells.com\/wp-content\/uploads\/2022\/11\/SAFE-LOCK-ADAPTER-OUTDOORBOX-100x100.png 100w, https:\/\/outdoorcells.com\/wp-content\/uploads\/2022\/11\/SAFE-LOCK-ADAPTER-OUTDOORBOX.png 1100w\" sizes=\"(max-width: 300px) 100vw, 300px\" \/>\t\t\t\t\t<\/div>\n\t\t\t\t<\/div>\n\t\t\t<\/div>\n\t\t\t\t<div class=\"icon-box-text last-reset\">\n\t\t\t<h5 class=\"uppercase\">safelock<\/h5>\t\t\t<h6>adapterkabel<\/h6>\t\t\t\n\t<div id=\"gap-663481406\" class=\"gap-element clearfix\" style=\"display:block; height:auto;\">\n\t\t\n<style>\n#gap-663481406 {\n  padding-top: 20px;\n}\n<\/style>\n\t<\/div>\n\t\n<a href=\"https:\/\/outdoorcells.com\/product\/dometic-cfx3-45\/?add-to-cart=5875\" class=\"button white is-outline is-large\" style=\"border-radius:10px;\">\n\t\t<span>voeg toe<\/span>\n\t<i class=\"icon-shopping-basket\" aria-hidden=\"true\"><\/i><\/a>\n\n\t\t<\/div>\n\t<\/div>\n\t<\/a>\n\t\n\t<div id=\"gap-624814565\" class=\"gap-element clearfix\" style=\"display:block; height:auto;\">\n\t\t\n<style>\n#gap-624814565 {\n  padding-top: 30px;\n}\n<\/style>\n\t<\/div>\n\t\n\t\t<\/div>\n\t\t\t\t\t<\/div>\n\n\t\n\n<style>\n#row-1864017547 > .col > .col-inner {\n  background-color: rgba(12, 94, 17, 0.314);\n  border-radius: 23px;\n}\n<\/style>\n<\/div>\n<p><strong>SPECIFICATIES<\/strong><\/p>\n<p>Algemeen<\/p>\n<p>SKU-nummer 9600025326<br \/>\nModel CFX345<br \/>\nModel op label CFX345<br \/>\nLeveringsomvang 1 cooler, 1 manual, 1 Connection cable for 12\/24V connection, 1 Connection cable for 100-240V connection, removable wire baskets<br \/>\nEnkele of dubbele zone Single<br \/>\nProductomschrijving Draagbare compressorkoelbox, 46 liter<br \/>\nKoeltechnologie Compressor<\/p>\n<p>Afmetingen<\/p>\n<p>Afmetingen productdiepte 694 mm<br \/>\nAfmetingen producthoogte 476 mm<br \/>\nAfmetingen productbreedte 398 mm<br \/>\nNettogewicht 18.7 kg<br \/>\nTotal volume (IEC 62552-3) 46.00 l<\/p>\n<p>Elektrisch<\/p>\n<p>Ingangsspanning (AC) 100-240 V<br \/>\nIngangsspanning (DC) 12\/24 V<br \/>\nNominale ingangsstroom (AC) 0.96A at 100V, 0.40A at 240V A<br \/>\nNominale ingangsstroom (DC) 8.2 A<br \/>\nNominaal ingangsvermogen (AC) 52 W<br \/>\nIngangsfrequentie 50\/60 Hz<\/p>\n<p>Vermogen<\/p>\n<p>Koelmiddel, type R134a<br \/>\nGWP 1430<br \/>\nHoeveelheid koudemiddel 42 g<br \/>\nCO2 equivalent. [l] 0.06 t<br \/>\nStroomverbruik (DC bij 5\/25 \u00b0C) 0.49 kWh\/24h<br \/>\nJaarlijks Stroomverbruik AC (EN62552-3:2020) 41 kWh\/a<br \/>\nEnergie effici\u00ebntie klasse (Regulation (EU) 2019\/2016) C<br \/>\nKlimaatklasse (EN62552) N\/T<br \/>\nDikte isolatie 55.00 mm<br \/>\nType isolatie PU (Polyurethane)<\/p>\n<p>Aanvullend<\/p>\n<p>Kleur Slate \/ Mist<br \/>\nUSB-aansluiting 5V, 2A<br \/>\nConnectiviteit Type Bluetooth, WiFi<br \/>\nMandje Ja<br \/>\nInzetstukken in de voet voorzien van schroefdraad voor montage M6<br \/>\nAfvoerplug Yes<br \/>\nAnti-condensatie spoel Ja<br \/>\nBinnenverlichting Ja, led<br \/>\nCertificaten ECE R10, CB, CE, GS<br \/>\nLengte voedingskabel 2.00 m<\/p>\n<p>Logistiek<\/p>\n<p>EAN-13 4015704280005<br \/>\nAfmetingen pakketdiepte 733 mm<br \/>\nAfmetingen pakkethoogte 512 mm<br \/>\nAfmetingen pakketbreedte 438 mm<br \/>\nPakketgewicht 23.2 kg<\/p>\n","protected":false},"excerpt":{"rendered":"<p>Dometic CFX3 45 Draagbare compressor koelbox, 46 liter Deze Dometic CFX3 45 elektrische koelbox zorgt dat je nog meer van je favoriete eten en drinken overal mee naartoe kunt nemen. Het robuuste ontwerp zorgt ervoor dat de koelbox tegen een stootje kan. Geniet heel eenvoudig van krachtig en energie-effici\u00ebnt koelen dankzij een mobiele app, waarmee [&#8230;]\n","protected":false},"featured_media":5619,"template":"","meta":[],"product_cat":[309],"product_tag":[],"yoast_head":"<!-- This site is optimized with the Yoast SEO plugin v23.3 - https:\/\/yoast.com\/wordpress\/plugins\/seo\/ -->\n<title>Dometic CFX3 45 | Compressor Koelbox | Outdoorcells.com<\/title>\n<meta name=\"description\" content=\"Dometic CFX3 45 is een middelgrote koelbox met hoge capaciteit van 46 Liter! Werkt op 220V AC 12V en 24V DC spanning. Voor outdoor en camping\" \/>\n<meta name=\"robots\" content=\"index, follow, max-snippet:-1, max-image-preview:large, max-video-preview:-1\" \/>\n<link rel=\"canonical\" href=\"https:\/\/outdoorcells.com\/de\/product\/dometic-cfx3-45\/\" \/>\n<meta property=\"og:locale\" content=\"de_DE\" \/>\n<meta property=\"og:type\" content=\"article\" \/>\n<meta property=\"og:title\" content=\"Dometic CFX3 45 | Compressor Koelbox | Outdoorcells.com\" \/>\n<meta property=\"og:description\" content=\"Dometic CFX3 45 is een middelgrote koelbox met hoge capaciteit van 46 Liter! Werkt op 220V AC 12V en 24V DC spanning. Voor outdoor en camping\" \/>\n<meta property=\"og:url\" content=\"https:\/\/outdoorcells.com\/de\/product\/dometic-cfx3-45\/\" \/>\n<meta property=\"article:publisher\" content=\"https:\/\/www.facebook.com\/outdoorcells\" \/>\n<meta property=\"article:modified_time\" content=\"2023-11-21T18:33:42+00:00\" \/>\n<meta property=\"og:image\" content=\"https:\/\/outdoorcells.com\/wp-content\/uploads\/2022\/04\/cfx3-45-9600025326-p400.png\" \/>\n\t<meta property=\"og:image:width\" content=\"2000\" \/>\n\t<meta property=\"og:image:height\" content=\"2000\" \/>\n\t<meta property=\"og:image:type\" content=\"image\/png\" \/>\n<meta name=\"twitter:card\" content=\"summary_large_image\" \/>\n<meta name=\"twitter:site\" content=\"@outdoorcells\" \/>\n<meta name=\"twitter:label1\" content=\"Gesch\u00e4tzte Lesezeit\" \/>\n\t<meta name=\"twitter:data1\" content=\"2\u00a0Minuten\" \/>\n<script type=\"application\/ld+json\" class=\"yoast-schema-graph\">{\"@context\":\"https:\/\/schema.org\",\"@graph\":[{\"@type\":\"WebPage\",\"@id\":\"https:\/\/outdoorcells.com\/product\/dometic-cfx3-45\/\",\"url\":\"https:\/\/outdoorcells.com\/product\/dometic-cfx3-45\/\",\"name\":\"Dometic CFX3 45 | Compressor Koelbox | Outdoorcells.com\",\"isPartOf\":{\"@id\":\"https:\/\/outdoorcells.com\/#website\"},\"primaryImageOfPage\":{\"@id\":\"https:\/\/outdoorcells.com\/product\/dometic-cfx3-45\/#primaryimage\"},\"image\":{\"@id\":\"https:\/\/outdoorcells.com\/product\/dometic-cfx3-45\/#primaryimage\"},\"thumbnailUrl\":\"https:\/\/outdoorcells.com\/wp-content\/uploads\/2022\/04\/cfx3-45-9600025326-p400.png\",\"datePublished\":\"2022-04-07T12:03:46+00:00\",\"dateModified\":\"2023-11-21T18:33:42+00:00\",\"description\":\"Dometic CFX3 45 is een middelgrote koelbox met hoge capaciteit van 46 Liter! Werkt op 220V AC 12V en 24V DC spanning. Voor outdoor en camping\",\"breadcrumb\":{\"@id\":\"https:\/\/outdoorcells.com\/product\/dometic-cfx3-45\/#breadcrumb\"},\"inLanguage\":\"de\",\"potentialAction\":[{\"@type\":\"ReadAction\",\"target\":[\"https:\/\/outdoorcells.com\/product\/dometic-cfx3-45\/\"]}]},{\"@type\":\"ImageObject\",\"inLanguage\":\"de\",\"@id\":\"https:\/\/outdoorcells.com\/product\/dometic-cfx3-45\/#primaryimage\",\"url\":\"https:\/\/outdoorcells.com\/wp-content\/uploads\/2022\/04\/cfx3-45-9600025326-p400.png\",\"contentUrl\":\"https:\/\/outdoorcells.com\/wp-content\/uploads\/2022\/04\/cfx3-45-9600025326-p400.png\",\"width\":2000,\"height\":2000,\"caption\":\"dometic cfx3 45\"},{\"@type\":\"BreadcrumbList\",\"@id\":\"https:\/\/outdoorcells.com\/product\/dometic-cfx3-45\/#breadcrumb\",\"itemListElement\":[{\"@type\":\"ListItem\",\"position\":1,\"name\":\"Home\",\"item\":\"https:\/\/outdoorcells.com\/\"},{\"@type\":\"ListItem\",\"position\":2,\"name\":\"shop\",\"item\":\"https:\/\/outdoorcells.com\/lithium-accu-koffer\/\"},{\"@type\":\"ListItem\",\"position\":3,\"name\":\"Dometic CFX3 45\"}]},{\"@type\":\"WebSite\",\"@id\":\"https:\/\/outdoorcells.com\/#website\",\"url\":\"https:\/\/outdoorcells.com\/\",\"name\":\"Outdoorcells.com\",\"description\":\"\",\"publisher\":{\"@id\":\"https:\/\/outdoorcells.com\/#organization\"},\"potentialAction\":[{\"@type\":\"SearchAction\",\"target\":{\"@type\":\"EntryPoint\",\"urlTemplate\":\"https:\/\/outdoorcells.com\/?s={search_term_string}\"},\"query-input\":\"required name=search_term_string\"}],\"inLanguage\":\"de\"},{\"@type\":\"Organization\",\"@id\":\"https:\/\/outdoorcells.com\/#organization\",\"name\":\"OutdoorCells\",\"url\":\"https:\/\/outdoorcells.com\/\",\"logo\":{\"@type\":\"ImageObject\",\"inLanguage\":\"de\",\"@id\":\"https:\/\/outdoorcells.com\/#\/schema\/logo\/image\/\",\"url\":\"https:\/\/outdoorcells.com\/wp-content\/uploads\/2023\/05\/cropped-favicon.png\",\"contentUrl\":\"https:\/\/outdoorcells.com\/wp-content\/uploads\/2023\/05\/cropped-favicon.png\",\"width\":512,\"height\":512,\"caption\":\"OutdoorCells\"},\"image\":{\"@id\":\"https:\/\/outdoorcells.com\/#\/schema\/logo\/image\/\"},\"sameAs\":[\"https:\/\/www.facebook.com\/outdoorcells\",\"https:\/\/x.com\/outdoorcells\",\"https:\/\/www.instagram.com\/voerbootaccu\/\",\"https:\/\/www.youtube.com\/channel\/UCUWu_rkM0a3qkngzpf7EkMg?view_as=subscriber\"]}]}<\/script>\n<!-- \/ Yoast SEO plugin. -->","yoast_head_json":{"title":"Dometic CFX3 45 | Kompressor-K\u00fchlbox | Outdoorcells.com","description":"Die Dometic CFX3 45 ist eine mittelgro\u00dfe K\u00fchlbox mit einem Fassungsverm\u00f6gen von 46 Litern! Arbeitet mit 220V AC 12V und 24V DC Spannung. F\u00fcr Outdoor und Camping","robots":{"index":"index","follow":"follow","max-snippet":"max-snippet:-1","max-image-preview":"max-image-preview:large","max-video-preview":"max-video-preview:-1"},"canonical":"https:\/\/outdoorcells.com\/de\/product\/dometic-cfx3-45\/","og_locale":"de_DE","og_type":"article","og_title":"Dometic CFX3 45 | Compressor Koelbox | Outdoorcells.com","og_description":"Dometic CFX3 45 is een middelgrote koelbox met hoge capaciteit van 46 Liter! Werkt op 220V AC 12V en 24V DC spanning. Voor outdoor en camping","og_url":"https:\/\/outdoorcells.com\/de\/product\/dometic-cfx3-45\/","article_publisher":"https:\/\/www.facebook.com\/outdoorcells","article_modified_time":"2023-11-21T18:33:42+00:00","og_image":[{"width":2000,"height":2000,"url":"https:\/\/outdoorcells.com\/wp-content\/uploads\/2022\/04\/cfx3-45-9600025326-p400.png","type":"image\/png"}],"twitter_card":"summary_large_image","twitter_site":"@outdoorcells","twitter_misc":{"Gesch\u00e4tzte Lesezeit":"2\u00a0Minuten"},"schema":{"@context":"https:\/\/schema.org","@graph":[{"@type":"WebPage","@id":"https:\/\/outdoorcells.com\/product\/dometic-cfx3-45\/","url":"https:\/\/outdoorcells.com\/product\/dometic-cfx3-45\/","name":"Dometic CFX3 45 | Kompressor-K\u00fchlbox | Outdoorcells.com","isPartOf":{"@id":"https:\/\/outdoorcells.com\/#website"},"primaryImageOfPage":{"@id":"https:\/\/outdoorcells.com\/product\/dometic-cfx3-45\/#primaryimage"},"image":{"@id":"https:\/\/outdoorcells.com\/product\/dometic-cfx3-45\/#primaryimage"},"thumbnailUrl":"https:\/\/outdoorcells.com\/wp-content\/uploads\/2022\/04\/cfx3-45-9600025326-p400.png","datePublished":"2022-04-07T12:03:46+00:00","dateModified":"2023-11-21T18:33:42+00:00","description":"Die Dometic CFX3 45 ist eine mittelgro\u00dfe K\u00fchlbox mit einem Fassungsverm\u00f6gen von 46 Litern! Arbeitet mit 220V AC 12V und 24V DC Spannung. F\u00fcr Outdoor und Camping","breadcrumb":{"@id":"https:\/\/outdoorcells.com\/product\/dometic-cfx3-45\/#breadcrumb"},"inLanguage":"de","potentialAction":[{"@type":"ReadAction","target":["https:\/\/outdoorcells.com\/product\/dometic-cfx3-45\/"]}]},{"@type":"ImageObject","inLanguage":"de","@id":"https:\/\/outdoorcells.com\/product\/dometic-cfx3-45\/#primaryimage","url":"https:\/\/outdoorcells.com\/wp-content\/uploads\/2022\/04\/cfx3-45-9600025326-p400.png","contentUrl":"https:\/\/outdoorcells.com\/wp-content\/uploads\/2022\/04\/cfx3-45-9600025326-p400.png","width":2000,"height":2000,"caption":"dometic cfx3 45"},{"@type":"BreadcrumbList","@id":"https:\/\/outdoorcells.com\/product\/dometic-cfx3-45\/#breadcrumb","itemListElement":[{"@type":"ListItem","position":1,"name":"Home","item":"https:\/\/outdoorcells.com\/"},{"@type":"ListItem","position":2,"name":"shop","item":"https:\/\/outdoorcells.com\/lithium-accu-koffer\/"},{"@type":"ListItem","position":3,"name":"Dometic CFX3 45"}]},{"@type":"WebSite","@id":"https:\/\/outdoorcells.com\/#website","url":"https:\/\/outdoorcells.com\/","name":"Outdoorcells.com","description":"","publisher":{"@id":"https:\/\/outdoorcells.com\/#organization"},"potentialAction":[{"@type":"SearchAction","target":{"@type":"EntryPoint","urlTemplate":"https:\/\/outdoorcells.com\/?s={search_term_string}"},"query-input":"required name=search_term_string"}],"inLanguage":"de"},{"@type":"Organization","@id":"https:\/\/outdoorcells.com\/#organization","name":"OutdoorCells","url":"https:\/\/outdoorcells.com\/","logo":{"@type":"ImageObject","inLanguage":"de","@id":"https:\/\/outdoorcells.com\/#\/schema\/logo\/image\/","url":"https:\/\/outdoorcells.com\/wp-content\/uploads\/2023\/05\/cropped-favicon.png","contentUrl":"https:\/\/outdoorcells.com\/wp-content\/uploads\/2023\/05\/cropped-favicon.png","width":512,"height":512,"caption":"OutdoorCells"},"image":{"@id":"https:\/\/outdoorcells.com\/#\/schema\/logo\/image\/"},"sameAs":["https:\/\/www.facebook.com\/outdoorcells","https:\/\/x.com\/outdoorcells","https:\/\/www.instagram.com\/voerbootaccu\/","https:\/\/www.youtube.com\/channel\/UCUWu_rkM0a3qkngzpf7EkMg?view_as=subscriber"]}]}},"_links":{"self":[{"href":"https:\/\/outdoorcells.com\/de\/wp-json\/wp\/v2\/product\/5618"}],"collection":[{"href":"https:\/\/outdoorcells.com\/de\/wp-json\/wp\/v2\/product"}],"about":[{"href":"https:\/\/outdoorcells.com\/de\/wp-json\/wp\/v2\/types\/product"}],"wp:featuredmedia":[{"embeddable":true,"href":"https:\/\/outdoorcells.com\/de\/wp-json\/wp\/v2\/media\/5619"}],"wp:attachment":[{"href":"https:\/\/outdoorcells.com\/de\/wp-json\/wp\/v2\/media?parent=5618"}],"wp:term":[{"taxonomy":"product_cat","embeddable":true,"href":"https:\/\/outdoorcells.com\/de\/wp-json\/wp\/v2\/product_cat?post=5618"},{"taxonomy":"product_tag","embeddable":true,"href":"https:\/\/outdoorcells.com\/de\/wp-json\/wp\/v2\/product_tag?post=5618"}],"curies":[{"name":"wp","href":"https:\/\/api.w.org\/{rel}","templated":true}]}}