{"id":5608,"date":"2022-04-07T13:12:08","date_gmt":"2022-04-07T11:12:08","guid":{"rendered":"https:\/\/voerbootaccu.nl\/?post_type=product&#038;p=5608"},"modified":"2023-11-21T19:33:42","modified_gmt":"2023-11-21T18:33:42","slug":"dometic-cfx3-55im","status":"publish","type":"product","link":"https:\/\/outdoorcells.com\/de\/product\/dometic-cfx3-55im\/","title":{"rendered":"Dometic CFX3 55IM"},"content":{"rendered":"<h2 class=\"productIntro-feature uppercase\">Dometic CFX3 55IM Draagbare compressor koelbox met ijsmaker, 53 liter<\/h2>\n<div class=\"productIntro-desc\">\n<p>De dometic CFX3 55IM elektrische koelbox zorgt dat je overal meer van je favoriete eten en drinken mee naartoe kunt nemen. Het robuuste ontwerp zorgt ervoor dat de koelbox tegen een stootje kan. Geniet heel eenvoudig van energie-effici\u00ebnt koelen dankzij een mobiele app, waarmee je je Dometic CFX3-koelbox op afstand met je vingertoppen kunt bedienen. Ga verder, blijf langer en ervaar meer. De dometic cfx3 55im is uitgerust met een IJsmaker om snel en overal ijsblokjes te maken.<\/p>\n\t<div id=\"gap-1139168224\" class=\"gap-element clearfix\" style=\"display:block; height:auto;\">\n\t\t\n<style>\n#gap-1139168224 {\n  padding-top: 30px;\n}\n<\/style>\n\t<\/div>\n\t\n\t<div id=\"text-3339902645\" class=\"text\">\n\t\t\n<h2 class=\"uppercase\" style=\"text-align: center;\">AAnbevolen toebehoren<\/h2>\n\t\t\n<style>\n#text-3339902645 {\n  text-align: center;\n}\n<\/style>\n\t<\/div>\n\t\n<div class=\"text-center\"><div class=\"is-divider divider clearfix\" style=\"max-width:100px;height:2px;background-color:rgb(173, 173, 173);\"><\/div><\/div>\n\t<div id=\"gap-1771675603\" class=\"gap-element clearfix\" style=\"display:block; height:auto;\">\n\t\t\n<style>\n#gap-1771675603 {\n  padding-top: 30px;\n}\n<\/style>\n\t<\/div>\n\t\n<div class=\"row row-large align-equal row-box-shadow-4 row-box-shadow-4-hover\"  id=\"row-1945223921\">\n\n\t<div id=\"col-496048941\" class=\"col medium-4 small-12 large-4\"  >\n\t\t\t\t<div class=\"col-inner text-left\" style=\"background-color:rgba(0, 0, 0, 0.331);\" >\n\t\t\t\n\t<div class=\"is-border\"\n\t\tstyle=\"border-radius:51px;border-width:0px 0px 0px 0px;\">\n\t<\/div>\n\t\t\t\n\n\t\t<div class=\"icon-box featured-box icon-box-center text-center is-large\"  >\n\t\t\t\t\t<div class=\"icon-box-img\" style=\"width: 299px\">\n\t\t\t\t<div class=\"icon\">\n\t\t\t\t\t<div class=\"icon-inner\" >\n\t\t\t\t\t\t<img loading=\"lazy\" decoding=\"async\" width=\"300\" height=\"300\" src=\"https:\/\/outdoorcells.com\/wp-content\/uploads\/2022\/04\/Dometic-cfx3-55pc-cover-300x300.png\" class=\"attachment-medium size-medium\" alt=\"dometic cfx3 pc55\" srcset=\"https:\/\/outdoorcells.com\/wp-content\/uploads\/2022\/04\/Dometic-cfx3-55pc-cover-300x300.png 300w, https:\/\/outdoorcells.com\/wp-content\/uploads\/2022\/04\/Dometic-cfx3-55pc-cover-1024x1024.png 1024w, https:\/\/outdoorcells.com\/wp-content\/uploads\/2022\/04\/Dometic-cfx3-55pc-cover-150x150.png 150w, https:\/\/outdoorcells.com\/wp-content\/uploads\/2022\/04\/Dometic-cfx3-55pc-cover-768x768.png 768w, https:\/\/outdoorcells.com\/wp-content\/uploads\/2022\/04\/Dometic-cfx3-55pc-cover-247x247.png 247w, https:\/\/outdoorcells.com\/wp-content\/uploads\/2022\/04\/Dometic-cfx3-55pc-cover-510x510.png 510w, https:\/\/outdoorcells.com\/wp-content\/uploads\/2022\/04\/Dometic-cfx3-55pc-cover-100x100.png 100w, https:\/\/outdoorcells.com\/wp-content\/uploads\/2022\/04\/Dometic-cfx3-55pc-cover.png 1100w\" sizes=\"(max-width: 300px) 100vw, 300px\" \/>\t\t\t\t\t<\/div>\n\t\t\t\t<\/div>\n\t\t\t<\/div>\n\t\t\t\t<div class=\"icon-box-text last-reset\">\n\t\t\t<h5 class=\"uppercase\">cfx3 pc55<\/h5>\t\t\t<h6>protective cover<\/h6>\t\t\t\n\t<div id=\"gap-2135305469\" class=\"gap-element clearfix\" style=\"display:block; height:auto;\">\n\t\t\n<style>\n#gap-2135305469 {\n  padding-top: 20px;\n}\n<\/style>\n\t<\/div>\n\t\n<a href=\"https:\/\/outdoorcells.com\/product\/dometic-cfx3-55im\/?add-to-cart=5657\" class=\"button white is-outline is-large\" style=\"border-radius:10px;\">\n\t\t<span>Voeg toe<\/span>\n\t<i class=\"icon-shopping-basket\" aria-hidden=\"true\"><\/i><\/a>\n\n\t\t<\/div>\n\t<\/div>\n\t\n\t\n\t<div id=\"gap-946432652\" class=\"gap-element clearfix\" style=\"display:block; height:auto;\">\n\t\t\n<style>\n#gap-946432652 {\n  padding-top: 30px;\n}\n<\/style>\n\t<\/div>\n\t\n\t\t<\/div>\n\t\t\t\t\n<style>\n#col-496048941 > .col-inner {\n  padding: 0px 0px 0px 0px;\n  margin: 0px 0px 0px 0px;\n}\n<\/style>\n\t<\/div>\n\n\t\n\n\t<div id=\"col-1269362309\" class=\"col medium-4 small-12 large-4\"  >\n\t\t\t\t<div class=\"col-inner\" style=\"background-color:rgba(0, 0, 0, 0.331);\" >\n\t\t\t\n\t\t\t\n\n\t<a class=\"plain\" href=\"https:\/\/outdoorcells.com\/product\/safe-lock-sb50-voor-outdoorbox\/\" >\t<div class=\"icon-box featured-box icon-box-center text-center is-large\"  >\n\t\t\t\t\t<div class=\"icon-box-img\" style=\"width: 299px\">\n\t\t\t\t<div class=\"icon\">\n\t\t\t\t\t<div class=\"icon-inner\" >\n\t\t\t\t\t\t<img loading=\"lazy\" decoding=\"async\" width=\"300\" height=\"300\" src=\"https:\/\/outdoorcells.com\/wp-content\/uploads\/2022\/11\/SAFE-LOCK-ADAPTER-OUTDOORBOX-300x300.png\" class=\"attachment-medium size-medium\" alt=\"\" srcset=\"https:\/\/outdoorcells.com\/wp-content\/uploads\/2022\/11\/SAFE-LOCK-ADAPTER-OUTDOORBOX-300x300.png 300w, https:\/\/outdoorcells.com\/wp-content\/uploads\/2022\/11\/SAFE-LOCK-ADAPTER-OUTDOORBOX-1024x1024.png 1024w, https:\/\/outdoorcells.com\/wp-content\/uploads\/2022\/11\/SAFE-LOCK-ADAPTER-OUTDOORBOX-150x150.png 150w, https:\/\/outdoorcells.com\/wp-content\/uploads\/2022\/11\/SAFE-LOCK-ADAPTER-OUTDOORBOX-768x768.png 768w, https:\/\/outdoorcells.com\/wp-content\/uploads\/2022\/11\/SAFE-LOCK-ADAPTER-OUTDOORBOX-247x247.png 247w, https:\/\/outdoorcells.com\/wp-content\/uploads\/2022\/11\/SAFE-LOCK-ADAPTER-OUTDOORBOX-510x510.png 510w, https:\/\/outdoorcells.com\/wp-content\/uploads\/2022\/11\/SAFE-LOCK-ADAPTER-OUTDOORBOX-100x100.png 100w, https:\/\/outdoorcells.com\/wp-content\/uploads\/2022\/11\/SAFE-LOCK-ADAPTER-OUTDOORBOX.png 1100w\" sizes=\"(max-width: 300px) 100vw, 300px\" \/>\t\t\t\t\t<\/div>\n\t\t\t\t<\/div>\n\t\t\t<\/div>\n\t\t\t\t<div class=\"icon-box-text last-reset\">\n\t\t\t<h5 class=\"uppercase\">safelock<\/h5>\t\t\t<h6>adapterkabel<\/h6>\t\t\t\n\t<div id=\"gap-807156622\" class=\"gap-element clearfix\" style=\"display:block; height:auto;\">\n\t\t\n<style>\n#gap-807156622 {\n  padding-top: 20px;\n}\n<\/style>\n\t<\/div>\n\t\n<a href=\"https:\/\/outdoorcells.com\/product\/dometic-cfx3-55im\/?add-to-cart=5875\" class=\"button white is-outline is-large\" style=\"border-radius:10px;\">\n\t\t<span>voeg toe<\/span>\n\t<i class=\"icon-shopping-basket\" aria-hidden=\"true\"><\/i><\/a>\n\n\t\t<\/div>\n\t<\/div>\n\t<\/a>\n\t\n\t<div id=\"gap-1463931563\" class=\"gap-element clearfix\" style=\"display:block; height:auto;\">\n\t\t\n<style>\n#gap-1463931563 {\n  padding-top: 30px;\n}\n<\/style>\n\t<\/div>\n\t\n\t\t<\/div>\n\t\t\t\t\t<\/div>\n\n\t\n\n<style>\n#row-1945223921 > .col > .col-inner {\n  background-color: rgba(12, 94, 17, 0.314);\n  border-radius: 23px;\n}\n<\/style>\n<\/div>\n<p><strong>SPECIFICATIES<\/strong><\/p>\n<p>Algemeen<\/p>\n<p>SKU-nummer 9600025330<br \/>\nModel CFX355IM<br \/>\nModel op label CFX355IM<br \/>\nSKU vervangen door 9600029529<br \/>\nLeveringsomvang 1 koeler, 1 handleiding, 1 aansluitkabel voor 12\/24V aansluiting, 1 aansluitkabel voor 100-240V aansluiting, 1 ijsmaker, verwijderbare draadmanden<br \/>\nEnkele of dubbele zone Single<br \/>\nProductomschrijving Draagbare compressorkoelbox met ijsmaker, 53 liter<br \/>\nKoeltechnologie Compressor<\/p>\n<p>Afmetingen<\/p>\n<p>Afmetingen productdiepte 455 mm<br \/>\nAfmetingen producthoogte 480 mm<br \/>\nAfmetingen productbreedte 720 mm<br \/>\nNettogewicht 21.3 kg<br \/>\nTotal volume (IEC 62552-3) 53.00 l<\/p>\n<p>Elektrisch<\/p>\n<p>Ingangsspanning (AC) 100-240 V<br \/>\nIngangsspanning (DC) 12\/24 V<br \/>\nNominale ingangsstroom (AC) 1.00A at 100V, 0.42A at 240V A<br \/>\nNominale ingangsstroom (DC) 8.9 A<br \/>\nNominaal ingangsvermogen (AC) 52 W<br \/>\nIngangsfrequentie 50\/60 Hz<\/p>\n<p>Vermogen<\/p>\n<p>Koelmiddel, type R134a<br \/>\nGWP 1430<br \/>\nHoeveelheid koudemiddel 45 g<br \/>\nCO2 equivalent. [l] 0.064 t<br \/>\nStroomverbruik (DC bij 5\/25 \u00b0C) 0.59 kWh\/24h<br \/>\n1.20 Ah\/h<br \/>\nJaarlijks energieverbruik AC (EN62552-3:2020) 47 kWh\/a<br \/>\nEnergie Klasse (Regulation (EU) 2019\/2016) C<br \/>\nKlimaatklasse (EN62552) N\/T<br \/>\nDikte isolatie 55.00 mm<br \/>\nType isolatie PU (Polyurethane)<\/p>\n<p>Aanvullend<\/p>\n<p>Kleur Slate \/ Mist<br \/>\nUSB-aansluiting 5V, 2A<br \/>\nConnectivity Type Bluetooth, WiFi<br \/>\nMandje Ja<br \/>\nInzetstukken in de voet voorzien van schroefdraad voor montage M6<br \/>\nAfvoerplug Ja<br \/>\nAnti-condensatie spoel Ja<br \/>\nBinnenverlichting Ja, led<br \/>\nCertificaten ECE R10, CB, CE, GS<br \/>\nLengte voedingskabel 2.00 m<\/p>\n<p>Logistiek<\/p>\n<p>EAN-13 4015704280043<br \/>\nAfmetingen pakketdiepte 498 mm<br \/>\nAfmetingen pakkethoogte 523 mm<br \/>\nAfmetingen pakketbreedte 763 mm<br \/>\nPakketgewicht 26.4 kg<\/p>\n","protected":false},"excerpt":{"rendered":"<p>Dometic CFX3 55IM Draagbare compressor koelbox met ijsmaker, 53 liter De dometic CFX3 55IM elektrische koelbox zorgt dat je overal meer van je favoriete eten en drinken mee naartoe kunt nemen. Het robuuste ontwerp zorgt ervoor dat de koelbox tegen een stootje kan. Geniet heel eenvoudig van energie-effici\u00ebnt koelen dankzij een mobiele app, waarmee je [&#8230;]\n","protected":false},"featured_media":5609,"template":"","meta":[],"product_cat":[309],"product_tag":[],"yoast_head":"<!-- This site is optimized with the Yoast SEO plugin v23.3 - https:\/\/yoast.com\/wordpress\/plugins\/seo\/ -->\n<title>Dometic CFX3 55IM | Compressor Koelbox | Outdoorcells.com<\/title>\n<meta name=\"description\" content=\"Met de dometic CFX3 55IM maak je ijsblokjes overal! Naast de ruime capaciteit van 55 Liter beschikt de CFX3 55IM over een ijsmaker!\" \/>\n<meta name=\"robots\" content=\"index, follow, max-snippet:-1, max-image-preview:large, max-video-preview:-1\" \/>\n<link rel=\"canonical\" href=\"https:\/\/outdoorcells.com\/de\/product\/dometic-cfx3-55im\/\" \/>\n<meta property=\"og:locale\" content=\"de_DE\" \/>\n<meta property=\"og:type\" content=\"article\" \/>\n<meta property=\"og:title\" content=\"Dometic CFX3 55IM | Compressor Koelbox | Outdoorcells.com\" \/>\n<meta property=\"og:description\" content=\"Met de dometic CFX3 55IM maak je ijsblokjes overal! Naast de ruime capaciteit van 55 Liter beschikt de CFX3 55IM over een ijsmaker!\" \/>\n<meta property=\"og:url\" content=\"https:\/\/outdoorcells.com\/de\/product\/dometic-cfx3-55im\/\" \/>\n<meta property=\"article:publisher\" content=\"https:\/\/www.facebook.com\/outdoorcells\" \/>\n<meta property=\"article:modified_time\" content=\"2023-11-21T18:33:42+00:00\" \/>\n<meta property=\"og:image\" content=\"https:\/\/outdoorcells.com\/wp-content\/uploads\/2022\/04\/cfx3-55IM-F-9600024620.png\" \/>\n\t<meta property=\"og:image:width\" content=\"1100\" \/>\n\t<meta property=\"og:image:height\" content=\"1100\" \/>\n\t<meta property=\"og:image:type\" content=\"image\/png\" \/>\n<meta name=\"twitter:card\" content=\"summary_large_image\" \/>\n<meta name=\"twitter:site\" content=\"@outdoorcells\" \/>\n<meta name=\"twitter:label1\" content=\"Gesch\u00e4tzte Lesezeit\" \/>\n\t<meta name=\"twitter:data1\" content=\"2\u00a0Minuten\" \/>\n<script type=\"application\/ld+json\" class=\"yoast-schema-graph\">{\"@context\":\"https:\/\/schema.org\",\"@graph\":[{\"@type\":\"WebPage\",\"@id\":\"https:\/\/outdoorcells.com\/product\/dometic-cfx3-55im\/\",\"url\":\"https:\/\/outdoorcells.com\/product\/dometic-cfx3-55im\/\",\"name\":\"Dometic CFX3 55IM | Compressor Koelbox | Outdoorcells.com\",\"isPartOf\":{\"@id\":\"https:\/\/outdoorcells.com\/#website\"},\"primaryImageOfPage\":{\"@id\":\"https:\/\/outdoorcells.com\/product\/dometic-cfx3-55im\/#primaryimage\"},\"image\":{\"@id\":\"https:\/\/outdoorcells.com\/product\/dometic-cfx3-55im\/#primaryimage\"},\"thumbnailUrl\":\"https:\/\/outdoorcells.com\/wp-content\/uploads\/2022\/04\/cfx3-55IM-F-9600024620.png\",\"datePublished\":\"2022-04-07T11:12:08+00:00\",\"dateModified\":\"2023-11-21T18:33:42+00:00\",\"description\":\"Met de dometic CFX3 55IM maak je ijsblokjes overal! Naast de ruime capaciteit van 55 Liter beschikt de CFX3 55IM over een ijsmaker!\",\"breadcrumb\":{\"@id\":\"https:\/\/outdoorcells.com\/product\/dometic-cfx3-55im\/#breadcrumb\"},\"inLanguage\":\"de\",\"potentialAction\":[{\"@type\":\"ReadAction\",\"target\":[\"https:\/\/outdoorcells.com\/product\/dometic-cfx3-55im\/\"]}]},{\"@type\":\"ImageObject\",\"inLanguage\":\"de\",\"@id\":\"https:\/\/outdoorcells.com\/product\/dometic-cfx3-55im\/#primaryimage\",\"url\":\"https:\/\/outdoorcells.com\/wp-content\/uploads\/2022\/04\/cfx3-55IM-F-9600024620.png\",\"contentUrl\":\"https:\/\/outdoorcells.com\/wp-content\/uploads\/2022\/04\/cfx3-55IM-F-9600024620.png\",\"width\":1100,\"height\":1100,\"caption\":\"dometic cfx3 55im\"},{\"@type\":\"BreadcrumbList\",\"@id\":\"https:\/\/outdoorcells.com\/product\/dometic-cfx3-55im\/#breadcrumb\",\"itemListElement\":[{\"@type\":\"ListItem\",\"position\":1,\"name\":\"Home\",\"item\":\"https:\/\/outdoorcells.com\/\"},{\"@type\":\"ListItem\",\"position\":2,\"name\":\"shop\",\"item\":\"https:\/\/outdoorcells.com\/lithium-accu-koffer\/\"},{\"@type\":\"ListItem\",\"position\":3,\"name\":\"Dometic CFX3 55IM\"}]},{\"@type\":\"WebSite\",\"@id\":\"https:\/\/outdoorcells.com\/#website\",\"url\":\"https:\/\/outdoorcells.com\/\",\"name\":\"Outdoorcells.com\",\"description\":\"\",\"publisher\":{\"@id\":\"https:\/\/outdoorcells.com\/#organization\"},\"potentialAction\":[{\"@type\":\"SearchAction\",\"target\":{\"@type\":\"EntryPoint\",\"urlTemplate\":\"https:\/\/outdoorcells.com\/?s={search_term_string}\"},\"query-input\":\"required name=search_term_string\"}],\"inLanguage\":\"de\"},{\"@type\":\"Organization\",\"@id\":\"https:\/\/outdoorcells.com\/#organization\",\"name\":\"OutdoorCells\",\"url\":\"https:\/\/outdoorcells.com\/\",\"logo\":{\"@type\":\"ImageObject\",\"inLanguage\":\"de\",\"@id\":\"https:\/\/outdoorcells.com\/#\/schema\/logo\/image\/\",\"url\":\"https:\/\/outdoorcells.com\/wp-content\/uploads\/2023\/05\/cropped-favicon.png\",\"contentUrl\":\"https:\/\/outdoorcells.com\/wp-content\/uploads\/2023\/05\/cropped-favicon.png\",\"width\":512,\"height\":512,\"caption\":\"OutdoorCells\"},\"image\":{\"@id\":\"https:\/\/outdoorcells.com\/#\/schema\/logo\/image\/\"},\"sameAs\":[\"https:\/\/www.facebook.com\/outdoorcells\",\"https:\/\/x.com\/outdoorcells\",\"https:\/\/www.instagram.com\/voerbootaccu\/\",\"https:\/\/www.youtube.com\/channel\/UCUWu_rkM0a3qkngzpf7EkMg?view_as=subscriber\"]}]}<\/script>\n<!-- \/ Yoast SEO plugin. -->","yoast_head_json":{"title":"Dometic CFX3 55IM | Kompressor-K\u00fchlbox | Outdoorcells.com","description":"Der dometic CFX3 55IM macht \u00fcberall Eisw\u00fcrfel! Der CFX3 55IM verf\u00fcgt nicht nur \u00fcber ein ger\u00e4umiges Fassungsverm\u00f6gen von 55 Litern, sondern auch \u00fcber einen Eisw\u00fcrfelbereiter!","robots":{"index":"index","follow":"follow","max-snippet":"max-snippet:-1","max-image-preview":"max-image-preview:large","max-video-preview":"max-video-preview:-1"},"canonical":"https:\/\/outdoorcells.com\/de\/product\/dometic-cfx3-55im\/","og_locale":"de_DE","og_type":"article","og_title":"Dometic CFX3 55IM | Compressor Koelbox | Outdoorcells.com","og_description":"Met de dometic CFX3 55IM maak je ijsblokjes overal! Naast de ruime capaciteit van 55 Liter beschikt de CFX3 55IM over een ijsmaker!","og_url":"https:\/\/outdoorcells.com\/de\/product\/dometic-cfx3-55im\/","article_publisher":"https:\/\/www.facebook.com\/outdoorcells","article_modified_time":"2023-11-21T18:33:42+00:00","og_image":[{"width":1100,"height":1100,"url":"https:\/\/outdoorcells.com\/wp-content\/uploads\/2022\/04\/cfx3-55IM-F-9600024620.png","type":"image\/png"}],"twitter_card":"summary_large_image","twitter_site":"@outdoorcells","twitter_misc":{"Gesch\u00e4tzte Lesezeit":"2\u00a0Minuten"},"schema":{"@context":"https:\/\/schema.org","@graph":[{"@type":"WebPage","@id":"https:\/\/outdoorcells.com\/product\/dometic-cfx3-55im\/","url":"https:\/\/outdoorcells.com\/product\/dometic-cfx3-55im\/","name":"Dometic CFX3 55IM | Kompressor-K\u00fchlbox | Outdoorcells.com","isPartOf":{"@id":"https:\/\/outdoorcells.com\/#website"},"primaryImageOfPage":{"@id":"https:\/\/outdoorcells.com\/product\/dometic-cfx3-55im\/#primaryimage"},"image":{"@id":"https:\/\/outdoorcells.com\/product\/dometic-cfx3-55im\/#primaryimage"},"thumbnailUrl":"https:\/\/outdoorcells.com\/wp-content\/uploads\/2022\/04\/cfx3-55IM-F-9600024620.png","datePublished":"2022-04-07T11:12:08+00:00","dateModified":"2023-11-21T18:33:42+00:00","description":"Der dometic CFX3 55IM macht \u00fcberall Eisw\u00fcrfel! Der CFX3 55IM verf\u00fcgt nicht nur \u00fcber ein ger\u00e4umiges Fassungsverm\u00f6gen von 55 Litern, sondern auch \u00fcber einen Eisw\u00fcrfelbereiter!","breadcrumb":{"@id":"https:\/\/outdoorcells.com\/product\/dometic-cfx3-55im\/#breadcrumb"},"inLanguage":"de","potentialAction":[{"@type":"ReadAction","target":["https:\/\/outdoorcells.com\/product\/dometic-cfx3-55im\/"]}]},{"@type":"ImageObject","inLanguage":"de","@id":"https:\/\/outdoorcells.com\/product\/dometic-cfx3-55im\/#primaryimage","url":"https:\/\/outdoorcells.com\/wp-content\/uploads\/2022\/04\/cfx3-55IM-F-9600024620.png","contentUrl":"https:\/\/outdoorcells.com\/wp-content\/uploads\/2022\/04\/cfx3-55IM-F-9600024620.png","width":1100,"height":1100,"caption":"dometic cfx3 55im"},{"@type":"BreadcrumbList","@id":"https:\/\/outdoorcells.com\/product\/dometic-cfx3-55im\/#breadcrumb","itemListElement":[{"@type":"ListItem","position":1,"name":"Home","item":"https:\/\/outdoorcells.com\/"},{"@type":"ListItem","position":2,"name":"shop","item":"https:\/\/outdoorcells.com\/lithium-accu-koffer\/"},{"@type":"ListItem","position":3,"name":"Dometic CFX3 55IM"}]},{"@type":"WebSite","@id":"https:\/\/outdoorcells.com\/#website","url":"https:\/\/outdoorcells.com\/","name":"Outdoorcells.com","description":"","publisher":{"@id":"https:\/\/outdoorcells.com\/#organization"},"potentialAction":[{"@type":"SearchAction","target":{"@type":"EntryPoint","urlTemplate":"https:\/\/outdoorcells.com\/?s={search_term_string}"},"query-input":"required name=search_term_string"}],"inLanguage":"de"},{"@type":"Organization","@id":"https:\/\/outdoorcells.com\/#organization","name":"OutdoorCells","url":"https:\/\/outdoorcells.com\/","logo":{"@type":"ImageObject","inLanguage":"de","@id":"https:\/\/outdoorcells.com\/#\/schema\/logo\/image\/","url":"https:\/\/outdoorcells.com\/wp-content\/uploads\/2023\/05\/cropped-favicon.png","contentUrl":"https:\/\/outdoorcells.com\/wp-content\/uploads\/2023\/05\/cropped-favicon.png","width":512,"height":512,"caption":"OutdoorCells"},"image":{"@id":"https:\/\/outdoorcells.com\/#\/schema\/logo\/image\/"},"sameAs":["https:\/\/www.facebook.com\/outdoorcells","https:\/\/x.com\/outdoorcells","https:\/\/www.instagram.com\/voerbootaccu\/","https:\/\/www.youtube.com\/channel\/UCUWu_rkM0a3qkngzpf7EkMg?view_as=subscriber"]}]}},"_links":{"self":[{"href":"https:\/\/outdoorcells.com\/de\/wp-json\/wp\/v2\/product\/5608"}],"collection":[{"href":"https:\/\/outdoorcells.com\/de\/wp-json\/wp\/v2\/product"}],"about":[{"href":"https:\/\/outdoorcells.com\/de\/wp-json\/wp\/v2\/types\/product"}],"wp:featuredmedia":[{"embeddable":true,"href":"https:\/\/outdoorcells.com\/de\/wp-json\/wp\/v2\/media\/5609"}],"wp:attachment":[{"href":"https:\/\/outdoorcells.com\/de\/wp-json\/wp\/v2\/media?parent=5608"}],"wp:term":[{"taxonomy":"product_cat","embeddable":true,"href":"https:\/\/outdoorcells.com\/de\/wp-json\/wp\/v2\/product_cat?post=5608"},{"taxonomy":"product_tag","embeddable":true,"href":"https:\/\/outdoorcells.com\/de\/wp-json\/wp\/v2\/product_tag?post=5608"}],"curies":[{"name":"wp","href":"https:\/\/api.w.org\/{rel}","templated":true}]}}