{"id":5382,"date":"2022-01-23T23:23:07","date_gmt":"2022-01-23T22:23:07","guid":{"rendered":"https:\/\/voerbootaccu.nl\/?post_type=product&#038;p=5382"},"modified":"2026-04-03T09:12:03","modified_gmt":"2026-04-03T07:12:03","slug":"outdoorbox-kompakt-12v50ah","status":"publish","type":"product","link":"https:\/\/outdoorcells.com\/de\/product\/outdoorbox-compact-12v50ah\/","title":{"rendered":"Outdoorbox 3S 12V 50Ah"},"content":{"rendered":"<h2 class=\"uppercase\" data-line-height=\"m\"><strong>kleine Lithium-Batterie mit viel Leistung<\/strong><\/h2>\n<p data-line-height=\"m\">Outdoorbox 3S 12v50ah voor elektrisch varen. Deze draagbare Base Compact OUTDOOR BOX is speciaal voor Belly Boat, Kajak en rubberboten ontwikkeld. Geschikt voor alle fluistermotoren tot 80 LBS! Fraai afgewerkte outdoor box, makkelijk te hanteren en ultra sterkt! De originele PELI Case 1150 biedt maximale zekerheid en bescherming. 3S Lithium module biedt een veilig nominaal voltage voor zeer effici\u00ebnte stroomafgifte zonder dat uw fluistermotor overbelast raakt.<\/p>\n<h3 class=\"uppercase\" data-line-height=\"m\"><strong>bms f\u00fcr lange Lebensdauer<\/strong><\/h3>\n<p data-line-height=\"m\">Om een lange levensduur te garanderen van de lithium module, beschikt deze outdoorbox 3S 12v50ah uiteraard over een BMS (Batterij Management Systeem). Deze houd de status van het cellen pakket in de gaten en monitort de gezondheid van ieder cell afzonderlijk. Daarnaast zorgt de BMS ervoor dat de lithium accu beschermd word tegen te hoge belasting, overladen spanning en te lage spanning.<\/p>\n<h3 class=\"uppercase\" data-line-height=\"m\"><strong>e-motor anschlie\u00dfen<\/strong><\/h3>\n<p data-line-height=\"m\">F\u00fcr den Anschluss Ihres E-motor an diese kleine Lithium-Bootsbatterie ist die Lithium-Ionen-Basis Kompakt mit einem Original Anderson SB 50-Stecker ausgestattet. Dadurch kann Ihr Elektromotor besser arbeiten und l\u00e4nger segeln. Ein Original-Anderson-Stecker bietet zudem den Vorteil, dass er sich sehr leicht anschlie\u00dfen l\u00e4sst und nicht wie Nachahmungen dr\u00fcckt. Da die Lithium-Ionen-Basis Compact sehr klein ist, passt sie problemlos in jede Angeltasche. In Kombination mit dem optionalen USB-Adapter kann es daher auch als leistungsstarke Powerbank verwendet werden. Sehr praktisch f\u00fcr Karpfen- und Welsangler, die lange Zeit von zu Hause weg sind! Mit dem separat erh\u00e4ltlichen Lithium-Ladeger\u00e4t l\u00e4sst sich die 50AH Base Compact einfach und schnell an der Steckdose aufladen. Au\u00dferdem ist diese kleine Lithium-Boot-Batterie mit dem optionalen Solarpanel und Solar-Laderegler wieder aufladbar.<\/p>\n<h3 style=\"text-align: center;\"><span class=\"fancy-underline\"><strong>HIGHLIGHTS<\/strong><\/span><\/h3>\n<ul>\n<li class=\"bullet-star\" style=\"text-align: left;\">Orginal Peli Koffer<\/li>\n<li class=\"bullet-star\">Sehr geringes Gewicht von nur 3.8Kg<\/li>\n<li class=\"bullet-star translation-block\">Eigebautes Sicherung (<em>extra Absichern nicht n\u00f6tig<\/em>)<\/li>\n<li class=\"bullet-star\">Wasserdichtes BMS mit erweiterten Funktionen<\/li>\n<li class=\"bullet-star\">Hochwertige OutdoorCells Lithium-Modul 12V50<\/li>\n<li class=\"bullet-star\">Original Anderson-Stecker SB50<\/li>\n<li class=\"bullet-star\">Sehr kompakt und daher leicht zu transportieren<\/li>\n<li class=\"bullet-star\">Korte oplaadtijd van ca. 3 uur<\/li>\n<li class=\"bullet-star\">Geeignet f\u00fcr Elektromotoren bis zu 80Lbs<\/li>\n<li class=\"bullet-star\">5 Jahre Garantie auf Lithium-Zellen<\/li>\n<li class=\"bullet-star\">Begrenzte lebenslange Garantie auf den Peli Koffer<\/li>\n<\/ul>\n\t<div id=\"gap-835434698\" class=\"gap-element clearfix\" style=\"display:block; height:auto;\">\n\t\t\n<style>\n#gap-835434698 {\n  padding-top: 30px;\n}\n<\/style>\n\t<\/div>\n\t\n\t<div id=\"text-1105432505\" class=\"text\">\n\t\t\n<h2 class=\"uppercase\" style=\"text-align: center;\">Empfohlenes Zubeh\u00f6r<\/h2>\n\t\t\n<style>\n#text-1105432505 {\n  text-align: center;\n}\n<\/style>\n\t<\/div>\n\t\n<div class=\"text-center\"><div class=\"is-divider divider clearfix\" style=\"max-width:100px;height:2px;background-color:rgb(173, 173, 173);\"><\/div><\/div>\n\t<div id=\"gap-358772815\" class=\"gap-element clearfix\" style=\"display:block; height:auto;\">\n\t\t\n<style>\n#gap-358772815 {\n  padding-top: 30px;\n}\n<\/style>\n\t<\/div>\n\t\n<div class=\"row row-large align-equal row-box-shadow-4 row-box-shadow-4-hover\"  id=\"row-299732548\">\n\n\t<div id=\"col-96217720\" class=\"col medium-4 small-12 large-4\"  >\n\t\t\t\t<div class=\"col-inner text-left\" style=\"background-color:rgba(0, 0, 0, 0.331);\" >\n\t\t\t\n\t<div class=\"is-border\"\n\t\tstyle=\"border-radius:51px;border-width:0px 0px 0px 0px;\">\n\t<\/div>\n\t\t\t\n\n\t\t<div class=\"icon-box featured-box icon-box-center text-center is-large\"  >\n\t\t\t\t\t<div class=\"icon-box-img\" style=\"width: 299px\">\n\t\t\t\t<div class=\"icon\">\n\t\t\t\t\t<div class=\"icon-inner\" >\n\t\t\t\t\t\t<img loading=\"lazy\" decoding=\"async\" width=\"300\" height=\"300\" src=\"https:\/\/outdoorcells.com\/wp-content\/uploads\/2022\/01\/lithium-accu-accessoire-stekker-blauw-300x300.png\" class=\"attachment-medium size-medium\" alt=\"anderson sb50 blauw\" srcset=\"https:\/\/outdoorcells.com\/wp-content\/uploads\/2022\/01\/lithium-accu-accessoire-stekker-blauw-300x300.png 300w, https:\/\/outdoorcells.com\/wp-content\/uploads\/2022\/01\/lithium-accu-accessoire-stekker-blauw-1024x1024.png 1024w, https:\/\/outdoorcells.com\/wp-content\/uploads\/2022\/01\/lithium-accu-accessoire-stekker-blauw-150x150.png 150w, https:\/\/outdoorcells.com\/wp-content\/uploads\/2022\/01\/lithium-accu-accessoire-stekker-blauw-768x768.png 768w, https:\/\/outdoorcells.com\/wp-content\/uploads\/2022\/01\/lithium-accu-accessoire-stekker-blauw-1536x1536.png 1536w, https:\/\/outdoorcells.com\/wp-content\/uploads\/2022\/01\/lithium-accu-accessoire-stekker-blauw-2048x2048.png 2048w, https:\/\/outdoorcells.com\/wp-content\/uploads\/2022\/01\/lithium-accu-accessoire-stekker-blauw-247x247.png 247w, https:\/\/outdoorcells.com\/wp-content\/uploads\/2022\/01\/lithium-accu-accessoire-stekker-blauw-510x510.png 510w, https:\/\/outdoorcells.com\/wp-content\/uploads\/2022\/01\/lithium-accu-accessoire-stekker-blauw-100x100.png 100w\" sizes=\"(max-width: 300px) 100vw, 300px\" \/>\t\t\t\t\t<\/div>\n\t\t\t\t<\/div>\n\t\t\t<\/div>\n\t\t\t\t<div class=\"icon-box-text last-reset\">\n\t\t\t<h5 class=\"uppercase\">SB50 Connector<\/h5>\t\t\t<h6>Emotor<\/h6>\t\t\t\n\t<div id=\"gap-514067628\" class=\"gap-element clearfix\" style=\"display:block; height:auto;\">\n\t\t\n<style>\n#gap-514067628 {\n  padding-top: 20px;\n}\n<\/style>\n\t<\/div>\n\t\n<a href=\"https:\/\/outdoorcells.com\/de\/product\/outdoorbox-kompakt-12v50ah\/?add-to-cart=5371\" class=\"button white is-outline\" style=\"border-radius:10px;\">\n\t\t<span>in korb<\/span>\n\t<i class=\"icon-shopping-basket\" aria-hidden=\"true\"><\/i><\/a>\n\n\t\t<\/div>\n\t<\/div>\n\t\n\t\n\t<div id=\"gap-155344004\" class=\"gap-element clearfix\" style=\"display:block; height:auto;\">\n\t\t\n<style>\n#gap-155344004 {\n  padding-top: 30px;\n}\n<\/style>\n\t<\/div>\n\t\n\t\t<\/div>\n\t\t\t\t\n<style>\n#col-96217720 > .col-inner {\n  padding: 0px 0px 0px 0px;\n  margin: 0px 0px 0px 0px;\n}\n<\/style>\n\t<\/div>\n\n\t\n\n\t<div id=\"col-1266830846\" class=\"col medium-4 small-12 large-4\"  >\n\t\t\t\t<div class=\"col-inner\" style=\"background-color:rgba(0, 0, 0, 0.331);\" >\n\t\t\t\n\t\t\t\n\n\t\t<div class=\"icon-box featured-box icon-box-center text-center is-large\"  >\n\t\t\t\t\t<div class=\"icon-box-img\" style=\"width: 299px\">\n\t\t\t\t<div class=\"icon\">\n\t\t\t\t\t<div class=\"icon-inner\" >\n\t\t\t\t\t\t<img loading=\"lazy\" decoding=\"async\" width=\"300\" height=\"300\" src=\"https:\/\/outdoorcells.com\/wp-content\/uploads\/2022\/01\/Aanbevolen-Lader-ion-accu-12.6V-5A-300x300.png\" class=\"attachment-medium size-medium\" alt=\"\" srcset=\"https:\/\/outdoorcells.com\/wp-content\/uploads\/2022\/01\/Aanbevolen-Lader-ion-accu-12.6V-5A-300x300.png 300w, https:\/\/outdoorcells.com\/wp-content\/uploads\/2022\/01\/Aanbevolen-Lader-ion-accu-12.6V-5A-1024x1024.png 1024w, https:\/\/outdoorcells.com\/wp-content\/uploads\/2022\/01\/Aanbevolen-Lader-ion-accu-12.6V-5A-150x150.png 150w, https:\/\/outdoorcells.com\/wp-content\/uploads\/2022\/01\/Aanbevolen-Lader-ion-accu-12.6V-5A-768x768.png 768w, https:\/\/outdoorcells.com\/wp-content\/uploads\/2022\/01\/Aanbevolen-Lader-ion-accu-12.6V-5A-247x247.png 247w, https:\/\/outdoorcells.com\/wp-content\/uploads\/2022\/01\/Aanbevolen-Lader-ion-accu-12.6V-5A-510x510.png 510w, https:\/\/outdoorcells.com\/wp-content\/uploads\/2022\/01\/Aanbevolen-Lader-ion-accu-12.6V-5A-100x100.png 100w, https:\/\/outdoorcells.com\/wp-content\/uploads\/2022\/01\/Aanbevolen-Lader-ion-accu-12.6V-5A.png 1100w\" sizes=\"(max-width: 300px) 100vw, 300px\" \/>\t\t\t\t\t<\/div>\n\t\t\t\t<\/div>\n\t\t\t<\/div>\n\t\t\t\t<div class=\"icon-box-text last-reset\">\n\t\t\t<h5 class=\"uppercase\">12.6V 10A Ladegr\u00e4t<\/h5>\t\t\t<h6>CC~CV CHARGER<\/h6>\t\t\t\n\t<div id=\"gap-1258919144\" class=\"gap-element clearfix\" style=\"display:block; height:auto;\">\n\t\t\n<style>\n#gap-1258919144 {\n  padding-top: 20px;\n}\n<\/style>\n\t<\/div>\n\t\n<a href=\"https:\/\/outdoorcells.com\/de\/product\/outdoorbox-kompakt-12v50ah\/?add-to-cart=5401\" class=\"button white is-outline\" style=\"border-radius:10px;\">\n\t\t<span>in korb<\/span>\n\t<i class=\"icon-shopping-basket\" aria-hidden=\"true\"><\/i><\/a>\n\n\t\t<\/div>\n\t<\/div>\n\t\n\t\n\t<div id=\"gap-626521651\" class=\"gap-element clearfix\" style=\"display:block; height:auto;\">\n\t\t\n<style>\n#gap-626521651 {\n  padding-top: 30px;\n}\n<\/style>\n\t<\/div>\n\t\n\t\t<\/div>\n\t\t\t\t\t<\/div>\n\n\t\n\n\t<div id=\"col-9648299\" class=\"col medium-4 small-12 large-4\"  >\n\t\t\t\t<div class=\"col-inner\" style=\"background-color:rgba(0, 0, 0, 0.331);\" >\n\t\t\t\n\t\t\t\n\n\t\t<div class=\"icon-box featured-box icon-box-center text-center is-large\"  >\n\t\t\t\t\t<div class=\"icon-box-img\" style=\"width: 299px\">\n\t\t\t\t<div class=\"icon\">\n\t\t\t\t\t<div class=\"icon-inner\" >\n\t\t\t\t\t\t<img loading=\"lazy\" decoding=\"async\" width=\"300\" height=\"300\" src=\"https:\/\/outdoorcells.com\/wp-content\/uploads\/2023\/10\/weipu-connector-2-polig-300x300.png\" class=\"attachment-medium size-medium\" alt=\"wiep connector 2-polig\" srcset=\"https:\/\/outdoorcells.com\/wp-content\/uploads\/2023\/10\/weipu-connector-2-polig-300x300.png 300w, https:\/\/outdoorcells.com\/wp-content\/uploads\/2023\/10\/weipu-connector-2-polig-150x150.png 150w, https:\/\/outdoorcells.com\/wp-content\/uploads\/2023\/10\/weipu-connector-2-polig-12x12.png 12w, https:\/\/outdoorcells.com\/wp-content\/uploads\/2023\/10\/weipu-connector-2-polig-247x247.png 247w, https:\/\/outdoorcells.com\/wp-content\/uploads\/2023\/10\/weipu-connector-2-polig-510x510.png 510w, https:\/\/outdoorcells.com\/wp-content\/uploads\/2023\/10\/weipu-connector-2-polig-100x100.png 100w, https:\/\/outdoorcells.com\/wp-content\/uploads\/2023\/10\/weipu-connector-2-polig.png 550w\" sizes=\"(max-width: 300px) 100vw, 300px\" \/>\t\t\t\t\t<\/div>\n\t\t\t\t<\/div>\n\t\t\t<\/div>\n\t\t\t\t<div class=\"icon-box-text last-reset\">\n\t\t\t<h5 class=\"uppercase\">Weipu ip68<\/h5>\t\t\t<h6>Echolot<\/h6>\t\t\t\n\t<div id=\"gap-871479916\" class=\"gap-element clearfix\" style=\"display:block; height:auto;\">\n\t\t\n<style>\n#gap-871479916 {\n  padding-top: 20px;\n}\n<\/style>\n\t<\/div>\n\t\n<a href=\"https:\/\/outdoorcells.com\/de\/product\/outdoorbox-kompakt-12v50ah\/?add-to-cart=6384\" class=\"button white is-outline\" style=\"border-radius:10px;\">\n\t\t<span>in korb<\/span>\n\t<i class=\"icon-shopping-basket\" aria-hidden=\"true\"><\/i><\/a>\n\n\t\t<\/div>\n\t<\/div>\n\t\n\t\n\t<div id=\"gap-32780921\" class=\"gap-element clearfix\" style=\"display:block; height:auto;\">\n\t\t\n<style>\n#gap-32780921 {\n  padding-top: 30px;\n}\n<\/style>\n\t<\/div>\n\t\n\t\t<\/div>\n\t\t\t\t\t<\/div>\n\n\t\n\n<style>\n#row-299732548 > .col > .col-inner {\n  background-color: rgba(12, 94, 17, 0.314);\n  border-radius: 23px;\n}\n<\/style>\n<\/div>","protected":false},"excerpt":{"rendered":"<p>kleine lithium accu VEEL POWER! Outdoorbox 3S 12v50ah voor elektrisch varen. Deze draagbare Base Compact OUTDOOR BOX is speciaal voor Belly Boat, Kajak en rubberboten ontwikkeld. Geschikt voor alle fluistermotoren tot 80 LBS! Fraai afgewerkte outdoor box, makkelijk te hanteren en ultra sterkt! De originele PELI Case 1150 biedt maximale zekerheid en bescherming. 3S Lithium [&#8230;]\n","protected":false},"featured_media":6290,"template":"","meta":[],"product_cat":[343],"product_tag":[],"yoast_head":"<!-- This site is optimized with the Yoast SEO plugin v23.3 - https:\/\/yoast.com\/wordpress\/plugins\/seo\/ -->\n<title>Outdoorbox 3S 12v50Ah | Outdoorcells.com<\/title>\n<meta name=\"description\" content=\"Outdoorbox 3S 12v50ah voor fluistermotoren. Lichtgewicht ion accu in waterdichte koffer. Speciaal voor elektrisch varen met fluistermotor\" \/>\n<meta name=\"robots\" content=\"index, follow, max-snippet:-1, max-image-preview:large, max-video-preview:-1\" \/>\n<link rel=\"canonical\" href=\"https:\/\/outdoorcells.com\/de\/product\/outdoorbox-kompakt-12v50ah\/\" \/>\n<meta property=\"og:locale\" content=\"de_DE\" \/>\n<meta property=\"og:type\" content=\"article\" \/>\n<meta property=\"og:title\" content=\"Outdoorbox 3S 12v50Ah | Outdoorcells.com\" \/>\n<meta property=\"og:description\" content=\"Outdoorbox 3S 12v50ah voor fluistermotoren. Lichtgewicht ion accu in waterdichte koffer. Speciaal voor elektrisch varen met fluistermotor\" \/>\n<meta property=\"og:url\" content=\"https:\/\/outdoorcells.com\/de\/product\/outdoorbox-kompakt-12v50ah\/\" \/>\n<meta property=\"article:publisher\" content=\"https:\/\/www.facebook.com\/outdoorcells\" \/>\n<meta property=\"article:modified_time\" content=\"2026-04-03T07:12:03+00:00\" \/>\n<meta property=\"og:image\" content=\"https:\/\/outdoorcells.com\/wp-content\/uploads\/2022\/11\/outdoorbox-lithium-accu-scaled.jpg\" \/>\n\t<meta property=\"og:image:width\" content=\"2560\" \/>\n\t<meta property=\"og:image:height\" content=\"2560\" \/>\n\t<meta property=\"og:image:type\" content=\"image\/jpeg\" \/>\n<meta name=\"twitter:card\" content=\"summary_large_image\" \/>\n<meta name=\"twitter:site\" content=\"@outdoorcells\" \/>\n<meta name=\"twitter:label1\" content=\"Gesch\u00e4tzte Lesezeit\" \/>\n\t<meta name=\"twitter:data1\" content=\"2\u00a0Minuten\" \/>\n<script type=\"application\/ld+json\" class=\"yoast-schema-graph\">{\"@context\":\"https:\/\/schema.org\",\"@graph\":[{\"@type\":\"WebPage\",\"@id\":\"https:\/\/outdoorcells.com\/product\/outdoorbox-compact-12v50ah\/\",\"url\":\"https:\/\/outdoorcells.com\/product\/outdoorbox-compact-12v50ah\/\",\"name\":\"Outdoorbox 3S 12v50Ah | Outdoorcells.com\",\"isPartOf\":{\"@id\":\"https:\/\/outdoorcells.com\/#website\"},\"primaryImageOfPage\":{\"@id\":\"https:\/\/outdoorcells.com\/product\/outdoorbox-compact-12v50ah\/#primaryimage\"},\"image\":{\"@id\":\"https:\/\/outdoorcells.com\/product\/outdoorbox-compact-12v50ah\/#primaryimage\"},\"thumbnailUrl\":\"https:\/\/outdoorcells.com\/wp-content\/uploads\/2022\/11\/outdoorbox-lithium-accu-scaled.jpg\",\"datePublished\":\"2022-01-23T22:23:07+00:00\",\"dateModified\":\"2026-04-03T07:12:03+00:00\",\"description\":\"Outdoorbox 3S 12v50ah voor fluistermotoren. Lichtgewicht ion accu in waterdichte koffer. Speciaal voor elektrisch varen met fluistermotor\",\"breadcrumb\":{\"@id\":\"https:\/\/outdoorcells.com\/product\/outdoorbox-compact-12v50ah\/#breadcrumb\"},\"inLanguage\":\"de\",\"potentialAction\":[{\"@type\":\"ReadAction\",\"target\":[\"https:\/\/outdoorcells.com\/product\/outdoorbox-compact-12v50ah\/\"]}]},{\"@type\":\"ImageObject\",\"inLanguage\":\"de\",\"@id\":\"https:\/\/outdoorcells.com\/product\/outdoorbox-compact-12v50ah\/#primaryimage\",\"url\":\"https:\/\/outdoorcells.com\/wp-content\/uploads\/2022\/11\/outdoorbox-lithium-accu-scaled.jpg\",\"contentUrl\":\"https:\/\/outdoorcells.com\/wp-content\/uploads\/2022\/11\/outdoorbox-lithium-accu-scaled.jpg\",\"width\":2560,\"height\":2560,\"caption\":\"outdoorbox 3s 12v50ah\"},{\"@type\":\"BreadcrumbList\",\"@id\":\"https:\/\/outdoorcells.com\/product\/outdoorbox-compact-12v50ah\/#breadcrumb\",\"itemListElement\":[{\"@type\":\"ListItem\",\"position\":1,\"name\":\"Home\",\"item\":\"https:\/\/outdoorcells.com\/\"},{\"@type\":\"ListItem\",\"position\":2,\"name\":\"shop\",\"item\":\"https:\/\/outdoorcells.com\/lithium-accu-koffer\/\"},{\"@type\":\"ListItem\",\"position\":3,\"name\":\"Outdoorbox 3S 12V 50Ah\"}]},{\"@type\":\"WebSite\",\"@id\":\"https:\/\/outdoorcells.com\/#website\",\"url\":\"https:\/\/outdoorcells.com\/\",\"name\":\"Outdoorcells.com\",\"description\":\"\",\"publisher\":{\"@id\":\"https:\/\/outdoorcells.com\/#organization\"},\"potentialAction\":[{\"@type\":\"SearchAction\",\"target\":{\"@type\":\"EntryPoint\",\"urlTemplate\":\"https:\/\/outdoorcells.com\/?s={search_term_string}\"},\"query-input\":\"required name=search_term_string\"}],\"inLanguage\":\"de\"},{\"@type\":\"Organization\",\"@id\":\"https:\/\/outdoorcells.com\/#organization\",\"name\":\"OutdoorCells\",\"url\":\"https:\/\/outdoorcells.com\/\",\"logo\":{\"@type\":\"ImageObject\",\"inLanguage\":\"de\",\"@id\":\"https:\/\/outdoorcells.com\/#\/schema\/logo\/image\/\",\"url\":\"https:\/\/outdoorcells.com\/wp-content\/uploads\/2023\/05\/cropped-favicon.png\",\"contentUrl\":\"https:\/\/outdoorcells.com\/wp-content\/uploads\/2023\/05\/cropped-favicon.png\",\"width\":512,\"height\":512,\"caption\":\"OutdoorCells\"},\"image\":{\"@id\":\"https:\/\/outdoorcells.com\/#\/schema\/logo\/image\/\"},\"sameAs\":[\"https:\/\/www.facebook.com\/outdoorcells\",\"https:\/\/x.com\/outdoorcells\",\"https:\/\/www.instagram.com\/voerbootaccu\/\",\"https:\/\/www.youtube.com\/channel\/UCUWu_rkM0a3qkngzpf7EkMg?view_as=subscriber\"]}]}<\/script>\n<!-- \/ Yoast SEO plugin. -->","yoast_head_json":{"title":"Outdoorbox 3S 12v50Ah | Outdoorcells.com","description":"Outdoorbox 3S 12v50ah voor fluistermotoren. Lichtgewicht ion accu in waterdichte koffer. Speciaal voor elektrisch varen met fluistermotor","robots":{"index":"index","follow":"follow","max-snippet":"max-snippet:-1","max-image-preview":"max-image-preview:large","max-video-preview":"max-video-preview:-1"},"canonical":"https:\/\/outdoorcells.com\/de\/product\/outdoorbox-kompakt-12v50ah\/","og_locale":"de_DE","og_type":"article","og_title":"Outdoorbox 3S 12v50Ah | Outdoorcells.com","og_description":"Outdoorbox 3S 12v50ah voor fluistermotoren. Lichtgewicht ion accu in waterdichte koffer. Speciaal voor elektrisch varen met fluistermotor","og_url":"https:\/\/outdoorcells.com\/de\/product\/outdoorbox-kompakt-12v50ah\/","article_publisher":"https:\/\/www.facebook.com\/outdoorcells","article_modified_time":"2026-04-03T07:12:03+00:00","og_image":[{"width":2560,"height":2560,"url":"https:\/\/outdoorcells.com\/wp-content\/uploads\/2022\/11\/outdoorbox-lithium-accu-scaled.jpg","type":"image\/jpeg"}],"twitter_card":"summary_large_image","twitter_site":"@outdoorcells","twitter_misc":{"Gesch\u00e4tzte Lesezeit":"2\u00a0Minuten"},"schema":{"@context":"https:\/\/schema.org","@graph":[{"@type":"WebPage","@id":"https:\/\/outdoorcells.com\/product\/outdoorbox-compact-12v50ah\/","url":"https:\/\/outdoorcells.com\/product\/outdoorbox-compact-12v50ah\/","name":"Outdoorbox 3S 12v50Ah | Outdoorcells.com","isPartOf":{"@id":"https:\/\/outdoorcells.com\/#website"},"primaryImageOfPage":{"@id":"https:\/\/outdoorcells.com\/product\/outdoorbox-compact-12v50ah\/#primaryimage"},"image":{"@id":"https:\/\/outdoorcells.com\/product\/outdoorbox-compact-12v50ah\/#primaryimage"},"thumbnailUrl":"https:\/\/outdoorcells.com\/wp-content\/uploads\/2022\/11\/outdoorbox-lithium-accu-scaled.jpg","datePublished":"2022-01-23T22:23:07+00:00","dateModified":"2026-04-03T07:12:03+00:00","description":"Outdoorbox 3S 12v50ah voor fluistermotoren. Lichtgewicht ion accu in waterdichte koffer. Speciaal voor elektrisch varen met fluistermotor","breadcrumb":{"@id":"https:\/\/outdoorcells.com\/product\/outdoorbox-compact-12v50ah\/#breadcrumb"},"inLanguage":"de","potentialAction":[{"@type":"ReadAction","target":["https:\/\/outdoorcells.com\/product\/outdoorbox-compact-12v50ah\/"]}]},{"@type":"ImageObject","inLanguage":"de","@id":"https:\/\/outdoorcells.com\/product\/outdoorbox-compact-12v50ah\/#primaryimage","url":"https:\/\/outdoorcells.com\/wp-content\/uploads\/2022\/11\/outdoorbox-lithium-accu-scaled.jpg","contentUrl":"https:\/\/outdoorcells.com\/wp-content\/uploads\/2022\/11\/outdoorbox-lithium-accu-scaled.jpg","width":2560,"height":2560,"caption":"outdoorbox 3s 12v50ah"},{"@type":"BreadcrumbList","@id":"https:\/\/outdoorcells.com\/product\/outdoorbox-compact-12v50ah\/#breadcrumb","itemListElement":[{"@type":"ListItem","position":1,"name":"Home","item":"https:\/\/outdoorcells.com\/"},{"@type":"ListItem","position":2,"name":"shop","item":"https:\/\/outdoorcells.com\/lithium-accu-koffer\/"},{"@type":"ListItem","position":3,"name":"Outdoorbox 3S 12V 50Ah"}]},{"@type":"WebSite","@id":"https:\/\/outdoorcells.com\/#website","url":"https:\/\/outdoorcells.com\/","name":"Outdoorcells.com","description":"","publisher":{"@id":"https:\/\/outdoorcells.com\/#organization"},"potentialAction":[{"@type":"SearchAction","target":{"@type":"EntryPoint","urlTemplate":"https:\/\/outdoorcells.com\/?s={search_term_string}"},"query-input":"required name=search_term_string"}],"inLanguage":"de"},{"@type":"Organization","@id":"https:\/\/outdoorcells.com\/#organization","name":"OutdoorCells","url":"https:\/\/outdoorcells.com\/","logo":{"@type":"ImageObject","inLanguage":"de","@id":"https:\/\/outdoorcells.com\/#\/schema\/logo\/image\/","url":"https:\/\/outdoorcells.com\/wp-content\/uploads\/2023\/05\/cropped-favicon.png","contentUrl":"https:\/\/outdoorcells.com\/wp-content\/uploads\/2023\/05\/cropped-favicon.png","width":512,"height":512,"caption":"OutdoorCells"},"image":{"@id":"https:\/\/outdoorcells.com\/#\/schema\/logo\/image\/"},"sameAs":["https:\/\/www.facebook.com\/outdoorcells","https:\/\/x.com\/outdoorcells","https:\/\/www.instagram.com\/voerbootaccu\/","https:\/\/www.youtube.com\/channel\/UCUWu_rkM0a3qkngzpf7EkMg?view_as=subscriber"]}]}},"_links":{"self":[{"href":"https:\/\/outdoorcells.com\/de\/wp-json\/wp\/v2\/product\/5382"}],"collection":[{"href":"https:\/\/outdoorcells.com\/de\/wp-json\/wp\/v2\/product"}],"about":[{"href":"https:\/\/outdoorcells.com\/de\/wp-json\/wp\/v2\/types\/product"}],"wp:featuredmedia":[{"embeddable":true,"href":"https:\/\/outdoorcells.com\/de\/wp-json\/wp\/v2\/media\/6290"}],"wp:attachment":[{"href":"https:\/\/outdoorcells.com\/de\/wp-json\/wp\/v2\/media?parent=5382"}],"wp:term":[{"taxonomy":"product_cat","embeddable":true,"href":"https:\/\/outdoorcells.com\/de\/wp-json\/wp\/v2\/product_cat?post=5382"},{"taxonomy":"product_tag","embeddable":true,"href":"https:\/\/outdoorcells.com\/de\/wp-json\/wp\/v2\/product_tag?post=5382"}],"curies":[{"name":"wp","href":"https:\/\/api.w.org\/{rel}","templated":true}]}}