{"id":5376,"date":"2022-01-23T14:56:02","date_gmt":"2022-01-23T13:56:02","guid":{"rendered":"https:\/\/voerbootaccu.nl\/?post_type=product&#038;p=5376"},"modified":"2025-06-11T11:49:39","modified_gmt":"2025-06-11T09:49:39","slug":"usb-c-lader-voor-outdoorbox","status":"publish","type":"product","link":"https:\/\/outdoorcells.com\/de\/product\/usb-c-lader-voor-outdoorbox\/","title":{"rendered":"USB-C LADEGER\u00c4T F\u00dcR OUTDOORBOX"},"content":{"rendered":"<p>Leistungsstarkes Outdoor-Box-USB-C-Ladeger\u00e4t f\u00fcr den Karpfenangler. Auch ideal f\u00fcr Welsangler und Raubfischangler! Geeignet f\u00fcr alle Outdoorboxen mit blauem Stecker. Um die Wasserdichtigkeit der OUTDOORBOX zu gew\u00e4hrleisten, gibt es au\u00dfer dem Anschluss f\u00fcr Ihren Elektromotor keine weiteren Anschl\u00fcsse. Dieses USB-Ladeger\u00e4t bietet dennoch die M\u00f6glichkeit, z.B. Ihr Handy, Tablet und\/oder Laptop aufzuladen. Das USB-Ladeger\u00e4t ist mit einem Blue Anderson SB50-Stecker ausgestattet, den Sie einfach an den SB50-Anschluss Ihrer OUTDOORBOX anschlie\u00dfen. Ideal f\u00fcr stromhungrige Karpfen- und Welsangler, die lange Sessions machen. Laden Sie nicht nur Ihr Bivvy und Ihre Stirnlampen, sondern auch alle anderen USB-aufladbaren Ger\u00e4te mit diesem leistungsstarken Outdoorbox USB-C-Ladeger\u00e4t auf.<\/p>\n<ul>\n<li>Laden Sie zwei mobile Ger\u00e4te unterwegs auf (1X USB - 1X USB-C)<\/li>\n<li>Hergestellt aus korrosionsbest\u00e4ndigen Materialien, die einen festen Kontakt und einen geringen Spannungsabfall gew\u00e4hrleisten<\/li>\n<li>Kompatibel mit den meisten mobilen Ger\u00e4ten, einschlie\u00dflich Apple\u00ae-Produkten<\/li>\n<li>Staubschutzh\u00fclle mit Kabel verhindert, dass Staub und Feuchtigkeit die Lebensdauer des Ladeger\u00e4ts verk\u00fcrzen<\/li>\n<li>Verzinkte und versiegelte Platine, die auch den extremsten Au\u00dfenbedingungen standh\u00e4lt<\/li>\n<li>Leistungsstarkes USB-Ladeger\u00e4t f\u00fcr Karpfenangler im Freien<\/li>\n<\/ul>\n<p>Wenn Sie das USB-Ladeger\u00e4t nicht benutzen, k\u00f6nnen Sie es sicher und trocken in einer Seitentasche Ihrer Tasche verstauen. Der Vorteil ist, dass Sie w\u00e4hrend Ihrer Angelsession keine separate Powerbank mitnehmen m\u00fcssen.<\/p>\n<p class=\"uppercase\"><span style=\"font-size: 100%;\"><strong>Kompatibel mit:<\/strong><\/span><\/p>\n<ul>\n<li><a href=\"https:\/\/outdoorcells.com\/de\/produkt-kategorie\/elektrisch-varen-lithium-accu-outdoorbox\/\">OUTDOORCELLS BASE COMPACT<\/a><\/li>\n<li><a href=\"https:\/\/outdoorcells.com\/de\/produkt-kategorie\/elektrisch-varen-lithium-accu-outdoorbox\/\">OUTDOORCELLS PRO BOX<\/a><\/li>\n<\/ul>","protected":false},"excerpt":{"rendered":"<p>Krachtige outdoorbox usb-c lader voor de karpervisser. Ook ideaal voor meerval visser en roofvissers! Geschikt voor alle Outdoorboxen met Blauwe Stekker. Om de waterdichtheid van de OUTDOORBOX te garanderen zijn er naast de connector voor uw elektromotor geen andere aansluitingen aanwezig. Deze USB Lader biedt toch de mogelijkheid om bijvoorbeeld uw telefoons, tablets en\/of Laptop [&#8230;]\n","protected":false},"featured_media":5873,"template":"","meta":[],"product_cat":[144],"product_tag":[],"yoast_head":"<!-- This site is optimized with the Yoast SEO plugin v23.3 - https:\/\/yoast.com\/wordpress\/plugins\/seo\/ -->\n<title>USB-C Lader Outdoorbox | Outdoorcells.com<\/title>\n<meta name=\"description\" content=\"Krachtige Outdoorbox USB-C Lader. Makkelijk mee te nemen in Karper Tas. Waterdichte snellader voor telefoons tablets en laptops\" \/>\n<meta name=\"robots\" content=\"index, follow, max-snippet:-1, max-image-preview:large, max-video-preview:-1\" \/>\n<link rel=\"canonical\" href=\"https:\/\/outdoorcells.com\/de\/product\/usb-c-lader-voor-outdoorbox\/\" \/>\n<meta property=\"og:locale\" content=\"de_DE\" \/>\n<meta property=\"og:type\" content=\"article\" \/>\n<meta property=\"og:title\" content=\"USB-C Lader Outdoorbox | Outdoorcells.com\" \/>\n<meta property=\"og:description\" content=\"Krachtige Outdoorbox USB-C Lader. Makkelijk mee te nemen in Karper Tas. Waterdichte snellader voor telefoons tablets en laptops\" \/>\n<meta property=\"og:url\" content=\"https:\/\/outdoorcells.com\/de\/product\/usb-c-lader-voor-outdoorbox\/\" \/>\n<meta property=\"article:publisher\" content=\"https:\/\/www.facebook.com\/outdoorcells\" \/>\n<meta property=\"article:modified_time\" content=\"2025-06-11T09:49:39+00:00\" \/>\n<meta property=\"og:image\" content=\"https:\/\/outdoorcells.com\/wp-content\/uploads\/2022\/01\/USB-C-Lader-OUTDOORBOX.jpg\" \/>\n\t<meta property=\"og:image:width\" content=\"2200\" \/>\n\t<meta property=\"og:image:height\" content=\"2200\" \/>\n\t<meta property=\"og:image:type\" content=\"image\/jpeg\" \/>\n<meta name=\"twitter:card\" content=\"summary_large_image\" \/>\n<meta name=\"twitter:site\" content=\"@outdoorcells\" \/>\n<meta name=\"twitter:label1\" content=\"Gesch\u00e4tzte Lesezeit\" \/>\n\t<meta name=\"twitter:data1\" content=\"2\u00a0Minuten\" \/>\n<script type=\"application\/ld+json\" class=\"yoast-schema-graph\">{\"@context\":\"https:\/\/schema.org\",\"@graph\":[{\"@type\":\"WebPage\",\"@id\":\"https:\/\/outdoorcells.com\/product\/usb-c-lader-voor-outdoorbox\/\",\"url\":\"https:\/\/outdoorcells.com\/product\/usb-c-lader-voor-outdoorbox\/\",\"name\":\"USB-C Lader Outdoorbox | Outdoorcells.com\",\"isPartOf\":{\"@id\":\"https:\/\/outdoorcells.com\/#website\"},\"primaryImageOfPage\":{\"@id\":\"https:\/\/outdoorcells.com\/product\/usb-c-lader-voor-outdoorbox\/#primaryimage\"},\"image\":{\"@id\":\"https:\/\/outdoorcells.com\/product\/usb-c-lader-voor-outdoorbox\/#primaryimage\"},\"thumbnailUrl\":\"https:\/\/outdoorcells.com\/wp-content\/uploads\/2022\/01\/USB-C-Lader-OUTDOORBOX.jpg\",\"datePublished\":\"2022-01-23T13:56:02+00:00\",\"dateModified\":\"2025-06-11T09:49:39+00:00\",\"description\":\"Krachtige Outdoorbox USB-C Lader. Makkelijk mee te nemen in Karper Tas. Waterdichte snellader voor telefoons tablets en laptops\",\"breadcrumb\":{\"@id\":\"https:\/\/outdoorcells.com\/product\/usb-c-lader-voor-outdoorbox\/#breadcrumb\"},\"inLanguage\":\"de\",\"potentialAction\":[{\"@type\":\"ReadAction\",\"target\":[\"https:\/\/outdoorcells.com\/product\/usb-c-lader-voor-outdoorbox\/\"]}]},{\"@type\":\"ImageObject\",\"inLanguage\":\"de\",\"@id\":\"https:\/\/outdoorcells.com\/product\/usb-c-lader-voor-outdoorbox\/#primaryimage\",\"url\":\"https:\/\/outdoorcells.com\/wp-content\/uploads\/2022\/01\/USB-C-Lader-OUTDOORBOX.jpg\",\"contentUrl\":\"https:\/\/outdoorcells.com\/wp-content\/uploads\/2022\/01\/USB-C-Lader-OUTDOORBOX.jpg\",\"width\":2200,\"height\":2200,\"caption\":\"usb c lader outdoorbox\"},{\"@type\":\"BreadcrumbList\",\"@id\":\"https:\/\/outdoorcells.com\/product\/usb-c-lader-voor-outdoorbox\/#breadcrumb\",\"itemListElement\":[{\"@type\":\"ListItem\",\"position\":1,\"name\":\"Home\",\"item\":\"https:\/\/outdoorcells.com\/\"},{\"@type\":\"ListItem\",\"position\":2,\"name\":\"shop\",\"item\":\"https:\/\/outdoorcells.com\/lithium-accu-koffer\/\"},{\"@type\":\"ListItem\",\"position\":3,\"name\":\"USB-C LADER VOOR OUTDOORBOX\"}]},{\"@type\":\"WebSite\",\"@id\":\"https:\/\/outdoorcells.com\/#website\",\"url\":\"https:\/\/outdoorcells.com\/\",\"name\":\"Outdoorcells.com\",\"description\":\"\",\"publisher\":{\"@id\":\"https:\/\/outdoorcells.com\/#organization\"},\"potentialAction\":[{\"@type\":\"SearchAction\",\"target\":{\"@type\":\"EntryPoint\",\"urlTemplate\":\"https:\/\/outdoorcells.com\/?s={search_term_string}\"},\"query-input\":\"required name=search_term_string\"}],\"inLanguage\":\"de\"},{\"@type\":\"Organization\",\"@id\":\"https:\/\/outdoorcells.com\/#organization\",\"name\":\"OutdoorCells\",\"url\":\"https:\/\/outdoorcells.com\/\",\"logo\":{\"@type\":\"ImageObject\",\"inLanguage\":\"de\",\"@id\":\"https:\/\/outdoorcells.com\/#\/schema\/logo\/image\/\",\"url\":\"https:\/\/outdoorcells.com\/wp-content\/uploads\/2023\/05\/cropped-favicon.png\",\"contentUrl\":\"https:\/\/outdoorcells.com\/wp-content\/uploads\/2023\/05\/cropped-favicon.png\",\"width\":512,\"height\":512,\"caption\":\"OutdoorCells\"},\"image\":{\"@id\":\"https:\/\/outdoorcells.com\/#\/schema\/logo\/image\/\"},\"sameAs\":[\"https:\/\/www.facebook.com\/outdoorcells\",\"https:\/\/x.com\/outdoorcells\",\"https:\/\/www.instagram.com\/voerbootaccu\/\",\"https:\/\/www.youtube.com\/channel\/UCUWu_rkM0a3qkngzpf7EkMg?view_as=subscriber\"]}]}<\/script>\n<!-- \/ Yoast SEO plugin. -->","yoast_head_json":{"title":"USB-C-Ladeger\u00e4t Outdoorbox | Outdoorcells.com","description":"Leistungsstarkes Outdoorbox USB-C-Ladeger\u00e4t. Einfach in der Tragetasche zu tragen. Wasserdichtes Schnellladeger\u00e4t f\u00fcr Handy, Tablets und Laptops","robots":{"index":"index","follow":"follow","max-snippet":"max-snippet:-1","max-image-preview":"max-image-preview:large","max-video-preview":"max-video-preview:-1"},"canonical":"https:\/\/outdoorcells.com\/de\/product\/usb-c-lader-voor-outdoorbox\/","og_locale":"de_DE","og_type":"article","og_title":"USB-C Lader Outdoorbox | Outdoorcells.com","og_description":"Krachtige Outdoorbox USB-C Lader. Makkelijk mee te nemen in Karper Tas. Waterdichte snellader voor telefoons tablets en laptops","og_url":"https:\/\/outdoorcells.com\/de\/product\/usb-c-lader-voor-outdoorbox\/","article_publisher":"https:\/\/www.facebook.com\/outdoorcells","article_modified_time":"2025-06-11T09:49:39+00:00","og_image":[{"width":2200,"height":2200,"url":"https:\/\/outdoorcells.com\/wp-content\/uploads\/2022\/01\/USB-C-Lader-OUTDOORBOX.jpg","type":"image\/jpeg"}],"twitter_card":"summary_large_image","twitter_site":"@outdoorcells","twitter_misc":{"Gesch\u00e4tzte Lesezeit":"2\u00a0Minuten"},"schema":{"@context":"https:\/\/schema.org","@graph":[{"@type":"WebPage","@id":"https:\/\/outdoorcells.com\/product\/usb-c-lader-voor-outdoorbox\/","url":"https:\/\/outdoorcells.com\/product\/usb-c-lader-voor-outdoorbox\/","name":"USB-C-Ladeger\u00e4t Outdoorbox | Outdoorcells.com","isPartOf":{"@id":"https:\/\/outdoorcells.com\/#website"},"primaryImageOfPage":{"@id":"https:\/\/outdoorcells.com\/product\/usb-c-lader-voor-outdoorbox\/#primaryimage"},"image":{"@id":"https:\/\/outdoorcells.com\/product\/usb-c-lader-voor-outdoorbox\/#primaryimage"},"thumbnailUrl":"https:\/\/outdoorcells.com\/wp-content\/uploads\/2022\/01\/USB-C-Lader-OUTDOORBOX.jpg","datePublished":"2022-01-23T13:56:02+00:00","dateModified":"2025-06-11T09:49:39+00:00","description":"Leistungsstarkes Outdoorbox USB-C-Ladeger\u00e4t. Einfach in der Tragetasche zu tragen. Wasserdichtes Schnellladeger\u00e4t f\u00fcr Handy, Tablets und Laptops","breadcrumb":{"@id":"https:\/\/outdoorcells.com\/product\/usb-c-lader-voor-outdoorbox\/#breadcrumb"},"inLanguage":"de","potentialAction":[{"@type":"ReadAction","target":["https:\/\/outdoorcells.com\/product\/usb-c-lader-voor-outdoorbox\/"]}]},{"@type":"ImageObject","inLanguage":"de","@id":"https:\/\/outdoorcells.com\/product\/usb-c-lader-voor-outdoorbox\/#primaryimage","url":"https:\/\/outdoorcells.com\/wp-content\/uploads\/2022\/01\/USB-C-Lader-OUTDOORBOX.jpg","contentUrl":"https:\/\/outdoorcells.com\/wp-content\/uploads\/2022\/01\/USB-C-Lader-OUTDOORBOX.jpg","width":2200,"height":2200,"caption":"usb c lader outdoorbox"},{"@type":"BreadcrumbList","@id":"https:\/\/outdoorcells.com\/product\/usb-c-lader-voor-outdoorbox\/#breadcrumb","itemListElement":[{"@type":"ListItem","position":1,"name":"Home","item":"https:\/\/outdoorcells.com\/"},{"@type":"ListItem","position":2,"name":"shop","item":"https:\/\/outdoorcells.com\/lithium-accu-koffer\/"},{"@type":"ListItem","position":3,"name":"USB-C LADER VOOR OUTDOORBOX"}]},{"@type":"WebSite","@id":"https:\/\/outdoorcells.com\/#website","url":"https:\/\/outdoorcells.com\/","name":"Outdoorcells.com","description":"","publisher":{"@id":"https:\/\/outdoorcells.com\/#organization"},"potentialAction":[{"@type":"SearchAction","target":{"@type":"EntryPoint","urlTemplate":"https:\/\/outdoorcells.com\/?s={search_term_string}"},"query-input":"required name=search_term_string"}],"inLanguage":"de"},{"@type":"Organization","@id":"https:\/\/outdoorcells.com\/#organization","name":"OutdoorCells","url":"https:\/\/outdoorcells.com\/","logo":{"@type":"ImageObject","inLanguage":"de","@id":"https:\/\/outdoorcells.com\/#\/schema\/logo\/image\/","url":"https:\/\/outdoorcells.com\/wp-content\/uploads\/2023\/05\/cropped-favicon.png","contentUrl":"https:\/\/outdoorcells.com\/wp-content\/uploads\/2023\/05\/cropped-favicon.png","width":512,"height":512,"caption":"OutdoorCells"},"image":{"@id":"https:\/\/outdoorcells.com\/#\/schema\/logo\/image\/"},"sameAs":["https:\/\/www.facebook.com\/outdoorcells","https:\/\/x.com\/outdoorcells","https:\/\/www.instagram.com\/voerbootaccu\/","https:\/\/www.youtube.com\/channel\/UCUWu_rkM0a3qkngzpf7EkMg?view_as=subscriber"]}]}},"_links":{"self":[{"href":"https:\/\/outdoorcells.com\/de\/wp-json\/wp\/v2\/product\/5376"}],"collection":[{"href":"https:\/\/outdoorcells.com\/de\/wp-json\/wp\/v2\/product"}],"about":[{"href":"https:\/\/outdoorcells.com\/de\/wp-json\/wp\/v2\/types\/product"}],"wp:featuredmedia":[{"embeddable":true,"href":"https:\/\/outdoorcells.com\/de\/wp-json\/wp\/v2\/media\/5873"}],"wp:attachment":[{"href":"https:\/\/outdoorcells.com\/de\/wp-json\/wp\/v2\/media?parent=5376"}],"wp:term":[{"taxonomy":"product_cat","embeddable":true,"href":"https:\/\/outdoorcells.com\/de\/wp-json\/wp\/v2\/product_cat?post=5376"},{"taxonomy":"product_tag","embeddable":true,"href":"https:\/\/outdoorcells.com\/de\/wp-json\/wp\/v2\/product_tag?post=5376"}],"curies":[{"name":"wp","href":"https:\/\/api.w.org\/{rel}","templated":true}]}}