{"id":5374,"date":"2022-01-23T14:51:04","date_gmt":"2022-01-23T13:51:04","guid":{"rendered":"https:\/\/voerbootaccu.nl\/?post_type=product&#038;p=5374"},"modified":"2026-04-03T09:19:20","modified_gmt":"2026-04-03T07:19:20","slug":"lader-outdoorbox-12-6v-5a-sb50-blauw","status":"publish","type":"product","link":"https:\/\/outdoorcells.com\/de\/product\/lader-outdoorbox-12-6v-5a-sb50-blauw\/","title":{"rendered":"LADEGER\u00c4T OUTDOORBOX 12.6V 5A SB50 BLAU"},"content":{"rendered":"<h2 class=\"uppercase\">LADEGER\u00c4T LITHIUM 5A<\/h2>\n<p>Ladeger\u00e4t Outdoor-Box 5A f\u00fcr 3S Lithium-Ionen-Akkus. Maximale Ladespannung CC~CV 12.6V. Geeignet f\u00fcr Outdoorbox Portable und Smart 35AH. Ausgestattet mit blauem SB50 Anderson-Stecker. Bel\u00fcftetes Design f\u00fcr optimalen und k\u00fchlen Betrieb. F\u00fcr Outdoorbox Portable und Smart mit 50 bis 70Ah, empfehlen wir das Ladeger\u00e4t mit 10A. Sie finden sie <span style=\"color: #00ff00;\"><strong><a style=\"color: #00ff00;\" href=\"https:\/\/outdoorcells.com\/de\/product\/lader-outdoorbox-12-6v-10a\/\">HIER<\/a>.<\/strong><\/span><\/p>\n<ul>\n<li>CE-zertifiziert<\/li>\n<li>RoHS-zertifiziert<\/li>\n<li>AC~DC Ladeger\u00e4t 3S 12.6 Volt li-ion<\/li>\n<\/ul>\n<h3 class=\"uppercase\">WARUM BRAUCHE ICH EIN SPEZIELLES LITHIUM-LADEGER\u00c4T?<\/h3>\n<p>Ein Lithium-Ladeger\u00e4t sorgt daf\u00fcr, dass Ihre Batterie vollst\u00e4ndig und pr\u00e4zise geladen wird. Zugleich sch\u00fctzt das Ladeger\u00e4t vor \u00dcberladung. Da ein Lithium-Batterieladeger\u00e4t \u00fcber eine kontinuierliche Spannung und einen kontinuierlichen Strom verf\u00fcgt, werden die Lithiumzellen besser ausbalanciert und Ihre Batterie h\u00e4lt um ein Vielfaches l\u00e4nger. Ein Lithium-Ladeger\u00e4t startet und stoppt den Ladevorgang vollautomatisch. Wenn die Batterie voll ist, schaltet sich das Ladeger\u00e4t ab. Mit diesem Lithium-Ladeger\u00e4t k\u00f6nnen Sie Ihre Lithium-Batterie immer nachladen, auch wenn sie noch nicht leer ist.<\/p>\n<h3 class=\"uppercase\">LADEGER\u00c4T OUTDOORBOX 5A<\/h3>\n<p>Dieses Lithium-Ladeger\u00e4t hat einen blauen SB50-Anderson-Stecker, genau wie unsere Outdoorbox Smart und Portable mit 12Volt. Es m\u00fcssen also keine Stecker montiert werden, da das Ladeger\u00e4t voll Plug&amp;Play ist! Die originalen Anderson-Stecker am Ladeger\u00e4t und an der Outdoorbox sind au\u00dferdem leistungsf\u00e4higer als nachgemachte Stecker und halten um ein Vielfaches l\u00e4nger! Geeignet f\u00fcr Outdoorbox mit blauem Stecker (empfohlen f\u00fcr 35Ah und max 50Ah Outdoorbox)<\/p>","protected":false},"excerpt":{"rendered":"<p>LADER LITHIUM 5A Lader outdoorbox 5A voor 3S Lithium-ion accu\u2019s. Maximale laadspanning CC~CV 12.6V. Geschikt voor Outdoorbox Portable en Smart 35AH. Uitgerust met Blauwe SB50 Anderson Stekker. Geventileerd ontwerp voor optimale en koele werking. Voor Outdoorbox Portable en Smart met 50 tot 70Ah adviseren wij de oplader met 10A. Deze vindt u HIER. CE Gecertificeerd [&#8230;]\n","protected":false},"featured_media":5375,"template":"","meta":[],"product_cat":[217],"product_tag":[],"yoast_head":"<!-- This site is optimized with the Yoast SEO plugin v23.3 - https:\/\/yoast.com\/wordpress\/plugins\/seo\/ -->\n<title>Lader Outdoorbox 5A | Outdoorcells.com<\/title>\n<meta name=\"description\" content=\"Lader outdoorbox 5A. Veilig en snel uw outdoorbox Mini Case opladen met deze 12.6 Volt Lithium Lader. Uitgerust met blauwe Anderson Stekker\" \/>\n<meta name=\"robots\" content=\"index, follow, max-snippet:-1, max-image-preview:large, max-video-preview:-1\" \/>\n<link rel=\"canonical\" href=\"https:\/\/outdoorcells.com\/de\/product\/lader-outdoorbox-12-6v-5a-sb50-blauw\/\" \/>\n<meta property=\"og:locale\" content=\"de_DE\" \/>\n<meta property=\"og:type\" content=\"article\" \/>\n<meta property=\"og:title\" content=\"Lader Outdoorbox 5A | Outdoorcells.com\" \/>\n<meta property=\"og:description\" content=\"Lader outdoorbox 5A. Veilig en snel uw outdoorbox Mini Case opladen met deze 12.6 Volt Lithium Lader. Uitgerust met blauwe Anderson Stekker\" \/>\n<meta property=\"og:url\" content=\"https:\/\/outdoorcells.com\/de\/product\/lader-outdoorbox-12-6v-5a-sb50-blauw\/\" \/>\n<meta property=\"article:publisher\" content=\"https:\/\/www.facebook.com\/outdoorcells\" \/>\n<meta property=\"article:modified_time\" content=\"2026-04-03T07:19:20+00:00\" \/>\n<meta property=\"og:image\" content=\"https:\/\/outdoorcells.com\/wp-content\/uploads\/2022\/01\/Lithium-ion-lader-cc-cv-126V-5A-Connector-Blauw-SB50.jpg\" \/>\n\t<meta property=\"og:image:width\" content=\"1100\" \/>\n\t<meta property=\"og:image:height\" content=\"1100\" \/>\n\t<meta property=\"og:image:type\" content=\"image\/jpeg\" \/>\n<meta name=\"twitter:card\" content=\"summary_large_image\" \/>\n<meta name=\"twitter:site\" content=\"@outdoorcells\" \/>\n<meta name=\"twitter:label1\" content=\"Gesch\u00e4tzte Lesezeit\" \/>\n\t<meta name=\"twitter:data1\" content=\"1\u00a0Minute\" \/>\n<script type=\"application\/ld+json\" class=\"yoast-schema-graph\">{\"@context\":\"https:\/\/schema.org\",\"@graph\":[{\"@type\":\"WebPage\",\"@id\":\"https:\/\/outdoorcells.com\/product\/lader-outdoorbox-12-6v-5a-sb50-blauw\/\",\"url\":\"https:\/\/outdoorcells.com\/product\/lader-outdoorbox-12-6v-5a-sb50-blauw\/\",\"name\":\"Lader Outdoorbox 5A | Outdoorcells.com\",\"isPartOf\":{\"@id\":\"https:\/\/outdoorcells.com\/#website\"},\"primaryImageOfPage\":{\"@id\":\"https:\/\/outdoorcells.com\/product\/lader-outdoorbox-12-6v-5a-sb50-blauw\/#primaryimage\"},\"image\":{\"@id\":\"https:\/\/outdoorcells.com\/product\/lader-outdoorbox-12-6v-5a-sb50-blauw\/#primaryimage\"},\"thumbnailUrl\":\"https:\/\/outdoorcells.com\/wp-content\/uploads\/2022\/01\/Lithium-ion-lader-cc-cv-126V-5A-Connector-Blauw-SB50.jpg\",\"datePublished\":\"2022-01-23T13:51:04+00:00\",\"dateModified\":\"2026-04-03T07:19:20+00:00\",\"description\":\"Lader outdoorbox 5A. Veilig en snel uw outdoorbox Mini Case opladen met deze 12.6 Volt Lithium Lader. Uitgerust met blauwe Anderson Stekker\",\"breadcrumb\":{\"@id\":\"https:\/\/outdoorcells.com\/product\/lader-outdoorbox-12-6v-5a-sb50-blauw\/#breadcrumb\"},\"inLanguage\":\"de\",\"potentialAction\":[{\"@type\":\"ReadAction\",\"target\":[\"https:\/\/outdoorcells.com\/product\/lader-outdoorbox-12-6v-5a-sb50-blauw\/\"]}]},{\"@type\":\"ImageObject\",\"inLanguage\":\"de\",\"@id\":\"https:\/\/outdoorcells.com\/product\/lader-outdoorbox-12-6v-5a-sb50-blauw\/#primaryimage\",\"url\":\"https:\/\/outdoorcells.com\/wp-content\/uploads\/2022\/01\/Lithium-ion-lader-cc-cv-126V-5A-Connector-Blauw-SB50.jpg\",\"contentUrl\":\"https:\/\/outdoorcells.com\/wp-content\/uploads\/2022\/01\/Lithium-ion-lader-cc-cv-126V-5A-Connector-Blauw-SB50.jpg\",\"width\":1100,\"height\":1100,\"caption\":\"lader outdoorbox\"},{\"@type\":\"BreadcrumbList\",\"@id\":\"https:\/\/outdoorcells.com\/product\/lader-outdoorbox-12-6v-5a-sb50-blauw\/#breadcrumb\",\"itemListElement\":[{\"@type\":\"ListItem\",\"position\":1,\"name\":\"Home\",\"item\":\"https:\/\/outdoorcells.com\/\"},{\"@type\":\"ListItem\",\"position\":2,\"name\":\"shop\",\"item\":\"https:\/\/outdoorcells.com\/lithium-accu-koffer\/\"},{\"@type\":\"ListItem\",\"position\":3,\"name\":\"LADER OUTDOORBOX 12.6V 5A SB50 BLAUW\"}]},{\"@type\":\"WebSite\",\"@id\":\"https:\/\/outdoorcells.com\/#website\",\"url\":\"https:\/\/outdoorcells.com\/\",\"name\":\"Outdoorcells.com\",\"description\":\"\",\"publisher\":{\"@id\":\"https:\/\/outdoorcells.com\/#organization\"},\"potentialAction\":[{\"@type\":\"SearchAction\",\"target\":{\"@type\":\"EntryPoint\",\"urlTemplate\":\"https:\/\/outdoorcells.com\/?s={search_term_string}\"},\"query-input\":\"required name=search_term_string\"}],\"inLanguage\":\"de\"},{\"@type\":\"Organization\",\"@id\":\"https:\/\/outdoorcells.com\/#organization\",\"name\":\"OutdoorCells\",\"url\":\"https:\/\/outdoorcells.com\/\",\"logo\":{\"@type\":\"ImageObject\",\"inLanguage\":\"de\",\"@id\":\"https:\/\/outdoorcells.com\/#\/schema\/logo\/image\/\",\"url\":\"https:\/\/outdoorcells.com\/wp-content\/uploads\/2023\/05\/cropped-favicon.png\",\"contentUrl\":\"https:\/\/outdoorcells.com\/wp-content\/uploads\/2023\/05\/cropped-favicon.png\",\"width\":512,\"height\":512,\"caption\":\"OutdoorCells\"},\"image\":{\"@id\":\"https:\/\/outdoorcells.com\/#\/schema\/logo\/image\/\"},\"sameAs\":[\"https:\/\/www.facebook.com\/outdoorcells\",\"https:\/\/x.com\/outdoorcells\",\"https:\/\/www.instagram.com\/voerbootaccu\/\",\"https:\/\/www.youtube.com\/channel\/UCUWu_rkM0a3qkngzpf7EkMg?view_as=subscriber\"]}]}<\/script>\n<!-- \/ Yoast SEO plugin. -->","yoast_head_json":{"title":"Ladeger\u00e4t Outdoorbox 5A | Outdoorcells.com","description":"Outdoor Box 5A Ladeger\u00e4t. Laden Sie Ihr outdoorbox Mini Case sicher und schnell mit diesem 12,6 Volt Lithium-Ladeger\u00e4t. Ausgestattet mit blauem Anderson-Stecker","robots":{"index":"index","follow":"follow","max-snippet":"max-snippet:-1","max-image-preview":"max-image-preview:large","max-video-preview":"max-video-preview:-1"},"canonical":"https:\/\/outdoorcells.com\/de\/product\/lader-outdoorbox-12-6v-5a-sb50-blauw\/","og_locale":"de_DE","og_type":"article","og_title":"Lader Outdoorbox 5A | Outdoorcells.com","og_description":"Lader outdoorbox 5A. Veilig en snel uw outdoorbox Mini Case opladen met deze 12.6 Volt Lithium Lader. Uitgerust met blauwe Anderson Stekker","og_url":"https:\/\/outdoorcells.com\/de\/product\/lader-outdoorbox-12-6v-5a-sb50-blauw\/","article_publisher":"https:\/\/www.facebook.com\/outdoorcells","article_modified_time":"2026-04-03T07:19:20+00:00","og_image":[{"width":1100,"height":1100,"url":"https:\/\/outdoorcells.com\/wp-content\/uploads\/2022\/01\/Lithium-ion-lader-cc-cv-126V-5A-Connector-Blauw-SB50.jpg","type":"image\/jpeg"}],"twitter_card":"summary_large_image","twitter_site":"@outdoorcells","twitter_misc":{"Gesch\u00e4tzte Lesezeit":"1\u00a0Minute"},"schema":{"@context":"https:\/\/schema.org","@graph":[{"@type":"WebPage","@id":"https:\/\/outdoorcells.com\/product\/lader-outdoorbox-12-6v-5a-sb50-blauw\/","url":"https:\/\/outdoorcells.com\/product\/lader-outdoorbox-12-6v-5a-sb50-blauw\/","name":"Ladeger\u00e4t Outdoorbox 5A | Outdoorcells.com","isPartOf":{"@id":"https:\/\/outdoorcells.com\/#website"},"primaryImageOfPage":{"@id":"https:\/\/outdoorcells.com\/product\/lader-outdoorbox-12-6v-5a-sb50-blauw\/#primaryimage"},"image":{"@id":"https:\/\/outdoorcells.com\/product\/lader-outdoorbox-12-6v-5a-sb50-blauw\/#primaryimage"},"thumbnailUrl":"https:\/\/outdoorcells.com\/wp-content\/uploads\/2022\/01\/Lithium-ion-lader-cc-cv-126V-5A-Connector-Blauw-SB50.jpg","datePublished":"2022-01-23T13:51:04+00:00","dateModified":"2026-04-03T07:19:20+00:00","description":"Outdoor Box 5A Ladeger\u00e4t. Laden Sie Ihr outdoorbox Mini Case sicher und schnell mit diesem 12,6 Volt Lithium-Ladeger\u00e4t. Ausgestattet mit blauem Anderson-Stecker","breadcrumb":{"@id":"https:\/\/outdoorcells.com\/product\/lader-outdoorbox-12-6v-5a-sb50-blauw\/#breadcrumb"},"inLanguage":"de","potentialAction":[{"@type":"ReadAction","target":["https:\/\/outdoorcells.com\/product\/lader-outdoorbox-12-6v-5a-sb50-blauw\/"]}]},{"@type":"ImageObject","inLanguage":"de","@id":"https:\/\/outdoorcells.com\/product\/lader-outdoorbox-12-6v-5a-sb50-blauw\/#primaryimage","url":"https:\/\/outdoorcells.com\/wp-content\/uploads\/2022\/01\/Lithium-ion-lader-cc-cv-126V-5A-Connector-Blauw-SB50.jpg","contentUrl":"https:\/\/outdoorcells.com\/wp-content\/uploads\/2022\/01\/Lithium-ion-lader-cc-cv-126V-5A-Connector-Blauw-SB50.jpg","width":1100,"height":1100,"caption":"lader outdoorbox"},{"@type":"BreadcrumbList","@id":"https:\/\/outdoorcells.com\/product\/lader-outdoorbox-12-6v-5a-sb50-blauw\/#breadcrumb","itemListElement":[{"@type":"ListItem","position":1,"name":"Home","item":"https:\/\/outdoorcells.com\/"},{"@type":"ListItem","position":2,"name":"shop","item":"https:\/\/outdoorcells.com\/lithium-accu-koffer\/"},{"@type":"ListItem","position":3,"name":"LADER OUTDOORBOX 12.6V 5A SB50 BLAUW"}]},{"@type":"WebSite","@id":"https:\/\/outdoorcells.com\/#website","url":"https:\/\/outdoorcells.com\/","name":"Outdoorcells.com","description":"","publisher":{"@id":"https:\/\/outdoorcells.com\/#organization"},"potentialAction":[{"@type":"SearchAction","target":{"@type":"EntryPoint","urlTemplate":"https:\/\/outdoorcells.com\/?s={search_term_string}"},"query-input":"required name=search_term_string"}],"inLanguage":"de"},{"@type":"Organization","@id":"https:\/\/outdoorcells.com\/#organization","name":"OutdoorCells","url":"https:\/\/outdoorcells.com\/","logo":{"@type":"ImageObject","inLanguage":"de","@id":"https:\/\/outdoorcells.com\/#\/schema\/logo\/image\/","url":"https:\/\/outdoorcells.com\/wp-content\/uploads\/2023\/05\/cropped-favicon.png","contentUrl":"https:\/\/outdoorcells.com\/wp-content\/uploads\/2023\/05\/cropped-favicon.png","width":512,"height":512,"caption":"OutdoorCells"},"image":{"@id":"https:\/\/outdoorcells.com\/#\/schema\/logo\/image\/"},"sameAs":["https:\/\/www.facebook.com\/outdoorcells","https:\/\/x.com\/outdoorcells","https:\/\/www.instagram.com\/voerbootaccu\/","https:\/\/www.youtube.com\/channel\/UCUWu_rkM0a3qkngzpf7EkMg?view_as=subscriber"]}]}},"_links":{"self":[{"href":"https:\/\/outdoorcells.com\/de\/wp-json\/wp\/v2\/product\/5374"}],"collection":[{"href":"https:\/\/outdoorcells.com\/de\/wp-json\/wp\/v2\/product"}],"about":[{"href":"https:\/\/outdoorcells.com\/de\/wp-json\/wp\/v2\/types\/product"}],"wp:featuredmedia":[{"embeddable":true,"href":"https:\/\/outdoorcells.com\/de\/wp-json\/wp\/v2\/media\/5375"}],"wp:attachment":[{"href":"https:\/\/outdoorcells.com\/de\/wp-json\/wp\/v2\/media?parent=5374"}],"wp:term":[{"taxonomy":"product_cat","embeddable":true,"href":"https:\/\/outdoorcells.com\/de\/wp-json\/wp\/v2\/product_cat?post=5374"},{"taxonomy":"product_tag","embeddable":true,"href":"https:\/\/outdoorcells.com\/de\/wp-json\/wp\/v2\/product_tag?post=5374"}],"curies":[{"name":"wp","href":"https:\/\/api.w.org\/{rel}","templated":true}]}}