{"id":5371,"date":"2022-01-23T14:39:56","date_gmt":"2022-01-23T13:39:56","guid":{"rendered":"https:\/\/voerbootaccu.nl\/?post_type=product&#038;p=5371"},"modified":"2025-03-14T21:35:56","modified_gmt":"2025-03-14T20:35:56","slug":"anderson-stekker-fluistermotor-blauw-12v-10-12-awg","status":"publish","type":"product","link":"https:\/\/outdoorcells.com\/de\/product\/anderson-stekker-fluistermotor-blauw-12v-10-12-awg\/","title":{"rendered":"ANDERSON STECKER SB50 Blau (12V) #10-12 AWG"},"content":{"rendered":"<p>Stecker E-Motor Blau, komplett mit Kontakten f\u00fcr #10-12 AWG Kabel. F\u00fcr einen schnellen und soliden Anschluss an die OUTDOORCELLS Outdoor-Box mit 12Volt.<br \/>\nDie SB50-Steckverbinder eignen sich z.B. f\u00fcr elektrische Au\u00dfenborder, Wechselrichter und 12V-Bootspumpen. Geliefert mit L\u00f6te Kontakten f\u00fcr bis zu 16 mm2 Kabel.<\/p>\n<h3 class=\"uppercase\">VORTEILE DES ANDERSON STEKKER e-motor blau<\/h3>\n<ul>\n<li>Schnelles Anschlie\u00dfen<\/li>\n<li>Leicht zu montieren<\/li>\n<li>Geringer Widerstand<\/li>\n<li>Verhindert Kurzschl\u00fcsse<\/li>\n<li>UV-best\u00e4ndig<\/li>\n<li>Korrosionsbest\u00e4ndig<\/li>\n<li>Model SB50 Anderson Stecker Blau<\/li>\n<li>Artikelnummer: 992G2-BL<\/li>\n<\/ul>\n<p>Durch die Verwendung von farbcodierten Steckern von Anderson vermeiden Sie au\u00dferdem, dass Sie Ger\u00e4te versehentlich an die falsche Batterie anschlie\u00dfen. Dies ist zum Beispiel n\u00fctzlich, wenn Sie mehrere Batterien, Ladeger\u00e4te und Ger\u00e4te mit unterschiedlichen Spannungen haben. Ein blauer anderson sb50 passt nur an einen blauen anderson sb50. Anderson SB50-Stecker kennen keinen Stecker und keine Buchse. Wenn Sie also ein Ger\u00e4t an eine 12V-Batterie anschlie\u00dfen wollen, ben\u00f6tigen Sie zwei blaue Stecker. Anderson-Stecker sind auch sehr gut geeignet, um Verl\u00e4ngerungskabel herzustellen. Werfen Sie auch einen Blick auf diese <a href=\"https:\/\/youtu.be\/WCqq4pO2PmQ\">YouTube<\/a>Video an<\/p>\n<p>Stecker mit Kontakten f\u00fcr #8 AWG Kabel ben\u00f6tigt? Klicken Sie <span style=\"color: #00ff00;\"><strong><a style=\"color: #00ff00;\" href=\"https:\/\/outdoorcells.com\/de\/product\/anderson-connector-sb50-blauw-12v-8-awg\/\">HIER<\/a><\/strong><\/span><\/p>","protected":false},"excerpt":{"rendered":"<p>Stekker fluistermotor Blauw, compleet met contacten voor #10-12 AWG kabels. Voor een snelle en stevige aansluiting op de OUTDOORCELLS outdoorbox met 12Volt. De SB50 Connectoren zijn geschikt voor bijvoorbeeld Elektrisch Fluistermotoren, Omvormers en 12V bootpomp. Word geleverd inclusief aansluit contacten tot max 16mm2 kabel. VOORDELEN VAN ANDERSON STEKKER fluistermotor blauw Snel aansluiten Makkelijk te monteren [&#8230;]\n","protected":false},"featured_media":5599,"template":"","meta":[],"product_cat":[144],"product_tag":[],"yoast_head":"<!-- This site is optimized with the Yoast SEO plugin v23.3 - https:\/\/yoast.com\/wordpress\/plugins\/seo\/ -->\n<title>Stekker Fluistermotor | Outdoorcells.com<\/title>\n<meta name=\"description\" content=\"Stekker voor 12V fluistermotor. Met deze blauwe anderson SB50 connector sluit u in een handomdraai alle 12V elektromotoren aan op uw Lithium accu.\" \/>\n<meta name=\"robots\" content=\"index, follow, max-snippet:-1, max-image-preview:large, max-video-preview:-1\" \/>\n<link rel=\"canonical\" href=\"https:\/\/outdoorcells.com\/de\/product\/anderson-stekker-fluistermotor-blauw-12v-10-12-awg\/\" \/>\n<meta property=\"og:locale\" content=\"de_DE\" \/>\n<meta property=\"og:type\" content=\"article\" \/>\n<meta property=\"og:title\" content=\"Stekker Fluistermotor | Outdoorcells.com\" \/>\n<meta property=\"og:description\" content=\"Stekker voor 12V fluistermotor. Met deze blauwe anderson SB50 connector sluit u in een handomdraai alle 12V elektromotoren aan op uw Lithium accu.\" \/>\n<meta property=\"og:url\" content=\"https:\/\/outdoorcells.com\/de\/product\/anderson-stekker-fluistermotor-blauw-12v-10-12-awg\/\" \/>\n<meta property=\"article:publisher\" content=\"https:\/\/www.facebook.com\/outdoorcells\" \/>\n<meta property=\"article:modified_time\" content=\"2025-03-14T20:35:56+00:00\" \/>\n<meta property=\"og:image\" content=\"https:\/\/outdoorcells.com\/wp-content\/uploads\/2022\/01\/Anderson-SB-50-Stekker-Blauw.jpg\" \/>\n\t<meta property=\"og:image:width\" content=\"2200\" \/>\n\t<meta property=\"og:image:height\" content=\"2200\" \/>\n\t<meta property=\"og:image:type\" content=\"image\/jpeg\" \/>\n<meta name=\"twitter:card\" content=\"summary_large_image\" \/>\n<meta name=\"twitter:site\" content=\"@outdoorcells\" \/>\n<meta name=\"twitter:label1\" content=\"Gesch\u00e4tzte Lesezeit\" \/>\n\t<meta name=\"twitter:data1\" content=\"1\u00a0Minute\" \/>\n<script type=\"application\/ld+json\" class=\"yoast-schema-graph\">{\"@context\":\"https:\/\/schema.org\",\"@graph\":[{\"@type\":\"WebPage\",\"@id\":\"https:\/\/outdoorcells.com\/product\/anderson-stekker-fluistermotor-blauw-12v-10-12-awg\/\",\"url\":\"https:\/\/outdoorcells.com\/product\/anderson-stekker-fluistermotor-blauw-12v-10-12-awg\/\",\"name\":\"Stekker Fluistermotor | Outdoorcells.com\",\"isPartOf\":{\"@id\":\"https:\/\/outdoorcells.com\/#website\"},\"primaryImageOfPage\":{\"@id\":\"https:\/\/outdoorcells.com\/product\/anderson-stekker-fluistermotor-blauw-12v-10-12-awg\/#primaryimage\"},\"image\":{\"@id\":\"https:\/\/outdoorcells.com\/product\/anderson-stekker-fluistermotor-blauw-12v-10-12-awg\/#primaryimage\"},\"thumbnailUrl\":\"https:\/\/outdoorcells.com\/wp-content\/uploads\/2022\/01\/Anderson-SB-50-Stekker-Blauw.jpg\",\"datePublished\":\"2022-01-23T13:39:56+00:00\",\"dateModified\":\"2025-03-14T20:35:56+00:00\",\"description\":\"Stekker voor 12V fluistermotor. Met deze blauwe anderson SB50 connector sluit u in een handomdraai alle 12V elektromotoren aan op uw Lithium accu.\",\"breadcrumb\":{\"@id\":\"https:\/\/outdoorcells.com\/product\/anderson-stekker-fluistermotor-blauw-12v-10-12-awg\/#breadcrumb\"},\"inLanguage\":\"de\",\"potentialAction\":[{\"@type\":\"ReadAction\",\"target\":[\"https:\/\/outdoorcells.com\/product\/anderson-stekker-fluistermotor-blauw-12v-10-12-awg\/\"]}]},{\"@type\":\"ImageObject\",\"inLanguage\":\"de\",\"@id\":\"https:\/\/outdoorcells.com\/product\/anderson-stekker-fluistermotor-blauw-12v-10-12-awg\/#primaryimage\",\"url\":\"https:\/\/outdoorcells.com\/wp-content\/uploads\/2022\/01\/Anderson-SB-50-Stekker-Blauw.jpg\",\"contentUrl\":\"https:\/\/outdoorcells.com\/wp-content\/uploads\/2022\/01\/Anderson-SB-50-Stekker-Blauw.jpg\",\"width\":2200,\"height\":2200,\"caption\":\"anen stekker blauw\"},{\"@type\":\"BreadcrumbList\",\"@id\":\"https:\/\/outdoorcells.com\/product\/anderson-stekker-fluistermotor-blauw-12v-10-12-awg\/#breadcrumb\",\"itemListElement\":[{\"@type\":\"ListItem\",\"position\":1,\"name\":\"Home\",\"item\":\"https:\/\/outdoorcells.com\/\"},{\"@type\":\"ListItem\",\"position\":2,\"name\":\"shop\",\"item\":\"https:\/\/outdoorcells.com\/lithium-accu-koffer\/\"},{\"@type\":\"ListItem\",\"position\":3,\"name\":\"ANDERSON CONNECTOR SB50 Blauw (12V) #10-12 AWG\"}]},{\"@type\":\"WebSite\",\"@id\":\"https:\/\/outdoorcells.com\/#website\",\"url\":\"https:\/\/outdoorcells.com\/\",\"name\":\"Outdoorcells.com\",\"description\":\"\",\"publisher\":{\"@id\":\"https:\/\/outdoorcells.com\/#organization\"},\"potentialAction\":[{\"@type\":\"SearchAction\",\"target\":{\"@type\":\"EntryPoint\",\"urlTemplate\":\"https:\/\/outdoorcells.com\/?s={search_term_string}\"},\"query-input\":\"required name=search_term_string\"}],\"inLanguage\":\"de\"},{\"@type\":\"Organization\",\"@id\":\"https:\/\/outdoorcells.com\/#organization\",\"name\":\"OutdoorCells\",\"url\":\"https:\/\/outdoorcells.com\/\",\"logo\":{\"@type\":\"ImageObject\",\"inLanguage\":\"de\",\"@id\":\"https:\/\/outdoorcells.com\/#\/schema\/logo\/image\/\",\"url\":\"https:\/\/outdoorcells.com\/wp-content\/uploads\/2023\/05\/cropped-favicon.png\",\"contentUrl\":\"https:\/\/outdoorcells.com\/wp-content\/uploads\/2023\/05\/cropped-favicon.png\",\"width\":512,\"height\":512,\"caption\":\"OutdoorCells\"},\"image\":{\"@id\":\"https:\/\/outdoorcells.com\/#\/schema\/logo\/image\/\"},\"sameAs\":[\"https:\/\/www.facebook.com\/outdoorcells\",\"https:\/\/x.com\/outdoorcells\",\"https:\/\/www.instagram.com\/voerbootaccu\/\",\"https:\/\/www.youtube.com\/channel\/UCUWu_rkM0a3qkngzpf7EkMg?view_as=subscriber\"]}]}<\/script>\n<!-- \/ Yoast SEO plugin. -->","yoast_head_json":{"title":"Stecker E-Motor | Outdoorcells.com","description":"Stecker f\u00fcr 12V E-Motor. Dieser blaue anderson SB50 Stecker sorgt f\u00fcr ein Kinderleichtes anschlie\u00dfen Ihren E-Motor an das Outdoorbox","robots":{"index":"index","follow":"follow","max-snippet":"max-snippet:-1","max-image-preview":"max-image-preview:large","max-video-preview":"max-video-preview:-1"},"canonical":"https:\/\/outdoorcells.com\/de\/product\/anderson-stekker-fluistermotor-blauw-12v-10-12-awg\/","og_locale":"de_DE","og_type":"article","og_title":"Stekker Fluistermotor | Outdoorcells.com","og_description":"Stekker voor 12V fluistermotor. Met deze blauwe anderson SB50 connector sluit u in een handomdraai alle 12V elektromotoren aan op uw Lithium accu.","og_url":"https:\/\/outdoorcells.com\/de\/product\/anderson-stekker-fluistermotor-blauw-12v-10-12-awg\/","article_publisher":"https:\/\/www.facebook.com\/outdoorcells","article_modified_time":"2025-03-14T20:35:56+00:00","og_image":[{"width":2200,"height":2200,"url":"https:\/\/outdoorcells.com\/wp-content\/uploads\/2022\/01\/Anderson-SB-50-Stekker-Blauw.jpg","type":"image\/jpeg"}],"twitter_card":"summary_large_image","twitter_site":"@outdoorcells","twitter_misc":{"Gesch\u00e4tzte Lesezeit":"1\u00a0Minute"},"schema":{"@context":"https:\/\/schema.org","@graph":[{"@type":"WebPage","@id":"https:\/\/outdoorcells.com\/product\/anderson-stekker-fluistermotor-blauw-12v-10-12-awg\/","url":"https:\/\/outdoorcells.com\/product\/anderson-stekker-fluistermotor-blauw-12v-10-12-awg\/","name":"Stecker E-Motor | Outdoorcells.com","isPartOf":{"@id":"https:\/\/outdoorcells.com\/#website"},"primaryImageOfPage":{"@id":"https:\/\/outdoorcells.com\/product\/anderson-stekker-fluistermotor-blauw-12v-10-12-awg\/#primaryimage"},"image":{"@id":"https:\/\/outdoorcells.com\/product\/anderson-stekker-fluistermotor-blauw-12v-10-12-awg\/#primaryimage"},"thumbnailUrl":"https:\/\/outdoorcells.com\/wp-content\/uploads\/2022\/01\/Anderson-SB-50-Stekker-Blauw.jpg","datePublished":"2022-01-23T13:39:56+00:00","dateModified":"2025-03-14T20:35:56+00:00","description":"Stecker f\u00fcr 12V E-Motor. Dieser blaue anderson SB50 Stecker sorgt f\u00fcr ein Kinderleichtes anschlie\u00dfen Ihren E-Motor an das Outdoorbox","breadcrumb":{"@id":"https:\/\/outdoorcells.com\/product\/anderson-stekker-fluistermotor-blauw-12v-10-12-awg\/#breadcrumb"},"inLanguage":"de","potentialAction":[{"@type":"ReadAction","target":["https:\/\/outdoorcells.com\/product\/anderson-stekker-fluistermotor-blauw-12v-10-12-awg\/"]}]},{"@type":"ImageObject","inLanguage":"de","@id":"https:\/\/outdoorcells.com\/product\/anderson-stekker-fluistermotor-blauw-12v-10-12-awg\/#primaryimage","url":"https:\/\/outdoorcells.com\/wp-content\/uploads\/2022\/01\/Anderson-SB-50-Stekker-Blauw.jpg","contentUrl":"https:\/\/outdoorcells.com\/wp-content\/uploads\/2022\/01\/Anderson-SB-50-Stekker-Blauw.jpg","width":2200,"height":2200,"caption":"anen stekker blauw"},{"@type":"BreadcrumbList","@id":"https:\/\/outdoorcells.com\/product\/anderson-stekker-fluistermotor-blauw-12v-10-12-awg\/#breadcrumb","itemListElement":[{"@type":"ListItem","position":1,"name":"Home","item":"https:\/\/outdoorcells.com\/"},{"@type":"ListItem","position":2,"name":"shop","item":"https:\/\/outdoorcells.com\/lithium-accu-koffer\/"},{"@type":"ListItem","position":3,"name":"ANDERSON CONNECTOR SB50 Blauw (12V) #10-12 AWG"}]},{"@type":"WebSite","@id":"https:\/\/outdoorcells.com\/#website","url":"https:\/\/outdoorcells.com\/","name":"Outdoorcells.com","description":"","publisher":{"@id":"https:\/\/outdoorcells.com\/#organization"},"potentialAction":[{"@type":"SearchAction","target":{"@type":"EntryPoint","urlTemplate":"https:\/\/outdoorcells.com\/?s={search_term_string}"},"query-input":"required name=search_term_string"}],"inLanguage":"de"},{"@type":"Organization","@id":"https:\/\/outdoorcells.com\/#organization","name":"OutdoorCells","url":"https:\/\/outdoorcells.com\/","logo":{"@type":"ImageObject","inLanguage":"de","@id":"https:\/\/outdoorcells.com\/#\/schema\/logo\/image\/","url":"https:\/\/outdoorcells.com\/wp-content\/uploads\/2023\/05\/cropped-favicon.png","contentUrl":"https:\/\/outdoorcells.com\/wp-content\/uploads\/2023\/05\/cropped-favicon.png","width":512,"height":512,"caption":"OutdoorCells"},"image":{"@id":"https:\/\/outdoorcells.com\/#\/schema\/logo\/image\/"},"sameAs":["https:\/\/www.facebook.com\/outdoorcells","https:\/\/x.com\/outdoorcells","https:\/\/www.instagram.com\/voerbootaccu\/","https:\/\/www.youtube.com\/channel\/UCUWu_rkM0a3qkngzpf7EkMg?view_as=subscriber"]}]}},"_links":{"self":[{"href":"https:\/\/outdoorcells.com\/de\/wp-json\/wp\/v2\/product\/5371"}],"collection":[{"href":"https:\/\/outdoorcells.com\/de\/wp-json\/wp\/v2\/product"}],"about":[{"href":"https:\/\/outdoorcells.com\/de\/wp-json\/wp\/v2\/types\/product"}],"wp:featuredmedia":[{"embeddable":true,"href":"https:\/\/outdoorcells.com\/de\/wp-json\/wp\/v2\/media\/5599"}],"wp:attachment":[{"href":"https:\/\/outdoorcells.com\/de\/wp-json\/wp\/v2\/media?parent=5371"}],"wp:term":[{"taxonomy":"product_cat","embeddable":true,"href":"https:\/\/outdoorcells.com\/de\/wp-json\/wp\/v2\/product_cat?post=5371"},{"taxonomy":"product_tag","embeddable":true,"href":"https:\/\/outdoorcells.com\/de\/wp-json\/wp\/v2\/product_tag?post=5371"}],"curies":[{"name":"wp","href":"https:\/\/api.w.org\/{rel}","templated":true}]}}