{"id":4765,"date":"2021-10-19T20:38:35","date_gmt":"2021-10-19T18:38:35","guid":{"rendered":"https:\/\/voerbootaccu.nl\/?post_type=product&#038;p=4765"},"modified":"2025-10-29T11:25:08","modified_gmt":"2025-10-29T10:25:08","slug":"aansluitkabel-zonnepaneel-sb-50-orange-mc4","status":"publish","type":"product","link":"https:\/\/outdoorcells.com\/de\/product\/aansluitkabel-zonnepaneel-sb-50-orange-mc4\/","title":{"rendered":"KABEL ANDERSON SB 50 ORANGE &gt; MC4"},"content":{"rendered":"<p>Verbindungskabel Solarmodul Anderson SB 50 zu MC4. Adapterkabel zum Anschluss des <span style=\"color: #00ff00;\"><strong><a style=\"color: #00ff00;\" href=\"https:\/\/outdoorcells.com\/de\/product\/bluetti-sp200-200w-solar-panel\/\">Bluetti Sonnenkollektor<\/a><\/strong><\/span> Anschluss an die OUTDOORCELLS <span style=\"color: #00ff00;\"><strong><a style=\"color: #00ff00;\" href=\"https:\/\/outdoorcells.com\/de\/product\/outdoorcells-solar-charge-controller\/\">Solar Box<\/a><\/strong><\/span>\u00a0und <span style=\"color: #00ff00;\"><strong><a style=\"color: #00ff00;\" href=\"https:\/\/outdoorcells.com\/de\/product\/solar-outdoor-koffer-v2-0\/\">Solarbox V2.0<\/a><\/strong><\/span><\/p>\n<p>Sie k\u00f6nnen auch einen losen orangefarbenen Anderson SB50 direkt an das Plus- und Minuskabel des Solarmoduls montieren. Dies ist eine kosteng\u00fcnstigere L\u00f6sung. Sie finden diesen Stecker <span style=\"color: #00ff00;\"><strong><a style=\"color: #00ff00;\" href=\"https:\/\/outdoorcells.com\/de\/product\/anderson-connector-sb50-orange-16-8v-10-12-awg\/\">HIER<\/a><\/strong><\/span><\/p>\n<p>Sie suchen ein Anschlusskabel, aber mit einem andersfarbigen Anenstecker? Dann kontaktieren Sie uns bitte. Die Mitarbeiter unserer technischen Abteilung k\u00f6nnen alle m\u00f6glichen Kabel und Kombinationen f\u00fcr Sie ma\u00dfschneidern<\/p>\n<h3 class=\"uppercase\">VORTEILE DES Solarmodul-Anschlusskabels<\/h3>\n<ul>\n<li>Schnelles Anschlie\u00dfen<\/li>\n<li>Leicht zu montieren<\/li>\n<li>Geringer Widerstand<\/li>\n<li>Verhindert Kurzschl\u00fcsse<\/li>\n<li>UV-best\u00e4ndig<\/li>\n<li>Korrosionsbest\u00e4ndig<\/li>\n<li>Modell SB50 Anderson Stecker orange<\/li>\n<li>Artikelnummer: cable-sb50-orng-mc-4<\/li>\n<\/ul>\n<p>Durch die Verwendung von Anderson-Steckern mit Farbcodierung vermeiden Sie, dass Sie Ger\u00e4te versehentlich an die falsche Batterie anschlie\u00dfen. Dies ist z. B. n\u00fctzlich, wenn Sie mehrere Batterien, Ladeger\u00e4te und Ger\u00e4te mit unterschiedlichen Spannungen haben. Verwenden Sie daher immer einen Original-Anderson-Stecker oder ein empfohlenes passendes Kabel. Werfen Sie auch einen Blick auf diese <span style=\"color: #00ff00;\"><strong><a style=\"color: #00ff00;\" href=\"https:\/\/youtu.be\/WCqq4pO2PmQ\">YouTube<\/a><\/strong><\/span> Video an<\/p>\n<p>&nbsp;<\/p>","protected":false},"excerpt":{"rendered":"<p>Aansluitkabel Zonnepaneel Anderson SB 50 naar MC4. Adapter kabel om het Bluetti Zonnepaneel aan te sluiten op de OUTDOORCELLS Solar Box\u00a0en Solarbox V2.0 U kunt ook rechtstreeks een losse orange Anderson SB50 monteren aan de plus en min kabel van het zonnepaneel. Dit is een prijs gunstigere oplossing. Deze stekker vindt u HIER Zoekt u [&#8230;]\n","protected":false},"featured_media":4799,"template":"","meta":[],"product_cat":[144],"product_tag":[],"yoast_head":"<!-- This site is optimized with the Yoast SEO plugin v23.3 - https:\/\/yoast.com\/wordpress\/plugins\/seo\/ -->\n<title>Aansluitkabel Zonnepaneel | Outdoorcells.com<\/title>\n<meta name=\"description\" content=\"Aansluitkabel zonnepaneel voor het snel verbinden van met de solar box. Geen montage werkzaamheden nodig. Plug&amp;Play kabel met juiste stekkers\" \/>\n<meta name=\"robots\" content=\"index, follow, max-snippet:-1, max-image-preview:large, max-video-preview:-1\" \/>\n<link rel=\"canonical\" href=\"https:\/\/outdoorcells.com\/de\/product\/aansluitkabel-zonnepaneel-sb-50-orange-mc4\/\" \/>\n<meta property=\"og:locale\" content=\"de_DE\" \/>\n<meta property=\"og:type\" content=\"article\" \/>\n<meta property=\"og:title\" content=\"Aansluitkabel Zonnepaneel | Outdoorcells.com\" \/>\n<meta property=\"og:description\" content=\"Aansluitkabel zonnepaneel voor het snel verbinden van met de solar box. Geen montage werkzaamheden nodig. Plug&amp;Play kabel met juiste stekkers\" \/>\n<meta property=\"og:url\" content=\"https:\/\/outdoorcells.com\/de\/product\/aansluitkabel-zonnepaneel-sb-50-orange-mc4\/\" \/>\n<meta property=\"article:publisher\" content=\"https:\/\/www.facebook.com\/outdoorcells\" \/>\n<meta property=\"article:modified_time\" content=\"2025-10-29T10:25:08+00:00\" \/>\n<meta property=\"og:image\" content=\"https:\/\/outdoorcells.com\/wp-content\/uploads\/2021\/10\/Anderson-Orange-MC4-Adapter-kabel.jpg\" \/>\n\t<meta property=\"og:image:width\" content=\"2200\" \/>\n\t<meta property=\"og:image:height\" content=\"2200\" \/>\n\t<meta property=\"og:image:type\" content=\"image\/jpeg\" \/>\n<meta name=\"twitter:card\" content=\"summary_large_image\" \/>\n<meta name=\"twitter:site\" content=\"@outdoorcells\" \/>\n<meta name=\"twitter:label1\" content=\"Gesch\u00e4tzte Lesezeit\" \/>\n\t<meta name=\"twitter:data1\" content=\"1\u00a0Minute\" \/>\n<script type=\"application\/ld+json\" class=\"yoast-schema-graph\">{\"@context\":\"https:\/\/schema.org\",\"@graph\":[{\"@type\":\"WebPage\",\"@id\":\"https:\/\/outdoorcells.com\/product\/aansluitkabel-zonnepaneel-sb-50-orange-mc4\/\",\"url\":\"https:\/\/outdoorcells.com\/product\/aansluitkabel-zonnepaneel-sb-50-orange-mc4\/\",\"name\":\"Aansluitkabel Zonnepaneel | Outdoorcells.com\",\"isPartOf\":{\"@id\":\"https:\/\/outdoorcells.com\/#website\"},\"primaryImageOfPage\":{\"@id\":\"https:\/\/outdoorcells.com\/product\/aansluitkabel-zonnepaneel-sb-50-orange-mc4\/#primaryimage\"},\"image\":{\"@id\":\"https:\/\/outdoorcells.com\/product\/aansluitkabel-zonnepaneel-sb-50-orange-mc4\/#primaryimage\"},\"thumbnailUrl\":\"https:\/\/outdoorcells.com\/wp-content\/uploads\/2021\/10\/Anderson-Orange-MC4-Adapter-kabel.jpg\",\"datePublished\":\"2021-10-19T18:38:35+00:00\",\"dateModified\":\"2025-10-29T10:25:08+00:00\",\"description\":\"Aansluitkabel zonnepaneel voor het snel verbinden van met de solar box. Geen montage werkzaamheden nodig. Plug&Play kabel met juiste stekkers\",\"breadcrumb\":{\"@id\":\"https:\/\/outdoorcells.com\/product\/aansluitkabel-zonnepaneel-sb-50-orange-mc4\/#breadcrumb\"},\"inLanguage\":\"de\",\"potentialAction\":[{\"@type\":\"ReadAction\",\"target\":[\"https:\/\/outdoorcells.com\/product\/aansluitkabel-zonnepaneel-sb-50-orange-mc4\/\"]}]},{\"@type\":\"ImageObject\",\"inLanguage\":\"de\",\"@id\":\"https:\/\/outdoorcells.com\/product\/aansluitkabel-zonnepaneel-sb-50-orange-mc4\/#primaryimage\",\"url\":\"https:\/\/outdoorcells.com\/wp-content\/uploads\/2021\/10\/Anderson-Orange-MC4-Adapter-kabel.jpg\",\"contentUrl\":\"https:\/\/outdoorcells.com\/wp-content\/uploads\/2021\/10\/Anderson-Orange-MC4-Adapter-kabel.jpg\",\"width\":2200,\"height\":2200,\"caption\":\"aansluitkabel zonnepaneel\"},{\"@type\":\"BreadcrumbList\",\"@id\":\"https:\/\/outdoorcells.com\/product\/aansluitkabel-zonnepaneel-sb-50-orange-mc4\/#breadcrumb\",\"itemListElement\":[{\"@type\":\"ListItem\",\"position\":1,\"name\":\"Home\",\"item\":\"https:\/\/outdoorcells.com\/\"},{\"@type\":\"ListItem\",\"position\":2,\"name\":\"shop\",\"item\":\"https:\/\/outdoorcells.com\/lithium-accu-koffer\/\"},{\"@type\":\"ListItem\",\"position\":3,\"name\":\"KABEL ANDERSON SB 50 ORANGE > MC4\"}]},{\"@type\":\"WebSite\",\"@id\":\"https:\/\/outdoorcells.com\/#website\",\"url\":\"https:\/\/outdoorcells.com\/\",\"name\":\"Outdoorcells.com\",\"description\":\"\",\"publisher\":{\"@id\":\"https:\/\/outdoorcells.com\/#organization\"},\"potentialAction\":[{\"@type\":\"SearchAction\",\"target\":{\"@type\":\"EntryPoint\",\"urlTemplate\":\"https:\/\/outdoorcells.com\/?s={search_term_string}\"},\"query-input\":\"required name=search_term_string\"}],\"inLanguage\":\"de\"},{\"@type\":\"Organization\",\"@id\":\"https:\/\/outdoorcells.com\/#organization\",\"name\":\"OutdoorCells\",\"url\":\"https:\/\/outdoorcells.com\/\",\"logo\":{\"@type\":\"ImageObject\",\"inLanguage\":\"de\",\"@id\":\"https:\/\/outdoorcells.com\/#\/schema\/logo\/image\/\",\"url\":\"https:\/\/outdoorcells.com\/wp-content\/uploads\/2023\/05\/cropped-favicon.png\",\"contentUrl\":\"https:\/\/outdoorcells.com\/wp-content\/uploads\/2023\/05\/cropped-favicon.png\",\"width\":512,\"height\":512,\"caption\":\"OutdoorCells\"},\"image\":{\"@id\":\"https:\/\/outdoorcells.com\/#\/schema\/logo\/image\/\"},\"sameAs\":[\"https:\/\/www.facebook.com\/outdoorcells\",\"https:\/\/x.com\/outdoorcells\",\"https:\/\/www.instagram.com\/voerbootaccu\/\",\"https:\/\/www.youtube.com\/channel\/UCUWu_rkM0a3qkngzpf7EkMg?view_as=subscriber\"]}]}<\/script>\n<!-- \/ Yoast SEO plugin. -->","yoast_head_json":{"title":"Anschlusskabel Solarmodul | Outdoorcells.com","description":"Anschlusskabel f\u00fcr Solarmodule zum schnellen Anschluss an die Solarbox. Keine Montagearbeiten erforderlich. Plug&amp;Play-Kabel mit passenden Steckern","robots":{"index":"index","follow":"follow","max-snippet":"max-snippet:-1","max-image-preview":"max-image-preview:large","max-video-preview":"max-video-preview:-1"},"canonical":"https:\/\/outdoorcells.com\/de\/product\/aansluitkabel-zonnepaneel-sb-50-orange-mc4\/","og_locale":"de_DE","og_type":"article","og_title":"Aansluitkabel Zonnepaneel | Outdoorcells.com","og_description":"Aansluitkabel zonnepaneel voor het snel verbinden van met de solar box. Geen montage werkzaamheden nodig. Plug&Play kabel met juiste stekkers","og_url":"https:\/\/outdoorcells.com\/de\/product\/aansluitkabel-zonnepaneel-sb-50-orange-mc4\/","article_publisher":"https:\/\/www.facebook.com\/outdoorcells","article_modified_time":"2025-10-29T10:25:08+00:00","og_image":[{"width":2200,"height":2200,"url":"https:\/\/outdoorcells.com\/wp-content\/uploads\/2021\/10\/Anderson-Orange-MC4-Adapter-kabel.jpg","type":"image\/jpeg"}],"twitter_card":"summary_large_image","twitter_site":"@outdoorcells","twitter_misc":{"Gesch\u00e4tzte Lesezeit":"1\u00a0Minute"},"schema":{"@context":"https:\/\/schema.org","@graph":[{"@type":"WebPage","@id":"https:\/\/outdoorcells.com\/product\/aansluitkabel-zonnepaneel-sb-50-orange-mc4\/","url":"https:\/\/outdoorcells.com\/product\/aansluitkabel-zonnepaneel-sb-50-orange-mc4\/","name":"Anschlusskabel Solarmodul | Outdoorcells.com","isPartOf":{"@id":"https:\/\/outdoorcells.com\/#website"},"primaryImageOfPage":{"@id":"https:\/\/outdoorcells.com\/product\/aansluitkabel-zonnepaneel-sb-50-orange-mc4\/#primaryimage"},"image":{"@id":"https:\/\/outdoorcells.com\/product\/aansluitkabel-zonnepaneel-sb-50-orange-mc4\/#primaryimage"},"thumbnailUrl":"https:\/\/outdoorcells.com\/wp-content\/uploads\/2021\/10\/Anderson-Orange-MC4-Adapter-kabel.jpg","datePublished":"2021-10-19T18:38:35+00:00","dateModified":"2025-10-29T10:25:08+00:00","description":"Anschlusskabel f\u00fcr Solarmodule zum schnellen Anschluss an die Solarbox. Keine Montagearbeiten erforderlich. Plug&amp;Play-Kabel mit passenden Steckern","breadcrumb":{"@id":"https:\/\/outdoorcells.com\/product\/aansluitkabel-zonnepaneel-sb-50-orange-mc4\/#breadcrumb"},"inLanguage":"de","potentialAction":[{"@type":"ReadAction","target":["https:\/\/outdoorcells.com\/product\/aansluitkabel-zonnepaneel-sb-50-orange-mc4\/"]}]},{"@type":"ImageObject","inLanguage":"de","@id":"https:\/\/outdoorcells.com\/product\/aansluitkabel-zonnepaneel-sb-50-orange-mc4\/#primaryimage","url":"https:\/\/outdoorcells.com\/wp-content\/uploads\/2021\/10\/Anderson-Orange-MC4-Adapter-kabel.jpg","contentUrl":"https:\/\/outdoorcells.com\/wp-content\/uploads\/2021\/10\/Anderson-Orange-MC4-Adapter-kabel.jpg","width":2200,"height":2200,"caption":"aansluitkabel zonnepaneel"},{"@type":"BreadcrumbList","@id":"https:\/\/outdoorcells.com\/product\/aansluitkabel-zonnepaneel-sb-50-orange-mc4\/#breadcrumb","itemListElement":[{"@type":"ListItem","position":1,"name":"Home","item":"https:\/\/outdoorcells.com\/"},{"@type":"ListItem","position":2,"name":"shop","item":"https:\/\/outdoorcells.com\/lithium-accu-koffer\/"},{"@type":"ListItem","position":3,"name":"KABEL ANDERSON SB 50 ORANGE > MC4"}]},{"@type":"WebSite","@id":"https:\/\/outdoorcells.com\/#website","url":"https:\/\/outdoorcells.com\/","name":"Outdoorcells.com","description":"","publisher":{"@id":"https:\/\/outdoorcells.com\/#organization"},"potentialAction":[{"@type":"SearchAction","target":{"@type":"EntryPoint","urlTemplate":"https:\/\/outdoorcells.com\/?s={search_term_string}"},"query-input":"required name=search_term_string"}],"inLanguage":"de"},{"@type":"Organization","@id":"https:\/\/outdoorcells.com\/#organization","name":"OutdoorCells","url":"https:\/\/outdoorcells.com\/","logo":{"@type":"ImageObject","inLanguage":"de","@id":"https:\/\/outdoorcells.com\/#\/schema\/logo\/image\/","url":"https:\/\/outdoorcells.com\/wp-content\/uploads\/2023\/05\/cropped-favicon.png","contentUrl":"https:\/\/outdoorcells.com\/wp-content\/uploads\/2023\/05\/cropped-favicon.png","width":512,"height":512,"caption":"OutdoorCells"},"image":{"@id":"https:\/\/outdoorcells.com\/#\/schema\/logo\/image\/"},"sameAs":["https:\/\/www.facebook.com\/outdoorcells","https:\/\/x.com\/outdoorcells","https:\/\/www.instagram.com\/voerbootaccu\/","https:\/\/www.youtube.com\/channel\/UCUWu_rkM0a3qkngzpf7EkMg?view_as=subscriber"]}]}},"_links":{"self":[{"href":"https:\/\/outdoorcells.com\/de\/wp-json\/wp\/v2\/product\/4765"}],"collection":[{"href":"https:\/\/outdoorcells.com\/de\/wp-json\/wp\/v2\/product"}],"about":[{"href":"https:\/\/outdoorcells.com\/de\/wp-json\/wp\/v2\/types\/product"}],"wp:featuredmedia":[{"embeddable":true,"href":"https:\/\/outdoorcells.com\/de\/wp-json\/wp\/v2\/media\/4799"}],"wp:attachment":[{"href":"https:\/\/outdoorcells.com\/de\/wp-json\/wp\/v2\/media?parent=4765"}],"wp:term":[{"taxonomy":"product_cat","embeddable":true,"href":"https:\/\/outdoorcells.com\/de\/wp-json\/wp\/v2\/product_cat?post=4765"},{"taxonomy":"product_tag","embeddable":true,"href":"https:\/\/outdoorcells.com\/de\/wp-json\/wp\/v2\/product_tag?post=4765"}],"curies":[{"name":"wp","href":"https:\/\/api.w.org\/{rel}","templated":true}]}}