{"id":4739,"date":"2021-10-19T10:44:02","date_gmt":"2021-10-19T08:44:02","guid":{"rendered":"https:\/\/voerbootaccu.nl\/?post_type=product&#038;p=4739"},"modified":"2025-10-29T11:25:08","modified_gmt":"2025-10-29T10:25:08","slug":"lader-outdoorbox-16-8v-10a-sb50-orange","status":"publish","type":"product","link":"https:\/\/outdoorcells.com\/de\/product\/lader-outdoorbox-16-8v-10a-sb50-orange\/","title":{"rendered":"LADEGER\u00c4T OUTDOORBOX 16.8V 10A SB50 ORANGE"},"content":{"rendered":"<p>Ladeger\u00e4t 16,8 V Lithium-Batterie. Maximale Ladespannung CC~CV 16,8V. Leistung: 10A. Geeignet f\u00fcr die OUTDOORCELLS Off-Grid Pro Box. Bel\u00fcftetes Design f\u00fcr optimalen und k\u00fchlen Betrieb. Ausgestattet mit orangefarbenem Anderson Connector SB50. Sie suchen ein passendes Ladeger\u00e4t f\u00fcr Ihren Li-Ionen-Akku, weil Sie Ihr Ladeger\u00e4t verloren haben oder es defekt ist? Bitte <strong><span style=\"color: #00ff00;\"><a style=\"color: #00ff00;\" href=\"https:\/\/outdoorcells.com\/de\/contact\/\">Kontaktieren<\/a><\/span><\/strong> Sie uns! Wir k\u00f6nnen Ihnen immer das richtige Ladeger\u00e4t f\u00fcr Ihren Lithium-Ionen-Akku liefern. Wir verkaufen nur hochwertige Ladeger\u00e4te mit der richtigen Zertifizierung und f\u00fcr die Verwendung in der EU zugelassen<\/p>\n<h3 class=\"uppercase\">VORTEILE des Ladeger\u00e4ts 16,8 V Lithium-Batterie<\/h3>\n<ul>\n<li>Schnelles Anschlie\u00dfen<\/li>\n<li>Einfache Bedienung<\/li>\n<li>Vollautomatische Aufladung<\/li>\n<li>Verhindert Kurzschl\u00fcsse<\/li>\n<li>Ip54 RoHs CE zertifiziert<\/li>\n<li>Original SB50 Anderson Stecker Orange<\/li>\n<li>Artikelnummer: Ladeger\u00e4t-4s-10<\/li>\n<\/ul>\n<p>Die Verwendung des richtigen Ladeger\u00e4ts f\u00fcr Ihre Lithiumbatterie kann zahlreiche Probleme verhindern. Die Verwendung eines falschen Ladeger\u00e4ts kann zu folgenden Problemen f\u00fchren:<\/p>\n<ul>\n<li>Reduzierung der nutzbaren Kapazit\u00e4t<\/li>\n<li>Ungleichbalanz im Lithium-Ionen-Modul<\/li>\n<li>Spannungsabfall und damit weniger Leistung f\u00fcr Ihren E-motor<\/li>\n<li>Negative Auswirkungen auf die Lebensdauer<\/li>\n<li>St\u00f6rung im BMS (Batteriemanagementsystem)<\/li>\n<\/ul>\n<p>Au\u00dferdem kann ein ungeeignetes Ladeger\u00e4t irreparable Sch\u00e4den verursachen und Ihre wertvolle Lithiumbatterie v\u00f6llig unbrauchbar machen. Verwenden Sie Ihr Ladeger\u00e4t immer an einem trockenen und sauberen Ort, vorzugsweise im Haus und au\u00dferhalb der Reichweite von Kindern und Haustieren. Decken Sie das Ladeger\u00e4t niemals ab!<\/p>","protected":false},"excerpt":{"rendered":"<p>Lader 16.8v Lithium Accu. Maximale laadspanning CC~CV 16.8V. Vermogen: 10A. Geschikt voor de OUTDOORCELLS Off-Grid Pro Box. Geventileerd ontwerp voor optimale en koele werking. Uitgerust met orange Anderson Connector SB50.\u00a0Zoekt u een passende lader voor uw li-ion accu omdat u uw lader kwijt bent geraakt of omdat deze defect is? Neem contact met ons op! [&#8230;]\n","protected":false},"featured_media":4838,"template":"","meta":[],"product_cat":[217],"product_tag":[],"yoast_head":"<!-- This site is optimized with the Yoast SEO plugin v23.3 - https:\/\/yoast.com\/wordpress\/plugins\/seo\/ -->\n<title>Lader 16.8V Lithium Accu | Outdoorcells.com<\/title>\n<meta name=\"description\" content=\"Lader 16.8v lithium accu met stekker. Geschikt voor Off-Grid Pro Box plus iedere 4S Li-ion Accu. Geventileerd ontwerp voor maximale effici\u00ebnte werking\" \/>\n<meta name=\"robots\" content=\"index, follow, max-snippet:-1, max-image-preview:large, max-video-preview:-1\" \/>\n<link rel=\"canonical\" href=\"https:\/\/outdoorcells.com\/de\/product\/lader-outdoorbox-16-8v-10a-sb50-orange\/\" \/>\n<meta property=\"og:locale\" content=\"de_DE\" \/>\n<meta property=\"og:type\" content=\"article\" \/>\n<meta property=\"og:title\" content=\"Lader 16.8V Lithium Accu | Outdoorcells.com\" \/>\n<meta property=\"og:description\" content=\"Lader 16.8v lithium accu met stekker. Geschikt voor Off-Grid Pro Box plus iedere 4S Li-ion Accu. Geventileerd ontwerp voor maximale effici\u00ebnte werking\" \/>\n<meta property=\"og:url\" content=\"https:\/\/outdoorcells.com\/de\/product\/lader-outdoorbox-16-8v-10a-sb50-orange\/\" \/>\n<meta property=\"article:publisher\" content=\"https:\/\/www.facebook.com\/outdoorcells\" \/>\n<meta property=\"article:modified_time\" content=\"2025-10-29T10:25:08+00:00\" \/>\n<meta property=\"og:image\" content=\"https:\/\/outdoorcells.com\/wp-content\/uploads\/2021\/10\/Lithium-ion-lader-cc-cv-16.8V-10A.jpg\" \/>\n\t<meta property=\"og:image:width\" content=\"2200\" \/>\n\t<meta property=\"og:image:height\" content=\"2200\" \/>\n\t<meta property=\"og:image:type\" content=\"image\/jpeg\" \/>\n<meta name=\"twitter:card\" content=\"summary_large_image\" \/>\n<meta name=\"twitter:site\" content=\"@outdoorcells\" \/>\n<meta name=\"twitter:label1\" content=\"Gesch\u00e4tzte Lesezeit\" \/>\n\t<meta name=\"twitter:data1\" content=\"1\u00a0Minute\" \/>\n<script type=\"application\/ld+json\" class=\"yoast-schema-graph\">{\"@context\":\"https:\/\/schema.org\",\"@graph\":[{\"@type\":\"WebPage\",\"@id\":\"https:\/\/outdoorcells.com\/product\/lader-outdoorbox-16-8v-10a-sb50-orange\/\",\"url\":\"https:\/\/outdoorcells.com\/product\/lader-outdoorbox-16-8v-10a-sb50-orange\/\",\"name\":\"Lader 16.8V Lithium Accu | Outdoorcells.com\",\"isPartOf\":{\"@id\":\"https:\/\/outdoorcells.com\/#website\"},\"primaryImageOfPage\":{\"@id\":\"https:\/\/outdoorcells.com\/product\/lader-outdoorbox-16-8v-10a-sb50-orange\/#primaryimage\"},\"image\":{\"@id\":\"https:\/\/outdoorcells.com\/product\/lader-outdoorbox-16-8v-10a-sb50-orange\/#primaryimage\"},\"thumbnailUrl\":\"https:\/\/outdoorcells.com\/wp-content\/uploads\/2021\/10\/Lithium-ion-lader-cc-cv-16.8V-10A.jpg\",\"datePublished\":\"2021-10-19T08:44:02+00:00\",\"dateModified\":\"2025-10-29T10:25:08+00:00\",\"description\":\"Lader 16.8v lithium accu met stekker. Geschikt voor Off-Grid Pro Box plus iedere 4S Li-ion Accu. Geventileerd ontwerp voor maximale effici\u00ebnte werking\",\"breadcrumb\":{\"@id\":\"https:\/\/outdoorcells.com\/product\/lader-outdoorbox-16-8v-10a-sb50-orange\/#breadcrumb\"},\"inLanguage\":\"de\",\"potentialAction\":[{\"@type\":\"ReadAction\",\"target\":[\"https:\/\/outdoorcells.com\/product\/lader-outdoorbox-16-8v-10a-sb50-orange\/\"]}]},{\"@type\":\"ImageObject\",\"inLanguage\":\"de\",\"@id\":\"https:\/\/outdoorcells.com\/product\/lader-outdoorbox-16-8v-10a-sb50-orange\/#primaryimage\",\"url\":\"https:\/\/outdoorcells.com\/wp-content\/uploads\/2021\/10\/Lithium-ion-lader-cc-cv-16.8V-10A.jpg\",\"contentUrl\":\"https:\/\/outdoorcells.com\/wp-content\/uploads\/2021\/10\/Lithium-ion-lader-cc-cv-16.8V-10A.jpg\",\"width\":2200,\"height\":2200,\"caption\":\"lithium lader 16,6v 4s 10a\"},{\"@type\":\"BreadcrumbList\",\"@id\":\"https:\/\/outdoorcells.com\/product\/lader-outdoorbox-16-8v-10a-sb50-orange\/#breadcrumb\",\"itemListElement\":[{\"@type\":\"ListItem\",\"position\":1,\"name\":\"Home\",\"item\":\"https:\/\/outdoorcells.com\/\"},{\"@type\":\"ListItem\",\"position\":2,\"name\":\"shop\",\"item\":\"https:\/\/outdoorcells.com\/lithium-accu-koffer\/\"},{\"@type\":\"ListItem\",\"position\":3,\"name\":\"LADER OUTDOORBOX 16.8V 10A SB50 ORANGE\"}]},{\"@type\":\"WebSite\",\"@id\":\"https:\/\/outdoorcells.com\/#website\",\"url\":\"https:\/\/outdoorcells.com\/\",\"name\":\"Outdoorcells.com\",\"description\":\"\",\"publisher\":{\"@id\":\"https:\/\/outdoorcells.com\/#organization\"},\"potentialAction\":[{\"@type\":\"SearchAction\",\"target\":{\"@type\":\"EntryPoint\",\"urlTemplate\":\"https:\/\/outdoorcells.com\/?s={search_term_string}\"},\"query-input\":\"required name=search_term_string\"}],\"inLanguage\":\"de\"},{\"@type\":\"Organization\",\"@id\":\"https:\/\/outdoorcells.com\/#organization\",\"name\":\"OutdoorCells\",\"url\":\"https:\/\/outdoorcells.com\/\",\"logo\":{\"@type\":\"ImageObject\",\"inLanguage\":\"de\",\"@id\":\"https:\/\/outdoorcells.com\/#\/schema\/logo\/image\/\",\"url\":\"https:\/\/outdoorcells.com\/wp-content\/uploads\/2023\/05\/cropped-favicon.png\",\"contentUrl\":\"https:\/\/outdoorcells.com\/wp-content\/uploads\/2023\/05\/cropped-favicon.png\",\"width\":512,\"height\":512,\"caption\":\"OutdoorCells\"},\"image\":{\"@id\":\"https:\/\/outdoorcells.com\/#\/schema\/logo\/image\/\"},\"sameAs\":[\"https:\/\/www.facebook.com\/outdoorcells\",\"https:\/\/x.com\/outdoorcells\",\"https:\/\/www.instagram.com\/voerbootaccu\/\",\"https:\/\/www.youtube.com\/channel\/UCUWu_rkM0a3qkngzpf7EkMg?view_as=subscriber\"]}]}<\/script>\n<!-- \/ Yoast SEO plugin. -->","yoast_head_json":{"title":"Ladeger\u00e4t 16.8V Lithium Batterie | Outdoorcells.com","description":"Ladeger\u00e4t 16.8v Lithium-Akku mit Stecker. Geeignet f\u00fcr die Off-Grid Pro Box und jeden 4S Li-Ionen-Akku. Bel\u00fcftetes Design f\u00fcr maximalen effizienten Betrieb","robots":{"index":"index","follow":"follow","max-snippet":"max-snippet:-1","max-image-preview":"max-image-preview:large","max-video-preview":"max-video-preview:-1"},"canonical":"https:\/\/outdoorcells.com\/de\/product\/lader-outdoorbox-16-8v-10a-sb50-orange\/","og_locale":"de_DE","og_type":"article","og_title":"Lader 16.8V Lithium Accu | Outdoorcells.com","og_description":"Lader 16.8v lithium accu met stekker. Geschikt voor Off-Grid Pro Box plus iedere 4S Li-ion Accu. Geventileerd ontwerp voor maximale effici\u00ebnte werking","og_url":"https:\/\/outdoorcells.com\/de\/product\/lader-outdoorbox-16-8v-10a-sb50-orange\/","article_publisher":"https:\/\/www.facebook.com\/outdoorcells","article_modified_time":"2025-10-29T10:25:08+00:00","og_image":[{"width":2200,"height":2200,"url":"https:\/\/outdoorcells.com\/wp-content\/uploads\/2021\/10\/Lithium-ion-lader-cc-cv-16.8V-10A.jpg","type":"image\/jpeg"}],"twitter_card":"summary_large_image","twitter_site":"@outdoorcells","twitter_misc":{"Gesch\u00e4tzte Lesezeit":"1\u00a0Minute"},"schema":{"@context":"https:\/\/schema.org","@graph":[{"@type":"WebPage","@id":"https:\/\/outdoorcells.com\/product\/lader-outdoorbox-16-8v-10a-sb50-orange\/","url":"https:\/\/outdoorcells.com\/product\/lader-outdoorbox-16-8v-10a-sb50-orange\/","name":"Ladeger\u00e4t 16.8V Lithium Batterie | Outdoorcells.com","isPartOf":{"@id":"https:\/\/outdoorcells.com\/#website"},"primaryImageOfPage":{"@id":"https:\/\/outdoorcells.com\/product\/lader-outdoorbox-16-8v-10a-sb50-orange\/#primaryimage"},"image":{"@id":"https:\/\/outdoorcells.com\/product\/lader-outdoorbox-16-8v-10a-sb50-orange\/#primaryimage"},"thumbnailUrl":"https:\/\/outdoorcells.com\/wp-content\/uploads\/2021\/10\/Lithium-ion-lader-cc-cv-16.8V-10A.jpg","datePublished":"2021-10-19T08:44:02+00:00","dateModified":"2025-10-29T10:25:08+00:00","description":"Ladeger\u00e4t 16.8v Lithium-Akku mit Stecker. Geeignet f\u00fcr die Off-Grid Pro Box und jeden 4S Li-Ionen-Akku. Bel\u00fcftetes Design f\u00fcr maximalen effizienten Betrieb","breadcrumb":{"@id":"https:\/\/outdoorcells.com\/product\/lader-outdoorbox-16-8v-10a-sb50-orange\/#breadcrumb"},"inLanguage":"de","potentialAction":[{"@type":"ReadAction","target":["https:\/\/outdoorcells.com\/product\/lader-outdoorbox-16-8v-10a-sb50-orange\/"]}]},{"@type":"ImageObject","inLanguage":"de","@id":"https:\/\/outdoorcells.com\/product\/lader-outdoorbox-16-8v-10a-sb50-orange\/#primaryimage","url":"https:\/\/outdoorcells.com\/wp-content\/uploads\/2021\/10\/Lithium-ion-lader-cc-cv-16.8V-10A.jpg","contentUrl":"https:\/\/outdoorcells.com\/wp-content\/uploads\/2021\/10\/Lithium-ion-lader-cc-cv-16.8V-10A.jpg","width":2200,"height":2200,"caption":"lithium lader 16,6v 4s 10a"},{"@type":"BreadcrumbList","@id":"https:\/\/outdoorcells.com\/product\/lader-outdoorbox-16-8v-10a-sb50-orange\/#breadcrumb","itemListElement":[{"@type":"ListItem","position":1,"name":"Home","item":"https:\/\/outdoorcells.com\/"},{"@type":"ListItem","position":2,"name":"shop","item":"https:\/\/outdoorcells.com\/lithium-accu-koffer\/"},{"@type":"ListItem","position":3,"name":"LADER OUTDOORBOX 16.8V 10A SB50 ORANGE"}]},{"@type":"WebSite","@id":"https:\/\/outdoorcells.com\/#website","url":"https:\/\/outdoorcells.com\/","name":"Outdoorcells.com","description":"","publisher":{"@id":"https:\/\/outdoorcells.com\/#organization"},"potentialAction":[{"@type":"SearchAction","target":{"@type":"EntryPoint","urlTemplate":"https:\/\/outdoorcells.com\/?s={search_term_string}"},"query-input":"required name=search_term_string"}],"inLanguage":"de"},{"@type":"Organization","@id":"https:\/\/outdoorcells.com\/#organization","name":"OutdoorCells","url":"https:\/\/outdoorcells.com\/","logo":{"@type":"ImageObject","inLanguage":"de","@id":"https:\/\/outdoorcells.com\/#\/schema\/logo\/image\/","url":"https:\/\/outdoorcells.com\/wp-content\/uploads\/2023\/05\/cropped-favicon.png","contentUrl":"https:\/\/outdoorcells.com\/wp-content\/uploads\/2023\/05\/cropped-favicon.png","width":512,"height":512,"caption":"OutdoorCells"},"image":{"@id":"https:\/\/outdoorcells.com\/#\/schema\/logo\/image\/"},"sameAs":["https:\/\/www.facebook.com\/outdoorcells","https:\/\/x.com\/outdoorcells","https:\/\/www.instagram.com\/voerbootaccu\/","https:\/\/www.youtube.com\/channel\/UCUWu_rkM0a3qkngzpf7EkMg?view_as=subscriber"]}]}},"_links":{"self":[{"href":"https:\/\/outdoorcells.com\/de\/wp-json\/wp\/v2\/product\/4739"}],"collection":[{"href":"https:\/\/outdoorcells.com\/de\/wp-json\/wp\/v2\/product"}],"about":[{"href":"https:\/\/outdoorcells.com\/de\/wp-json\/wp\/v2\/types\/product"}],"wp:featuredmedia":[{"embeddable":true,"href":"https:\/\/outdoorcells.com\/de\/wp-json\/wp\/v2\/media\/4838"}],"wp:attachment":[{"href":"https:\/\/outdoorcells.com\/de\/wp-json\/wp\/v2\/media?parent=4739"}],"wp:term":[{"taxonomy":"product_cat","embeddable":true,"href":"https:\/\/outdoorcells.com\/de\/wp-json\/wp\/v2\/product_cat?post=4739"},{"taxonomy":"product_tag","embeddable":true,"href":"https:\/\/outdoorcells.com\/de\/wp-json\/wp\/v2\/product_tag?post=4739"}],"curies":[{"name":"wp","href":"https:\/\/api.w.org\/{rel}","templated":true}]}}