{"id":4729,"date":"2021-10-18T16:08:34","date_gmt":"2021-10-18T14:08:34","guid":{"rendered":"https:\/\/voerbootaccu.nl\/?post_type=product&#038;p=4729"},"modified":"2025-05-01T15:54:49","modified_gmt":"2025-05-01T13:54:49","slug":"aansluitkabel-echolot-sbs-mini-schwarz","status":"publish","type":"product","link":"https:\/\/outdoorcells.com\/de\/product\/aansluitkabel-dieptemeter-sbs-mini-zwart\/","title":{"rendered":"KABEL FLEXIBEL ANDERSON SBS MINI SCHWARZ"},"content":{"rendered":"<p>Anschlusskabel f\u00fcr Echolot, Futterboot oder Bootspumpe. Anderson SBS Mini schwarz. Flexibles Silikonkabel, das sich z.B. leicht an das Stromkabel Ihres Echolots anschlie\u00dfen l\u00e4sst. Wird komplett mit L\u00f6tzinn und Schrumpfschlauch geliefert. Der SBS-Mini-Stecker ist bereits bei vielen unserer Produkte vorhanden. Um ein Ger\u00e4t mit diesem Stecker an die Batterien anzuschlie\u00dfen, ist dieses Kabel sehr praktisch. Es ist n\u00e4mlich bereits mit Stecker vormontiert. M\u00f6chten Sie den Stecker mit Kontakten lieber selbst montieren und verl\u00f6ten? Dann ist der lose SBS-Mini-Stecker vielleicht die bessere Wahl. Sie finden den losen SBS-Mini-Stecker mit Kontakten <span style=\"color: #00ff00;\"><strong><a style=\"color: #00ff00;\" href=\"https:\/\/outdoorcells.com\/de\/product\/sbs-mini-zwart-pp30-contacten-13-20-awg\/\">HIER<\/a><\/strong><\/span><\/p>\n<h3 class=\"uppercase\">Vorteile Anschlusskabel f\u00fcr Echolot<\/h3>\n<p>Wir von Outdoorcells empfehlen immer die Verwendung von Steckern, um Ihre Angelausr\u00fcstung anzuschlie\u00dfen. So verhindern Sie, dass sich Kabel l\u00f6sen und Ihre Ausr\u00fcstung kaputt geht oder nicht funktioniert. Au\u00dferdem verhindern Sie Kurzschl\u00fcsse und ein Stecker ist um ein Vielfaches praktischer als z.B. ein Kabelschuh. Durch die Verwendung von Anderson-Steckern mit oder ohne Kabel ist Ihre Angelausr\u00fcstung sofort mit einer gro\u00dfen Anzahl von Artikeln aus unserem Sortiment kompatibel. Der SBS-Mini-Stecker ist beispielsweise serienm\u00e4\u00dfig mit unseren Mini-Outdoor-Boxen und den standardm\u00e4\u00dfigen 12V 12AH, 15AH und 18AH Li-Ion-Akkus ausgestattet. Wenn Sie das Stromversorgungskabel Ihres Ger\u00e4tes mit diesem flexiblen Anderson SBS Mini Black Anschlusskabel versehen, k\u00f6nnen Sie das Ger\u00e4t direkt anschlie\u00dfen. Haben Sie mehrere Ger\u00e4te mit unterschiedlichen Spannungen? Um diese voneinander zu trennen, ist es f\u00fcr Sie interessant, das rote Anderson SBS Mini auch in diesem Fall zu verwenden. Sie finden es <span style=\"color: #00ff00;\"><strong><a style=\"color: #00ff00;\" href=\"https:\/\/outdoorcells.com\/de\/product\/kabel-flexibel-anderson-sbs-mini-rood\/\">HIER<\/a><\/strong><\/span><\/p>","protected":false},"excerpt":{"rendered":"<p>Aansluitkabel voor dieptemeter, voerboot of bootpomp. Anderson SBS Mini zwart. Flexibele siliconen kabel, \u00e9\u00e9nvoudig te monteren aan bijvoorbeeld de stroomkabel van uw dieptemeter. Compleet geleverd met soldeertin en krimpkous. De SBS-Mini stekker is reeds op tal van onze producten aanwezig, om op deze accu&#8217;s met deze stekker een apparaat aan te sluiten is deze kabel [&#8230;]\n","protected":false},"featured_media":4730,"template":"","meta":[],"product_cat":[144],"product_tag":[],"yoast_head":"<!-- This site is optimized with the Yoast SEO plugin v23.3 - https:\/\/yoast.com\/wordpress\/plugins\/seo\/ -->\n<title>Aansluitkabel Dieptemeter | Outdoorcells.com<\/title>\n<meta name=\"description\" content=\"Aansluitkabel voor dieptemeter, voerboot of bootpomp. maar ook alle ander 12V apparatuur. Geleverd met soldeertin en krimpkous. Origineel Anderson\" \/>\n<meta name=\"robots\" content=\"index, follow, max-snippet:-1, max-image-preview:large, max-video-preview:-1\" \/>\n<link rel=\"canonical\" href=\"https:\/\/outdoorcells.com\/de\/product\/aansluitkabel-echolot-sbs-mini-schwarz\/\" \/>\n<meta property=\"og:locale\" content=\"de_DE\" \/>\n<meta property=\"og:type\" content=\"article\" \/>\n<meta property=\"og:title\" content=\"Aansluitkabel Dieptemeter | Outdoorcells.com\" \/>\n<meta property=\"og:description\" content=\"Aansluitkabel voor dieptemeter, voerboot of bootpomp. maar ook alle ander 12V apparatuur. Geleverd met soldeertin en krimpkous. Origineel Anderson\" \/>\n<meta property=\"og:url\" content=\"https:\/\/outdoorcells.com\/de\/product\/aansluitkabel-echolot-sbs-mini-schwarz\/\" \/>\n<meta property=\"article:publisher\" content=\"https:\/\/www.facebook.com\/outdoorcells\" \/>\n<meta property=\"article:modified_time\" content=\"2025-05-01T13:54:49+00:00\" \/>\n<meta property=\"og:image\" content=\"https:\/\/outdoorcells.com\/wp-content\/uploads\/2021\/10\/Siliconen-Kable-met-SBS-mini-stekker-zwart-13AWG.jpg\" \/>\n\t<meta property=\"og:image:width\" content=\"2200\" \/>\n\t<meta property=\"og:image:height\" content=\"2200\" \/>\n\t<meta property=\"og:image:type\" content=\"image\/jpeg\" \/>\n<meta name=\"twitter:card\" content=\"summary_large_image\" \/>\n<meta name=\"twitter:site\" content=\"@outdoorcells\" \/>\n<meta name=\"twitter:label1\" content=\"Gesch\u00e4tzte Lesezeit\" \/>\n\t<meta name=\"twitter:data1\" content=\"1\u00a0Minute\" \/>\n<script type=\"application\/ld+json\" class=\"yoast-schema-graph\">{\"@context\":\"https:\/\/schema.org\",\"@graph\":[{\"@type\":\"WebPage\",\"@id\":\"https:\/\/outdoorcells.com\/product\/aansluitkabel-dieptemeter-sbs-mini-zwart\/\",\"url\":\"https:\/\/outdoorcells.com\/product\/aansluitkabel-dieptemeter-sbs-mini-zwart\/\",\"name\":\"Aansluitkabel Dieptemeter | Outdoorcells.com\",\"isPartOf\":{\"@id\":\"https:\/\/outdoorcells.com\/#website\"},\"primaryImageOfPage\":{\"@id\":\"https:\/\/outdoorcells.com\/product\/aansluitkabel-dieptemeter-sbs-mini-zwart\/#primaryimage\"},\"image\":{\"@id\":\"https:\/\/outdoorcells.com\/product\/aansluitkabel-dieptemeter-sbs-mini-zwart\/#primaryimage\"},\"thumbnailUrl\":\"https:\/\/outdoorcells.com\/wp-content\/uploads\/2021\/10\/Siliconen-Kable-met-SBS-mini-stekker-zwart-13AWG.jpg\",\"datePublished\":\"2021-10-18T14:08:34+00:00\",\"dateModified\":\"2025-05-01T13:54:49+00:00\",\"description\":\"Aansluitkabel voor dieptemeter, voerboot of bootpomp. maar ook alle ander 12V apparatuur. Geleverd met soldeertin en krimpkous. Origineel Anderson\",\"breadcrumb\":{\"@id\":\"https:\/\/outdoorcells.com\/product\/aansluitkabel-dieptemeter-sbs-mini-zwart\/#breadcrumb\"},\"inLanguage\":\"de\",\"potentialAction\":[{\"@type\":\"ReadAction\",\"target\":[\"https:\/\/outdoorcells.com\/product\/aansluitkabel-dieptemeter-sbs-mini-zwart\/\"]}]},{\"@type\":\"ImageObject\",\"inLanguage\":\"de\",\"@id\":\"https:\/\/outdoorcells.com\/product\/aansluitkabel-dieptemeter-sbs-mini-zwart\/#primaryimage\",\"url\":\"https:\/\/outdoorcells.com\/wp-content\/uploads\/2021\/10\/Siliconen-Kable-met-SBS-mini-stekker-zwart-13AWG.jpg\",\"contentUrl\":\"https:\/\/outdoorcells.com\/wp-content\/uploads\/2021\/10\/Siliconen-Kable-met-SBS-mini-stekker-zwart-13AWG.jpg\",\"width\":2200,\"height\":2200,\"caption\":\"kabel sbs mini zwart dieptemeter\"},{\"@type\":\"BreadcrumbList\",\"@id\":\"https:\/\/outdoorcells.com\/product\/aansluitkabel-dieptemeter-sbs-mini-zwart\/#breadcrumb\",\"itemListElement\":[{\"@type\":\"ListItem\",\"position\":1,\"name\":\"Home\",\"item\":\"https:\/\/outdoorcells.com\/\"},{\"@type\":\"ListItem\",\"position\":2,\"name\":\"shop\",\"item\":\"https:\/\/outdoorcells.com\/lithium-accu-koffer\/\"},{\"@type\":\"ListItem\",\"position\":3,\"name\":\"KABEL FLEXIBEL ANDERSON SBS MINI ZWART\"}]},{\"@type\":\"WebSite\",\"@id\":\"https:\/\/outdoorcells.com\/#website\",\"url\":\"https:\/\/outdoorcells.com\/\",\"name\":\"Outdoorcells.com\",\"description\":\"\",\"publisher\":{\"@id\":\"https:\/\/outdoorcells.com\/#organization\"},\"potentialAction\":[{\"@type\":\"SearchAction\",\"target\":{\"@type\":\"EntryPoint\",\"urlTemplate\":\"https:\/\/outdoorcells.com\/?s={search_term_string}\"},\"query-input\":\"required name=search_term_string\"}],\"inLanguage\":\"de\"},{\"@type\":\"Organization\",\"@id\":\"https:\/\/outdoorcells.com\/#organization\",\"name\":\"OutdoorCells\",\"url\":\"https:\/\/outdoorcells.com\/\",\"logo\":{\"@type\":\"ImageObject\",\"inLanguage\":\"de\",\"@id\":\"https:\/\/outdoorcells.com\/#\/schema\/logo\/image\/\",\"url\":\"https:\/\/outdoorcells.com\/wp-content\/uploads\/2023\/05\/cropped-favicon.png\",\"contentUrl\":\"https:\/\/outdoorcells.com\/wp-content\/uploads\/2023\/05\/cropped-favicon.png\",\"width\":512,\"height\":512,\"caption\":\"OutdoorCells\"},\"image\":{\"@id\":\"https:\/\/outdoorcells.com\/#\/schema\/logo\/image\/\"},\"sameAs\":[\"https:\/\/www.facebook.com\/outdoorcells\",\"https:\/\/x.com\/outdoorcells\",\"https:\/\/www.instagram.com\/voerbootaccu\/\",\"https:\/\/www.youtube.com\/channel\/UCUWu_rkM0a3qkngzpf7EkMg?view_as=subscriber\"]}]}<\/script>\n<!-- \/ Yoast SEO plugin. -->","yoast_head_json":{"title":"Anschlusskabel Echolot | Outdoorcells.com","description":"Anschlusskabel f\u00fcr Echolot, Futterboot oder Bootspumpe, aber auch f\u00fcr alle anderen 12V-Ger\u00e4te. Wird mit L\u00f6tzinn und Schrumpfschlauch geliefert. Original Anderson","robots":{"index":"index","follow":"follow","max-snippet":"max-snippet:-1","max-image-preview":"max-image-preview:large","max-video-preview":"max-video-preview:-1"},"canonical":"https:\/\/outdoorcells.com\/de\/product\/aansluitkabel-echolot-sbs-mini-schwarz\/","og_locale":"de_DE","og_type":"article","og_title":"Aansluitkabel Dieptemeter | Outdoorcells.com","og_description":"Aansluitkabel voor dieptemeter, voerboot of bootpomp. maar ook alle ander 12V apparatuur. Geleverd met soldeertin en krimpkous. Origineel Anderson","og_url":"https:\/\/outdoorcells.com\/de\/product\/aansluitkabel-echolot-sbs-mini-schwarz\/","article_publisher":"https:\/\/www.facebook.com\/outdoorcells","article_modified_time":"2025-05-01T13:54:49+00:00","og_image":[{"width":2200,"height":2200,"url":"https:\/\/outdoorcells.com\/wp-content\/uploads\/2021\/10\/Siliconen-Kable-met-SBS-mini-stekker-zwart-13AWG.jpg","type":"image\/jpeg"}],"twitter_card":"summary_large_image","twitter_site":"@outdoorcells","twitter_misc":{"Gesch\u00e4tzte Lesezeit":"1\u00a0Minute"},"schema":{"@context":"https:\/\/schema.org","@graph":[{"@type":"WebPage","@id":"https:\/\/outdoorcells.com\/product\/aansluitkabel-dieptemeter-sbs-mini-zwart\/","url":"https:\/\/outdoorcells.com\/product\/aansluitkabel-dieptemeter-sbs-mini-zwart\/","name":"Anschlusskabel Echolot | Outdoorcells.com","isPartOf":{"@id":"https:\/\/outdoorcells.com\/#website"},"primaryImageOfPage":{"@id":"https:\/\/outdoorcells.com\/product\/aansluitkabel-dieptemeter-sbs-mini-zwart\/#primaryimage"},"image":{"@id":"https:\/\/outdoorcells.com\/product\/aansluitkabel-dieptemeter-sbs-mini-zwart\/#primaryimage"},"thumbnailUrl":"https:\/\/outdoorcells.com\/wp-content\/uploads\/2021\/10\/Siliconen-Kable-met-SBS-mini-stekker-zwart-13AWG.jpg","datePublished":"2021-10-18T14:08:34+00:00","dateModified":"2025-05-01T13:54:49+00:00","description":"Anschlusskabel f\u00fcr Echolot, Futterboot oder Bootspumpe, aber auch f\u00fcr alle anderen 12V-Ger\u00e4te. Wird mit L\u00f6tzinn und Schrumpfschlauch geliefert. Original Anderson","breadcrumb":{"@id":"https:\/\/outdoorcells.com\/product\/aansluitkabel-dieptemeter-sbs-mini-zwart\/#breadcrumb"},"inLanguage":"de","potentialAction":[{"@type":"ReadAction","target":["https:\/\/outdoorcells.com\/product\/aansluitkabel-dieptemeter-sbs-mini-zwart\/"]}]},{"@type":"ImageObject","inLanguage":"de","@id":"https:\/\/outdoorcells.com\/product\/aansluitkabel-dieptemeter-sbs-mini-zwart\/#primaryimage","url":"https:\/\/outdoorcells.com\/wp-content\/uploads\/2021\/10\/Siliconen-Kable-met-SBS-mini-stekker-zwart-13AWG.jpg","contentUrl":"https:\/\/outdoorcells.com\/wp-content\/uploads\/2021\/10\/Siliconen-Kable-met-SBS-mini-stekker-zwart-13AWG.jpg","width":2200,"height":2200,"caption":"kabel sbs mini zwart dieptemeter"},{"@type":"BreadcrumbList","@id":"https:\/\/outdoorcells.com\/product\/aansluitkabel-dieptemeter-sbs-mini-zwart\/#breadcrumb","itemListElement":[{"@type":"ListItem","position":1,"name":"Home","item":"https:\/\/outdoorcells.com\/"},{"@type":"ListItem","position":2,"name":"shop","item":"https:\/\/outdoorcells.com\/lithium-accu-koffer\/"},{"@type":"ListItem","position":3,"name":"KABEL FLEXIBEL ANDERSON SBS MINI ZWART"}]},{"@type":"WebSite","@id":"https:\/\/outdoorcells.com\/#website","url":"https:\/\/outdoorcells.com\/","name":"Outdoorcells.com","description":"","publisher":{"@id":"https:\/\/outdoorcells.com\/#organization"},"potentialAction":[{"@type":"SearchAction","target":{"@type":"EntryPoint","urlTemplate":"https:\/\/outdoorcells.com\/?s={search_term_string}"},"query-input":"required name=search_term_string"}],"inLanguage":"de"},{"@type":"Organization","@id":"https:\/\/outdoorcells.com\/#organization","name":"OutdoorCells","url":"https:\/\/outdoorcells.com\/","logo":{"@type":"ImageObject","inLanguage":"de","@id":"https:\/\/outdoorcells.com\/#\/schema\/logo\/image\/","url":"https:\/\/outdoorcells.com\/wp-content\/uploads\/2023\/05\/cropped-favicon.png","contentUrl":"https:\/\/outdoorcells.com\/wp-content\/uploads\/2023\/05\/cropped-favicon.png","width":512,"height":512,"caption":"OutdoorCells"},"image":{"@id":"https:\/\/outdoorcells.com\/#\/schema\/logo\/image\/"},"sameAs":["https:\/\/www.facebook.com\/outdoorcells","https:\/\/x.com\/outdoorcells","https:\/\/www.instagram.com\/voerbootaccu\/","https:\/\/www.youtube.com\/channel\/UCUWu_rkM0a3qkngzpf7EkMg?view_as=subscriber"]}]}},"_links":{"self":[{"href":"https:\/\/outdoorcells.com\/de\/wp-json\/wp\/v2\/product\/4729"}],"collection":[{"href":"https:\/\/outdoorcells.com\/de\/wp-json\/wp\/v2\/product"}],"about":[{"href":"https:\/\/outdoorcells.com\/de\/wp-json\/wp\/v2\/types\/product"}],"wp:featuredmedia":[{"embeddable":true,"href":"https:\/\/outdoorcells.com\/de\/wp-json\/wp\/v2\/media\/4730"}],"wp:attachment":[{"href":"https:\/\/outdoorcells.com\/de\/wp-json\/wp\/v2\/media?parent=4729"}],"wp:term":[{"taxonomy":"product_cat","embeddable":true,"href":"https:\/\/outdoorcells.com\/de\/wp-json\/wp\/v2\/product_cat?post=4729"},{"taxonomy":"product_tag","embeddable":true,"href":"https:\/\/outdoorcells.com\/de\/wp-json\/wp\/v2\/product_tag?post=4729"}],"curies":[{"name":"wp","href":"https:\/\/api.w.org\/{rel}","templated":true}]}}