{"id":4727,"date":"2021-10-18T16:03:34","date_gmt":"2021-10-18T14:03:34","guid":{"rendered":"https:\/\/voerbootaccu.nl\/?post_type=product&#038;p=4727"},"modified":"2025-05-05T15:41:29","modified_gmt":"2025-05-05T13:41:29","slug":"aansluitset-bootapparatuur-anderson-sbs-mini-rood","status":"publish","type":"product","link":"https:\/\/outdoorcells.com\/de\/product\/aansluitset-bootapparatuur-anderson-sbs-mini-rood\/","title":{"rendered":"KABEL FLEXIBEL ANDERSON SBS MINI ROT"},"content":{"rendered":"<p>Anschlusskabel f\u00fcr Echolot, Futterboot oder Bootspumpe. Anderson SBS Mini Rot. Flexibles Silikonkabel, das sich z.B. leicht an das Stromkabel Ihres Echolots anschlie\u00dfen l\u00e4sst. Wird komplett mit L\u00f6tzinn und Schrumpfschlauch geliefert. Der SBS-Mini-Stecker ist bereits bei vielen unserer Produkte vorhanden. Um ein Ger\u00e4t mit diesem Stecker an die Batterien anzuschlie\u00dfen, ist dieses Kabel sehr praktisch. Es ist n\u00e4mlich bereits mit Stecker vormontiert. M\u00f6chten Sie den Stecker mit Kontakten lieber selbst montieren und verl\u00f6ten? Dann ist der lose SBS-Mini-Stecker vielleicht die bessere Wahl. Sie finden den losen SBS-Mini-Stecker mit Kontakten <a href=\"https:\/\/outdoorcells.com\/de\/product\/sbs-mini-rood-pp30-contacten-13-20-awg\/\"><span style=\"color: #00ff00;\"><strong>HIER<\/strong><\/span><\/a><\/p>\n<h3 class=\"uppercase\">Vorteile Bootsausr\u00fcstung Anschluss-Set<\/h3>\n<p>Wir von Outdoorcells empfehlen immer die Verwendung von Steckern, um Ihre Angelausr\u00fcstung anzuschlie\u00dfen. So verhindern Sie, dass sich Kabel l\u00f6sen und zu Ausf\u00e4llen oder Fehlfunktionen Ihrer Ausr\u00fcstung f\u00fchren. Au\u00dferdem verhindern Sie Kurzschl\u00fcsse und ein Stecker ist um ein Vielfaches praktischer als z.B. Kabelverbinder. Mit dem separaten SBS Mini rot k\u00f6nnen Sie Ihre Ausr\u00fcstung leicht kompatibel machen. Vergessen Sie nicht, auch Ihr Batterieladeger\u00e4t mit einem roten Anderson-Stecker auszustatten. Das macht das Aufladen Ihres Akkus einfacher und sicherer. Das flexible, vorsortierte Kabel minimiert das Risiko eines Kabelbruchs. Haben Sie mehrere Ger\u00e4te mit unterschiedlichen Spannungen? Um diese zu trennen, ist es f\u00fcr Sie interessant, auch in diesem Fall den schwarzen Anderson SBS Mini zu verwenden. Sie finden diese <span style=\"color: #00ff00;\"><strong><a style=\"color: #00ff00;\" href=\"https:\/\/outdoorcells.com\/de\/product\/aansluitkabel-echolot-sbs-mini-schwarz\/\">HIER<\/a><\/strong><\/span><\/p>","protected":false},"excerpt":{"rendered":"<p>Aansluitset bootapparatuur. Ideaal voor dieptemeter, voerboot of bootpomp. Anderson SBS Mini rood. Flexibele siliconen kabel, \u00e9\u00e9nvoudig te monteren aan bijvoorbeeld de stroomkabel van uw fish finder. Compleet geleverd met soldeertin en krimpkous. De SBS-Mini stekker is reeds op tal van onze producten aanwezig, om op deze accu&#8217;s met deze stekker een apparaat aan te sluiten [&#8230;]\n","protected":false},"featured_media":4728,"template":"","meta":[],"product_cat":[144],"product_tag":[],"yoast_head":"<!-- This site is optimized with the Yoast SEO plugin v23.3 - https:\/\/yoast.com\/wordpress\/plugins\/seo\/ -->\n<title>Aansluitset Bootapparatuur | Outdoorcells.com<\/title>\n<meta name=\"description\" content=\"Aansluitset bootapparatuur. Flexibele kabel met anderson stekker. Voor gemonteerde SBS Mini rood. Snel en eenvoudig te monteren aan uw visapparatuur.\" \/>\n<meta name=\"robots\" content=\"index, follow, max-snippet:-1, max-image-preview:large, max-video-preview:-1\" \/>\n<link rel=\"canonical\" href=\"https:\/\/outdoorcells.com\/de\/product\/aansluitset-bootapparatuur-anderson-sbs-mini-rood\/\" \/>\n<meta property=\"og:locale\" content=\"de_DE\" \/>\n<meta property=\"og:type\" content=\"article\" \/>\n<meta property=\"og:title\" content=\"Aansluitset Bootapparatuur | Outdoorcells.com\" \/>\n<meta property=\"og:description\" content=\"Aansluitset bootapparatuur. Flexibele kabel met anderson stekker. Voor gemonteerde SBS Mini rood. Snel en eenvoudig te monteren aan uw visapparatuur.\" \/>\n<meta property=\"og:url\" content=\"https:\/\/outdoorcells.com\/de\/product\/aansluitset-bootapparatuur-anderson-sbs-mini-rood\/\" \/>\n<meta property=\"article:publisher\" content=\"https:\/\/www.facebook.com\/outdoorcells\" \/>\n<meta property=\"article:modified_time\" content=\"2025-05-05T13:41:29+00:00\" \/>\n<meta property=\"og:image\" content=\"https:\/\/outdoorcells.com\/wp-content\/uploads\/2021\/10\/Siliconen-Kable-met-SBS-mini-stekker-rood-13AWG.jpg\" \/>\n\t<meta property=\"og:image:width\" content=\"2200\" \/>\n\t<meta property=\"og:image:height\" content=\"2200\" \/>\n\t<meta property=\"og:image:type\" content=\"image\/jpeg\" \/>\n<meta name=\"twitter:card\" content=\"summary_large_image\" \/>\n<meta name=\"twitter:site\" content=\"@outdoorcells\" \/>\n<meta name=\"twitter:label1\" content=\"Gesch\u00e4tzte Lesezeit\" \/>\n\t<meta name=\"twitter:data1\" content=\"1\u00a0Minute\" \/>\n<script type=\"application\/ld+json\" class=\"yoast-schema-graph\">{\"@context\":\"https:\/\/schema.org\",\"@graph\":[{\"@type\":\"WebPage\",\"@id\":\"https:\/\/outdoorcells.com\/product\/aansluitset-bootapparatuur-anderson-sbs-mini-rood\/\",\"url\":\"https:\/\/outdoorcells.com\/product\/aansluitset-bootapparatuur-anderson-sbs-mini-rood\/\",\"name\":\"Aansluitset Bootapparatuur | Outdoorcells.com\",\"isPartOf\":{\"@id\":\"https:\/\/outdoorcells.com\/#website\"},\"primaryImageOfPage\":{\"@id\":\"https:\/\/outdoorcells.com\/product\/aansluitset-bootapparatuur-anderson-sbs-mini-rood\/#primaryimage\"},\"image\":{\"@id\":\"https:\/\/outdoorcells.com\/product\/aansluitset-bootapparatuur-anderson-sbs-mini-rood\/#primaryimage\"},\"thumbnailUrl\":\"https:\/\/outdoorcells.com\/wp-content\/uploads\/2021\/10\/Siliconen-Kable-met-SBS-mini-stekker-rood-13AWG.jpg\",\"datePublished\":\"2021-10-18T14:03:34+00:00\",\"dateModified\":\"2025-05-05T13:41:29+00:00\",\"description\":\"Aansluitset bootapparatuur. Flexibele kabel met anderson stekker. Voor gemonteerde SBS Mini rood. Snel en eenvoudig te monteren aan uw visapparatuur.\",\"breadcrumb\":{\"@id\":\"https:\/\/outdoorcells.com\/product\/aansluitset-bootapparatuur-anderson-sbs-mini-rood\/#breadcrumb\"},\"inLanguage\":\"de\",\"potentialAction\":[{\"@type\":\"ReadAction\",\"target\":[\"https:\/\/outdoorcells.com\/product\/aansluitset-bootapparatuur-anderson-sbs-mini-rood\/\"]}]},{\"@type\":\"ImageObject\",\"inLanguage\":\"de\",\"@id\":\"https:\/\/outdoorcells.com\/product\/aansluitset-bootapparatuur-anderson-sbs-mini-rood\/#primaryimage\",\"url\":\"https:\/\/outdoorcells.com\/wp-content\/uploads\/2021\/10\/Siliconen-Kable-met-SBS-mini-stekker-rood-13AWG.jpg\",\"contentUrl\":\"https:\/\/outdoorcells.com\/wp-content\/uploads\/2021\/10\/Siliconen-Kable-met-SBS-mini-stekker-rood-13AWG.jpg\",\"width\":2200,\"height\":2200,\"caption\":\"aansluitset bootapparatuur\"},{\"@type\":\"BreadcrumbList\",\"@id\":\"https:\/\/outdoorcells.com\/product\/aansluitset-bootapparatuur-anderson-sbs-mini-rood\/#breadcrumb\",\"itemListElement\":[{\"@type\":\"ListItem\",\"position\":1,\"name\":\"Home\",\"item\":\"https:\/\/outdoorcells.com\/\"},{\"@type\":\"ListItem\",\"position\":2,\"name\":\"shop\",\"item\":\"https:\/\/outdoorcells.com\/lithium-accu-koffer\/\"},{\"@type\":\"ListItem\",\"position\":3,\"name\":\"KABEL FLEXIBEL ANDERSON SBS MINI ROOD\"}]},{\"@type\":\"WebSite\",\"@id\":\"https:\/\/outdoorcells.com\/#website\",\"url\":\"https:\/\/outdoorcells.com\/\",\"name\":\"Outdoorcells.com\",\"description\":\"\",\"publisher\":{\"@id\":\"https:\/\/outdoorcells.com\/#organization\"},\"potentialAction\":[{\"@type\":\"SearchAction\",\"target\":{\"@type\":\"EntryPoint\",\"urlTemplate\":\"https:\/\/outdoorcells.com\/?s={search_term_string}\"},\"query-input\":\"required name=search_term_string\"}],\"inLanguage\":\"de\"},{\"@type\":\"Organization\",\"@id\":\"https:\/\/outdoorcells.com\/#organization\",\"name\":\"OutdoorCells\",\"url\":\"https:\/\/outdoorcells.com\/\",\"logo\":{\"@type\":\"ImageObject\",\"inLanguage\":\"de\",\"@id\":\"https:\/\/outdoorcells.com\/#\/schema\/logo\/image\/\",\"url\":\"https:\/\/outdoorcells.com\/wp-content\/uploads\/2023\/05\/cropped-favicon.png\",\"contentUrl\":\"https:\/\/outdoorcells.com\/wp-content\/uploads\/2023\/05\/cropped-favicon.png\",\"width\":512,\"height\":512,\"caption\":\"OutdoorCells\"},\"image\":{\"@id\":\"https:\/\/outdoorcells.com\/#\/schema\/logo\/image\/\"},\"sameAs\":[\"https:\/\/www.facebook.com\/outdoorcells\",\"https:\/\/x.com\/outdoorcells\",\"https:\/\/www.instagram.com\/voerbootaccu\/\",\"https:\/\/www.youtube.com\/channel\/UCUWu_rkM0a3qkngzpf7EkMg?view_as=subscriber\"]}]}<\/script>\n<!-- \/ Yoast SEO plugin. -->","yoast_head_json":{"title":"Anschluss-Set Bootsausr\u00fcstung | Outdoorcells.com","description":"Anschluss-Set f\u00fcr Bootsausr\u00fcstung. Flexibles Kabel mit Anderson-Stecker. F\u00fcr montierte SBS Mini rot. Schnell und einfach an Ihre Angelger\u00e4te zu montieren.","robots":{"index":"index","follow":"follow","max-snippet":"max-snippet:-1","max-image-preview":"max-image-preview:large","max-video-preview":"max-video-preview:-1"},"canonical":"https:\/\/outdoorcells.com\/de\/product\/aansluitset-bootapparatuur-anderson-sbs-mini-rood\/","og_locale":"de_DE","og_type":"article","og_title":"Aansluitset Bootapparatuur | Outdoorcells.com","og_description":"Aansluitset bootapparatuur. Flexibele kabel met anderson stekker. Voor gemonteerde SBS Mini rood. Snel en eenvoudig te monteren aan uw visapparatuur.","og_url":"https:\/\/outdoorcells.com\/de\/product\/aansluitset-bootapparatuur-anderson-sbs-mini-rood\/","article_publisher":"https:\/\/www.facebook.com\/outdoorcells","article_modified_time":"2025-05-05T13:41:29+00:00","og_image":[{"width":2200,"height":2200,"url":"https:\/\/outdoorcells.com\/wp-content\/uploads\/2021\/10\/Siliconen-Kable-met-SBS-mini-stekker-rood-13AWG.jpg","type":"image\/jpeg"}],"twitter_card":"summary_large_image","twitter_site":"@outdoorcells","twitter_misc":{"Gesch\u00e4tzte Lesezeit":"1\u00a0Minute"},"schema":{"@context":"https:\/\/schema.org","@graph":[{"@type":"WebPage","@id":"https:\/\/outdoorcells.com\/product\/aansluitset-bootapparatuur-anderson-sbs-mini-rood\/","url":"https:\/\/outdoorcells.com\/product\/aansluitset-bootapparatuur-anderson-sbs-mini-rood\/","name":"Anschluss-Set Bootsausr\u00fcstung | Outdoorcells.com","isPartOf":{"@id":"https:\/\/outdoorcells.com\/#website"},"primaryImageOfPage":{"@id":"https:\/\/outdoorcells.com\/product\/aansluitset-bootapparatuur-anderson-sbs-mini-rood\/#primaryimage"},"image":{"@id":"https:\/\/outdoorcells.com\/product\/aansluitset-bootapparatuur-anderson-sbs-mini-rood\/#primaryimage"},"thumbnailUrl":"https:\/\/outdoorcells.com\/wp-content\/uploads\/2021\/10\/Siliconen-Kable-met-SBS-mini-stekker-rood-13AWG.jpg","datePublished":"2021-10-18T14:03:34+00:00","dateModified":"2025-05-05T13:41:29+00:00","description":"Anschluss-Set f\u00fcr Bootsausr\u00fcstung. Flexibles Kabel mit Anderson-Stecker. F\u00fcr montierte SBS Mini rot. Schnell und einfach an Ihre Angelger\u00e4te zu montieren.","breadcrumb":{"@id":"https:\/\/outdoorcells.com\/product\/aansluitset-bootapparatuur-anderson-sbs-mini-rood\/#breadcrumb"},"inLanguage":"de","potentialAction":[{"@type":"ReadAction","target":["https:\/\/outdoorcells.com\/product\/aansluitset-bootapparatuur-anderson-sbs-mini-rood\/"]}]},{"@type":"ImageObject","inLanguage":"de","@id":"https:\/\/outdoorcells.com\/product\/aansluitset-bootapparatuur-anderson-sbs-mini-rood\/#primaryimage","url":"https:\/\/outdoorcells.com\/wp-content\/uploads\/2021\/10\/Siliconen-Kable-met-SBS-mini-stekker-rood-13AWG.jpg","contentUrl":"https:\/\/outdoorcells.com\/wp-content\/uploads\/2021\/10\/Siliconen-Kable-met-SBS-mini-stekker-rood-13AWG.jpg","width":2200,"height":2200,"caption":"aansluitset bootapparatuur"},{"@type":"BreadcrumbList","@id":"https:\/\/outdoorcells.com\/product\/aansluitset-bootapparatuur-anderson-sbs-mini-rood\/#breadcrumb","itemListElement":[{"@type":"ListItem","position":1,"name":"Home","item":"https:\/\/outdoorcells.com\/"},{"@type":"ListItem","position":2,"name":"shop","item":"https:\/\/outdoorcells.com\/lithium-accu-koffer\/"},{"@type":"ListItem","position":3,"name":"KABEL FLEXIBEL ANDERSON SBS MINI ROOD"}]},{"@type":"WebSite","@id":"https:\/\/outdoorcells.com\/#website","url":"https:\/\/outdoorcells.com\/","name":"Outdoorcells.com","description":"","publisher":{"@id":"https:\/\/outdoorcells.com\/#organization"},"potentialAction":[{"@type":"SearchAction","target":{"@type":"EntryPoint","urlTemplate":"https:\/\/outdoorcells.com\/?s={search_term_string}"},"query-input":"required name=search_term_string"}],"inLanguage":"de"},{"@type":"Organization","@id":"https:\/\/outdoorcells.com\/#organization","name":"OutdoorCells","url":"https:\/\/outdoorcells.com\/","logo":{"@type":"ImageObject","inLanguage":"de","@id":"https:\/\/outdoorcells.com\/#\/schema\/logo\/image\/","url":"https:\/\/outdoorcells.com\/wp-content\/uploads\/2023\/05\/cropped-favicon.png","contentUrl":"https:\/\/outdoorcells.com\/wp-content\/uploads\/2023\/05\/cropped-favicon.png","width":512,"height":512,"caption":"OutdoorCells"},"image":{"@id":"https:\/\/outdoorcells.com\/#\/schema\/logo\/image\/"},"sameAs":["https:\/\/www.facebook.com\/outdoorcells","https:\/\/x.com\/outdoorcells","https:\/\/www.instagram.com\/voerbootaccu\/","https:\/\/www.youtube.com\/channel\/UCUWu_rkM0a3qkngzpf7EkMg?view_as=subscriber"]}]}},"_links":{"self":[{"href":"https:\/\/outdoorcells.com\/de\/wp-json\/wp\/v2\/product\/4727"}],"collection":[{"href":"https:\/\/outdoorcells.com\/de\/wp-json\/wp\/v2\/product"}],"about":[{"href":"https:\/\/outdoorcells.com\/de\/wp-json\/wp\/v2\/types\/product"}],"wp:featuredmedia":[{"embeddable":true,"href":"https:\/\/outdoorcells.com\/de\/wp-json\/wp\/v2\/media\/4728"}],"wp:attachment":[{"href":"https:\/\/outdoorcells.com\/de\/wp-json\/wp\/v2\/media?parent=4727"}],"wp:term":[{"taxonomy":"product_cat","embeddable":true,"href":"https:\/\/outdoorcells.com\/de\/wp-json\/wp\/v2\/product_cat?post=4727"},{"taxonomy":"product_tag","embeddable":true,"href":"https:\/\/outdoorcells.com\/de\/wp-json\/wp\/v2\/product_tag?post=4727"}],"curies":[{"name":"wp","href":"https:\/\/api.w.org\/{rel}","templated":true}]}}