{"id":4724,"date":"2021-10-18T15:58:13","date_gmt":"2021-10-18T13:58:13","guid":{"rendered":"https:\/\/voerbootaccu.nl\/?post_type=product&#038;p=4724"},"modified":"2025-05-01T15:55:02","modified_gmt":"2025-05-01T13:55:02","slug":"kabel-anderson-sbs-mini-zwart-bravo-female","status":"publish","type":"product","link":"https:\/\/outdoorcells.com\/de\/product\/kabel-anderson-sbs-mini-zwart-bravo-female\/","title":{"rendered":"KABEL ANDERSON SBS MINI SCHWARZ &gt; BRAVO BUCHSE"},"content":{"rendered":"<p>Kabel Bravo Luftpumpe. Verbindungskabel Anderson SBS Mini schwarz zu Bravo Connector. Adapterkabel zum Anschluss der Bravo-Luftpumpe (Bootspumpe) mit den <span style=\"color: #00ff00;\"><strong><a style=\"color: #00ff00;\" href=\"https:\/\/outdoorcells.com\/de\/produkt-kategorie\/karpervisser-camping-accu\/\">Outdoorbox Mini Case<\/a><\/strong><\/span> zu verbinden. Auch geeignet f\u00fcr Standard-Lithium-Ionen-Batterien 12AH, 15AH und 18AH. Ein mit SB oder SBS gekennzeichneter Anderson-Stecker hat keine Gegenstecker (m\u00e4nnlich\/weiblich). Diese Stecker passen, sofern sie die gleiche Farbe haben, immer zusammen. Um ein Ger\u00e4t an eine Lithium-Ionen-Batterie anzuschlie\u00dfen, ben\u00f6tigen Sie also zwei Stecker desselben Typs und derselben Farbe. Die oben erw\u00e4hnten Batterien Outdoorbox und outdoorcells werden standardm\u00e4\u00dfig mit einem Anderson-Stecker geliefert. Mit diesem Kabel ist es also m\u00f6glich, eine Bravo-Pumpe ohne komplizierte Montagearbeiten direkt anzuschlie\u00dfen.<\/p>\n<h3 class=\"uppercase\">vorteile anderson stecker<\/h3>\n<p>Anderson-Stecker sind hochwertige und korrosionsbest\u00e4ndige Stecker, die f\u00fcr den Au\u00dfeneinsatz geeignet sind. Das anderson zu bravo Steckerkabel bietet den Vorteil, dass die Steckergeh\u00e4use und Kontakte bereits vormontiert sind. Die Stecker sind mit original verzinnten Kontakten ausgestattet. Au\u00dferdem werden die Kontakte mit einer originalen Anderson-Crimpzange montiert, wodurch eine bessere Verbindung entsteht. Wenn Sie einen Outdoor Koffer mit blauem SB 50-Stecker haben, k\u00f6nnen Sie <a class=\"uppercase\" href=\"https:\/\/outdoorcells.com\/de\/product\/anderson-stekker-fluistermotor-blauw-12v-10-12-awg\/\"><span style=\"color: #00ff00;\"><strong>DIESE<\/strong><\/span><\/a> adapter kabel verwenden um Ihre Luftpumpe an Ihre Outdoorbox an zu schlie\u00dfen. Hat Ihre Outdoorbox einen andersfarbigen Anderson-Stecker? Sehen Sie sich das gesamte Sortiment der Anderson-Stecker <span style=\"color: #00ff00;\"><strong><a style=\"color: #00ff00;\" href=\"https:\/\/outdoorcells.com\/de\/produkt-kategorie\/stekkers-en-connectoren\/\">HIER<\/a><\/strong><\/span><\/p>","protected":false},"excerpt":{"rendered":"<p>Kabel bravo luchtpomp. Aansluitkabel Anderson SBS Mini zwart naar Bravo Connector. Adapter Kabel om de Bravo luchtpomp (bootpomp) op de Outdoorbox Mini Case aan te sluiten. Tevens geschikt voor de standaard Lithium-ion accu&#8217;s 12AH, 15AH, en 18AH. Een anderson stekker met de aanduiding SB of SBS kennen geen contra (male\/female) stekkers. Deze stekkers, mits dezelfde [&#8230;]\n","protected":false},"featured_media":4725,"template":"","meta":[],"product_cat":[144],"product_tag":[],"yoast_head":"<!-- This site is optimized with the Yoast SEO plugin v23.3 - https:\/\/yoast.com\/wordpress\/plugins\/seo\/ -->\n<title>Kabel Bravo Luchtpomp | Outdoorcells.com<\/title>\n<meta name=\"description\" content=\"Kabel bravo luchtpomp. Adapter kabel set voor het aansluiten van de bravo compressor op een outdoorbox mini. Origineel Anderson connector\" \/>\n<meta name=\"robots\" content=\"index, follow, max-snippet:-1, max-image-preview:large, max-video-preview:-1\" \/>\n<link rel=\"canonical\" href=\"https:\/\/outdoorcells.com\/de\/product\/kabel-anderson-sbs-mini-zwart-bravo-female\/\" \/>\n<meta property=\"og:locale\" content=\"de_DE\" \/>\n<meta property=\"og:type\" content=\"article\" \/>\n<meta property=\"og:title\" content=\"Kabel Bravo Luchtpomp | Outdoorcells.com\" \/>\n<meta property=\"og:description\" content=\"Kabel bravo luchtpomp. Adapter kabel set voor het aansluiten van de bravo compressor op een outdoorbox mini. Origineel Anderson connector\" \/>\n<meta property=\"og:url\" content=\"https:\/\/outdoorcells.com\/de\/product\/kabel-anderson-sbs-mini-zwart-bravo-female\/\" \/>\n<meta property=\"article:publisher\" content=\"https:\/\/www.facebook.com\/outdoorcells\" \/>\n<meta property=\"article:modified_time\" content=\"2025-05-01T13:55:02+00:00\" \/>\n<meta property=\"og:image\" content=\"https:\/\/outdoorcells.com\/wp-content\/uploads\/2021\/10\/Siliconen-Kabel-SBS-mini-zwart-naar-BRAVO-female.jpg\" \/>\n\t<meta property=\"og:image:width\" content=\"2200\" \/>\n\t<meta property=\"og:image:height\" content=\"2200\" \/>\n\t<meta property=\"og:image:type\" content=\"image\/jpeg\" \/>\n<meta name=\"twitter:card\" content=\"summary_large_image\" \/>\n<meta name=\"twitter:site\" content=\"@outdoorcells\" \/>\n<meta name=\"twitter:label1\" content=\"Gesch\u00e4tzte Lesezeit\" \/>\n\t<meta name=\"twitter:data1\" content=\"1\u00a0Minute\" \/>\n<script type=\"application\/ld+json\" class=\"yoast-schema-graph\">{\"@context\":\"https:\/\/schema.org\",\"@graph\":[{\"@type\":\"WebPage\",\"@id\":\"https:\/\/outdoorcells.com\/product\/kabel-anderson-sbs-mini-zwart-bravo-female\/\",\"url\":\"https:\/\/outdoorcells.com\/product\/kabel-anderson-sbs-mini-zwart-bravo-female\/\",\"name\":\"Kabel Bravo Luchtpomp | Outdoorcells.com\",\"isPartOf\":{\"@id\":\"https:\/\/outdoorcells.com\/#website\"},\"primaryImageOfPage\":{\"@id\":\"https:\/\/outdoorcells.com\/product\/kabel-anderson-sbs-mini-zwart-bravo-female\/#primaryimage\"},\"image\":{\"@id\":\"https:\/\/outdoorcells.com\/product\/kabel-anderson-sbs-mini-zwart-bravo-female\/#primaryimage\"},\"thumbnailUrl\":\"https:\/\/outdoorcells.com\/wp-content\/uploads\/2021\/10\/Siliconen-Kabel-SBS-mini-zwart-naar-BRAVO-female.jpg\",\"datePublished\":\"2021-10-18T13:58:13+00:00\",\"dateModified\":\"2025-05-01T13:55:02+00:00\",\"description\":\"Kabel bravo luchtpomp. Adapter kabel set voor het aansluiten van de bravo compressor op een outdoorbox mini. Origineel Anderson connector\",\"breadcrumb\":{\"@id\":\"https:\/\/outdoorcells.com\/product\/kabel-anderson-sbs-mini-zwart-bravo-female\/#breadcrumb\"},\"inLanguage\":\"de\",\"potentialAction\":[{\"@type\":\"ReadAction\",\"target\":[\"https:\/\/outdoorcells.com\/product\/kabel-anderson-sbs-mini-zwart-bravo-female\/\"]}]},{\"@type\":\"ImageObject\",\"inLanguage\":\"de\",\"@id\":\"https:\/\/outdoorcells.com\/product\/kabel-anderson-sbs-mini-zwart-bravo-female\/#primaryimage\",\"url\":\"https:\/\/outdoorcells.com\/wp-content\/uploads\/2021\/10\/Siliconen-Kabel-SBS-mini-zwart-naar-BRAVO-female.jpg\",\"contentUrl\":\"https:\/\/outdoorcells.com\/wp-content\/uploads\/2021\/10\/Siliconen-Kabel-SBS-mini-zwart-naar-BRAVO-female.jpg\",\"width\":2200,\"height\":2200,\"caption\":\"kabel sbs mini zwart naar bravo female\"},{\"@type\":\"BreadcrumbList\",\"@id\":\"https:\/\/outdoorcells.com\/product\/kabel-anderson-sbs-mini-zwart-bravo-female\/#breadcrumb\",\"itemListElement\":[{\"@type\":\"ListItem\",\"position\":1,\"name\":\"Home\",\"item\":\"https:\/\/outdoorcells.com\/\"},{\"@type\":\"ListItem\",\"position\":2,\"name\":\"shop\",\"item\":\"https:\/\/outdoorcells.com\/lithium-accu-koffer\/\"},{\"@type\":\"ListItem\",\"position\":3,\"name\":\"KABEL ANDERSON SBS MINI ZWART > BRAVO FEMALE\"}]},{\"@type\":\"WebSite\",\"@id\":\"https:\/\/outdoorcells.com\/#website\",\"url\":\"https:\/\/outdoorcells.com\/\",\"name\":\"Outdoorcells.com\",\"description\":\"\",\"publisher\":{\"@id\":\"https:\/\/outdoorcells.com\/#organization\"},\"potentialAction\":[{\"@type\":\"SearchAction\",\"target\":{\"@type\":\"EntryPoint\",\"urlTemplate\":\"https:\/\/outdoorcells.com\/?s={search_term_string}\"},\"query-input\":\"required name=search_term_string\"}],\"inLanguage\":\"de\"},{\"@type\":\"Organization\",\"@id\":\"https:\/\/outdoorcells.com\/#organization\",\"name\":\"OutdoorCells\",\"url\":\"https:\/\/outdoorcells.com\/\",\"logo\":{\"@type\":\"ImageObject\",\"inLanguage\":\"de\",\"@id\":\"https:\/\/outdoorcells.com\/#\/schema\/logo\/image\/\",\"url\":\"https:\/\/outdoorcells.com\/wp-content\/uploads\/2023\/05\/cropped-favicon.png\",\"contentUrl\":\"https:\/\/outdoorcells.com\/wp-content\/uploads\/2023\/05\/cropped-favicon.png\",\"width\":512,\"height\":512,\"caption\":\"OutdoorCells\"},\"image\":{\"@id\":\"https:\/\/outdoorcells.com\/#\/schema\/logo\/image\/\"},\"sameAs\":[\"https:\/\/www.facebook.com\/outdoorcells\",\"https:\/\/x.com\/outdoorcells\",\"https:\/\/www.instagram.com\/voerbootaccu\/\",\"https:\/\/www.youtube.com\/channel\/UCUWu_rkM0a3qkngzpf7EkMg?view_as=subscriber\"]}]}<\/script>\n<!-- \/ Yoast SEO plugin. -->","yoast_head_json":{"title":"Kabel Bravo Luftpumpe | Outdoorcells.com","description":"Kabel bravo Luftpumpe. Adapterkabelsatz zum Anschluss des Bravo-Kompressors an eine Outdoorbox mini. Original Anderson Stecker","robots":{"index":"index","follow":"follow","max-snippet":"max-snippet:-1","max-image-preview":"max-image-preview:large","max-video-preview":"max-video-preview:-1"},"canonical":"https:\/\/outdoorcells.com\/de\/product\/kabel-anderson-sbs-mini-zwart-bravo-female\/","og_locale":"de_DE","og_type":"article","og_title":"Kabel Bravo Luchtpomp | Outdoorcells.com","og_description":"Kabel bravo luchtpomp. Adapter kabel set voor het aansluiten van de bravo compressor op een outdoorbox mini. Origineel Anderson connector","og_url":"https:\/\/outdoorcells.com\/de\/product\/kabel-anderson-sbs-mini-zwart-bravo-female\/","article_publisher":"https:\/\/www.facebook.com\/outdoorcells","article_modified_time":"2025-05-01T13:55:02+00:00","og_image":[{"width":2200,"height":2200,"url":"https:\/\/outdoorcells.com\/wp-content\/uploads\/2021\/10\/Siliconen-Kabel-SBS-mini-zwart-naar-BRAVO-female.jpg","type":"image\/jpeg"}],"twitter_card":"summary_large_image","twitter_site":"@outdoorcells","twitter_misc":{"Gesch\u00e4tzte Lesezeit":"1\u00a0Minute"},"schema":{"@context":"https:\/\/schema.org","@graph":[{"@type":"WebPage","@id":"https:\/\/outdoorcells.com\/product\/kabel-anderson-sbs-mini-zwart-bravo-female\/","url":"https:\/\/outdoorcells.com\/product\/kabel-anderson-sbs-mini-zwart-bravo-female\/","name":"Kabel Bravo Luftpumpe | Outdoorcells.com","isPartOf":{"@id":"https:\/\/outdoorcells.com\/#website"},"primaryImageOfPage":{"@id":"https:\/\/outdoorcells.com\/product\/kabel-anderson-sbs-mini-zwart-bravo-female\/#primaryimage"},"image":{"@id":"https:\/\/outdoorcells.com\/product\/kabel-anderson-sbs-mini-zwart-bravo-female\/#primaryimage"},"thumbnailUrl":"https:\/\/outdoorcells.com\/wp-content\/uploads\/2021\/10\/Siliconen-Kabel-SBS-mini-zwart-naar-BRAVO-female.jpg","datePublished":"2021-10-18T13:58:13+00:00","dateModified":"2025-05-01T13:55:02+00:00","description":"Kabel bravo Luftpumpe. Adapterkabelsatz zum Anschluss des Bravo-Kompressors an eine Outdoorbox mini. Original Anderson Stecker","breadcrumb":{"@id":"https:\/\/outdoorcells.com\/product\/kabel-anderson-sbs-mini-zwart-bravo-female\/#breadcrumb"},"inLanguage":"de","potentialAction":[{"@type":"ReadAction","target":["https:\/\/outdoorcells.com\/product\/kabel-anderson-sbs-mini-zwart-bravo-female\/"]}]},{"@type":"ImageObject","inLanguage":"de","@id":"https:\/\/outdoorcells.com\/product\/kabel-anderson-sbs-mini-zwart-bravo-female\/#primaryimage","url":"https:\/\/outdoorcells.com\/wp-content\/uploads\/2021\/10\/Siliconen-Kabel-SBS-mini-zwart-naar-BRAVO-female.jpg","contentUrl":"https:\/\/outdoorcells.com\/wp-content\/uploads\/2021\/10\/Siliconen-Kabel-SBS-mini-zwart-naar-BRAVO-female.jpg","width":2200,"height":2200,"caption":"kabel sbs mini zwart naar bravo female"},{"@type":"BreadcrumbList","@id":"https:\/\/outdoorcells.com\/product\/kabel-anderson-sbs-mini-zwart-bravo-female\/#breadcrumb","itemListElement":[{"@type":"ListItem","position":1,"name":"Home","item":"https:\/\/outdoorcells.com\/"},{"@type":"ListItem","position":2,"name":"shop","item":"https:\/\/outdoorcells.com\/lithium-accu-koffer\/"},{"@type":"ListItem","position":3,"name":"KABEL ANDERSON SBS MINI ZWART > BRAVO FEMALE"}]},{"@type":"WebSite","@id":"https:\/\/outdoorcells.com\/#website","url":"https:\/\/outdoorcells.com\/","name":"Outdoorcells.com","description":"","publisher":{"@id":"https:\/\/outdoorcells.com\/#organization"},"potentialAction":[{"@type":"SearchAction","target":{"@type":"EntryPoint","urlTemplate":"https:\/\/outdoorcells.com\/?s={search_term_string}"},"query-input":"required name=search_term_string"}],"inLanguage":"de"},{"@type":"Organization","@id":"https:\/\/outdoorcells.com\/#organization","name":"OutdoorCells","url":"https:\/\/outdoorcells.com\/","logo":{"@type":"ImageObject","inLanguage":"de","@id":"https:\/\/outdoorcells.com\/#\/schema\/logo\/image\/","url":"https:\/\/outdoorcells.com\/wp-content\/uploads\/2023\/05\/cropped-favicon.png","contentUrl":"https:\/\/outdoorcells.com\/wp-content\/uploads\/2023\/05\/cropped-favicon.png","width":512,"height":512,"caption":"OutdoorCells"},"image":{"@id":"https:\/\/outdoorcells.com\/#\/schema\/logo\/image\/"},"sameAs":["https:\/\/www.facebook.com\/outdoorcells","https:\/\/x.com\/outdoorcells","https:\/\/www.instagram.com\/voerbootaccu\/","https:\/\/www.youtube.com\/channel\/UCUWu_rkM0a3qkngzpf7EkMg?view_as=subscriber"]}]}},"_links":{"self":[{"href":"https:\/\/outdoorcells.com\/de\/wp-json\/wp\/v2\/product\/4724"}],"collection":[{"href":"https:\/\/outdoorcells.com\/de\/wp-json\/wp\/v2\/product"}],"about":[{"href":"https:\/\/outdoorcells.com\/de\/wp-json\/wp\/v2\/types\/product"}],"wp:featuredmedia":[{"embeddable":true,"href":"https:\/\/outdoorcells.com\/de\/wp-json\/wp\/v2\/media\/4725"}],"wp:attachment":[{"href":"https:\/\/outdoorcells.com\/de\/wp-json\/wp\/v2\/media?parent=4724"}],"wp:term":[{"taxonomy":"product_cat","embeddable":true,"href":"https:\/\/outdoorcells.com\/de\/wp-json\/wp\/v2\/product_cat?post=4724"},{"taxonomy":"product_tag","embeddable":true,"href":"https:\/\/outdoorcells.com\/de\/wp-json\/wp\/v2\/product_tag?post=4724"}],"curies":[{"name":"wp","href":"https:\/\/api.w.org\/{rel}","templated":true}]}}