{"id":4720,"date":"2021-10-18T15:47:46","date_gmt":"2021-10-18T13:47:46","guid":{"rendered":"https:\/\/voerbootaccu.nl\/?post_type=product&#038;p=4720"},"modified":"2025-03-27T11:18:52","modified_gmt":"2025-03-27T10:18:52","slug":"kabel-anderson-sb-50-zwart-bravo-female","status":"publish","type":"product","link":"https:\/\/outdoorcells.com\/de\/product\/kabel-anderson-sb-50-zwart-bravo-female\/","title":{"rendered":"KABEL ANDERSON SB 50 SCHWARZ &gt; BRAVO WEIBLICH"},"content":{"rendered":"<p>Adapterkabel Bravo Pump. Anschlusskabel Anderson SB 50 schwarz an Bravo Connector. Ersatzkabel f\u00fcr alle 12.6V Ladeger\u00e4te. Auch geeignet f\u00fcr den Anschluss der Bravo Luftpumpe an 12,6V OUTDOORCELLS BOXEN mit schwarzem SB50 Stecker.<\/p>","protected":false},"excerpt":{"rendered":"<p>Adapterkabel Bravo Pump. Anschlusskabel Anderson SB 50 schwarz an Bravo Connector. Ersatzkabel f\u00fcr alle 12.6V Ladeger\u00e4te. Auch geeignet f\u00fcr den Anschluss der Bravo Luftpumpe an 12,6V OUTDOORCELLS BOXEN mit schwarzem SB50 Stecker.<\/p>","protected":false},"featured_media":4721,"template":"","meta":[],"product_cat":[144],"product_tag":[],"yoast_head":"<!-- This site is optimized with the Yoast SEO plugin v23.3 - https:\/\/yoast.com\/wordpress\/plugins\/seo\/ -->\n<title>Adapterkabel Bravo Pomp | Outdoorcells.com<\/title>\n<meta name=\"description\" content=\"Vervangingkabel voor Laders en bravo pomp aansluiting. Adapterkabel bravo pomp met Anderson stekker zwart om uw pomp aan te sluiten op 12V Outdoorbox\" \/>\n<meta name=\"robots\" content=\"index, follow, max-snippet:-1, max-image-preview:large, max-video-preview:-1\" \/>\n<link rel=\"canonical\" href=\"https:\/\/outdoorcells.com\/de\/product\/kabel-anderson-sb-50-zwart-bravo-female\/\" \/>\n<meta property=\"og:locale\" content=\"de_DE\" \/>\n<meta property=\"og:type\" content=\"article\" \/>\n<meta property=\"og:title\" content=\"Adapterkabel Bravo Pomp | Outdoorcells.com\" \/>\n<meta property=\"og:description\" content=\"Vervangingkabel voor Laders en bravo pomp aansluiting. Adapterkabel bravo pomp met Anderson stekker zwart om uw pomp aan te sluiten op 12V Outdoorbox\" \/>\n<meta property=\"og:url\" content=\"https:\/\/outdoorcells.com\/de\/product\/kabel-anderson-sb-50-zwart-bravo-female\/\" \/>\n<meta property=\"article:publisher\" content=\"https:\/\/www.facebook.com\/outdoorcells\" \/>\n<meta property=\"article:modified_time\" content=\"2025-03-27T10:18:52+00:00\" \/>\n<meta property=\"og:image\" content=\"https:\/\/outdoorcells.com\/wp-content\/uploads\/2021\/10\/Siliconen-Kabel-SB50-zwart-naar-BRAVO-female.jpg\" \/>\n\t<meta property=\"og:image:width\" content=\"2200\" \/>\n\t<meta property=\"og:image:height\" content=\"2200\" \/>\n\t<meta property=\"og:image:type\" content=\"image\/jpeg\" \/>\n<meta name=\"twitter:card\" content=\"summary_large_image\" \/>\n<meta name=\"twitter:site\" content=\"@outdoorcells\" \/>\n<meta name=\"twitter:label1\" content=\"Gesch\u00e4tzte Lesezeit\" \/>\n\t<meta name=\"twitter:data1\" content=\"1\u00a0Minute\" \/>\n<script type=\"application\/ld+json\" class=\"yoast-schema-graph\">{\"@context\":\"https:\/\/schema.org\",\"@graph\":[{\"@type\":\"WebPage\",\"@id\":\"https:\/\/outdoorcells.com\/product\/kabel-anderson-sb-50-zwart-bravo-female\/\",\"url\":\"https:\/\/outdoorcells.com\/product\/kabel-anderson-sb-50-zwart-bravo-female\/\",\"name\":\"Adapterkabel Bravo Pomp | Outdoorcells.com\",\"isPartOf\":{\"@id\":\"https:\/\/outdoorcells.com\/#website\"},\"primaryImageOfPage\":{\"@id\":\"https:\/\/outdoorcells.com\/product\/kabel-anderson-sb-50-zwart-bravo-female\/#primaryimage\"},\"image\":{\"@id\":\"https:\/\/outdoorcells.com\/product\/kabel-anderson-sb-50-zwart-bravo-female\/#primaryimage\"},\"thumbnailUrl\":\"https:\/\/outdoorcells.com\/wp-content\/uploads\/2021\/10\/Siliconen-Kabel-SB50-zwart-naar-BRAVO-female.jpg\",\"datePublished\":\"2021-10-18T13:47:46+00:00\",\"dateModified\":\"2025-03-27T10:18:52+00:00\",\"description\":\"Vervangingkabel voor Laders en bravo pomp aansluiting. Adapterkabel bravo pomp met Anderson stekker zwart om uw pomp aan te sluiten op 12V Outdoorbox\",\"breadcrumb\":{\"@id\":\"https:\/\/outdoorcells.com\/product\/kabel-anderson-sb-50-zwart-bravo-female\/#breadcrumb\"},\"inLanguage\":\"de\",\"potentialAction\":[{\"@type\":\"ReadAction\",\"target\":[\"https:\/\/outdoorcells.com\/product\/kabel-anderson-sb-50-zwart-bravo-female\/\"]}]},{\"@type\":\"ImageObject\",\"inLanguage\":\"de\",\"@id\":\"https:\/\/outdoorcells.com\/product\/kabel-anderson-sb-50-zwart-bravo-female\/#primaryimage\",\"url\":\"https:\/\/outdoorcells.com\/wp-content\/uploads\/2021\/10\/Siliconen-Kabel-SB50-zwart-naar-BRAVO-female.jpg\",\"contentUrl\":\"https:\/\/outdoorcells.com\/wp-content\/uploads\/2021\/10\/Siliconen-Kabel-SB50-zwart-naar-BRAVO-female.jpg\",\"width\":2200,\"height\":2200,\"caption\":\"adapterkabel bravo pomp\"},{\"@type\":\"BreadcrumbList\",\"@id\":\"https:\/\/outdoorcells.com\/product\/kabel-anderson-sb-50-zwart-bravo-female\/#breadcrumb\",\"itemListElement\":[{\"@type\":\"ListItem\",\"position\":1,\"name\":\"Home\",\"item\":\"https:\/\/outdoorcells.com\/\"},{\"@type\":\"ListItem\",\"position\":2,\"name\":\"shop\",\"item\":\"https:\/\/outdoorcells.com\/lithium-accu-koffer\/\"},{\"@type\":\"ListItem\",\"position\":3,\"name\":\"KABEL ANDERSON SB 50 ZWART > BRAVO FEMALE\"}]},{\"@type\":\"WebSite\",\"@id\":\"https:\/\/outdoorcells.com\/#website\",\"url\":\"https:\/\/outdoorcells.com\/\",\"name\":\"Outdoorcells.com\",\"description\":\"\",\"publisher\":{\"@id\":\"https:\/\/outdoorcells.com\/#organization\"},\"potentialAction\":[{\"@type\":\"SearchAction\",\"target\":{\"@type\":\"EntryPoint\",\"urlTemplate\":\"https:\/\/outdoorcells.com\/?s={search_term_string}\"},\"query-input\":\"required name=search_term_string\"}],\"inLanguage\":\"de\"},{\"@type\":\"Organization\",\"@id\":\"https:\/\/outdoorcells.com\/#organization\",\"name\":\"OutdoorCells\",\"url\":\"https:\/\/outdoorcells.com\/\",\"logo\":{\"@type\":\"ImageObject\",\"inLanguage\":\"de\",\"@id\":\"https:\/\/outdoorcells.com\/#\/schema\/logo\/image\/\",\"url\":\"https:\/\/outdoorcells.com\/wp-content\/uploads\/2023\/05\/cropped-favicon.png\",\"contentUrl\":\"https:\/\/outdoorcells.com\/wp-content\/uploads\/2023\/05\/cropped-favicon.png\",\"width\":512,\"height\":512,\"caption\":\"OutdoorCells\"},\"image\":{\"@id\":\"https:\/\/outdoorcells.com\/#\/schema\/logo\/image\/\"},\"sameAs\":[\"https:\/\/www.facebook.com\/outdoorcells\",\"https:\/\/x.com\/outdoorcells\",\"https:\/\/www.instagram.com\/voerbootaccu\/\",\"https:\/\/www.youtube.com\/channel\/UCUWu_rkM0a3qkngzpf7EkMg?view_as=subscriber\"]}]}<\/script>\n<!-- \/ Yoast SEO plugin. -->","yoast_head_json":{"title":"Adapterkabel Bravo Luftpump | Outdoorcells.com","description":"Ersatzkabel f\u00fcr Ladeger\u00e4te und bravo pump Anschluss. Adapterkabel Bravo-Pumpe mit Anderson-Stecker schwarz zum Anschluss Ihrer Pumpe an 12V Outdoorbox","robots":{"index":"index","follow":"follow","max-snippet":"max-snippet:-1","max-image-preview":"max-image-preview:large","max-video-preview":"max-video-preview:-1"},"canonical":"https:\/\/outdoorcells.com\/de\/product\/kabel-anderson-sb-50-zwart-bravo-female\/","og_locale":"de_DE","og_type":"article","og_title":"Adapterkabel Bravo Pomp | Outdoorcells.com","og_description":"Vervangingkabel voor Laders en bravo pomp aansluiting. Adapterkabel bravo pomp met Anderson stekker zwart om uw pomp aan te sluiten op 12V Outdoorbox","og_url":"https:\/\/outdoorcells.com\/de\/product\/kabel-anderson-sb-50-zwart-bravo-female\/","article_publisher":"https:\/\/www.facebook.com\/outdoorcells","article_modified_time":"2025-03-27T10:18:52+00:00","og_image":[{"width":2200,"height":2200,"url":"https:\/\/outdoorcells.com\/wp-content\/uploads\/2021\/10\/Siliconen-Kabel-SB50-zwart-naar-BRAVO-female.jpg","type":"image\/jpeg"}],"twitter_card":"summary_large_image","twitter_site":"@outdoorcells","twitter_misc":{"Gesch\u00e4tzte Lesezeit":"1\u00a0Minute"},"schema":{"@context":"https:\/\/schema.org","@graph":[{"@type":"WebPage","@id":"https:\/\/outdoorcells.com\/product\/kabel-anderson-sb-50-zwart-bravo-female\/","url":"https:\/\/outdoorcells.com\/product\/kabel-anderson-sb-50-zwart-bravo-female\/","name":"Adapterkabel Bravo Luftpump | Outdoorcells.com","isPartOf":{"@id":"https:\/\/outdoorcells.com\/#website"},"primaryImageOfPage":{"@id":"https:\/\/outdoorcells.com\/product\/kabel-anderson-sb-50-zwart-bravo-female\/#primaryimage"},"image":{"@id":"https:\/\/outdoorcells.com\/product\/kabel-anderson-sb-50-zwart-bravo-female\/#primaryimage"},"thumbnailUrl":"https:\/\/outdoorcells.com\/wp-content\/uploads\/2021\/10\/Siliconen-Kabel-SB50-zwart-naar-BRAVO-female.jpg","datePublished":"2021-10-18T13:47:46+00:00","dateModified":"2025-03-27T10:18:52+00:00","description":"Ersatzkabel f\u00fcr Ladeger\u00e4te und bravo pump Anschluss. Adapterkabel Bravo-Pumpe mit Anderson-Stecker schwarz zum Anschluss Ihrer Pumpe an 12V Outdoorbox","breadcrumb":{"@id":"https:\/\/outdoorcells.com\/product\/kabel-anderson-sb-50-zwart-bravo-female\/#breadcrumb"},"inLanguage":"de","potentialAction":[{"@type":"ReadAction","target":["https:\/\/outdoorcells.com\/product\/kabel-anderson-sb-50-zwart-bravo-female\/"]}]},{"@type":"ImageObject","inLanguage":"de","@id":"https:\/\/outdoorcells.com\/product\/kabel-anderson-sb-50-zwart-bravo-female\/#primaryimage","url":"https:\/\/outdoorcells.com\/wp-content\/uploads\/2021\/10\/Siliconen-Kabel-SB50-zwart-naar-BRAVO-female.jpg","contentUrl":"https:\/\/outdoorcells.com\/wp-content\/uploads\/2021\/10\/Siliconen-Kabel-SB50-zwart-naar-BRAVO-female.jpg","width":2200,"height":2200,"caption":"adapterkabel bravo pomp"},{"@type":"BreadcrumbList","@id":"https:\/\/outdoorcells.com\/product\/kabel-anderson-sb-50-zwart-bravo-female\/#breadcrumb","itemListElement":[{"@type":"ListItem","position":1,"name":"Home","item":"https:\/\/outdoorcells.com\/"},{"@type":"ListItem","position":2,"name":"shop","item":"https:\/\/outdoorcells.com\/lithium-accu-koffer\/"},{"@type":"ListItem","position":3,"name":"KABEL ANDERSON SB 50 ZWART > BRAVO FEMALE"}]},{"@type":"WebSite","@id":"https:\/\/outdoorcells.com\/#website","url":"https:\/\/outdoorcells.com\/","name":"Outdoorcells.com","description":"","publisher":{"@id":"https:\/\/outdoorcells.com\/#organization"},"potentialAction":[{"@type":"SearchAction","target":{"@type":"EntryPoint","urlTemplate":"https:\/\/outdoorcells.com\/?s={search_term_string}"},"query-input":"required name=search_term_string"}],"inLanguage":"de"},{"@type":"Organization","@id":"https:\/\/outdoorcells.com\/#organization","name":"OutdoorCells","url":"https:\/\/outdoorcells.com\/","logo":{"@type":"ImageObject","inLanguage":"de","@id":"https:\/\/outdoorcells.com\/#\/schema\/logo\/image\/","url":"https:\/\/outdoorcells.com\/wp-content\/uploads\/2023\/05\/cropped-favicon.png","contentUrl":"https:\/\/outdoorcells.com\/wp-content\/uploads\/2023\/05\/cropped-favicon.png","width":512,"height":512,"caption":"OutdoorCells"},"image":{"@id":"https:\/\/outdoorcells.com\/#\/schema\/logo\/image\/"},"sameAs":["https:\/\/www.facebook.com\/outdoorcells","https:\/\/x.com\/outdoorcells","https:\/\/www.instagram.com\/voerbootaccu\/","https:\/\/www.youtube.com\/channel\/UCUWu_rkM0a3qkngzpf7EkMg?view_as=subscriber"]}]}},"_links":{"self":[{"href":"https:\/\/outdoorcells.com\/de\/wp-json\/wp\/v2\/product\/4720"}],"collection":[{"href":"https:\/\/outdoorcells.com\/de\/wp-json\/wp\/v2\/product"}],"about":[{"href":"https:\/\/outdoorcells.com\/de\/wp-json\/wp\/v2\/types\/product"}],"wp:featuredmedia":[{"embeddable":true,"href":"https:\/\/outdoorcells.com\/de\/wp-json\/wp\/v2\/media\/4721"}],"wp:attachment":[{"href":"https:\/\/outdoorcells.com\/de\/wp-json\/wp\/v2\/media?parent=4720"}],"wp:term":[{"taxonomy":"product_cat","embeddable":true,"href":"https:\/\/outdoorcells.com\/de\/wp-json\/wp\/v2\/product_cat?post=4720"},{"taxonomy":"product_tag","embeddable":true,"href":"https:\/\/outdoorcells.com\/de\/wp-json\/wp\/v2\/product_tag?post=4720"}],"curies":[{"name":"wp","href":"https:\/\/api.w.org\/{rel}","templated":true}]}}