{"id":4714,"date":"2021-10-18T15:32:54","date_gmt":"2021-10-18T13:32:54","guid":{"rendered":"https:\/\/voerbootaccu.nl\/?post_type=product&#038;p=4714"},"modified":"2023-11-21T19:34:36","modified_gmt":"2023-11-21T18:34:36","slug":"kabel-met-safe-lock-plug-naar-sbs-mini-zwart","status":"publish","type":"product","link":"https:\/\/outdoorcells.com\/de\/product\/kabel-met-safe-lock-plug-naar-sbs-mini-zwart\/","title":{"rendered":"KABEL MIT SAFE LOCK STECKER AUF SBS MINI SCHWARZ"},"content":{"rendered":"<p>Anschlusskabel Anderson SBS-mini an Safelock (ENGEL-Stecker). Kompatibel mit den OUTDOORCELLS <span style=\"color: #00ff00;\"><strong><a style=\"color: #00ff00;\" href=\"https:\/\/outdoorcells.com\/de\/product\/lithium-ion-outdoorcells-168v-60ah-off-grid-pro-box-zwart\/\">OFF GRID PRO BOX<\/a><\/strong><\/span> und <span style=\"color: #00ff00;\"><strong><a style=\"color: #00ff00;\" href=\"https:\/\/outdoorcells.com\/de\/product\/outdoorcells-solar-charge-controller\/\">Solar Box<\/a><\/strong><\/span>. Flexibles Kabel mit Zugsicherung. Original LAMPA ENGEL - Anderson. Bietet eine sehr stabile Verbindung, besonders geeignet um den 12V Zigarettenstecker zu ersetzen. Wenn Sie z.B. ein Ger\u00e4t mit einem Anderson SBS Mini schwarz an eine ENG 12V Steckdose anschlie\u00dfen wollen, bietet dieses Kabel die L\u00f6sung!<\/p>","protected":false},"excerpt":{"rendered":"<p>Aansluitkabel Anderson SBS-mini naar Safelock (ENGEL Plug). Compatibel met de OUTDOORCELLS OFF GRID PRO BOX en Solar Box. Flexibele kabel met trek-beveiliging. Origineel LAMPA ENGEL &#8211; Anderson. Zorgt voor een zeer stabiele verbinding, met name geschikt ter vervanging van de 12V Sigaretten Plug. Wanneer je bijvoorbeeld een apparaat met een Anderson SBS Mini zwart wilt [&#8230;]\n","protected":false},"featured_media":4715,"template":"","meta":[],"product_cat":[144],"product_tag":[],"yoast_head":"<!-- This site is optimized with the Yoast SEO plugin v23.3 - https:\/\/yoast.com\/wordpress\/plugins\/seo\/ -->\n<title>Safelock Kabel SBS | Outdoorcells.com<\/title>\n<meta name=\"description\" content=\"Safelock Kabel SBS mini zwart. Speciaal voor Off-Grid Pro Box. Sluit in een handomdraai al je apparaten aan zonder kans op lostrillen.\" \/>\n<meta name=\"robots\" content=\"index, follow, max-snippet:-1, max-image-preview:large, max-video-preview:-1\" \/>\n<link rel=\"canonical\" href=\"https:\/\/outdoorcells.com\/de\/product\/kabel-met-safe-lock-plug-naar-sbs-mini-zwart\/\" \/>\n<meta property=\"og:locale\" content=\"de_DE\" \/>\n<meta property=\"og:type\" content=\"article\" \/>\n<meta property=\"og:title\" content=\"Safelock Kabel SBS | Outdoorcells.com\" \/>\n<meta property=\"og:description\" content=\"Safelock Kabel SBS mini zwart. Speciaal voor Off-Grid Pro Box. Sluit in een handomdraai al je apparaten aan zonder kans op lostrillen.\" \/>\n<meta property=\"og:url\" content=\"https:\/\/outdoorcells.com\/de\/product\/kabel-met-safe-lock-plug-naar-sbs-mini-zwart\/\" \/>\n<meta property=\"article:publisher\" content=\"https:\/\/www.facebook.com\/outdoorcells\" \/>\n<meta property=\"article:modified_time\" content=\"2023-11-21T18:34:36+00:00\" \/>\n<meta property=\"og:image\" content=\"https:\/\/outdoorcells.com\/wp-content\/uploads\/2021\/10\/Siliconen-Kabel-13AWG-SBS-Mini-Zwart-naar-SAFELOCK.jpg\" \/>\n\t<meta property=\"og:image:width\" content=\"2200\" \/>\n\t<meta property=\"og:image:height\" content=\"2200\" \/>\n\t<meta property=\"og:image:type\" content=\"image\/jpeg\" \/>\n<meta name=\"twitter:card\" content=\"summary_large_image\" \/>\n<meta name=\"twitter:site\" content=\"@outdoorcells\" \/>\n<meta name=\"twitter:label1\" content=\"Gesch\u00e4tzte Lesezeit\" \/>\n\t<meta name=\"twitter:data1\" content=\"1\u00a0Minute\" \/>\n<script type=\"application\/ld+json\" class=\"yoast-schema-graph\">{\"@context\":\"https:\/\/schema.org\",\"@graph\":[{\"@type\":\"WebPage\",\"@id\":\"https:\/\/outdoorcells.com\/product\/kabel-met-safe-lock-plug-naar-sbs-mini-zwart\/\",\"url\":\"https:\/\/outdoorcells.com\/product\/kabel-met-safe-lock-plug-naar-sbs-mini-zwart\/\",\"name\":\"Safelock Kabel SBS | Outdoorcells.com\",\"isPartOf\":{\"@id\":\"https:\/\/outdoorcells.com\/#website\"},\"primaryImageOfPage\":{\"@id\":\"https:\/\/outdoorcells.com\/product\/kabel-met-safe-lock-plug-naar-sbs-mini-zwart\/#primaryimage\"},\"image\":{\"@id\":\"https:\/\/outdoorcells.com\/product\/kabel-met-safe-lock-plug-naar-sbs-mini-zwart\/#primaryimage\"},\"thumbnailUrl\":\"https:\/\/outdoorcells.com\/wp-content\/uploads\/2021\/10\/Siliconen-Kabel-13AWG-SBS-Mini-Zwart-naar-SAFELOCK.jpg\",\"datePublished\":\"2021-10-18T13:32:54+00:00\",\"dateModified\":\"2023-11-21T18:34:36+00:00\",\"description\":\"Safelock Kabel SBS mini zwart. Speciaal voor Off-Grid Pro Box. Sluit in een handomdraai al je apparaten aan zonder kans op lostrillen.\",\"breadcrumb\":{\"@id\":\"https:\/\/outdoorcells.com\/product\/kabel-met-safe-lock-plug-naar-sbs-mini-zwart\/#breadcrumb\"},\"inLanguage\":\"de\",\"potentialAction\":[{\"@type\":\"ReadAction\",\"target\":[\"https:\/\/outdoorcells.com\/product\/kabel-met-safe-lock-plug-naar-sbs-mini-zwart\/\"]}]},{\"@type\":\"ImageObject\",\"inLanguage\":\"de\",\"@id\":\"https:\/\/outdoorcells.com\/product\/kabel-met-safe-lock-plug-naar-sbs-mini-zwart\/#primaryimage\",\"url\":\"https:\/\/outdoorcells.com\/wp-content\/uploads\/2021\/10\/Siliconen-Kabel-13AWG-SBS-Mini-Zwart-naar-SAFELOCK.jpg\",\"contentUrl\":\"https:\/\/outdoorcells.com\/wp-content\/uploads\/2021\/10\/Siliconen-Kabel-13AWG-SBS-Mini-Zwart-naar-SAFELOCK.jpg\",\"width\":2200,\"height\":2200,\"caption\":\"aansluitkabel safelock naar SBS mini zwart\"},{\"@type\":\"BreadcrumbList\",\"@id\":\"https:\/\/outdoorcells.com\/product\/kabel-met-safe-lock-plug-naar-sbs-mini-zwart\/#breadcrumb\",\"itemListElement\":[{\"@type\":\"ListItem\",\"position\":1,\"name\":\"Home\",\"item\":\"https:\/\/outdoorcells.com\/\"},{\"@type\":\"ListItem\",\"position\":2,\"name\":\"shop\",\"item\":\"https:\/\/outdoorcells.com\/lithium-accu-koffer\/\"},{\"@type\":\"ListItem\",\"position\":3,\"name\":\"KABEL MET SAFE LOCK PLUG NAAR SBS MINI ZWART\"}]},{\"@type\":\"WebSite\",\"@id\":\"https:\/\/outdoorcells.com\/#website\",\"url\":\"https:\/\/outdoorcells.com\/\",\"name\":\"Outdoorcells.com\",\"description\":\"\",\"publisher\":{\"@id\":\"https:\/\/outdoorcells.com\/#organization\"},\"potentialAction\":[{\"@type\":\"SearchAction\",\"target\":{\"@type\":\"EntryPoint\",\"urlTemplate\":\"https:\/\/outdoorcells.com\/?s={search_term_string}\"},\"query-input\":\"required name=search_term_string\"}],\"inLanguage\":\"de\"},{\"@type\":\"Organization\",\"@id\":\"https:\/\/outdoorcells.com\/#organization\",\"name\":\"OutdoorCells\",\"url\":\"https:\/\/outdoorcells.com\/\",\"logo\":{\"@type\":\"ImageObject\",\"inLanguage\":\"de\",\"@id\":\"https:\/\/outdoorcells.com\/#\/schema\/logo\/image\/\",\"url\":\"https:\/\/outdoorcells.com\/wp-content\/uploads\/2023\/05\/cropped-favicon.png\",\"contentUrl\":\"https:\/\/outdoorcells.com\/wp-content\/uploads\/2023\/05\/cropped-favicon.png\",\"width\":512,\"height\":512,\"caption\":\"OutdoorCells\"},\"image\":{\"@id\":\"https:\/\/outdoorcells.com\/#\/schema\/logo\/image\/\"},\"sameAs\":[\"https:\/\/www.facebook.com\/outdoorcells\",\"https:\/\/x.com\/outdoorcells\",\"https:\/\/www.instagram.com\/voerbootaccu\/\",\"https:\/\/www.youtube.com\/channel\/UCUWu_rkM0a3qkngzpf7EkMg?view_as=subscriber\"]}]}<\/script>\n<!-- \/ Yoast SEO plugin. -->","yoast_head_json":{"title":"Safelock Kabel SBS | Outdoorcells.com","description":"Safelock Kabel SBS mini schwarz. Speziell f\u00fcr Off-Grid Pro Box. Verbinden Sie alle Ihre Ger\u00e4te in k\u00fcrzester Zeit mit keine Chance, sich zu l\u00f6sen.","robots":{"index":"index","follow":"follow","max-snippet":"max-snippet:-1","max-image-preview":"max-image-preview:large","max-video-preview":"max-video-preview:-1"},"canonical":"https:\/\/outdoorcells.com\/de\/product\/kabel-met-safe-lock-plug-naar-sbs-mini-zwart\/","og_locale":"de_DE","og_type":"article","og_title":"Safelock Kabel SBS | Outdoorcells.com","og_description":"Safelock Kabel SBS mini zwart. Speciaal voor Off-Grid Pro Box. Sluit in een handomdraai al je apparaten aan zonder kans op lostrillen.","og_url":"https:\/\/outdoorcells.com\/de\/product\/kabel-met-safe-lock-plug-naar-sbs-mini-zwart\/","article_publisher":"https:\/\/www.facebook.com\/outdoorcells","article_modified_time":"2023-11-21T18:34:36+00:00","og_image":[{"width":2200,"height":2200,"url":"https:\/\/outdoorcells.com\/wp-content\/uploads\/2021\/10\/Siliconen-Kabel-13AWG-SBS-Mini-Zwart-naar-SAFELOCK.jpg","type":"image\/jpeg"}],"twitter_card":"summary_large_image","twitter_site":"@outdoorcells","twitter_misc":{"Gesch\u00e4tzte Lesezeit":"1\u00a0Minute"},"schema":{"@context":"https:\/\/schema.org","@graph":[{"@type":"WebPage","@id":"https:\/\/outdoorcells.com\/product\/kabel-met-safe-lock-plug-naar-sbs-mini-zwart\/","url":"https:\/\/outdoorcells.com\/product\/kabel-met-safe-lock-plug-naar-sbs-mini-zwart\/","name":"Safelock Kabel SBS | Outdoorcells.com","isPartOf":{"@id":"https:\/\/outdoorcells.com\/#website"},"primaryImageOfPage":{"@id":"https:\/\/outdoorcells.com\/product\/kabel-met-safe-lock-plug-naar-sbs-mini-zwart\/#primaryimage"},"image":{"@id":"https:\/\/outdoorcells.com\/product\/kabel-met-safe-lock-plug-naar-sbs-mini-zwart\/#primaryimage"},"thumbnailUrl":"https:\/\/outdoorcells.com\/wp-content\/uploads\/2021\/10\/Siliconen-Kabel-13AWG-SBS-Mini-Zwart-naar-SAFELOCK.jpg","datePublished":"2021-10-18T13:32:54+00:00","dateModified":"2023-11-21T18:34:36+00:00","description":"Safelock Kabel SBS mini schwarz. Speziell f\u00fcr Off-Grid Pro Box. Verbinden Sie alle Ihre Ger\u00e4te in k\u00fcrzester Zeit mit keine Chance, sich zu l\u00f6sen.","breadcrumb":{"@id":"https:\/\/outdoorcells.com\/product\/kabel-met-safe-lock-plug-naar-sbs-mini-zwart\/#breadcrumb"},"inLanguage":"de","potentialAction":[{"@type":"ReadAction","target":["https:\/\/outdoorcells.com\/product\/kabel-met-safe-lock-plug-naar-sbs-mini-zwart\/"]}]},{"@type":"ImageObject","inLanguage":"de","@id":"https:\/\/outdoorcells.com\/product\/kabel-met-safe-lock-plug-naar-sbs-mini-zwart\/#primaryimage","url":"https:\/\/outdoorcells.com\/wp-content\/uploads\/2021\/10\/Siliconen-Kabel-13AWG-SBS-Mini-Zwart-naar-SAFELOCK.jpg","contentUrl":"https:\/\/outdoorcells.com\/wp-content\/uploads\/2021\/10\/Siliconen-Kabel-13AWG-SBS-Mini-Zwart-naar-SAFELOCK.jpg","width":2200,"height":2200,"caption":"aansluitkabel safelock naar SBS mini zwart"},{"@type":"BreadcrumbList","@id":"https:\/\/outdoorcells.com\/product\/kabel-met-safe-lock-plug-naar-sbs-mini-zwart\/#breadcrumb","itemListElement":[{"@type":"ListItem","position":1,"name":"Home","item":"https:\/\/outdoorcells.com\/"},{"@type":"ListItem","position":2,"name":"shop","item":"https:\/\/outdoorcells.com\/lithium-accu-koffer\/"},{"@type":"ListItem","position":3,"name":"KABEL MET SAFE LOCK PLUG NAAR SBS MINI ZWART"}]},{"@type":"WebSite","@id":"https:\/\/outdoorcells.com\/#website","url":"https:\/\/outdoorcells.com\/","name":"Outdoorcells.com","description":"","publisher":{"@id":"https:\/\/outdoorcells.com\/#organization"},"potentialAction":[{"@type":"SearchAction","target":{"@type":"EntryPoint","urlTemplate":"https:\/\/outdoorcells.com\/?s={search_term_string}"},"query-input":"required name=search_term_string"}],"inLanguage":"de"},{"@type":"Organization","@id":"https:\/\/outdoorcells.com\/#organization","name":"OutdoorCells","url":"https:\/\/outdoorcells.com\/","logo":{"@type":"ImageObject","inLanguage":"de","@id":"https:\/\/outdoorcells.com\/#\/schema\/logo\/image\/","url":"https:\/\/outdoorcells.com\/wp-content\/uploads\/2023\/05\/cropped-favicon.png","contentUrl":"https:\/\/outdoorcells.com\/wp-content\/uploads\/2023\/05\/cropped-favicon.png","width":512,"height":512,"caption":"OutdoorCells"},"image":{"@id":"https:\/\/outdoorcells.com\/#\/schema\/logo\/image\/"},"sameAs":["https:\/\/www.facebook.com\/outdoorcells","https:\/\/x.com\/outdoorcells","https:\/\/www.instagram.com\/voerbootaccu\/","https:\/\/www.youtube.com\/channel\/UCUWu_rkM0a3qkngzpf7EkMg?view_as=subscriber"]}]}},"_links":{"self":[{"href":"https:\/\/outdoorcells.com\/de\/wp-json\/wp\/v2\/product\/4714"}],"collection":[{"href":"https:\/\/outdoorcells.com\/de\/wp-json\/wp\/v2\/product"}],"about":[{"href":"https:\/\/outdoorcells.com\/de\/wp-json\/wp\/v2\/types\/product"}],"wp:featuredmedia":[{"embeddable":true,"href":"https:\/\/outdoorcells.com\/de\/wp-json\/wp\/v2\/media\/4715"}],"wp:attachment":[{"href":"https:\/\/outdoorcells.com\/de\/wp-json\/wp\/v2\/media?parent=4714"}],"wp:term":[{"taxonomy":"product_cat","embeddable":true,"href":"https:\/\/outdoorcells.com\/de\/wp-json\/wp\/v2\/product_cat?post=4714"},{"taxonomy":"product_tag","embeddable":true,"href":"https:\/\/outdoorcells.com\/de\/wp-json\/wp\/v2\/product_tag?post=4714"}],"curies":[{"name":"wp","href":"https:\/\/api.w.org\/{rel}","templated":true}]}}