{"id":4704,"date":"2021-10-18T12:47:59","date_gmt":"2021-10-18T10:47:59","guid":{"rendered":"https:\/\/voerbootaccu.nl\/?post_type=product&#038;p=4704"},"modified":"2025-12-01T16:33:26","modified_gmt":"2025-12-01T15:33:26","slug":"anderson-connector-sb50-orange-16-8v-8-awg","status":"publish","type":"product","link":"https:\/\/outdoorcells.com\/de\/product\/anderson-connector-sb50-orange-16-8v-8-awg\/","title":{"rendered":"ANDERSON STECKER SB50 ORANGE (16.8V) #8 AWG"},"content":{"rendered":"<p>Anderson connector 16v, compleet met contacten voor #8 AWG kabels. Voor een snelle en stevige aansluiting op de OUTDOORCELLS Lithium Outdoorbox met 16.8V<br \/>\nDie SB50-Steckverbinder sind z.B. f\u00fcr elektrische E-motoren und Wechselrichter geeignet. Sie werden mit Anschlusskontakten f\u00fcr bis zu #8 AWG-Kabel geliefert. Die Kontakte werden einfach an den Plus- und Minuspol des Ger\u00e4ts gel\u00f6tet. Im Lieferumfang enthalten ist auch eine Anleitung zur korrekten Montage der Kontakte im Steckergeh\u00e4use.<\/p>\n<h3 class=\"uppercase\">voordelen van anderson stekker ROOD<\/h3>\n<ul>\n<li>Schnelles Anschlie\u00dfen<\/li>\n<li>Leicht zu montieren<\/li>\n<li>Geringer Widerstand<\/li>\n<li>Verhindert Kurzschl\u00fcsse<\/li>\n<li>UV-best\u00e4ndig<\/li>\n<li>Korrosionsbest\u00e4ndig<\/li>\n<li>Model SB50 Anderson Stekker 16V<\/li>\n<li>Artikelnummer: 5952-BK<\/li>\n<\/ul>\n<p>Door gebruikt te maken van anderson stekkers met kleuren code voorkomt u tevens dat apparaten per ongeluk op de verkeerde accu worden aangesloten. Dit is is bijvoorbeeld handig wanneer u meerdere accu&#8217;s, laders en apparaten hebt met verschillende voltage&#8217;s. Een oranje anderson sb50 past alleen op een oranje anderson sb50. Anderson SB50 connectoren kennen geen male of female. Wilt u een apparaat met een 16V accu verbinden dan hebt u dus twee oranje stekkers nodig. Ook zijn anderson stekker zeer geschikt voor het maken van verlengkabels. Bekijk ook deze <span style=\"color: #00ff00;\"><strong><a style=\"color: #00ff00;\" href=\"https:\/\/youtu.be\/WCqq4pO2PmQ\">YouTube<\/a><\/strong><\/span> Video an<\/p>\n<p>Orangefarbene Stecker mit Kontakten f\u00fcr #10-12 AWG Kabel ben\u00f6tigt? Klicken Sie <span style=\"color: #00ff00;\"><strong><a style=\"color: #00ff00;\" href=\"https:\/\/outdoorcells.com\/de\/product\/anderson-connector-sb50-orange-12v-10-12-awg\/\">HIER<\/a><\/strong><\/span><\/p>\n<p>&nbsp;<\/p>","protected":false},"excerpt":{"rendered":"<p>Anderson connector 16v, compleet met contacten voor #8 AWG kabels. Voor een snelle en stevige aansluiting op de OUTDOORCELLS Lithium Outdoorbox met 16.8V De SB50 Connectoren zijn geschikt voor bijvoorbeeld Elektrisch Fluistermotoren en Omvormers. Word geleverd inclusief aansluit contacten tot max #8 AWG kabel. De contacten zijn eenvoudig aan de positieve en negatieve (plus\/min) polen [&#8230;]\n","protected":false},"featured_media":4703,"template":"","meta":[],"product_cat":[144],"product_tag":[],"yoast_head":"<!-- This site is optimized with the Yoast SEO plugin v23.3 - https:\/\/yoast.com\/wordpress\/plugins\/seo\/ -->\n<title>Anderson Connector 16V | Outdoorcells.com<\/title>\n<meta name=\"description\" content=\"Anderson connector voor 16V lithium accu outdoorbox. Sluit eenvoudig al uw apparaten aan op iedere stroombron met oranje stekker.\" \/>\n<meta name=\"robots\" content=\"index, follow, max-snippet:-1, max-image-preview:large, max-video-preview:-1\" \/>\n<link rel=\"canonical\" href=\"https:\/\/outdoorcells.com\/de\/product\/anderson-connector-sb50-orange-16-8v-8-awg\/\" \/>\n<meta property=\"og:locale\" content=\"de_DE\" \/>\n<meta property=\"og:type\" content=\"article\" \/>\n<meta property=\"og:title\" content=\"Anderson Connector 16V | Outdoorcells.com\" \/>\n<meta property=\"og:description\" content=\"Anderson connector voor 16V lithium accu outdoorbox. Sluit eenvoudig al uw apparaten aan op iedere stroombron met oranje stekker.\" \/>\n<meta property=\"og:url\" content=\"https:\/\/outdoorcells.com\/de\/product\/anderson-connector-sb50-orange-16-8v-8-awg\/\" \/>\n<meta property=\"article:publisher\" content=\"https:\/\/www.facebook.com\/outdoorcells\" \/>\n<meta property=\"article:modified_time\" content=\"2025-12-01T15:33:26+00:00\" \/>\n<meta property=\"og:image\" content=\"https:\/\/outdoorcells.com\/wp-content\/uploads\/2021\/10\/Anderson-SB-50-Connector-Orange-1024x1024.jpg\" \/>\n\t<meta property=\"og:image:width\" content=\"1024\" \/>\n\t<meta property=\"og:image:height\" content=\"1024\" \/>\n\t<meta property=\"og:image:type\" content=\"image\/jpeg\" \/>\n<meta name=\"twitter:card\" content=\"summary_large_image\" \/>\n<meta name=\"twitter:site\" content=\"@outdoorcells\" \/>\n<meta name=\"twitter:label1\" content=\"Gesch\u00e4tzte Lesezeit\" \/>\n\t<meta name=\"twitter:data1\" content=\"1\u00a0Minute\" \/>\n<script type=\"application\/ld+json\" class=\"yoast-schema-graph\">{\"@context\":\"https:\/\/schema.org\",\"@graph\":[{\"@type\":\"WebPage\",\"@id\":\"https:\/\/outdoorcells.com\/product\/anderson-connector-sb50-orange-16-8v-8-awg\/\",\"url\":\"https:\/\/outdoorcells.com\/product\/anderson-connector-sb50-orange-16-8v-8-awg\/\",\"name\":\"Anderson Connector 16V | Outdoorcells.com\",\"isPartOf\":{\"@id\":\"https:\/\/outdoorcells.com\/#website\"},\"primaryImageOfPage\":{\"@id\":\"https:\/\/outdoorcells.com\/product\/anderson-connector-sb50-orange-16-8v-8-awg\/#primaryimage\"},\"image\":{\"@id\":\"https:\/\/outdoorcells.com\/product\/anderson-connector-sb50-orange-16-8v-8-awg\/#primaryimage\"},\"thumbnailUrl\":\"https:\/\/outdoorcells.com\/wp-content\/uploads\/2021\/10\/Anderson-SB-50-Connector-Orange.jpg\",\"datePublished\":\"2021-10-18T10:47:59+00:00\",\"dateModified\":\"2025-12-01T15:33:26+00:00\",\"description\":\"Anderson connector voor 16V lithium accu outdoorbox. Sluit eenvoudig al uw apparaten aan op iedere stroombron met oranje stekker.\",\"breadcrumb\":{\"@id\":\"https:\/\/outdoorcells.com\/product\/anderson-connector-sb50-orange-16-8v-8-awg\/#breadcrumb\"},\"inLanguage\":\"de\",\"potentialAction\":[{\"@type\":\"ReadAction\",\"target\":[\"https:\/\/outdoorcells.com\/product\/anderson-connector-sb50-orange-16-8v-8-awg\/\"]}]},{\"@type\":\"ImageObject\",\"inLanguage\":\"de\",\"@id\":\"https:\/\/outdoorcells.com\/product\/anderson-connector-sb50-orange-16-8v-8-awg\/#primaryimage\",\"url\":\"https:\/\/outdoorcells.com\/wp-content\/uploads\/2021\/10\/Anderson-SB-50-Connector-Orange.jpg\",\"contentUrl\":\"https:\/\/outdoorcells.com\/wp-content\/uploads\/2021\/10\/Anderson-SB-50-Connector-Orange.jpg\",\"width\":2200,\"height\":2200,\"caption\":\"anderson stekker oranje\"},{\"@type\":\"BreadcrumbList\",\"@id\":\"https:\/\/outdoorcells.com\/product\/anderson-connector-sb50-orange-16-8v-8-awg\/#breadcrumb\",\"itemListElement\":[{\"@type\":\"ListItem\",\"position\":1,\"name\":\"Home\",\"item\":\"https:\/\/outdoorcells.com\/\"},{\"@type\":\"ListItem\",\"position\":2,\"name\":\"shop\",\"item\":\"https:\/\/outdoorcells.com\/lithium-accu-koffer\/\"},{\"@type\":\"ListItem\",\"position\":3,\"name\":\"ANDERSON CONNECTOR SB50 ORANGE (16.8V) #8 AWG\"}]},{\"@type\":\"WebSite\",\"@id\":\"https:\/\/outdoorcells.com\/#website\",\"url\":\"https:\/\/outdoorcells.com\/\",\"name\":\"Outdoorcells.com\",\"description\":\"\",\"publisher\":{\"@id\":\"https:\/\/outdoorcells.com\/#organization\"},\"potentialAction\":[{\"@type\":\"SearchAction\",\"target\":{\"@type\":\"EntryPoint\",\"urlTemplate\":\"https:\/\/outdoorcells.com\/?s={search_term_string}\"},\"query-input\":\"required name=search_term_string\"}],\"inLanguage\":\"de\"},{\"@type\":\"Organization\",\"@id\":\"https:\/\/outdoorcells.com\/#organization\",\"name\":\"OutdoorCells\",\"url\":\"https:\/\/outdoorcells.com\/\",\"logo\":{\"@type\":\"ImageObject\",\"inLanguage\":\"de\",\"@id\":\"https:\/\/outdoorcells.com\/#\/schema\/logo\/image\/\",\"url\":\"https:\/\/outdoorcells.com\/wp-content\/uploads\/2023\/05\/cropped-favicon.png\",\"contentUrl\":\"https:\/\/outdoorcells.com\/wp-content\/uploads\/2023\/05\/cropped-favicon.png\",\"width\":512,\"height\":512,\"caption\":\"OutdoorCells\"},\"image\":{\"@id\":\"https:\/\/outdoorcells.com\/#\/schema\/logo\/image\/\"},\"sameAs\":[\"https:\/\/www.facebook.com\/outdoorcells\",\"https:\/\/x.com\/outdoorcells\",\"https:\/\/www.instagram.com\/voerbootaccu\/\",\"https:\/\/www.youtube.com\/channel\/UCUWu_rkM0a3qkngzpf7EkMg?view_as=subscriber\"]}]}<\/script>\n<!-- \/ Yoast SEO plugin. -->","yoast_head_json":{"title":"Anderson Stecker 16V | Outdoorcells.com","description":"Anderson-Stecker f\u00fcr 16V-Lithium-Batterie Outdoor-Box. Schlie\u00dfen Sie alle Ihre Ger\u00e4te mit dem orangefarbenen Stecker einfach an jede Stromquelle an.","robots":{"index":"index","follow":"follow","max-snippet":"max-snippet:-1","max-image-preview":"max-image-preview:large","max-video-preview":"max-video-preview:-1"},"canonical":"https:\/\/outdoorcells.com\/de\/product\/anderson-connector-sb50-orange-16-8v-8-awg\/","og_locale":"de_DE","og_type":"article","og_title":"Anderson Connector 16V | Outdoorcells.com","og_description":"Anderson connector voor 16V lithium accu outdoorbox. Sluit eenvoudig al uw apparaten aan op iedere stroombron met oranje stekker.","og_url":"https:\/\/outdoorcells.com\/de\/product\/anderson-connector-sb50-orange-16-8v-8-awg\/","article_publisher":"https:\/\/www.facebook.com\/outdoorcells","article_modified_time":"2025-12-01T15:33:26+00:00","og_image":[{"width":1024,"height":1024,"url":"https:\/\/outdoorcells.com\/wp-content\/uploads\/2021\/10\/Anderson-SB-50-Connector-Orange-1024x1024.jpg","type":"image\/jpeg"}],"twitter_card":"summary_large_image","twitter_site":"@outdoorcells","twitter_misc":{"Gesch\u00e4tzte Lesezeit":"1\u00a0Minute"},"schema":{"@context":"https:\/\/schema.org","@graph":[{"@type":"WebPage","@id":"https:\/\/outdoorcells.com\/product\/anderson-connector-sb50-orange-16-8v-8-awg\/","url":"https:\/\/outdoorcells.com\/product\/anderson-connector-sb50-orange-16-8v-8-awg\/","name":"Anderson Stecker 16V | Outdoorcells.com","isPartOf":{"@id":"https:\/\/outdoorcells.com\/#website"},"primaryImageOfPage":{"@id":"https:\/\/outdoorcells.com\/product\/anderson-connector-sb50-orange-16-8v-8-awg\/#primaryimage"},"image":{"@id":"https:\/\/outdoorcells.com\/product\/anderson-connector-sb50-orange-16-8v-8-awg\/#primaryimage"},"thumbnailUrl":"https:\/\/outdoorcells.com\/wp-content\/uploads\/2021\/10\/Anderson-SB-50-Connector-Orange.jpg","datePublished":"2021-10-18T10:47:59+00:00","dateModified":"2025-12-01T15:33:26+00:00","description":"Anderson-Stecker f\u00fcr 16V-Lithium-Batterie Outdoor-Box. Schlie\u00dfen Sie alle Ihre Ger\u00e4te mit dem orangefarbenen Stecker einfach an jede Stromquelle an.","breadcrumb":{"@id":"https:\/\/outdoorcells.com\/product\/anderson-connector-sb50-orange-16-8v-8-awg\/#breadcrumb"},"inLanguage":"de","potentialAction":[{"@type":"ReadAction","target":["https:\/\/outdoorcells.com\/product\/anderson-connector-sb50-orange-16-8v-8-awg\/"]}]},{"@type":"ImageObject","inLanguage":"de","@id":"https:\/\/outdoorcells.com\/product\/anderson-connector-sb50-orange-16-8v-8-awg\/#primaryimage","url":"https:\/\/outdoorcells.com\/wp-content\/uploads\/2021\/10\/Anderson-SB-50-Connector-Orange.jpg","contentUrl":"https:\/\/outdoorcells.com\/wp-content\/uploads\/2021\/10\/Anderson-SB-50-Connector-Orange.jpg","width":2200,"height":2200,"caption":"anderson stekker oranje"},{"@type":"BreadcrumbList","@id":"https:\/\/outdoorcells.com\/product\/anderson-connector-sb50-orange-16-8v-8-awg\/#breadcrumb","itemListElement":[{"@type":"ListItem","position":1,"name":"Home","item":"https:\/\/outdoorcells.com\/"},{"@type":"ListItem","position":2,"name":"shop","item":"https:\/\/outdoorcells.com\/lithium-accu-koffer\/"},{"@type":"ListItem","position":3,"name":"ANDERSON CONNECTOR SB50 ORANGE (16.8V) #8 AWG"}]},{"@type":"WebSite","@id":"https:\/\/outdoorcells.com\/#website","url":"https:\/\/outdoorcells.com\/","name":"Outdoorcells.com","description":"","publisher":{"@id":"https:\/\/outdoorcells.com\/#organization"},"potentialAction":[{"@type":"SearchAction","target":{"@type":"EntryPoint","urlTemplate":"https:\/\/outdoorcells.com\/?s={search_term_string}"},"query-input":"required name=search_term_string"}],"inLanguage":"de"},{"@type":"Organization","@id":"https:\/\/outdoorcells.com\/#organization","name":"OutdoorCells","url":"https:\/\/outdoorcells.com\/","logo":{"@type":"ImageObject","inLanguage":"de","@id":"https:\/\/outdoorcells.com\/#\/schema\/logo\/image\/","url":"https:\/\/outdoorcells.com\/wp-content\/uploads\/2023\/05\/cropped-favicon.png","contentUrl":"https:\/\/outdoorcells.com\/wp-content\/uploads\/2023\/05\/cropped-favicon.png","width":512,"height":512,"caption":"OutdoorCells"},"image":{"@id":"https:\/\/outdoorcells.com\/#\/schema\/logo\/image\/"},"sameAs":["https:\/\/www.facebook.com\/outdoorcells","https:\/\/x.com\/outdoorcells","https:\/\/www.instagram.com\/voerbootaccu\/","https:\/\/www.youtube.com\/channel\/UCUWu_rkM0a3qkngzpf7EkMg?view_as=subscriber"]}]}},"_links":{"self":[{"href":"https:\/\/outdoorcells.com\/de\/wp-json\/wp\/v2\/product\/4704"}],"collection":[{"href":"https:\/\/outdoorcells.com\/de\/wp-json\/wp\/v2\/product"}],"about":[{"href":"https:\/\/outdoorcells.com\/de\/wp-json\/wp\/v2\/types\/product"}],"wp:featuredmedia":[{"embeddable":true,"href":"https:\/\/outdoorcells.com\/de\/wp-json\/wp\/v2\/media\/4703"}],"wp:attachment":[{"href":"https:\/\/outdoorcells.com\/de\/wp-json\/wp\/v2\/media?parent=4704"}],"wp:term":[{"taxonomy":"product_cat","embeddable":true,"href":"https:\/\/outdoorcells.com\/de\/wp-json\/wp\/v2\/product_cat?post=4704"},{"taxonomy":"product_tag","embeddable":true,"href":"https:\/\/outdoorcells.com\/de\/wp-json\/wp\/v2\/product_tag?post=4704"}],"curies":[{"name":"wp","href":"https:\/\/api.w.org\/{rel}","templated":true}]}}