{"id":4556,"date":"2021-10-15T10:17:11","date_gmt":"2021-10-15T08:17:11","guid":{"rendered":"https:\/\/voerbootaccu.nl\/?post_type=product&#038;p=4556"},"modified":"2023-11-21T19:36:01","modified_gmt":"2023-11-21T18:36:01","slug":"outdoorcells-solarbox","status":"publish","type":"product","link":"https:\/\/outdoorcells.com\/de\/product\/outdoorcells-solarbox\/","title":{"rendered":"OUTDOORCELLS SOLARBOX"},"content":{"rendered":"<p>Die OUTDOORCELLS Solarbox ist speziell f\u00fcr extreme Bedingungen konzipiert. In Kombination mit der faltbaren 200W <span style=\"color: #00a859;\"><a style=\"color: #00a859;\" href=\"https:\/\/outdoorcells.com\/de\/product\/bluetti-sp200-200w-solar-panel\/\">Bluetti Sonnenkollektor<\/a><\/span> kann Jede Batterie von 12V bis 24V geladen werden. Die eingebauten Ladeprofile sorgen daf\u00fcr, dass Ihr Lithium-Ionen-Akku sicher und effizient geladen wird. Die Solar Box hat das gleiche Ladeprofil wie das Ladeger\u00e4t, das Sie f\u00fcr Ihre Lithium-Ionen-Batterie an der 230V-Steckdose zu Hause verwenden. Neben einem Standard-12V-Autostecker von Blue Sea System ist die Solarbox auch mit einem Safe-Lock-Anschluss (ENG) ausgestattet. Sie finden den Safe Lock Stecker <span style=\"color: #00a859;\"><a style=\"color: #00a859;\" href=\"https:\/\/outdoorcells.com\/de\/product\/kabel-met-safe-lock-plug-naar-sbs-mini-zwart\/\">HIER<\/a><\/span><\/p>\n<p>Die Solarbox erm\u00f6glicht es, eine Batterie gleichzeitig zu laden und zu entladen. Der fortschrittliche MPPt-Regler regelt \u00fcber einen Mikroprozessor, dass die Energie effizient zwischen der Batterie und dem Verbraucher verteilt wird. Ein Verbraucher kann zum Beispiel eine K\u00fchlbox sein.<\/p>\n<p>Hauptmerkmale<\/p>\n<ul>\n<li>Wasserdicht (Peli Case)<\/li>\n<li>Ausgestattet mit Originalanschl\u00fcssen von Anderson und Blue Sea Systems<\/li>\n<li>Kompatibel mit allen OUTDOORCELLS und VoerbootAccuNL Lithium-Ionen-Batterien<\/li>\n<li>15A Ladestrom (abh\u00e4ngig vom verwendeten Solarmodul)<\/li>\n<li>V\u00f6llig ger\u00e4uschlos - kein zus\u00e4tzlicher L\u00e4rm wie bei Generatoren<\/li>\n<li>Leicht und kompakt<\/li>\n<\/ul>\n<p>In der Kategorie <span style=\"color: #00a859;\"><a style=\"color: #00a859;\" href=\"https:\/\/outdoorcells.com\/de\/produkt-kategorie\/stekkers-en-toebehoren\/\">Stecker &amp; Kabel<\/a><\/span> finden Sie alle m\u00f6glichen Anschlussstecker und Adapterkabel, um Ihre ger\u00e4te mit der Solar Box V2.0 Stackable zu verbinden.<\/p>\n<p>&nbsp;<\/p>\n<p>FUNKTIONIERT MIT VICTRONCONNECT<\/p>\n<p>Mit der App erhalten Sie einen Einblick, wie viel Energie Ihr Solarmodul in Echtzeit ignoriert. Dar\u00fcber hinaus k\u00f6nnen Sie den Status Ihrer Batterie und den Stromverbrauch sehen.<\/p>\n<p><a href=\"https:\/\/apps.apple.com\/us\/app\/victron-connect\/id943840744\"><img loading=\"lazy\" decoding=\"async\" class=\"alignnone wp-image-5665 size-full\" src=\"https:\/\/outdoorcells.com\/wp-content\/uploads\/2021\/10\/vc-appstore.png\" alt=\"\" width=\"248\" height=\"84\" \/><\/a>\u00a0 <a href=\"https:\/\/play.google.com\/store\/apps\/details?id=com.victronenergy.victronconnect\"><img loading=\"lazy\" decoding=\"async\" class=\"alignnone wp-image-5666 size-full\" src=\"https:\/\/outdoorcells.com\/wp-content\/uploads\/2021\/10\/vc-google-play.png\" alt=\"\" width=\"284\" height=\"84\" srcset=\"https:\/\/outdoorcells.com\/wp-content\/uploads\/2021\/10\/vc-google-play.png 284w, https:\/\/outdoorcells.com\/wp-content\/uploads\/2021\/10\/vc-google-play-247x73.png 247w\" sizes=\"(max-width: 284px) 100vw, 284px\" \/><\/a><\/p>","protected":false},"excerpt":{"rendered":"<p>De OUTDOORCELLS Solarbox is speciaal ontwikkeld voor extreme omstandigheden. In combinatie met het 200W opvouwbare Bluetti Zonnepaneel kan ieder accu van 12V tot 24V opgeladen worden. De ingebouwde laadprofielen zorgen ervoor dat uw Lithium-ion accu veilig en efficient geladen word. De Solar Box beschikt over hetzelfde laadprofiel als de lader die u voor uw Lithium-ion [&#8230;]\n","protected":false},"featured_media":4692,"template":"","meta":[],"product_cat":[158],"product_tag":[],"yoast_head":"<!-- This site is optimized with the Yoast SEO plugin v23.3 - https:\/\/yoast.com\/wordpress\/plugins\/seo\/ -->\n<title>Solarbox 15A MPPT | Outdoorcells.com<\/title>\n<meta name=\"description\" content=\"Solarbox geschikt om jou outdoorbox op te laden met een zonnepaneel. Geavanceerde MPPT techniek maak optimaal gebruik van de zonne-energie.\" \/>\n<meta name=\"robots\" content=\"index, follow, max-snippet:-1, max-image-preview:large, max-video-preview:-1\" \/>\n<link rel=\"canonical\" href=\"https:\/\/outdoorcells.com\/de\/produkt\/outdoorcells-solarbox\/\" \/>\n<meta property=\"og:locale\" content=\"de_DE\" \/>\n<meta property=\"og:type\" content=\"article\" \/>\n<meta property=\"og:title\" content=\"Solarbox 15A MPPT | Outdoorcells.com\" \/>\n<meta property=\"og:description\" content=\"Solarbox geschikt om jou outdoorbox op te laden met een zonnepaneel. Geavanceerde MPPT techniek maak optimaal gebruik van de zonne-energie.\" \/>\n<meta property=\"og:url\" content=\"https:\/\/outdoorcells.com\/de\/produkt\/outdoorcells-solarbox\/\" \/>\n<meta property=\"article:publisher\" content=\"https:\/\/www.facebook.com\/outdoorcells\" \/>\n<meta property=\"article:modified_time\" content=\"2023-11-21T18:36:01+00:00\" \/>\n<meta property=\"og:image\" content=\"https:\/\/outdoorcells.com\/wp-content\/uploads\/2021\/10\/Lithium-ion-waterdichte-solar-charge-controller-zwart-1024x1024.jpg\" \/>\n\t<meta property=\"og:image:width\" content=\"1024\" \/>\n\t<meta property=\"og:image:height\" content=\"1024\" \/>\n\t<meta property=\"og:image:type\" content=\"image\/jpeg\" \/>\n<meta name=\"twitter:card\" content=\"summary_large_image\" \/>\n<meta name=\"twitter:site\" content=\"@outdoorcells\" \/>\n<meta name=\"twitter:label1\" content=\"Gesch\u00e4tzte Lesezeit\" \/>\n\t<meta name=\"twitter:data1\" content=\"2\u00a0Minuten\" \/>\n<script type=\"application\/ld+json\" class=\"yoast-schema-graph\">{\"@context\":\"https:\/\/schema.org\",\"@graph\":[{\"@type\":\"WebPage\",\"@id\":\"https:\/\/outdoorcells.com\/de\/produkt\/outdoorcells-solarbox\/\",\"url\":\"https:\/\/outdoorcells.com\/de\/produkt\/outdoorcells-solarbox\/\",\"name\":\"Solarbox 15A MPPT | Outdoorcells.com\",\"isPartOf\":{\"@id\":\"https:\/\/outdoorcells.com\/#website\"},\"primaryImageOfPage\":{\"@id\":\"https:\/\/outdoorcells.com\/de\/produkt\/outdoorcells-solarbox\/#primaryimage\"},\"image\":{\"@id\":\"https:\/\/outdoorcells.com\/de\/produkt\/outdoorcells-solarbox\/#primaryimage\"},\"thumbnailUrl\":\"https:\/\/outdoorcells.com\/wp-content\/uploads\/2021\/10\/Lithium-ion-waterdichte-solar-charge-controller-zwart.jpg\",\"datePublished\":\"2021-10-15T08:17:11+00:00\",\"dateModified\":\"2023-11-21T18:36:01+00:00\",\"description\":\"Solarbox geschikt om jou outdoorbox op te laden met een zonnepaneel. Geavanceerde MPPT techniek maak optimaal gebruik van de zonne-energie.\",\"breadcrumb\":{\"@id\":\"https:\/\/outdoorcells.com\/de\/produkt\/outdoorcells-solarbox\/#breadcrumb\"},\"inLanguage\":\"de\",\"potentialAction\":[{\"@type\":\"ReadAction\",\"target\":[\"https:\/\/outdoorcells.com\/de\/produkt\/outdoorcells-solarbox\/\"]}]},{\"@type\":\"ImageObject\",\"inLanguage\":\"de\",\"@id\":\"https:\/\/outdoorcells.com\/de\/produkt\/outdoorcells-solarbox\/#primaryimage\",\"url\":\"https:\/\/outdoorcells.com\/wp-content\/uploads\/2021\/10\/Lithium-ion-waterdichte-solar-charge-controller-zwart.jpg\",\"contentUrl\":\"https:\/\/outdoorcells.com\/wp-content\/uploads\/2021\/10\/Lithium-ion-waterdichte-solar-charge-controller-zwart.jpg\",\"width\":2200,\"height\":2200,\"caption\":\"solarbox\"},{\"@type\":\"BreadcrumbList\",\"@id\":\"https:\/\/outdoorcells.com\/de\/produkt\/outdoorcells-solarbox\/#breadcrumb\",\"itemListElement\":[{\"@type\":\"ListItem\",\"position\":1,\"name\":\"Home\",\"item\":\"https:\/\/outdoorcells.com\/\"},{\"@type\":\"ListItem\",\"position\":2,\"name\":\"shop\",\"item\":\"https:\/\/outdoorcells.com\/lithium-accu-koffer\/\"},{\"@type\":\"ListItem\",\"position\":3,\"name\":\"OUTDOORCELLS SOLARBOX\"}]},{\"@type\":\"WebSite\",\"@id\":\"https:\/\/outdoorcells.com\/#website\",\"url\":\"https:\/\/outdoorcells.com\/\",\"name\":\"Outdoorcells.com\",\"description\":\"\",\"publisher\":{\"@id\":\"https:\/\/outdoorcells.com\/#organization\"},\"potentialAction\":[{\"@type\":\"SearchAction\",\"target\":{\"@type\":\"EntryPoint\",\"urlTemplate\":\"https:\/\/outdoorcells.com\/?s={search_term_string}\"},\"query-input\":\"required name=search_term_string\"}],\"inLanguage\":\"de\"},{\"@type\":\"Organization\",\"@id\":\"https:\/\/outdoorcells.com\/#organization\",\"name\":\"OutdoorCells\",\"url\":\"https:\/\/outdoorcells.com\/\",\"logo\":{\"@type\":\"ImageObject\",\"inLanguage\":\"de\",\"@id\":\"https:\/\/outdoorcells.com\/#\/schema\/logo\/image\/\",\"url\":\"https:\/\/outdoorcells.com\/wp-content\/uploads\/2023\/05\/cropped-favicon.png\",\"contentUrl\":\"https:\/\/outdoorcells.com\/wp-content\/uploads\/2023\/05\/cropped-favicon.png\",\"width\":512,\"height\":512,\"caption\":\"OutdoorCells\"},\"image\":{\"@id\":\"https:\/\/outdoorcells.com\/#\/schema\/logo\/image\/\"},\"sameAs\":[\"https:\/\/www.facebook.com\/outdoorcells\",\"https:\/\/x.com\/outdoorcells\",\"https:\/\/www.instagram.com\/voerbootaccu\/\",\"https:\/\/www.youtube.com\/channel\/UCUWu_rkM0a3qkngzpf7EkMg?view_as=subscriber\"]}]}<\/script>\n<!-- \/ Yoast SEO plugin. -->","yoast_head_json":{"title":"Solarbox 15A MPPT | Outdoorcells.com","description":"Die Solarbox eignet sich zum Aufladen Ihrer Outdoor-Box mit einem Solarpanel. Die fortschrittliche MPPT-Technologie sorgt f\u00fcr eine optimale Nutzung der Sonnenenergie.","robots":{"index":"index","follow":"follow","max-snippet":"max-snippet:-1","max-image-preview":"max-image-preview:large","max-video-preview":"max-video-preview:-1"},"canonical":"https:\/\/outdoorcells.com\/de\/produkt\/outdoorcells-solarbox\/","og_locale":"de_DE","og_type":"article","og_title":"Solarbox 15A MPPT | Outdoorcells.com","og_description":"Solarbox geschikt om jou outdoorbox op te laden met een zonnepaneel. Geavanceerde MPPT techniek maak optimaal gebruik van de zonne-energie.","og_url":"https:\/\/outdoorcells.com\/de\/produkt\/outdoorcells-solarbox\/","article_publisher":"https:\/\/www.facebook.com\/outdoorcells","article_modified_time":"2023-11-21T18:36:01+00:00","og_image":[{"width":1024,"height":1024,"url":"https:\/\/outdoorcells.com\/wp-content\/uploads\/2021\/10\/Lithium-ion-waterdichte-solar-charge-controller-zwart-1024x1024.jpg","type":"image\/jpeg"}],"twitter_card":"summary_large_image","twitter_site":"@outdoorcells","twitter_misc":{"Gesch\u00e4tzte Lesezeit":"2\u00a0Minuten"},"schema":{"@context":"https:\/\/schema.org","@graph":[{"@type":"WebPage","@id":"https:\/\/outdoorcells.com\/de\/produkt\/outdoorcells-solarbox\/","url":"https:\/\/outdoorcells.com\/de\/produkt\/outdoorcells-solarbox\/","name":"Solarbox 15A MPPT | Outdoorcells.com","isPartOf":{"@id":"https:\/\/outdoorcells.com\/#website"},"primaryImageOfPage":{"@id":"https:\/\/outdoorcells.com\/de\/produkt\/outdoorcells-solarbox\/#primaryimage"},"image":{"@id":"https:\/\/outdoorcells.com\/de\/produkt\/outdoorcells-solarbox\/#primaryimage"},"thumbnailUrl":"https:\/\/outdoorcells.com\/wp-content\/uploads\/2021\/10\/Lithium-ion-waterdichte-solar-charge-controller-zwart.jpg","datePublished":"2021-10-15T08:17:11+00:00","dateModified":"2023-11-21T18:36:01+00:00","description":"Die Solarbox eignet sich zum Aufladen Ihrer Outdoor-Box mit einem Solarpanel. Die fortschrittliche MPPT-Technologie sorgt f\u00fcr eine optimale Nutzung der Sonnenenergie.","breadcrumb":{"@id":"https:\/\/outdoorcells.com\/de\/produkt\/outdoorcells-solarbox\/#breadcrumb"},"inLanguage":"de","potentialAction":[{"@type":"ReadAction","target":["https:\/\/outdoorcells.com\/de\/produkt\/outdoorcells-solarbox\/"]}]},{"@type":"ImageObject","inLanguage":"de","@id":"https:\/\/outdoorcells.com\/de\/produkt\/outdoorcells-solarbox\/#primaryimage","url":"https:\/\/outdoorcells.com\/wp-content\/uploads\/2021\/10\/Lithium-ion-waterdichte-solar-charge-controller-zwart.jpg","contentUrl":"https:\/\/outdoorcells.com\/wp-content\/uploads\/2021\/10\/Lithium-ion-waterdichte-solar-charge-controller-zwart.jpg","width":2200,"height":2200,"caption":"solarbox"},{"@type":"BreadcrumbList","@id":"https:\/\/outdoorcells.com\/de\/produkt\/outdoorcells-solarbox\/#breadcrumb","itemListElement":[{"@type":"ListItem","position":1,"name":"Home","item":"https:\/\/outdoorcells.com\/"},{"@type":"ListItem","position":2,"name":"shop","item":"https:\/\/outdoorcells.com\/lithium-accu-koffer\/"},{"@type":"ListItem","position":3,"name":"OUTDOORCELLS SOLARBOX"}]},{"@type":"WebSite","@id":"https:\/\/outdoorcells.com\/#website","url":"https:\/\/outdoorcells.com\/","name":"Outdoorcells.com","description":"","publisher":{"@id":"https:\/\/outdoorcells.com\/#organization"},"potentialAction":[{"@type":"SearchAction","target":{"@type":"EntryPoint","urlTemplate":"https:\/\/outdoorcells.com\/?s={search_term_string}"},"query-input":"required name=search_term_string"}],"inLanguage":"de"},{"@type":"Organization","@id":"https:\/\/outdoorcells.com\/#organization","name":"OutdoorCells","url":"https:\/\/outdoorcells.com\/","logo":{"@type":"ImageObject","inLanguage":"de","@id":"https:\/\/outdoorcells.com\/#\/schema\/logo\/image\/","url":"https:\/\/outdoorcells.com\/wp-content\/uploads\/2023\/05\/cropped-favicon.png","contentUrl":"https:\/\/outdoorcells.com\/wp-content\/uploads\/2023\/05\/cropped-favicon.png","width":512,"height":512,"caption":"OutdoorCells"},"image":{"@id":"https:\/\/outdoorcells.com\/#\/schema\/logo\/image\/"},"sameAs":["https:\/\/www.facebook.com\/outdoorcells","https:\/\/x.com\/outdoorcells","https:\/\/www.instagram.com\/voerbootaccu\/","https:\/\/www.youtube.com\/channel\/UCUWu_rkM0a3qkngzpf7EkMg?view_as=subscriber"]}]}},"_links":{"self":[{"href":"https:\/\/outdoorcells.com\/de\/wp-json\/wp\/v2\/product\/4556"}],"collection":[{"href":"https:\/\/outdoorcells.com\/de\/wp-json\/wp\/v2\/product"}],"about":[{"href":"https:\/\/outdoorcells.com\/de\/wp-json\/wp\/v2\/types\/product"}],"wp:featuredmedia":[{"embeddable":true,"href":"https:\/\/outdoorcells.com\/de\/wp-json\/wp\/v2\/media\/4692"}],"wp:attachment":[{"href":"https:\/\/outdoorcells.com\/de\/wp-json\/wp\/v2\/media?parent=4556"}],"wp:term":[{"taxonomy":"product_cat","embeddable":true,"href":"https:\/\/outdoorcells.com\/de\/wp-json\/wp\/v2\/product_cat?post=4556"},{"taxonomy":"product_tag","embeddable":true,"href":"https:\/\/outdoorcells.com\/de\/wp-json\/wp\/v2\/product_tag?post=4556"}],"curies":[{"name":"wp","href":"https:\/\/api.w.org\/{rel}","templated":true}]}}