{"id":4148,"date":"2020-01-27T18:21:57","date_gmt":"2020-01-27T17:21:57","guid":{"rendered":"https:\/\/voerbootaccu.nl\/?post_type=product&#038;p=4148"},"modified":"2024-10-02T09:53:11","modified_gmt":"2024-10-02T07:53:11","slug":"lader-outdoorbox-29-4v-10a-sb50-groen","status":"publish","type":"product","link":"https:\/\/outdoorcells.com\/de\/product\/lader-outdoorbox-29-4v-10a-sb50-groen\/","title":{"rendered":"LADEGER\u00c4T OUTDOORBOX 29.4V 10A SB50 GR\u00dcN"},"content":{"rendered":"<p>Ladeger\u00e4t Li-ion 24V 7S Lithium-Ionen-Akkus (29,4V). Maximale Ladespannung CC~CV 29,4V. Geeignet f\u00fcr Outdoorbox 24V-55Ah 7S High Voltage f\u00fcr 24V E-Motoren und Bug Motoren. Bel\u00fcftetes Design f\u00fcr optimalen und k\u00fchlen Betrieb. Suchen Sie ein Ladeger\u00e4t f\u00fcr 6S (25,2V) Lithium-Akkus? Diese finden Sie <span style=\"color: #00ff00;\"><a style=\"color: #00ff00;\" href=\"https:\/\/outdoorcells.com\/de\/product\/lader-li-ion-24v-10-ip22-25-2v\/\"><strong>HIER<\/strong><\/a><\/span><\/p>\n<ul>\n<li>CE-zertifiziert<\/li>\n<li>RoHS-zertifiziert<\/li>\n<li>AC~DC Ladeger\u00e4t 7S 29.4Volt li-ion<\/li>\n<\/ul>\n<h3 class=\"uppercase\">WARUM BRAUCHE ICH EIN SPEZIELLES LITHIUM-LADEGER\u00c4T?<\/h3>\n<p>Ein Lithium-Ladeger\u00e4t sorgt daf\u00fcr, dass Ihre Batterie vollst\u00e4ndig und pr\u00e4zise geladen wird. Zugleich sch\u00fctzt das Ladeger\u00e4t vor \u00dcberladung. Da ein Lithium-Batterieladeger\u00e4t \u00fcber eine kontinuierliche Spannung und einen kontinuierlichen Strom verf\u00fcgt, werden die Lithiumzellen besser ausbalanciert und Ihre Batterie h\u00e4lt um ein Vielfaches l\u00e4nger. Ein Lithium-Ladeger\u00e4t startet und stoppt den Ladevorgang vollautomatisch. Wenn die Batterie voll ist, schaltet sich das Ladeger\u00e4t ab. Mit diesem Lithium-Ladeger\u00e4t k\u00f6nnen Sie Ihre Lithium-Batterie immer nachladen, auch wenn sie noch nicht leer ist.<\/p>\n<h3 class=\"uppercase\">LI-ION LADEGER\u00c4T 24V<\/h3>\n<p>Dieses Lithium-Ladeger\u00e4t ist mit einem gr\u00fcnen SB50-Anderson-Stecker ausgestattet, genau wie unsere Outdoor-Boxen mit 24Volt. Sie brauchen also keine Stecker zu montieren, da das Ladeger\u00e4t voll Plug&amp;Play ist! Die originalen anderson SB50-Stecker am Ladeger\u00e4t und an der Outdoorbox 24V leisten zudem mehr als nachgemachte Stecker und halten um ein Vielfaches l\u00e4nger! Geeignet f\u00fcr Outdoorbox 24V-55AH 7S.<\/p>\n<h3 class=\"uppercase\">WUSSTEN SIE, DASS...<\/h3>\n<p>Sie k\u00f6nnen jetzt die Batterien Ihres Futterboot oder Ihres Mini-Case am Wasser aufladen? Mit dem neuen <strong><a href=\"https:\/\/outdoorcells.com\/de\/product\/inverter-outdoorbox-single-12vdc-230vac-300watt\/\">Wechselrichter Outdoorbox<\/a><\/strong> k\u00f6nnen Sie alle Batterien aufladen, wo immer Sie wollen! Das Ladeger\u00e4t f\u00fcr die Outdoorbox Mini 3A wird einfach an den Wechselrichter angeschlossen und l\u00e4dt Ihre Futterboot-Batterie wie zu Hause an der Steckdose auf.<\/p>","protected":false},"excerpt":{"rendered":"<p>Lader Li-ion 24V 7S Lithium-ion accu\u2019s (29,4V). Maximale laadspanning CC~CV 29.4V. Geschikt voor de Outdoorbox 24V-55Ah 7S High Voltage voor 24V Fluistermotoren en Front trollers. Geventileerd ontwerp voor optimale en koele werking. Zoekt u een Lader voor 6S (25,2V) Lithium accu? Deze vindt u HIER CE Gecertificeerd RoHS Gecertifceerd AC~DC Lader 7S 29,4Volt li-ion WAAROM [&#8230;]\n","protected":false},"featured_media":4146,"template":"","meta":[],"product_cat":[217],"product_tag":[],"yoast_head":"<!-- This site is optimized with the Yoast SEO plugin v23.3 - https:\/\/yoast.com\/wordpress\/plugins\/seo\/ -->\n<title>Lader 7S Li-ion | Outdoorcells.com<\/title>\n<meta name=\"description\" content=\"Lader voor 7s Li-ion accu. Uitgerust met anderson connector groen voor medium voltage Outdoorbox. Laadspanning 29,4Volt met 10A vermogen\" \/>\n<meta name=\"robots\" content=\"index, follow, max-snippet:-1, max-image-preview:large, max-video-preview:-1\" \/>\n<link rel=\"canonical\" href=\"https:\/\/outdoorcells.com\/de\/product\/lader-outdoorbox-29-4v-10a-sb50-groen\/\" \/>\n<meta property=\"og:locale\" content=\"de_DE\" \/>\n<meta property=\"og:type\" content=\"article\" \/>\n<meta property=\"og:title\" content=\"Lader 7S Li-ion | Outdoorcells.com\" \/>\n<meta property=\"og:description\" content=\"Lader voor 7s Li-ion accu. Uitgerust met anderson connector groen voor medium voltage Outdoorbox. Laadspanning 29,4Volt met 10A vermogen\" \/>\n<meta property=\"og:url\" content=\"https:\/\/outdoorcells.com\/de\/product\/lader-outdoorbox-29-4v-10a-sb50-groen\/\" \/>\n<meta property=\"article:publisher\" content=\"https:\/\/www.facebook.com\/outdoorcells\" \/>\n<meta property=\"article:modified_time\" content=\"2024-10-02T07:53:11+00:00\" \/>\n<meta property=\"og:image\" content=\"https:\/\/outdoorcells.com\/wp-content\/uploads\/2020\/01\/Lithium-lader-12.6V-20A.jpg\" \/>\n\t<meta property=\"og:image:width\" content=\"1100\" \/>\n\t<meta property=\"og:image:height\" content=\"1100\" \/>\n\t<meta property=\"og:image:type\" content=\"image\/jpeg\" \/>\n<meta name=\"twitter:card\" content=\"summary_large_image\" \/>\n<meta name=\"twitter:site\" content=\"@outdoorcells\" \/>\n<meta name=\"twitter:label1\" content=\"Gesch\u00e4tzte Lesezeit\" \/>\n\t<meta name=\"twitter:data1\" content=\"1\u00a0Minute\" \/>\n<script type=\"application\/ld+json\" class=\"yoast-schema-graph\">{\"@context\":\"https:\/\/schema.org\",\"@graph\":[{\"@type\":\"WebPage\",\"@id\":\"https:\/\/outdoorcells.com\/product\/lader-outdoorbox-29-4v-10a-sb50-groen\/\",\"url\":\"https:\/\/outdoorcells.com\/product\/lader-outdoorbox-29-4v-10a-sb50-groen\/\",\"name\":\"Lader 7S Li-ion | Outdoorcells.com\",\"isPartOf\":{\"@id\":\"https:\/\/outdoorcells.com\/#website\"},\"primaryImageOfPage\":{\"@id\":\"https:\/\/outdoorcells.com\/product\/lader-outdoorbox-29-4v-10a-sb50-groen\/#primaryimage\"},\"image\":{\"@id\":\"https:\/\/outdoorcells.com\/product\/lader-outdoorbox-29-4v-10a-sb50-groen\/#primaryimage\"},\"thumbnailUrl\":\"https:\/\/outdoorcells.com\/wp-content\/uploads\/2020\/01\/Lithium-lader-12.6V-20A.jpg\",\"datePublished\":\"2020-01-27T17:21:57+00:00\",\"dateModified\":\"2024-10-02T07:53:11+00:00\",\"description\":\"Lader voor 7s Li-ion accu. Uitgerust met anderson connector groen voor medium voltage Outdoorbox. Laadspanning 29,4Volt met 10A vermogen\",\"breadcrumb\":{\"@id\":\"https:\/\/outdoorcells.com\/product\/lader-outdoorbox-29-4v-10a-sb50-groen\/#breadcrumb\"},\"inLanguage\":\"de\",\"potentialAction\":[{\"@type\":\"ReadAction\",\"target\":[\"https:\/\/outdoorcells.com\/product\/lader-outdoorbox-29-4v-10a-sb50-groen\/\"]}]},{\"@type\":\"ImageObject\",\"inLanguage\":\"de\",\"@id\":\"https:\/\/outdoorcells.com\/product\/lader-outdoorbox-29-4v-10a-sb50-groen\/#primaryimage\",\"url\":\"https:\/\/outdoorcells.com\/wp-content\/uploads\/2020\/01\/Lithium-lader-12.6V-20A.jpg\",\"contentUrl\":\"https:\/\/outdoorcells.com\/wp-content\/uploads\/2020\/01\/Lithium-lader-12.6V-20A.jpg\",\"width\":1100,\"height\":1100,\"caption\":\"lader li-ion 24v\"},{\"@type\":\"BreadcrumbList\",\"@id\":\"https:\/\/outdoorcells.com\/product\/lader-outdoorbox-29-4v-10a-sb50-groen\/#breadcrumb\",\"itemListElement\":[{\"@type\":\"ListItem\",\"position\":1,\"name\":\"Home\",\"item\":\"https:\/\/outdoorcells.com\/\"},{\"@type\":\"ListItem\",\"position\":2,\"name\":\"shop\",\"item\":\"https:\/\/outdoorcells.com\/lithium-accu-koffer\/\"},{\"@type\":\"ListItem\",\"position\":3,\"name\":\"LADER OUTDOORBOX 29.4V 10A SB50 GROEN\"}]},{\"@type\":\"WebSite\",\"@id\":\"https:\/\/outdoorcells.com\/#website\",\"url\":\"https:\/\/outdoorcells.com\/\",\"name\":\"Outdoorcells.com\",\"description\":\"\",\"publisher\":{\"@id\":\"https:\/\/outdoorcells.com\/#organization\"},\"potentialAction\":[{\"@type\":\"SearchAction\",\"target\":{\"@type\":\"EntryPoint\",\"urlTemplate\":\"https:\/\/outdoorcells.com\/?s={search_term_string}\"},\"query-input\":\"required name=search_term_string\"}],\"inLanguage\":\"de\"},{\"@type\":\"Organization\",\"@id\":\"https:\/\/outdoorcells.com\/#organization\",\"name\":\"OutdoorCells\",\"url\":\"https:\/\/outdoorcells.com\/\",\"logo\":{\"@type\":\"ImageObject\",\"inLanguage\":\"de\",\"@id\":\"https:\/\/outdoorcells.com\/#\/schema\/logo\/image\/\",\"url\":\"https:\/\/outdoorcells.com\/wp-content\/uploads\/2023\/05\/cropped-favicon.png\",\"contentUrl\":\"https:\/\/outdoorcells.com\/wp-content\/uploads\/2023\/05\/cropped-favicon.png\",\"width\":512,\"height\":512,\"caption\":\"OutdoorCells\"},\"image\":{\"@id\":\"https:\/\/outdoorcells.com\/#\/schema\/logo\/image\/\"},\"sameAs\":[\"https:\/\/www.facebook.com\/outdoorcells\",\"https:\/\/x.com\/outdoorcells\",\"https:\/\/www.instagram.com\/voerbootaccu\/\",\"https:\/\/www.youtube.com\/channel\/UCUWu_rkM0a3qkngzpf7EkMg?view_as=subscriber\"]}]}<\/script>\n<!-- \/ Yoast SEO plugin. -->","yoast_head_json":{"title":"Ladeger\u00e4t 7S Li-ion | Outdoorcells.com","description":"Ladeger\u00e4t f\u00fcr 7s Li-Ion-Akku. Ausgestattet mit anderson Stecker gr\u00fcn f\u00fcr Mittelspannung Outdoor-Box. Ladespannung 29.4Volt mit 10A Kapazit\u00e4t","robots":{"index":"index","follow":"follow","max-snippet":"max-snippet:-1","max-image-preview":"max-image-preview:large","max-video-preview":"max-video-preview:-1"},"canonical":"https:\/\/outdoorcells.com\/de\/product\/lader-outdoorbox-29-4v-10a-sb50-groen\/","og_locale":"de_DE","og_type":"article","og_title":"Lader 7S Li-ion | Outdoorcells.com","og_description":"Lader voor 7s Li-ion accu. Uitgerust met anderson connector groen voor medium voltage Outdoorbox. Laadspanning 29,4Volt met 10A vermogen","og_url":"https:\/\/outdoorcells.com\/de\/product\/lader-outdoorbox-29-4v-10a-sb50-groen\/","article_publisher":"https:\/\/www.facebook.com\/outdoorcells","article_modified_time":"2024-10-02T07:53:11+00:00","og_image":[{"width":1100,"height":1100,"url":"https:\/\/outdoorcells.com\/wp-content\/uploads\/2020\/01\/Lithium-lader-12.6V-20A.jpg","type":"image\/jpeg"}],"twitter_card":"summary_large_image","twitter_site":"@outdoorcells","twitter_misc":{"Gesch\u00e4tzte Lesezeit":"1\u00a0Minute"},"schema":{"@context":"https:\/\/schema.org","@graph":[{"@type":"WebPage","@id":"https:\/\/outdoorcells.com\/product\/lader-outdoorbox-29-4v-10a-sb50-groen\/","url":"https:\/\/outdoorcells.com\/product\/lader-outdoorbox-29-4v-10a-sb50-groen\/","name":"Ladeger\u00e4t 7S Li-ion | Outdoorcells.com","isPartOf":{"@id":"https:\/\/outdoorcells.com\/#website"},"primaryImageOfPage":{"@id":"https:\/\/outdoorcells.com\/product\/lader-outdoorbox-29-4v-10a-sb50-groen\/#primaryimage"},"image":{"@id":"https:\/\/outdoorcells.com\/product\/lader-outdoorbox-29-4v-10a-sb50-groen\/#primaryimage"},"thumbnailUrl":"https:\/\/outdoorcells.com\/wp-content\/uploads\/2020\/01\/Lithium-lader-12.6V-20A.jpg","datePublished":"2020-01-27T17:21:57+00:00","dateModified":"2024-10-02T07:53:11+00:00","description":"Ladeger\u00e4t f\u00fcr 7s Li-Ion-Akku. Ausgestattet mit anderson Stecker gr\u00fcn f\u00fcr Mittelspannung Outdoor-Box. Ladespannung 29.4Volt mit 10A Kapazit\u00e4t","breadcrumb":{"@id":"https:\/\/outdoorcells.com\/product\/lader-outdoorbox-29-4v-10a-sb50-groen\/#breadcrumb"},"inLanguage":"de","potentialAction":[{"@type":"ReadAction","target":["https:\/\/outdoorcells.com\/product\/lader-outdoorbox-29-4v-10a-sb50-groen\/"]}]},{"@type":"ImageObject","inLanguage":"de","@id":"https:\/\/outdoorcells.com\/product\/lader-outdoorbox-29-4v-10a-sb50-groen\/#primaryimage","url":"https:\/\/outdoorcells.com\/wp-content\/uploads\/2020\/01\/Lithium-lader-12.6V-20A.jpg","contentUrl":"https:\/\/outdoorcells.com\/wp-content\/uploads\/2020\/01\/Lithium-lader-12.6V-20A.jpg","width":1100,"height":1100,"caption":"lader li-ion 24v"},{"@type":"BreadcrumbList","@id":"https:\/\/outdoorcells.com\/product\/lader-outdoorbox-29-4v-10a-sb50-groen\/#breadcrumb","itemListElement":[{"@type":"ListItem","position":1,"name":"Home","item":"https:\/\/outdoorcells.com\/"},{"@type":"ListItem","position":2,"name":"shop","item":"https:\/\/outdoorcells.com\/lithium-accu-koffer\/"},{"@type":"ListItem","position":3,"name":"LADER OUTDOORBOX 29.4V 10A SB50 GROEN"}]},{"@type":"WebSite","@id":"https:\/\/outdoorcells.com\/#website","url":"https:\/\/outdoorcells.com\/","name":"Outdoorcells.com","description":"","publisher":{"@id":"https:\/\/outdoorcells.com\/#organization"},"potentialAction":[{"@type":"SearchAction","target":{"@type":"EntryPoint","urlTemplate":"https:\/\/outdoorcells.com\/?s={search_term_string}"},"query-input":"required name=search_term_string"}],"inLanguage":"de"},{"@type":"Organization","@id":"https:\/\/outdoorcells.com\/#organization","name":"OutdoorCells","url":"https:\/\/outdoorcells.com\/","logo":{"@type":"ImageObject","inLanguage":"de","@id":"https:\/\/outdoorcells.com\/#\/schema\/logo\/image\/","url":"https:\/\/outdoorcells.com\/wp-content\/uploads\/2023\/05\/cropped-favicon.png","contentUrl":"https:\/\/outdoorcells.com\/wp-content\/uploads\/2023\/05\/cropped-favicon.png","width":512,"height":512,"caption":"OutdoorCells"},"image":{"@id":"https:\/\/outdoorcells.com\/#\/schema\/logo\/image\/"},"sameAs":["https:\/\/www.facebook.com\/outdoorcells","https:\/\/x.com\/outdoorcells","https:\/\/www.instagram.com\/voerbootaccu\/","https:\/\/www.youtube.com\/channel\/UCUWu_rkM0a3qkngzpf7EkMg?view_as=subscriber"]}]}},"_links":{"self":[{"href":"https:\/\/outdoorcells.com\/de\/wp-json\/wp\/v2\/product\/4148"}],"collection":[{"href":"https:\/\/outdoorcells.com\/de\/wp-json\/wp\/v2\/product"}],"about":[{"href":"https:\/\/outdoorcells.com\/de\/wp-json\/wp\/v2\/types\/product"}],"wp:featuredmedia":[{"embeddable":true,"href":"https:\/\/outdoorcells.com\/de\/wp-json\/wp\/v2\/media\/4146"}],"wp:attachment":[{"href":"https:\/\/outdoorcells.com\/de\/wp-json\/wp\/v2\/media?parent=4148"}],"wp:term":[{"taxonomy":"product_cat","embeddable":true,"href":"https:\/\/outdoorcells.com\/de\/wp-json\/wp\/v2\/product_cat?post=4148"},{"taxonomy":"product_tag","embeddable":true,"href":"https:\/\/outdoorcells.com\/de\/wp-json\/wp\/v2\/product_tag?post=4148"}],"curies":[{"name":"wp","href":"https:\/\/api.w.org\/{rel}","templated":true}]}}