{"id":4147,"date":"2020-01-27T18:16:47","date_gmt":"2020-01-27T17:16:47","guid":{"rendered":"https:\/\/voerbootaccu.nl\/?post_type=product&#038;p=4147"},"modified":"2023-11-21T19:35:21","modified_gmt":"2023-11-21T18:35:21","slug":"lader-outdoorbox-25-2v-10a-sb50-groen","status":"publish","type":"product","link":"https:\/\/outdoorcells.com\/de\/product\/lader-outdoorbox-25-2v-10a-sb50-groen\/","title":{"rendered":"LADEGER\u00c4T OUTDOORBOX 25.2V 10A SB50 GR\u00dcN"},"content":{"rendered":"<p>Ladeger\u00e4t Li-ion 24V 6S Lithium-Ionen-Akkus (25,2V). Maximale Ladespannung CC~CV 25,2V. Geeignet f\u00fcr den Peli 24V-55Ah Outdoor-Koffer f\u00fcr Elektroboote. Bel\u00fcftetes Design f\u00fcr optimalen und k\u00fchlen Betrieb. Suchen Sie ein Ladeger\u00e4t f\u00fcr 7S (29,4V) Lithium-Akkus? Diese finden Sie <span style=\"color: #00ff00;\"><strong><a style=\"color: #00ff00;\" href=\"https:\/\/outdoorcells.com\/de\/product\/24v-10a-lithium-charger-ip22-29-4v\/\">HIER<\/a><\/strong><\/span><\/p>\n<ul>\n<li>CE-zertifiziert<\/li>\n<li>RoHS-zertifiziert<\/li>\n<li>AC~DC Lader 6S 25,2 Volt li-ion<\/li>\n<\/ul>\n<h3 class=\"uppercase\">WARUM BRAUCHE ICH EIN SPEZIELLES LITHIUM-LADEGER\u00c4T?<\/h3>\n<p>Ein Lithium-Ladeger\u00e4t sorgt daf\u00fcr, dass Ihre Batterie vollst\u00e4ndig und pr\u00e4zise geladen wird. Zugleich sch\u00fctzt das Ladeger\u00e4t vor \u00dcberladung. Da ein Lithium-Batterieladeger\u00e4t \u00fcber eine kontinuierliche Spannung und einen kontinuierlichen Strom verf\u00fcgt, werden die Lithiumzellen besser ausbalanciert und Ihre Batterie h\u00e4lt um ein Vielfaches l\u00e4nger. Ein Lithium-Ladeger\u00e4t startet und stoppt den Ladevorgang vollautomatisch. Wenn die Batterie voll ist, schaltet sich das Ladeger\u00e4t ab. Mit diesem Lithium-Ladeger\u00e4t k\u00f6nnen Sie Ihre Lithium-Batterie immer nachladen, auch wenn sie noch nicht leer ist.<\/p>\n<h3 class=\"uppercase\">Li-Ion 24V Ladeger\u00e4t<\/h3>\n<p>Dieses Lithium-Ladeger\u00e4t ist mit einem gr\u00fcnen SB50-Anderson-Stecker ausgestattet, genau wie unsere Outdoor-Boxen mit 24Volt. Sie brauchen also keine Stecker zu montieren, da das Ladeger\u00e4t voll Plug&amp;Play ist! Die originalen anderson SB50-Stecker am Ladeger\u00e4t und an der Outdoorbox 24V sind zudem leistungsf\u00e4higer als Nachahmungen und halten um ein Vielfaches l\u00e4nger! Geeignet f\u00fcr Outdoorbox 24V 6S<\/p>\n<h3 class=\"uppercase\">WUSSTEN SIE, DASS...<\/h3>\n<p>Sie k\u00f6nnen jetzt die Batterien Ihres Futterboot oder Ihres Mini-Case am Wasser aufladen? Mit dem neuen <strong><a href=\"https:\/\/outdoorcells.com\/de\/product\/inverter-outdoorbox-single-12vdc-230vac-300watt\/\">Wechselrichter Outdoorbox<\/a><\/strong> k\u00f6nnen Sie alle Batterien aufladen, wo immer Sie wollen! Das Ladeger\u00e4t f\u00fcr die Outdoorbox Mini 3A wird einfach an den Wechselrichter angeschlossen und l\u00e4dt Ihre Futterboot-Batterie wie zu Hause an der Steckdose auf.<\/p>\n<p>&nbsp;<\/p>","protected":false},"excerpt":{"rendered":"<p>Lader Li-ion 24V 6S Lithium-ion accu&#8217;s (25.2V). Maximale laadspanning CC~CV 25.2V. Geschikt voor de Peli 24V-55Ah Outdoor Case voor Elektrisch Varen. Geventileerd ontwerp voor optimale en koele werking. Zoekt u een Lader voor 7S (29,4V) Lithium accu? Deze vindt u HIER CE Gecertificeerd RoHS Gecertifceerd AC~DC Lader 6S 25,2 Volt li-ion WAAROM HEB IK EEN [&#8230;]\n","protected":false},"featured_media":4146,"template":"","meta":[],"product_cat":[217],"product_tag":[],"yoast_head":"<!-- This site is optimized with the Yoast SEO plugin v23.3 - https:\/\/yoast.com\/wordpress\/plugins\/seo\/ -->\n<title>Lader Li-ion 24V | Outdoorcells.com<\/title>\n<meta name=\"description\" content=\"Lader li-ion 24v 10A voor lithium-ion accu&#039;s met 25,2V laadspanning. Volledig automatisch laadproces microprocessor gestuurd. Spatwaterdicht\" \/>\n<meta name=\"robots\" content=\"index, follow, max-snippet:-1, max-image-preview:large, max-video-preview:-1\" \/>\n<link rel=\"canonical\" href=\"https:\/\/outdoorcells.com\/de\/product\/lader-outdoorbox-25-2v-10a-sb50-groen\/\" \/>\n<meta property=\"og:locale\" content=\"de_DE\" \/>\n<meta property=\"og:type\" content=\"article\" \/>\n<meta property=\"og:title\" content=\"Lader Li-ion 24V | Outdoorcells.com\" \/>\n<meta property=\"og:description\" content=\"Lader li-ion 24v 10A voor lithium-ion accu&#039;s met 25,2V laadspanning. Volledig automatisch laadproces microprocessor gestuurd. Spatwaterdicht\" \/>\n<meta property=\"og:url\" content=\"https:\/\/outdoorcells.com\/de\/product\/lader-outdoorbox-25-2v-10a-sb50-groen\/\" \/>\n<meta property=\"article:publisher\" content=\"https:\/\/www.facebook.com\/outdoorcells\" \/>\n<meta property=\"article:modified_time\" content=\"2023-11-21T18:35:21+00:00\" \/>\n<meta property=\"og:image\" content=\"https:\/\/outdoorcells.com\/wp-content\/uploads\/2020\/01\/Lithium-lader-12.6V-20A.jpg\" \/>\n\t<meta property=\"og:image:width\" content=\"1100\" \/>\n\t<meta property=\"og:image:height\" content=\"1100\" \/>\n\t<meta property=\"og:image:type\" content=\"image\/jpeg\" \/>\n<meta name=\"twitter:card\" content=\"summary_large_image\" \/>\n<meta name=\"twitter:site\" content=\"@outdoorcells\" \/>\n<meta name=\"twitter:label1\" content=\"Gesch\u00e4tzte Lesezeit\" \/>\n\t<meta name=\"twitter:data1\" content=\"1\u00a0Minute\" \/>\n<script type=\"application\/ld+json\" class=\"yoast-schema-graph\">{\"@context\":\"https:\/\/schema.org\",\"@graph\":[{\"@type\":\"WebPage\",\"@id\":\"https:\/\/outdoorcells.com\/product\/lader-outdoorbox-25-2v-10a-sb50-groen\/\",\"url\":\"https:\/\/outdoorcells.com\/product\/lader-outdoorbox-25-2v-10a-sb50-groen\/\",\"name\":\"Lader Li-ion 24V | Outdoorcells.com\",\"isPartOf\":{\"@id\":\"https:\/\/outdoorcells.com\/#website\"},\"primaryImageOfPage\":{\"@id\":\"https:\/\/outdoorcells.com\/product\/lader-outdoorbox-25-2v-10a-sb50-groen\/#primaryimage\"},\"image\":{\"@id\":\"https:\/\/outdoorcells.com\/product\/lader-outdoorbox-25-2v-10a-sb50-groen\/#primaryimage\"},\"thumbnailUrl\":\"https:\/\/outdoorcells.com\/wp-content\/uploads\/2020\/01\/Lithium-lader-12.6V-20A.jpg\",\"datePublished\":\"2020-01-27T17:16:47+00:00\",\"dateModified\":\"2023-11-21T18:35:21+00:00\",\"description\":\"Lader li-ion 24v 10A voor lithium-ion accu's met 25,2V laadspanning. Volledig automatisch laadproces microprocessor gestuurd. Spatwaterdicht\",\"breadcrumb\":{\"@id\":\"https:\/\/outdoorcells.com\/product\/lader-outdoorbox-25-2v-10a-sb50-groen\/#breadcrumb\"},\"inLanguage\":\"de\",\"potentialAction\":[{\"@type\":\"ReadAction\",\"target\":[\"https:\/\/outdoorcells.com\/product\/lader-outdoorbox-25-2v-10a-sb50-groen\/\"]}]},{\"@type\":\"ImageObject\",\"inLanguage\":\"de\",\"@id\":\"https:\/\/outdoorcells.com\/product\/lader-outdoorbox-25-2v-10a-sb50-groen\/#primaryimage\",\"url\":\"https:\/\/outdoorcells.com\/wp-content\/uploads\/2020\/01\/Lithium-lader-12.6V-20A.jpg\",\"contentUrl\":\"https:\/\/outdoorcells.com\/wp-content\/uploads\/2020\/01\/Lithium-lader-12.6V-20A.jpg\",\"width\":1100,\"height\":1100,\"caption\":\"lader li-ion 24v\"},{\"@type\":\"BreadcrumbList\",\"@id\":\"https:\/\/outdoorcells.com\/product\/lader-outdoorbox-25-2v-10a-sb50-groen\/#breadcrumb\",\"itemListElement\":[{\"@type\":\"ListItem\",\"position\":1,\"name\":\"Home\",\"item\":\"https:\/\/outdoorcells.com\/\"},{\"@type\":\"ListItem\",\"position\":2,\"name\":\"shop\",\"item\":\"https:\/\/outdoorcells.com\/lithium-accu-koffer\/\"},{\"@type\":\"ListItem\",\"position\":3,\"name\":\"LADER OUTDOORBOX 25.2V 10A SB50 GROEN\"}]},{\"@type\":\"WebSite\",\"@id\":\"https:\/\/outdoorcells.com\/#website\",\"url\":\"https:\/\/outdoorcells.com\/\",\"name\":\"Outdoorcells.com\",\"description\":\"\",\"publisher\":{\"@id\":\"https:\/\/outdoorcells.com\/#organization\"},\"potentialAction\":[{\"@type\":\"SearchAction\",\"target\":{\"@type\":\"EntryPoint\",\"urlTemplate\":\"https:\/\/outdoorcells.com\/?s={search_term_string}\"},\"query-input\":\"required name=search_term_string\"}],\"inLanguage\":\"de\"},{\"@type\":\"Organization\",\"@id\":\"https:\/\/outdoorcells.com\/#organization\",\"name\":\"OutdoorCells\",\"url\":\"https:\/\/outdoorcells.com\/\",\"logo\":{\"@type\":\"ImageObject\",\"inLanguage\":\"de\",\"@id\":\"https:\/\/outdoorcells.com\/#\/schema\/logo\/image\/\",\"url\":\"https:\/\/outdoorcells.com\/wp-content\/uploads\/2023\/05\/cropped-favicon.png\",\"contentUrl\":\"https:\/\/outdoorcells.com\/wp-content\/uploads\/2023\/05\/cropped-favicon.png\",\"width\":512,\"height\":512,\"caption\":\"OutdoorCells\"},\"image\":{\"@id\":\"https:\/\/outdoorcells.com\/#\/schema\/logo\/image\/\"},\"sameAs\":[\"https:\/\/www.facebook.com\/outdoorcells\",\"https:\/\/x.com\/outdoorcells\",\"https:\/\/www.instagram.com\/voerbootaccu\/\",\"https:\/\/www.youtube.com\/channel\/UCUWu_rkM0a3qkngzpf7EkMg?view_as=subscriber\"]}]}<\/script>\n<!-- \/ Yoast SEO plugin. -->","yoast_head_json":{"title":"Ladeger\u00e4t Li-ion 24V | Outdoorcells.com","description":"Lader li-ion 24v 10A voor lithium-ion accu's met 25,2V laadspanning. Volledig automatisch laadproces microprocessor gestuurd. Spatwaterdicht","robots":{"index":"index","follow":"follow","max-snippet":"max-snippet:-1","max-image-preview":"max-image-preview:large","max-video-preview":"max-video-preview:-1"},"canonical":"https:\/\/outdoorcells.com\/de\/product\/lader-outdoorbox-25-2v-10a-sb50-groen\/","og_locale":"de_DE","og_type":"article","og_title":"Lader Li-ion 24V | Outdoorcells.com","og_description":"Lader li-ion 24v 10A voor lithium-ion accu's met 25,2V laadspanning. Volledig automatisch laadproces microprocessor gestuurd. Spatwaterdicht","og_url":"https:\/\/outdoorcells.com\/de\/product\/lader-outdoorbox-25-2v-10a-sb50-groen\/","article_publisher":"https:\/\/www.facebook.com\/outdoorcells","article_modified_time":"2023-11-21T18:35:21+00:00","og_image":[{"width":1100,"height":1100,"url":"https:\/\/outdoorcells.com\/wp-content\/uploads\/2020\/01\/Lithium-lader-12.6V-20A.jpg","type":"image\/jpeg"}],"twitter_card":"summary_large_image","twitter_site":"@outdoorcells","twitter_misc":{"Gesch\u00e4tzte Lesezeit":"1\u00a0Minute"},"schema":{"@context":"https:\/\/schema.org","@graph":[{"@type":"WebPage","@id":"https:\/\/outdoorcells.com\/product\/lader-outdoorbox-25-2v-10a-sb50-groen\/","url":"https:\/\/outdoorcells.com\/product\/lader-outdoorbox-25-2v-10a-sb50-groen\/","name":"Ladeger\u00e4t Li-ion 24V | Outdoorcells.com","isPartOf":{"@id":"https:\/\/outdoorcells.com\/#website"},"primaryImageOfPage":{"@id":"https:\/\/outdoorcells.com\/product\/lader-outdoorbox-25-2v-10a-sb50-groen\/#primaryimage"},"image":{"@id":"https:\/\/outdoorcells.com\/product\/lader-outdoorbox-25-2v-10a-sb50-groen\/#primaryimage"},"thumbnailUrl":"https:\/\/outdoorcells.com\/wp-content\/uploads\/2020\/01\/Lithium-lader-12.6V-20A.jpg","datePublished":"2020-01-27T17:16:47+00:00","dateModified":"2023-11-21T18:35:21+00:00","description":"Lader li-ion 24v 10A voor lithium-ion accu's met 25,2V laadspanning. Volledig automatisch laadproces microprocessor gestuurd. Spatwaterdicht","breadcrumb":{"@id":"https:\/\/outdoorcells.com\/product\/lader-outdoorbox-25-2v-10a-sb50-groen\/#breadcrumb"},"inLanguage":"de","potentialAction":[{"@type":"ReadAction","target":["https:\/\/outdoorcells.com\/product\/lader-outdoorbox-25-2v-10a-sb50-groen\/"]}]},{"@type":"ImageObject","inLanguage":"de","@id":"https:\/\/outdoorcells.com\/product\/lader-outdoorbox-25-2v-10a-sb50-groen\/#primaryimage","url":"https:\/\/outdoorcells.com\/wp-content\/uploads\/2020\/01\/Lithium-lader-12.6V-20A.jpg","contentUrl":"https:\/\/outdoorcells.com\/wp-content\/uploads\/2020\/01\/Lithium-lader-12.6V-20A.jpg","width":1100,"height":1100,"caption":"lader li-ion 24v"},{"@type":"BreadcrumbList","@id":"https:\/\/outdoorcells.com\/product\/lader-outdoorbox-25-2v-10a-sb50-groen\/#breadcrumb","itemListElement":[{"@type":"ListItem","position":1,"name":"Home","item":"https:\/\/outdoorcells.com\/"},{"@type":"ListItem","position":2,"name":"shop","item":"https:\/\/outdoorcells.com\/lithium-accu-koffer\/"},{"@type":"ListItem","position":3,"name":"LADER OUTDOORBOX 25.2V 10A SB50 GROEN"}]},{"@type":"WebSite","@id":"https:\/\/outdoorcells.com\/#website","url":"https:\/\/outdoorcells.com\/","name":"Outdoorcells.com","description":"","publisher":{"@id":"https:\/\/outdoorcells.com\/#organization"},"potentialAction":[{"@type":"SearchAction","target":{"@type":"EntryPoint","urlTemplate":"https:\/\/outdoorcells.com\/?s={search_term_string}"},"query-input":"required name=search_term_string"}],"inLanguage":"de"},{"@type":"Organization","@id":"https:\/\/outdoorcells.com\/#organization","name":"OutdoorCells","url":"https:\/\/outdoorcells.com\/","logo":{"@type":"ImageObject","inLanguage":"de","@id":"https:\/\/outdoorcells.com\/#\/schema\/logo\/image\/","url":"https:\/\/outdoorcells.com\/wp-content\/uploads\/2023\/05\/cropped-favicon.png","contentUrl":"https:\/\/outdoorcells.com\/wp-content\/uploads\/2023\/05\/cropped-favicon.png","width":512,"height":512,"caption":"OutdoorCells"},"image":{"@id":"https:\/\/outdoorcells.com\/#\/schema\/logo\/image\/"},"sameAs":["https:\/\/www.facebook.com\/outdoorcells","https:\/\/x.com\/outdoorcells","https:\/\/www.instagram.com\/voerbootaccu\/","https:\/\/www.youtube.com\/channel\/UCUWu_rkM0a3qkngzpf7EkMg?view_as=subscriber"]}]}},"_links":{"self":[{"href":"https:\/\/outdoorcells.com\/de\/wp-json\/wp\/v2\/product\/4147"}],"collection":[{"href":"https:\/\/outdoorcells.com\/de\/wp-json\/wp\/v2\/product"}],"about":[{"href":"https:\/\/outdoorcells.com\/de\/wp-json\/wp\/v2\/types\/product"}],"wp:featuredmedia":[{"embeddable":true,"href":"https:\/\/outdoorcells.com\/de\/wp-json\/wp\/v2\/media\/4146"}],"wp:attachment":[{"href":"https:\/\/outdoorcells.com\/de\/wp-json\/wp\/v2\/media?parent=4147"}],"wp:term":[{"taxonomy":"product_cat","embeddable":true,"href":"https:\/\/outdoorcells.com\/de\/wp-json\/wp\/v2\/product_cat?post=4147"},{"taxonomy":"product_tag","embeddable":true,"href":"https:\/\/outdoorcells.com\/de\/wp-json\/wp\/v2\/product_tag?post=4147"}],"curies":[{"name":"wp","href":"https:\/\/api.w.org\/{rel}","templated":true}]}}