{"id":4145,"date":"2020-01-27T18:13:13","date_gmt":"2020-01-27T17:13:13","guid":{"rendered":"https:\/\/voerbootaccu.nl\/?post_type=product&#038;p=4145"},"modified":"2025-02-07T12:49:52","modified_gmt":"2025-02-07T11:49:52","slug":"lader-outdoorbox-12-6v-20a-sb50-blauw","status":"publish","type":"product","link":"https:\/\/outdoorcells.com\/de\/product\/lader-outdoorbox-12-6v-20a-sb50-blauw\/","title":{"rendered":"LADEGER\u00c4T OUTDOORBOX 12.6V 20A SB50 BLAU"},"content":{"rendered":"<h2 class=\"uppercase\">LADEGER\u00c4T LITHIUM 20A<\/h2>\n<p>Ladeger\u00e4t Outdoor-Box 20A f\u00fcr 3S Lithium-Ionen-Akkus. Maximale Ladespannung CC~CV 12,6V. Geeignet f\u00fcr Outdoorbox 100Ah. Ausgestattet mit blauem Anderson-Stecker. Bel\u00fcftetes Design f\u00fcr optimalen und k\u00fchlen Betrieb. F\u00fcr Outdoorbox mit 50Ah bis 70AhAh, empfehlen wir das Ladeger\u00e4t mit 10A. Diese finden Sie <strong><span style=\"color: #00ff00;\"><a style=\"color: #00ff00;\" href=\"https:\/\/outdoorcells.com\/de\/product\/lader-outdoorbox-12-6v-10a\/\">HIER<\/a><\/span>.<\/strong><\/p>\n<ul>\n<li>CE-zertifiziert<\/li>\n<li>RoHS-zertifiziert<\/li>\n<li>AC~DC Ladeger\u00e4t 3S 12.6 Volt li-ion<\/li>\n<\/ul>\n<h3 class=\"uppercase\">WARUM BRAUCHE ICH EIN SPEZIELLES LITHIUM-LADEGER\u00c4T?<\/h3>\n<p>Ein Lithium-Ladeger\u00e4t sorgt daf\u00fcr, dass Ihre Batterie vollst\u00e4ndig und pr\u00e4zise geladen wird. Zugleich sch\u00fctzt das Ladeger\u00e4t vor \u00dcberladung. Da ein Lithium-Batterieladeger\u00e4t \u00fcber eine kontinuierliche Spannung und einen kontinuierlichen Strom verf\u00fcgt, werden die Lithiumzellen besser ausbalanciert und Ihre Batterie h\u00e4lt um ein Vielfaches l\u00e4nger. Ein Lithium-Ladeger\u00e4t startet und stoppt den Ladevorgang vollautomatisch. Wenn die Batterie voll ist, schaltet sich das Ladeger\u00e4t ab. Mit diesem Lithium-Ladeger\u00e4t k\u00f6nnen Sie Ihre Lithium-Batterie immer nachladen, auch wenn sie noch nicht leer ist.<\/p>\n<h3 class=\"uppercase\">LADEGER\u00c4T OUTDOORBOX 20A<\/h3>\n<p>Dieses Lithium-Ladeger\u00e4t hat einen blauen Anderson-Stecker, genau wie unsere Outdoor-Boxen mit 12Volt. Es besteht also keine Notwendigkeit, Stecker zu montieren, da das Ladeger\u00e4t vollst\u00e4ndig Plug&amp;Play ist! Die originalen anderson SB50-Stecker am Ladeger\u00e4t und an der Outdoorbox sind zudem leistungsf\u00e4higer als nachgemachte Stecker und halten um ein Vielfaches l\u00e4nger! Geeignet f\u00fcr Outdoorcells 100AH Smart Outdoorbox.<\/p>","protected":false},"excerpt":{"rendered":"<p>LADER LITHIUM 20A Lader outdoorbox 20A voor 3S Lithium-ion accu\u2019s. Maximale laadspanning CC~CV 12.6V. Geschikt voor Outdoorbox 100Ah. Uitgerust met Blauwe Anderson Stekker. Geventileerd ontwerp voor optimale en koele werking. Voor Outdoorbox met 50Ah tot 70AhAh adviseren wij de oplader met 10A. Deze vindt u HIER. CE Gecertificeerd RoHS Gecertifceerd AC~DC Lader 3S 12.6 Volt [&#8230;]\n","protected":false},"featured_media":5375,"template":"","meta":[],"product_cat":[217],"product_tag":[],"yoast_head":"<!-- This site is optimized with the Yoast SEO plugin v23.3 - https:\/\/yoast.com\/wordpress\/plugins\/seo\/ -->\n<title>Lader Outdoorbox 20A | Outdoorcells.com<\/title>\n<meta name=\"description\" content=\"Lader Outdoorbox 20A. Snellader voor Outdoorbox 100Ah. Krachtige Lader met koeling voor het veilig en snel opladen van uw outdoor accu\" \/>\n<meta name=\"robots\" content=\"index, follow, max-snippet:-1, max-image-preview:large, max-video-preview:-1\" \/>\n<link rel=\"canonical\" href=\"https:\/\/outdoorcells.com\/de\/product\/lader-outdoorbox-12-6v-20a-sb50-blauw\/\" \/>\n<meta property=\"og:locale\" content=\"de_DE\" \/>\n<meta property=\"og:type\" content=\"article\" \/>\n<meta property=\"og:title\" content=\"Lader Outdoorbox 20A | Outdoorcells.com\" \/>\n<meta property=\"og:description\" content=\"Lader Outdoorbox 20A. Snellader voor Outdoorbox 100Ah. Krachtige Lader met koeling voor het veilig en snel opladen van uw outdoor accu\" \/>\n<meta property=\"og:url\" content=\"https:\/\/outdoorcells.com\/de\/product\/lader-outdoorbox-12-6v-20a-sb50-blauw\/\" \/>\n<meta property=\"article:publisher\" content=\"https:\/\/www.facebook.com\/outdoorcells\" \/>\n<meta property=\"article:modified_time\" content=\"2025-02-07T11:49:52+00:00\" \/>\n<meta property=\"og:image\" content=\"https:\/\/outdoorcells.com\/wp-content\/uploads\/2022\/01\/Lithium-ion-lader-cc-cv-126V-5A-Connector-Blauw-SB50.jpg\" \/>\n\t<meta property=\"og:image:width\" content=\"1100\" \/>\n\t<meta property=\"og:image:height\" content=\"1100\" \/>\n\t<meta property=\"og:image:type\" content=\"image\/jpeg\" \/>\n<meta name=\"twitter:card\" content=\"summary_large_image\" \/>\n<meta name=\"twitter:site\" content=\"@outdoorcells\" \/>\n<meta name=\"twitter:label1\" content=\"Gesch\u00e4tzte Lesezeit\" \/>\n\t<meta name=\"twitter:data1\" content=\"1\u00a0Minute\" \/>\n<script type=\"application\/ld+json\" class=\"yoast-schema-graph\">{\"@context\":\"https:\/\/schema.org\",\"@graph\":[{\"@type\":\"WebPage\",\"@id\":\"https:\/\/outdoorcells.com\/product\/lader-outdoorbox-12-6v-20a-sb50-blauw\/\",\"url\":\"https:\/\/outdoorcells.com\/product\/lader-outdoorbox-12-6v-20a-sb50-blauw\/\",\"name\":\"Lader Outdoorbox 20A | Outdoorcells.com\",\"isPartOf\":{\"@id\":\"https:\/\/outdoorcells.com\/#website\"},\"primaryImageOfPage\":{\"@id\":\"https:\/\/outdoorcells.com\/product\/lader-outdoorbox-12-6v-20a-sb50-blauw\/#primaryimage\"},\"image\":{\"@id\":\"https:\/\/outdoorcells.com\/product\/lader-outdoorbox-12-6v-20a-sb50-blauw\/#primaryimage\"},\"thumbnailUrl\":\"https:\/\/outdoorcells.com\/wp-content\/uploads\/2022\/01\/Lithium-ion-lader-cc-cv-126V-5A-Connector-Blauw-SB50.jpg\",\"datePublished\":\"2020-01-27T17:13:13+00:00\",\"dateModified\":\"2025-02-07T11:49:52+00:00\",\"description\":\"Lader Outdoorbox 20A. Snellader voor Outdoorbox 100Ah. Krachtige Lader met koeling voor het veilig en snel opladen van uw outdoor accu\",\"breadcrumb\":{\"@id\":\"https:\/\/outdoorcells.com\/product\/lader-outdoorbox-12-6v-20a-sb50-blauw\/#breadcrumb\"},\"inLanguage\":\"de\",\"potentialAction\":[{\"@type\":\"ReadAction\",\"target\":[\"https:\/\/outdoorcells.com\/product\/lader-outdoorbox-12-6v-20a-sb50-blauw\/\"]}]},{\"@type\":\"ImageObject\",\"inLanguage\":\"de\",\"@id\":\"https:\/\/outdoorcells.com\/product\/lader-outdoorbox-12-6v-20a-sb50-blauw\/#primaryimage\",\"url\":\"https:\/\/outdoorcells.com\/wp-content\/uploads\/2022\/01\/Lithium-ion-lader-cc-cv-126V-5A-Connector-Blauw-SB50.jpg\",\"contentUrl\":\"https:\/\/outdoorcells.com\/wp-content\/uploads\/2022\/01\/Lithium-ion-lader-cc-cv-126V-5A-Connector-Blauw-SB50.jpg\",\"width\":1100,\"height\":1100,\"caption\":\"lader outdoorbox\"},{\"@type\":\"BreadcrumbList\",\"@id\":\"https:\/\/outdoorcells.com\/product\/lader-outdoorbox-12-6v-20a-sb50-blauw\/#breadcrumb\",\"itemListElement\":[{\"@type\":\"ListItem\",\"position\":1,\"name\":\"Home\",\"item\":\"https:\/\/outdoorcells.com\/\"},{\"@type\":\"ListItem\",\"position\":2,\"name\":\"shop\",\"item\":\"https:\/\/outdoorcells.com\/lithium-accu-koffer\/\"},{\"@type\":\"ListItem\",\"position\":3,\"name\":\"LADER OUTDOORBOX 12.6V 20A SB50 BLAUW\"}]},{\"@type\":\"WebSite\",\"@id\":\"https:\/\/outdoorcells.com\/#website\",\"url\":\"https:\/\/outdoorcells.com\/\",\"name\":\"Outdoorcells.com\",\"description\":\"\",\"publisher\":{\"@id\":\"https:\/\/outdoorcells.com\/#organization\"},\"potentialAction\":[{\"@type\":\"SearchAction\",\"target\":{\"@type\":\"EntryPoint\",\"urlTemplate\":\"https:\/\/outdoorcells.com\/?s={search_term_string}\"},\"query-input\":\"required name=search_term_string\"}],\"inLanguage\":\"de\"},{\"@type\":\"Organization\",\"@id\":\"https:\/\/outdoorcells.com\/#organization\",\"name\":\"OutdoorCells\",\"url\":\"https:\/\/outdoorcells.com\/\",\"logo\":{\"@type\":\"ImageObject\",\"inLanguage\":\"de\",\"@id\":\"https:\/\/outdoorcells.com\/#\/schema\/logo\/image\/\",\"url\":\"https:\/\/outdoorcells.com\/wp-content\/uploads\/2023\/05\/cropped-favicon.png\",\"contentUrl\":\"https:\/\/outdoorcells.com\/wp-content\/uploads\/2023\/05\/cropped-favicon.png\",\"width\":512,\"height\":512,\"caption\":\"OutdoorCells\"},\"image\":{\"@id\":\"https:\/\/outdoorcells.com\/#\/schema\/logo\/image\/\"},\"sameAs\":[\"https:\/\/www.facebook.com\/outdoorcells\",\"https:\/\/x.com\/outdoorcells\",\"https:\/\/www.instagram.com\/voerbootaccu\/\",\"https:\/\/www.youtube.com\/channel\/UCUWu_rkM0a3qkngzpf7EkMg?view_as=subscriber\"]}]}<\/script>\n<!-- \/ Yoast SEO plugin. -->","yoast_head_json":{"title":"Ladeger\u00e4t Outdoorbox 20A | Outdoorcells.com","description":"Ladeger\u00e4t Outdoorbox 20A. Schnellladeger\u00e4t f\u00fcr Outdoorbox 100Ah. Leistungsstarkes Ladeger\u00e4t mit K\u00fchlung zum sicheren und schnellen Laden Ihrer Outdoor-Koffer","robots":{"index":"index","follow":"follow","max-snippet":"max-snippet:-1","max-image-preview":"max-image-preview:large","max-video-preview":"max-video-preview:-1"},"canonical":"https:\/\/outdoorcells.com\/de\/product\/lader-outdoorbox-12-6v-20a-sb50-blauw\/","og_locale":"de_DE","og_type":"article","og_title":"Lader Outdoorbox 20A | Outdoorcells.com","og_description":"Lader Outdoorbox 20A. Snellader voor Outdoorbox 100Ah. Krachtige Lader met koeling voor het veilig en snel opladen van uw outdoor accu","og_url":"https:\/\/outdoorcells.com\/de\/product\/lader-outdoorbox-12-6v-20a-sb50-blauw\/","article_publisher":"https:\/\/www.facebook.com\/outdoorcells","article_modified_time":"2025-02-07T11:49:52+00:00","og_image":[{"width":1100,"height":1100,"url":"https:\/\/outdoorcells.com\/wp-content\/uploads\/2022\/01\/Lithium-ion-lader-cc-cv-126V-5A-Connector-Blauw-SB50.jpg","type":"image\/jpeg"}],"twitter_card":"summary_large_image","twitter_site":"@outdoorcells","twitter_misc":{"Gesch\u00e4tzte Lesezeit":"1\u00a0Minute"},"schema":{"@context":"https:\/\/schema.org","@graph":[{"@type":"WebPage","@id":"https:\/\/outdoorcells.com\/product\/lader-outdoorbox-12-6v-20a-sb50-blauw\/","url":"https:\/\/outdoorcells.com\/product\/lader-outdoorbox-12-6v-20a-sb50-blauw\/","name":"Ladeger\u00e4t Outdoorbox 20A | Outdoorcells.com","isPartOf":{"@id":"https:\/\/outdoorcells.com\/#website"},"primaryImageOfPage":{"@id":"https:\/\/outdoorcells.com\/product\/lader-outdoorbox-12-6v-20a-sb50-blauw\/#primaryimage"},"image":{"@id":"https:\/\/outdoorcells.com\/product\/lader-outdoorbox-12-6v-20a-sb50-blauw\/#primaryimage"},"thumbnailUrl":"https:\/\/outdoorcells.com\/wp-content\/uploads\/2022\/01\/Lithium-ion-lader-cc-cv-126V-5A-Connector-Blauw-SB50.jpg","datePublished":"2020-01-27T17:13:13+00:00","dateModified":"2025-02-07T11:49:52+00:00","description":"Ladeger\u00e4t Outdoorbox 20A. Schnellladeger\u00e4t f\u00fcr Outdoorbox 100Ah. Leistungsstarkes Ladeger\u00e4t mit K\u00fchlung zum sicheren und schnellen Laden Ihrer Outdoor-Koffer","breadcrumb":{"@id":"https:\/\/outdoorcells.com\/product\/lader-outdoorbox-12-6v-20a-sb50-blauw\/#breadcrumb"},"inLanguage":"de","potentialAction":[{"@type":"ReadAction","target":["https:\/\/outdoorcells.com\/product\/lader-outdoorbox-12-6v-20a-sb50-blauw\/"]}]},{"@type":"ImageObject","inLanguage":"de","@id":"https:\/\/outdoorcells.com\/product\/lader-outdoorbox-12-6v-20a-sb50-blauw\/#primaryimage","url":"https:\/\/outdoorcells.com\/wp-content\/uploads\/2022\/01\/Lithium-ion-lader-cc-cv-126V-5A-Connector-Blauw-SB50.jpg","contentUrl":"https:\/\/outdoorcells.com\/wp-content\/uploads\/2022\/01\/Lithium-ion-lader-cc-cv-126V-5A-Connector-Blauw-SB50.jpg","width":1100,"height":1100,"caption":"lader outdoorbox"},{"@type":"BreadcrumbList","@id":"https:\/\/outdoorcells.com\/product\/lader-outdoorbox-12-6v-20a-sb50-blauw\/#breadcrumb","itemListElement":[{"@type":"ListItem","position":1,"name":"Home","item":"https:\/\/outdoorcells.com\/"},{"@type":"ListItem","position":2,"name":"shop","item":"https:\/\/outdoorcells.com\/lithium-accu-koffer\/"},{"@type":"ListItem","position":3,"name":"LADER OUTDOORBOX 12.6V 20A SB50 BLAUW"}]},{"@type":"WebSite","@id":"https:\/\/outdoorcells.com\/#website","url":"https:\/\/outdoorcells.com\/","name":"Outdoorcells.com","description":"","publisher":{"@id":"https:\/\/outdoorcells.com\/#organization"},"potentialAction":[{"@type":"SearchAction","target":{"@type":"EntryPoint","urlTemplate":"https:\/\/outdoorcells.com\/?s={search_term_string}"},"query-input":"required name=search_term_string"}],"inLanguage":"de"},{"@type":"Organization","@id":"https:\/\/outdoorcells.com\/#organization","name":"OutdoorCells","url":"https:\/\/outdoorcells.com\/","logo":{"@type":"ImageObject","inLanguage":"de","@id":"https:\/\/outdoorcells.com\/#\/schema\/logo\/image\/","url":"https:\/\/outdoorcells.com\/wp-content\/uploads\/2023\/05\/cropped-favicon.png","contentUrl":"https:\/\/outdoorcells.com\/wp-content\/uploads\/2023\/05\/cropped-favicon.png","width":512,"height":512,"caption":"OutdoorCells"},"image":{"@id":"https:\/\/outdoorcells.com\/#\/schema\/logo\/image\/"},"sameAs":["https:\/\/www.facebook.com\/outdoorcells","https:\/\/x.com\/outdoorcells","https:\/\/www.instagram.com\/voerbootaccu\/","https:\/\/www.youtube.com\/channel\/UCUWu_rkM0a3qkngzpf7EkMg?view_as=subscriber"]}]}},"_links":{"self":[{"href":"https:\/\/outdoorcells.com\/de\/wp-json\/wp\/v2\/product\/4145"}],"collection":[{"href":"https:\/\/outdoorcells.com\/de\/wp-json\/wp\/v2\/product"}],"about":[{"href":"https:\/\/outdoorcells.com\/de\/wp-json\/wp\/v2\/types\/product"}],"wp:featuredmedia":[{"embeddable":true,"href":"https:\/\/outdoorcells.com\/de\/wp-json\/wp\/v2\/media\/5375"}],"wp:attachment":[{"href":"https:\/\/outdoorcells.com\/de\/wp-json\/wp\/v2\/media?parent=4145"}],"wp:term":[{"taxonomy":"product_cat","embeddable":true,"href":"https:\/\/outdoorcells.com\/de\/wp-json\/wp\/v2\/product_cat?post=4145"},{"taxonomy":"product_tag","embeddable":true,"href":"https:\/\/outdoorcells.com\/de\/wp-json\/wp\/v2\/product_tag?post=4145"}],"curies":[{"name":"wp","href":"https:\/\/api.w.org\/{rel}","templated":true}]}}